{"id":2263,"date":"2017-06-25T18:00:45","date_gmt":"2017-06-25T18:00:45","guid":{"rendered":"http:\/\/kursy-udt.pl\/?page_id=2263"},"modified":"2023-03-07T00:18:54","modified_gmt":"2023-03-06T23:18:54","slug":"qualifications-pour-lescalade-en-haute-montagne","status":"publish","type":"page","link":"https:\/\/kursy-udt.pl\/fr\/szkolenia\/wysokosciowe-na-uprawnienia-alpinistyczne\/","title":{"rendered":"Parcours en altitude"},"content":{"rendered":"<h2 class=\"naglowekh2\"><strong>Qualifications pour les travaux d&#039;alpinisme en hauteur - Varsovie et toute la Pologne<\/strong><\/h2>\n<p><img loading=\"lazy\" decoding=\"async\" class=\"paddingleft10 alignleft wp-image-3434 size-medium\" src=\"https:\/\/kursy-udt.pl\/wp-content\/uploads\/2021\/08\/Projekt-bez-tytulu-39-300x251.jpg\" alt=\"\" width=\"300\" height=\"251\" srcset=\"https:\/\/kursy-udt.pl\/wp-content\/uploads\/2021\/08\/Projekt-bez-tytulu-39-300x251.jpg 300w, https:\/\/kursy-udt.pl\/wp-content\/uploads\/2021\/08\/Projekt-bez-tytulu-39-768x644.jpg 768w, https:\/\/kursy-udt.pl\/wp-content\/uploads\/2021\/08\/Projekt-bez-tytulu-39-624x523.jpg 624w, https:\/\/kursy-udt.pl\/wp-content\/uploads\/2021\/08\/Projekt-bez-tytulu-39.jpg 940w\" sizes=\"auto, (max-width: 300px) 100vw, 300px\" \/>Nous vous encourageons \u00e0 suivre notre formation en altitude pr\u00e9par\u00e9e par des professionnels. C&#039;est une \u00e9quipe sp\u00e9cialis\u00e9e d&#039;instructeurs, des prix avantageux et des conditions tout \u00e0 fait favorables qui valent la peine de miser.<br \/>\nConform\u00e9ment au r\u00e8glement du ministre du travail et de la politique sociale du 26 septembre 1997 portant r\u00e9glementation g\u00e9n\u00e9rale de la sant\u00e9 et de la s\u00e9curit\u00e9 au travail, le travail en hauteur d\u00e9signe toutes les activit\u00e9s exerc\u00e9es \u00e0 au moins un m\u00e8tre au-dessus du niveau de la surface.<\/p>\n<p>Au cours de notre formation, chaque participant pourra acqu\u00e9rir les connaissances n\u00e9cessaires concernant les exigences l\u00e9gales et organisationnelles en cas de travail en hauteur, ainsi que des comp\u00e9tences sp\u00e9cifiques qui permettront de reconna\u00eetre les menaces et d&#039;\u00e9valuer les risques lors du travail en hauteur. De plus, nous formons \u00e0 l&#039;utilisation d&#039;\u00e9quipements destin\u00e9s \u00e0 ce type de travaux, et nous dispensons des connaissances appropri\u00e9es dans le domaine de la s\u00e9curit\u00e9, ce qui est extr\u00eamement important dans un tel cas.<\/p>\n<div class=\"filmw\">\n<div class=\"responsive-youtube\" style=\"text-align: center;\"><iframe loading=\"lazy\" title=\"Lecteur vid\u00e9o YouTube\" src=\"https:\/\/www.youtube.com\/embed\/Lf4dfMhJft0\" width=\"560\" height=\"315\" frameborder=\"0\" allowfullscreen=\"allowfullscreen\"><\/iframe><\/div>\n<\/div>\n<p><strong>Nous proposons une large gamme de formations, notamment :<\/strong><\/p>\n<ul>\n<li>droit,<\/li>\n<li>l&#039;efficacit\u00e9 du travail,<\/li>\n<li>la s\u00e9curit\u00e9 au travail en hauteur,<\/li>\n<li>familiarisation avec les \u00e9quipements modernes,<\/li>\n<li>m\u00e9thodes d&#039;assurage,<\/li>\n<li>\u00e9valuation de la s\u00e9curit\u00e9 et des risques.<\/li>\n<\/ul>\n<p>Nous invitons des sp\u00e9cialistes tels que des \u00e9lectriciens, des installateurs et des installateurs, ainsi que des couvreurs, des soudeurs et des personnes impliqu\u00e9es dans le d\u00e9neigement des toits \u00e0 notre formation pr\u00e9par\u00e9e par des professionnels. C&#039;est une excellente occasion d&#039;obtenir le bon <a href=\"https:\/\/kursy-udt.pl\/fr\/uprawnienia-udt\/kategorie-uprawnien-2\/\">droits<\/a> et assurer les meilleurs droits pendant le travail effectu\u00e9.<\/p>\n<p>Notre formation en hauteur est une proposition pour les personnes qui appr\u00e9cient la s\u00e9curit\u00e9 et l&#039;efficacit\u00e9 du travail. Il vaut la peine d&#039;investir dans de tels cours et d&#039;assurer la qualit\u00e9 des services fournis. Nous vous encourageons \u00e0 vous familiariser avec notre offre de formation compl\u00e8te et \u00e0 nous contacter. Nous serons heureux de r\u00e9pondre \u00e0 toute question ou doute. Nous invitons toutes les personnes int\u00e9ress\u00e9es \u00e0 notre formation parfaitement organis\u00e9e.<\/p>\n<div style=\"width: 640px;\" class=\"wp-video\"><video id=\"video-2263-1\" width=\"640\" height=\"360\" poster=\"https:\/\/kursy-udt.pl\/wp-content\/uploads\/2023\/02\/20230127_030434_0000.jpg\" preload=\"metadata\" controls=\"controls\"><source type=\"video\/mp4\" src=\"https:\/\/kursy-udt.pl\/wp-content\/uploads\/2023\/02\/ACCEPTED-alpinista-4K-kursy-udt.mp4?_=1\" \/><a href=\"https:\/\/kursy-udt.pl\/wp-content\/uploads\/2023\/02\/ACCEPTED-alpinista-4K-kursy-udt.mp4\">https:\/\/kursy-udt.pl\/wp-content\/uploads\/2023\/02\/ACCEPTED-alpinista-4K-kursy-udt.mp4<\/a><\/video><\/div>\nComment nous cherchez-vous sur Internet ?<\/p>\n<div class=\"lista_glowna_div\">\n<ul>\n<li><b>cours d&#039;altitude<\/b><\/li>\n<li><b>travail en hauteur<\/b><\/li>\n<li><b>autorisation de travailler en hauteur<\/b><\/li>\n<li><b>travaux d&#039;alpinisme<\/b><\/li>\n<li><b>droits d&#039;altitude<\/b><\/li>\n<li><b>cours d&#039;alpinisme<\/b><\/li>\n<li><b>alpiniste industriel<\/b><\/li>\n<li><b>travail \u00e0 hauteur de droit<\/b><\/li>\n<li><b>acc\u00e8s par corde<\/b><\/li>\n<li>La d\u00e9forestation<\/li>\n<li>couper des arbres<\/li>\n<\/ul>\n<\/div>\n<div class=\"lista_glowna_div\">\n<ul>\n<li>recherche en haute altitude<\/li>\n<li>peinture de toit<\/li>\n<li>harnais de s\u00e9curit\u00e9<\/li>\n<li>travail en hauteur varsovie<\/li>\n<li>laver les vitres en hauteur<\/li>\n<li>d\u00e9neigement des toits<\/li>\n<li>\u00e9lagage des arbres<\/li>\n<li>abattage d&#039;arbres<\/li>\n<li>R\u00e9paration de toiture<\/li>\n<li>travail en hauteur <a href=\"https:\/\/kursy-udt.pl\/fr\/szkolenia\/bhp-bezpieczenstwo-pracy\/prawna-ochrona-pracy\/\">SST<\/a><\/li>\n<li>travailler \u00e0 la hauteur des exigences<\/li>\n<\/ul>\n<\/div>\n<div class=\"lista_glowna_div\">\n<ul>\n<li>travailler \u00e0 des hauteurs sup\u00e9rieures \u00e0 3 m\u00e8tres<\/li>\n<li>montage de publicit\u00e9s<\/li>\n<li>peinture de fa\u00e7ade<\/li>\n<li>travail en hauteur<\/li>\n<li>travail en hauteur<\/li>\n<li>travail en hauteur<\/li>\n<li>nettoyage de fa\u00e7ade<\/li>\n<li>prestations en haute altitude<\/li>\n<li>prestations d&#039;alpinisme<\/li>\n<li>quitter les plateformes en hauteur<\/li>\n<\/ul>\n<\/div>\n<div style=\"clear: both;\"><\/div>","protected":false},"excerpt":{"rendered":"<p>Uprawnienia do prac alpinistycznych na wysoko\u015bci &#8211; Warszawa i ca\u0142a Polska Zach\u0119camy na nasze profesjonalnie przygotowane szkolenia wysoko\u015bciowe. To specjalistyczna kadra instruktor\u00f3w oraz korzystne ceny i w pe\u0142ni dogodne warunki, na jakie warto postawi\u0107. Zgodnie z Rozporz\u0105dzeniem Ministra Pracy oraz Polityki Spo\u0142ecznej z dnia 26 wrze\u015bnia 1997 roku w sprawie og\u00f3lnych przepis\u00f3w bezpiecze\u0144stwa i higieny pracy, praca na wysoko\u015bci oznacza wszelkie czynno\u015bci wykonywane przynajmniej ponad metr nad poziomem powierzchni. W czasie naszego szkolenia ka\u017cdy uczestnik b\u0119dzie m\u00f3g\u0142 zyska\u0107 niezb\u0119dn\u0105 wiedz\u0119, jaka dotyczy wymog\u00f3w prawno-organizacyjnych w przypadku prowadzenia prac na wysoko\u015bci, a tak\u017ce zyska konkretne umiej\u0119tno\u015bci, kt\u00f3re pozwol\u0105 na rozpoznawanie zagro\u017ce\u0144 i oceny ryzyka w czasie pracy na wysoko\u015bci. Dodatkowo szkolimy w pos\u0142ugiwaniu si\u0119 sprz\u0119tem przeznaczonym do tego rodzaju prac, a tak\u017ce zapewniamy odpowiedni\u0105 wiedz\u0119 w zakresie bezpiecze\u0144stwa, kt\u00f3re jest niezwykle wa\u017cne w takim wypadku. Zapewniamy szeroki zakres szkole\u0144, w sk\u0142ad kt\u00f3rych wchodz\u0105: przepisy prawa, efektywno\u015b\u0107 pracy, bezpiecze\u0144stwo w pracy na wysoko\u015bci, zapoznanie z nowoczesnym sprz\u0119tem, metody asekuracji, ocena stanu bezpiecze\u0144stwa i ryzyka. Na nasze profesjonalnie przygotowane szkolenia zapraszamy specjalist\u00f3w takich jak elektrycy, instalatorzy czy monterzy, a tak\u017ce dekarzy, spawaczy czy osoby zajmuj\u0105ce si\u0119 od\u015bnie\u017caniem dach\u00f3w. To doskona\u0142a szansa na to, by zyska\u0107 odpowiednie uprawnienia i zapewni\u0107 sobie najlepsze uprawnienia w czasie wykonywanych prac. Nasze szkolenia wysoko\u015bciowe to propozycja dla os\u00f3b, kt\u00f3re ceni\u0105 sobie bezpiecze\u0144stwo i wydajno\u015b\u0107 pracy. Warto zainwestowa\u0107 w takie kursy i zadba\u0107 o jako\u015b\u0107 \u015bwiadczonych us\u0142ug. Zach\u0119camy do zapoznania si\u0119 z nasz\u0105 pe\u0142n\u0105 ofert\u0105 szkoleniow\u0105 oraz do kontaktu. Z ch\u0119ci\u0105 odpowiemy na wszelkie pytania czy w\u0105tpliwo\u015bci. Zapraszamy na nasze doskonale zorganizowane szkolenia wszystkie [&hellip;]<\/p>\n","protected":false},"author":1,"featured_media":3434,"parent":65,"menu_order":0,"comment_status":"closed","ping_status":"closed","template":"page-templates\/template-podkategorie.php","meta":{"sfsi_plus_gutenberg_text_before_share":"","sfsi_plus_gutenberg_show_text_before_share":"","sfsi_plus_gutenberg_icon_type":"","sfsi_plus_gutenberg_icon_alignemt":"","sfsi_plus_gutenburg_max_per_row":"","footnotes":""},"class_list":["post-2263","page","type-page","status-publish","has-post-thumbnail","hentry","has_thumb"],"aioseo_notices":[],"_links":{"self":[{"href":"https:\/\/kursy-udt.pl\/fr\/wp-json\/wp\/v2\/pages\/2263","targetHints":{"allow":["GET"]}}],"collection":[{"href":"https:\/\/kursy-udt.pl\/fr\/wp-json\/wp\/v2\/pages"}],"about":[{"href":"https:\/\/kursy-udt.pl\/fr\/wp-json\/wp\/v2\/types\/page"}],"author":[{"embeddable":true,"href":"https:\/\/kursy-udt.pl\/fr\/wp-json\/wp\/v2\/users\/1"}],"replies":[{"embeddable":true,"href":"https:\/\/kursy-udt.pl\/fr\/wp-json\/wp\/v2\/comments?post=2263"}],"version-history":[{"count":24,"href":"https:\/\/kursy-udt.pl\/fr\/wp-json\/wp\/v2\/pages\/2263\/revisions"}],"predecessor-version":[{"id":5329,"href":"https:\/\/kursy-udt.pl\/fr\/wp-json\/wp\/v2\/pages\/2263\/revisions\/5329"}],"up":[{"embeddable":true,"href":"https:\/\/kursy-udt.pl\/fr\/wp-json\/wp\/v2\/pages\/65"}],"wp:featuredmedia":[{"embeddable":true,"href":"https:\/\/kursy-udt.pl\/fr\/wp-json\/wp\/v2\/media\/3434"}],"wp:attachment":[{"href":"https:\/\/kursy-udt.pl\/fr\/wp-json\/wp\/v2\/media?parent=2263"}],"curies":[{"name":"wp","href":"https:\/\/api.w.org\/{rel}","templated":true}]}}