{"id":2234,"date":"2016-10-11T20:39:35","date_gmt":"2016-10-11T20:39:35","guid":{"rendered":"http:\/\/kursy-udt.pl\/?page_id=2234"},"modified":"2023-01-04T09:47:39","modified_gmt":"2023-01-04T09:47:39","slug":"compresseurs","status":"publish","type":"page","link":"https:\/\/kursy-udt.pl\/fr\/szkolenia\/sprezarki\/","title":{"rendered":"Compresseurs"},"content":{"rendered":"<p>Notre entreprise propose une formation professionnelle sur l&#039;entretien des compresseurs. C&#039;est une excellente occasion d&#039;obtenir celui requis <a href=\"https:\/\/kursy-udt.pl\/fr\/uprawnienia-udt\/kategorie-uprawnien-2\/\">droits<\/a> et profitez d&#039;excellents r\u00e9sultats \u00e0 tous \u00e9gards.<\/p>\n<p>Nous proposons des formateurs sp\u00e9cialis\u00e9s, des cours attrayants et des prix avantageux, afin que chacun soit \u00e0 l'aise dans son d\u00e9veloppement professionnel. Dans le cadre de notre formation, chaque participant est en mesure de <a href=\"https:\/\/kursy-udt.pl\/wp-content\/uploads\/2022\/10\/12.jpeg\"><img loading=\"lazy\" decoding=\"async\" class=\"alignright wp-image-4441\" src=\"https:\/\/kursy-udt.pl\/wp-content\/uploads\/2022\/10\/12-300x200.jpeg\" alt=\"\" width=\"350\" height=\"233\" srcset=\"https:\/\/kursy-udt.pl\/wp-content\/uploads\/2022\/10\/12-300x200.jpeg 300w, https:\/\/kursy-udt.pl\/wp-content\/uploads\/2022\/10\/12-1024x683.jpeg 1024w, https:\/\/kursy-udt.pl\/wp-content\/uploads\/2022\/10\/12-768x512.jpeg 768w, https:\/\/kursy-udt.pl\/wp-content\/uploads\/2022\/10\/12-1536x1024.jpeg 1536w, https:\/\/kursy-udt.pl\/wp-content\/uploads\/2022\/10\/12-18x12.jpeg 18w, https:\/\/kursy-udt.pl\/wp-content\/uploads\/2022\/10\/12-624x416.jpeg 624w, https:\/\/kursy-udt.pl\/wp-content\/uploads\/2022\/10\/12.jpeg 1600w\" sizes=\"auto, (max-width: 350px) 100vw, 350px\" \/><\/a>fournir des comp\u00e9tences telles que :<\/p>\n<ul>\n<li>fonctionnement des compresseurs, compresseurs,<\/li>\n<li>fonctionnement des buses d&#039;aspiration et des soufflantes,<\/li>\n<li>installation d&#039;air comprim\u00e9,<\/li>\n<li>r\u00e8gles de fonctionnement.<\/li>\n<\/ul>\n<p>Toute personne adulte ayant au moins une formation de base peut s&#039;inscrire aux cours.<\/p>\n<p>Dans le cadre de l&#039;\u00e9tude, chaque participant apprendra les r\u00e9glementations l\u00e9gales r\u00e9gissant le fonctionnement des appareils et installations \u00e0 air comprim\u00e9, ainsi que la division des compresseurs et des compresseurs et leur construction. Ce sera aussi l&#039;occasion de s&#039;initier aux tailles des appareils les plus caract\u00e9ristiques comme les soufflantes, les ventouses et les compresseurs. De plus, les questions suivantes seront abord\u00e9es\u00a0:<\/p>\n<ul>\n<li>r\u00e9cipients sous pression fixes et transportables,<\/li>\n<li>d\u00e9marrage des compresseurs et leur conception,<\/li>\n<li>contr\u00f4le de la capacit\u00e9 du compresseur,<\/li>\n<li>r\u00e8glements <a href=\"https:\/\/kursy-udt.pl\/fr\/szkolenia\/bhp-bezpieczenstwo-pracy\/prawna-ochrona-pracy\/\">Sant\u00e9 et s\u00e9curit\u00e9<\/a> une fois la lutte contre les incendies.<\/li>\n<\/ul>\n<p>Notre offre s&#039;adresse aussi bien aux particuliers qu&#039;aux groupes organis\u00e9s et aux entreprises. Nous vous encourageons \u00e0 contacter notre bureau pour discuter des d\u00e9tails de la coop\u00e9ration. Nous proposons des cours th\u00e9oriques et pratiques. Apprendre dans notre entreprise est la garantie que chacun r\u00e9ussira l&#039;examen final et obtiendra les qualifications souhait\u00e9es.<\/p>\n<p><a href=\"https:\/\/kursy-udt.pl\/fr\/kontakt\/\">S&#039;il vous pla\u00eet n&#039;h\u00e9sitez pas \u00e0 nous contacter!<\/a><\/p>\n<p><a href=\"https:\/\/kursy-udt.pl\/wp-content\/uploads\/2023\/01\/6-kurs-G2-sprezarki-kursy-udt.pl_.png\"><img loading=\"lazy\" decoding=\"async\" class=\"aligncenter wp-image-4602\" src=\"https:\/\/kursy-udt.pl\/wp-content\/uploads\/2023\/01\/6-kurs-G2-sprezarki-kursy-udt.pl_-300x188.png\" alt=\"\" width=\"750\" height=\"469\" srcset=\"https:\/\/kursy-udt.pl\/wp-content\/uploads\/2023\/01\/6-kurs-G2-sprezarki-kursy-udt.pl_-300x188.png 300w, https:\/\/kursy-udt.pl\/wp-content\/uploads\/2023\/01\/6-kurs-G2-sprezarki-kursy-udt.pl_-1024x640.png 1024w, https:\/\/kursy-udt.pl\/wp-content\/uploads\/2023\/01\/6-kurs-G2-sprezarki-kursy-udt.pl_-768x480.png 768w, https:\/\/kursy-udt.pl\/wp-content\/uploads\/2023\/01\/6-kurs-G2-sprezarki-kursy-udt.pl_-18x12.png 18w, https:\/\/kursy-udt.pl\/wp-content\/uploads\/2023\/01\/6-kurs-G2-sprezarki-kursy-udt.pl_-624x390.png 624w, https:\/\/kursy-udt.pl\/wp-content\/uploads\/2023\/01\/6-kurs-G2-sprezarki-kursy-udt.pl_.png 1200w\" sizes=\"auto, (max-width: 750px) 100vw, 750px\" \/><\/a><\/p>","protected":false},"excerpt":{"rendered":"<p>Notre entreprise propose une formation professionnelle sur l&#039;entretien des compresseurs. C&#039;est une excellente occasion d&#039;obtenir les qualifications requises et de profiter d&#039;excellents r\u00e9sultats \u00e0 tous \u00e9gards. Nous fournissons un personnel sp\u00e9cialis\u00e9 de formateurs, des cours attractifs et des prix avantageux, gr\u00e2ce auxquels chacun pourra assurer des conditions confortables sur le chemin du d\u00e9veloppement professionnel. Dans le cadre de nos formations, chaque participant est en mesure d&#039;acqu\u00e9rir des comp\u00e9tences telles que : fonctionnement des compresseurs, compresseurs, fonctionnement des buses d&#039;aspiration et des soufflantes, installations d&#039;air comprim\u00e9, principes de fonctionnement. Toute personne majeure ayant au moins une formation de base peut s&#039;inscrire aux cours. Dans le cadre de l&#039;\u00e9tude, chaque participant apprendra les r\u00e9glementations l\u00e9gales r\u00e9gissant le fonctionnement des appareils et installations \u00e0 air comprim\u00e9, ainsi que la division des compresseurs et des compresseurs et leur construction. Ce sera aussi l&#039;occasion de s&#039;initier aux tailles des appareils les plus caract\u00e9ristiques comme les soufflantes, les ventouses et les compresseurs. En outre, les questions suivantes seront abord\u00e9es\u00a0: les r\u00e9cipients sous pression fixes et transportables, les compresseurs de d\u00e9marrage et leur construction, la r\u00e9glementation de la capacit\u00e9 des compresseurs, les r\u00e9glementations en mati\u00e8re de sant\u00e9 et de s\u00e9curit\u00e9 et la protection contre les incendies. Notre offre s&#039;adresse aussi bien aux particuliers qu&#039;aux groupes organis\u00e9s et aux entreprises. Nous vous encourageons \u00e0 contacter notre bureau pour discuter des d\u00e9tails de la coop\u00e9ration. Nous proposons des cours th\u00e9oriques et pratiques. Apprendre dans notre entreprise est la garantie que chacun r\u00e9ussira l&#039;examen final et obtiendra les qualifications souhait\u00e9es. S&#039;il vous pla\u00eet n&#039;h\u00e9sitez pas \u00e0 nous contacter!<\/p>","protected":false},"author":1,"featured_media":4441,"parent":65,"menu_order":0,"comment_status":"closed","ping_status":"closed","template":"","meta":{"sfsi_plus_gutenberg_text_before_share":"","sfsi_plus_gutenberg_show_text_before_share":"","sfsi_plus_gutenberg_icon_type":"","sfsi_plus_gutenberg_icon_alignemt":"","sfsi_plus_gutenburg_max_per_row":"","footnotes":""},"class_list":["post-2234","page","type-page","status-publish","has-post-thumbnail","hentry","has_thumb"],"aioseo_notices":[],"_links":{"self":[{"href":"https:\/\/kursy-udt.pl\/fr\/wp-json\/wp\/v2\/pages\/2234","targetHints":{"allow":["GET"]}}],"collection":[{"href":"https:\/\/kursy-udt.pl\/fr\/wp-json\/wp\/v2\/pages"}],"about":[{"href":"https:\/\/kursy-udt.pl\/fr\/wp-json\/wp\/v2\/types\/page"}],"author":[{"embeddable":true,"href":"https:\/\/kursy-udt.pl\/fr\/wp-json\/wp\/v2\/users\/1"}],"replies":[{"embeddable":true,"href":"https:\/\/kursy-udt.pl\/fr\/wp-json\/wp\/v2\/comments?post=2234"}],"version-history":[{"count":7,"href":"https:\/\/kursy-udt.pl\/fr\/wp-json\/wp\/v2\/pages\/2234\/revisions"}],"predecessor-version":[{"id":4603,"href":"https:\/\/kursy-udt.pl\/fr\/wp-json\/wp\/v2\/pages\/2234\/revisions\/4603"}],"up":[{"embeddable":true,"href":"https:\/\/kursy-udt.pl\/fr\/wp-json\/wp\/v2\/pages\/65"}],"wp:featuredmedia":[{"embeddable":true,"href":"https:\/\/kursy-udt.pl\/fr\/wp-json\/wp\/v2\/media\/4441"}],"wp:attachment":[{"href":"https:\/\/kursy-udt.pl\/fr\/wp-json\/wp\/v2\/media?parent=2234"}],"curies":[{"name":"wp","href":"https:\/\/api.w.org\/{rel}","templated":true}]}}