{"id":2221,"date":"2016-09-29T15:18:10","date_gmt":"2016-09-29T15:18:10","guid":{"rendered":"http:\/\/kursy-udt.pl\/?page_id=2221"},"modified":"2025-12-20T19:17:21","modified_gmt":"2025-12-20T18:17:21","slug":"la-securite-dans-le-soin-des-arbres","status":"publish","type":"page","link":"https:\/\/kursy-udt.pl\/fr\/szkolenia\/podesty-ruchome\/bezpieczenstwo-przy-pielegnacji-drzew\/","title":{"rendered":"S\u00e9curit\u00e9 dans l&#039;entretien des arbres"},"content":{"rendered":"<p><img decoding=\"async\" class=\"alignleft\" src=\"\/wp-content\/uploads\/2016\/09\/drzewa.png\" alt=\"\" \/><\/p>\n<h2>Conseils sur l'utilisation s\u00fbre des plates-formes mobiles dans l'entretien des arbres<\/h2>\n<p>Les escaliers m\u00e9caniques sont l'un des moyens les plus s\u00fbrs de fournir un acc\u00e8s temporaire pour les travaux en hauteur, \u00e0 condition qu'une \u00e9valuation des risques ait \u00e9t\u00e9 effectu\u00e9e avant leur utilisation, que l'\u00e9quipement soit utilis\u00e9 par un personnel qualifi\u00e9, form\u00e9 et familier et que les r\u00e9glementations en mati\u00e8re de sant\u00e9 et de s\u00e9curit\u00e9 soient respect\u00e9es, y compris l'existence d'un plan de sauvetage. La seule connaissance technique du fonctionnement d'une plate-forme mobile ne suffit pas pour l'exploiter en toute s\u00e9curit\u00e9.<br \/>\nPour garantir un fonctionnement s\u00fbr et \u00e9viter les accidents ou les dommages aux \u00e9quipements, tous les op\u00e9rateurs (sous contrat ou ind\u00e9pendants) doivent recevoir une formation professionnelle, formelle et reconnue par l'employeur, consistant en une formation th\u00e9orique et pratique et une \u00e9valuation par une personne qualifi\u00e9e. Pour des informations plus d\u00e9taill\u00e9es sur la formation, visitez www.ipaf.org.<\/p>\n<h3><span style=\"text-decoration: underline;\">ETUDE DE CAS<\/span><\/h3>\n<p>Dans les statistiques d'accidents, pr\u00e8s d'un accident mortel sur cinq li\u00e9 \u00e0 l'utilisation de plates-formes mobiles implique des travailleurs de l'arboriculture. Voici les rapports d'accidents mortels :<br \/>\nLors d'un travail de routine d'\u00e9lagage d'arbres command\u00e9 par un r\u00e9sident, un op\u00e9rateur de 61 ans est tomb\u00e9 d'une plate-forme mobile et est mort sur place. Alors qu'il travaillait en hauteur entre deux arbres, le panier dans lequel il se trouvait s'est accroch\u00e9 \u00e0 une branche et s'est coinc\u00e9. Un t\u00e9moin de l'incident a rapport\u00e9 aux policiers qu'\u00e0 un moment donn\u00e9, la branche s'est cass\u00e9e, faisant basculer la nacelle sur le c\u00f4t\u00e9 et projetant l'op\u00e9rateur, qui est tomb\u00e9 d'une hauteur de 13 \u00e0 15 m\u00e8tres.<br \/>\n<span style=\"text-decoration: underline;\">NOTES :<\/span><br \/>\nLe contact avec les branches doit \u00eatre \u00e9vit\u00e9 car cela peut entra\u00eener le blocage de la plate-forme et provoquer un mouvement soudain et incontr\u00f4l\u00e9 ainsi que des dommages \u00e0 la machine. L'op\u00e9rateur doit toujours porter un \u00e9quipement de protection contre les chutes.<\/p>\n<p>L'op\u00e9rateur d'une plate-forme mobile a \u00e9t\u00e9 tu\u00e9 par \u00e9lectrocution lorsque l'appareil a touch\u00e9 un c\u00e2ble a\u00e9rien de 7 200 volts. Le propri\u00e9taire d'une entreprise d'\u00e9lagage des arbres man\u0153uvrait un \u00e9l\u00e9vateur \u00e0 nacelle lorsqu'il a touch\u00e9 une ligne \u00e0 haute tension.<br \/>\n<span style=\"text-decoration: underline;\">NOTES :<\/span><br \/>\nAvant le d\u00e9but des travaux, il convient de proc\u00e9der \u00e0 une \u00e9valuation des risques et de veiller \u00e0 mettre en \u0153uvre des mesures de contr\u00f4le pour \u00e9viter les risques li\u00e9s aux lignes \u00e9lectriques a\u00e9riennes.<\/p>\n<p>Le propri\u00e9taire d'une entreprise sp\u00e9cialis\u00e9e dans l'entretien des arbres est d\u00e9c\u00e9d\u00e9 alors qu'il travaillait sur une plate-forme mobile. Des t\u00e9moins affirment que la victime se trouvait \u00e0 18 m du sol lorsqu'une branche est tomb\u00e9e sur la plate-forme, provoquant l'\u00e9crasement et la suffocation de l'op\u00e9rateur.<br \/>\n<span style=\"text-decoration: underline;\">NOTES :<\/span><br \/>\nIl faut veiller \u00e0 ce que les travailleurs et la plate-forme soient dans la bonne position pour \u00e9viter d'\u00eatre frapp\u00e9s par des objets qui tombent.<\/p>\n<p><span style=\"text-decoration: underline;\">FONCTIONNEMENT CORRECT<\/span><br \/>\n<span style=\"text-decoration: underline;\">IMPORTANT<\/span> - Afin d'utiliser l'\u00e9quipement en toute s\u00e9curit\u00e9, il faut suivre toutes les directives applicables d\u00e9crites dans la formation sur la sant\u00e9 et la s\u00e9curit\u00e9, les meilleures pratiques et les recommandations du fabricant.<br \/>\n<span style=\"text-decoration: underline;\">SOUVENEZ-VOUS DE<\/span> - Avant de commencer le travail, l'op\u00e9rateur form\u00e9 doit<\/p>\n<ul>\n<li>V\u00e9rifiez que l'appareil n'est pas endommag\u00e9, qu'il peut \u00eatre utilis\u00e9 en toute s\u00e9curit\u00e9 et qu'il fonctionne correctement.<\/li>\n<li>Faites attention en vous d\u00e9pla\u00e7ant vers le site de travail - \u00e9vitez les surfaces en pente.<\/li>\n<li>Assurez-vous que la surface est stable \u00e0 tout moment<\/li>\n<li>Utilisez toujours des plaques appropri\u00e9es pour r\u00e9partir uniform\u00e9ment la pression locale sous la rampe.<\/li>\n<li>Organiser et g\u00e9rer des zones de d\u00e9p\u00f4t \u00e0 une distance s\u00fbre de la plate-forme mobile et de sa base<\/li>\n<li>Prenez les pr\u00e9cautions n\u00e9cessaires pour prot\u00e9ger l'op\u00e9rateur de la tron\u00e7onneuse<\/li>\n<\/ul>\n<p><span style=\"text-decoration: underline;\">SOUVENEZ-VOUS DE<\/span> - pendant le fonctionnement, l'op\u00e9rateur form\u00e9 doit<\/p>\n<ul>\n<li>Effectuez des contr\u00f4les r\u00e9guliers pour vous assurer que la plate-forme mobile ne s'enfonce pas dans le sol.<\/li>\n<li>Portez toujours un harnais appropri\u00e9 et assurez-vous que le tireur de corde est attach\u00e9 au point d'attache pr\u00e9vu \u00e0 l'int\u00e9rieur de la plate-forme. Reportez-vous au guide technique H1 IPAF.<\/li>\n<li>\u00c9vitez tout contact avec les branches - soyez prudent et observez votre environnement \u00e0 tout moment lorsque vous montez et descendez le panier.<\/li>\n<li>Identifiez les dangers potentiels sous la forme de lignes \u00e9lectriques a\u00e9riennes et prenez les pr\u00e9cautions n\u00e9cessaires pour \u00e9liminer le risque d'\u00e9lectrocution.<\/li>\n<li>Soyez vigilant \u00e0 tout moment et faites fonctionner la plate-forme mobile en douceur et avec pr\u00e9caution.<\/li>\n<li>N'utilisez jamais la plate-forme mobile comme une grue et fixez les c\u00e2bles de support \u00e0 n'importe quel endroit de la plate-forme mobile.<\/li>\n<li>Ne faites jamais le plein sur la plate-forme - faites toujours le plein de la tron\u00e7onneuse sur le sol.<\/li>\n<li>Ne d\u00e9passez jamais la capacit\u00e9 de charge admissible du v\u00e9hicule, le nombre maximal de personnes ou la vitesse du vent.<\/li>\n<\/ul>\n<p><span style=\"text-decoration: underline;\">SOUVENEZ-VOUS DE<\/span> - Une fois le travail termin\u00e9, il incombe \u00e0 l'op\u00e9rateur form\u00e9 de :<\/p>\n<ul>\n<li>D\u00e9barrasser la plate-forme mobile de la sciure ou d'autres d\u00e9bris<\/li>\n<li>Inspectez l'\u00e9quipement pour v\u00e9rifier qu'il n'est pas endommag\u00e9 - signalez imm\u00e9diatement tout dommage.<\/li>\n<li>Laisser l'appareil dans un endroit s\u00fbr avec les boutons \u00e9teints - et sans les cl\u00e9s<\/li>\n<li>Signalez les dommages caus\u00e9s \u00e0 la plate-forme au propri\u00e9taire - la plate-forme ne doit pas \u00eatre autoris\u00e9e \u00e0 \u00eatre r\u00e9utilis\u00e9e si elle est endommag\u00e9e.<\/li>\n<\/ul>\n<ol>\n<li>Utilisez toujours des plaques adapt\u00e9es qui r\u00e9partissent uniform\u00e9ment la pression locale sous la rampe.<br \/>\nPrenez des pr\u00e9cautions pour prot\u00e9ger l'op\u00e9rateur de la tron\u00e7onneuse - dans certains pays, il est obligatoire d'utiliser des plates-formes o\u00f9 il existe des zones s\u00e9par\u00e9es pour l'op\u00e9rateur de la plate-forme et la tron\u00e7onneuse, approuv\u00e9es par le fabricant.<\/li>\n<li>Coupez les arbres de mani\u00e8re \u00e0 ce que les branches tombent loin du cric.<\/li>\n<li>Assurez-vous toujours que le tireur de corde est attach\u00e9 au point d'attache pr\u00e9vu \u00e0 l'int\u00e9rieur de la plate-forme.<br \/>\nREMARQUE : de nombreux membres de l'IPAF proposent une formation officielle d'op\u00e9rateur reconnue par l'employeur, qui donne lieu \u00e0 la d\u00e9livrance d'une carte PAL (Lift Equipment Licence) pour certifier que le titulaire a suivi la formation avec succ\u00e8s. La carte PAL atteste de la formation du titulaire \u00e0 l'utilisation en toute s\u00e9curit\u00e9 de la cat\u00e9gorie de plates-formes mobiles r\u00e9pertori\u00e9es. Vous trouverez une liste des centres de formation accr\u00e9dit\u00e9s par l'IPAF sur le site www.Ipaf.org.<\/li>\n<\/ol>\n<p>source : <a href=\"https:\/\/www.ipaf.org\/\">IPAF.org<\/a><br \/>\nAutorit\u00e9 mondiale en mati\u00e8re d'\u00e9quipements de levage<\/p>\n<div class=\"button_styl\" style=\"float: right; padding-left: 15px; padding-bottom: 8px; margin-bottom: 5px;\"><a class=\"myButton myButton_maly\" href=\"https:\/\/platformaedukacji.pl\/login\/signup.php\" target=\"_blank\" rel=\"nofollow noopener\"><span style=\"color: white;\">Inscrivez-vous \u00e0 la formation<\/span><\/a><\/div>\n<div style=\"padding-top: 70px;\">\n<h2>Plus d&#039;information:<\/h2>\n<div style=\"text-align: center; font-size: 85%; line-height: 120%;\">\n<div style=\"float: left; margin-right: 40px; height: 290px;\">\n<p><a href=\"\/fr\/entrainement\/plateformes-mobiles\/ordonnances-et-interdictions\/\"><img decoding=\"async\" src=\"\/wp-content\/uploads\/2014\/08\/nakazy-zakazy.jpg\" alt=\"\" \/><\/a><\/p>\n<div style=\"width: 300px; font-size: 130%;\"><strong>\u00c0 faire et \u00e0 ne pas faire<\/strong><\/div>\n<p>&nbsp;<\/p>\n<\/div>\n<div style=\"float: left; margin-right: 40px; height: 290px;\">\n<p><a href=\"\/fr\/entrainement\/plateformes-mobiles\/travailler-a-proximite-de-lignes-electriques\/\"><img decoding=\"async\" src=\"\/wp-content\/uploads\/2014\/08\/linie-energetyczne.jpg\" alt=\"\" \/><\/a><\/p>\n<div style=\"width: 300px; font-size: 130%;\"><strong>Travail \u00e0 proximit\u00e9 de lignes \u00e9lectriques <\/strong><\/div>\n<p>&nbsp;<\/p>\n<\/div>\n<\/div>\n<div style=\"clear: both;\"><\/div>\n<div style=\"text-align: center; font-size: 85%; line-height: 120%;\">\n<div style=\"float: left; margin-right: 40px; height: 290px;\">\n<p><a href=\"\/fr\/entrainement\/plateformes-mobiles\/les-procedures-de-securite-2\/\"><img decoding=\"async\" src=\"\/wp-content\/uploads\/2014\/08\/bezpieczenstwo.jpg\" alt=\"\" \/><\/a><\/p>\n<div style=\"width: 300px; font-size: 130%;\"><strong>S\u00e9curit\u00e9<\/strong><\/div>\n<p>&nbsp;<\/p>\n<\/div>\n<div style=\"float: left; margin-right: 40px; height: 290px;\">\n<p><a href=\"\/fr\/entrainement\/plateformes-mobiles\/preparation-de-la-surface\/\"><img decoding=\"async\" src=\"\/wp-content\/uploads\/2014\/08\/wypadek.jpg\" alt=\"\" \/><\/a><\/p>\n<div style=\"width: 300px; font-size: 130%;\"><strong>Pr\u00e9paration de surface<\/strong><\/div>\n<p>&nbsp;<\/p>\n<\/div>\n<\/div>\n<div style=\"clear: both;\"><\/div>\n<div style=\"text-align: center; font-size: 85%; line-height: 120%;\">\n<div style=\"float: left; margin-right: 40px; height: 290px;\">\n<p><a href=\"\/fr\/entrainement\/plateformes-mobiles\/la-securite-dans-le-soin-des-arbres\/\"><img decoding=\"async\" src=\"\/wp-content\/uploads\/2016\/09\/drzewa.png\" alt=\"\" \/><\/a><\/p>\n<div style=\"width: 300px; font-size: 130%;\"><strong>S\u00e9curit\u00e9 dans l&#039;entretien des arbres<\/strong><\/div>\n<p>&nbsp;<\/p>\n<\/div>\n<div style=\"float: left; margin-right: 40px; height: 290px;\">\n<p><a href=\"\/fr\/entrainement\/plateformes-mobiles\/\"><img decoding=\"async\" style=\"width: 300px; height: 225px;\" src=\"\/wp-content\/uploads\/2014\/04\/10-pokaz.jpeg\" alt=\"\" \/><\/a><\/p>\n<div style=\"width: 300px; font-size: 130%;\"><strong>Formations pour les plateformes mobiles<\/strong><\/div>\n<p>&nbsp;<\/p>\n<\/div>\n<\/div>\n<\/div>","protected":false},"excerpt":{"rendered":"<p>Porady dotycz\u0105ce bezpiecznego korzystania z podest\u00f3w ruchomych przy piel\u0119gnacji drzew Podesty ruchome to jeden z najbezpieczniejszych \u015brodk\u00f3w zapewniaj\u0105cych tymczasowy dost\u0119p do pracy na wysoko\u015bci pod warunkiem, \u017ce przed ich wykorzystaniem zosta\u0142a przeprowadzona ocena ryzyka, sprz\u0119t obs\u0142ugiwany jest przez wykwalifikowany, przeszkolony i zaznajomiony z urz\u0105dzeniami personel oraz przestrzegane s\u0105 przepisy BHP, w tym posiadanie planu ratunkowego. Do bezpiecznej eksploatacji podestu ruchomego nie wystarczy sama techniczna wiedza, jak go obs\u0142ugiwa\u0107. W celu zapewnienia bezpiecznej eksploatacji i unikni\u0119cia wypadk\u00f3w lub zniszczenia sprz\u0119tu wszyscy operatorzy (zatrudnieni na umow\u0119 o prac\u0119 lub samozatrudnieni) musz\u0105 odby\u0107 profesjonalne, formalne i honorowane przez pracodawc\u00f3w szkolenie sk\u0142adaj\u0105ce si\u0119 zar\u00f3wno z teorii, jak i z praktyki oraz oceny dokonanej przez wykwalifikowan\u0105 osob\u0119. Wi\u0119cej szczeg\u00f3\u0142owych informacji dotycz\u0105cych szkolenia na stronie internetowej www.ipaf.org. ANALIZA PRZYPADK\u00d3W W statystykach wypadk\u00f3w blisko jeden na pi\u0119\u0107 wypadk\u00f3w \u015bmiertelnych zwi\u0105zanych z wykorzystaniem podest\u00f3w ruchomych dotyczy pracownik\u00f3w zajmuj\u0105cych si\u0119 piel\u0119gnacj\u0105 drzew. Poni\u017cej przedstawiono raporty z wypadk\u00f3w \u015bmiertelnych: W czasie rutynowego przycinania drzew zleconego przez jednego z mieszka\u0144c\u00f3w 61-letni operator spad\u0142 z podestu ruchomego i zgin\u0105\u0142 na miejscu. W czasie pracy na wysoko\u015bci pomi\u0119dzy dwoma drzewami kosz, w kt\u00f3rym si\u0119 znajdowa\u0142, zahaczy\u0142 o ga\u0142\u0105\u017a i zakleszczy\u0142 si\u0119. \u015awiadek zdarzenia zrelacjonowa\u0142 policjantom, \u017ce w pewnej chwili ga\u0142\u0105\u017a odskoczy\u0142a sprawiaj\u0105c, \u017ce kosz zacz\u0105\u0142 si\u0119 ko\u0142ysa\u0107 na boki wyrzucaj\u0105c przy tym operatora, kt\u00f3ry spad\u0142 z wysoko\u015bci 13-15m. UWAGA: Nale\u017cy unika\u0107 kontaktu z ga\u0142\u0119ziami, poniewa\u017c mo\u017ce to doprowadzi\u0107 do zaczepienia si\u0119 podestu i wywo\u0142a\u0107 nag\u0142y niekontrolowany ruch i uszkodzenie urz\u0105dzenia. Operator zawsze musi mie\u0107 na sobie sprz\u0119t chroni\u0105cy przed upadkiem z wysoko\u015bci. Operator podestu ruchomego zgin\u0105\u0142 w wyniku [&hellip;]<\/p>\n","protected":false},"author":1,"featured_media":2389,"parent":75,"menu_order":0,"comment_status":"closed","ping_status":"closed","template":"","meta":{"sfsi_plus_gutenberg_text_before_share":"","sfsi_plus_gutenberg_show_text_before_share":"","sfsi_plus_gutenberg_icon_type":"","sfsi_plus_gutenberg_icon_alignemt":"","sfsi_plus_gutenburg_max_per_row":"","footnotes":""},"class_list":["post-2221","page","type-page","status-publish","has-post-thumbnail","hentry","has_thumb"],"aioseo_notices":[],"_links":{"self":[{"href":"https:\/\/kursy-udt.pl\/fr\/wp-json\/wp\/v2\/pages\/2221","targetHints":{"allow":["GET"]}}],"collection":[{"href":"https:\/\/kursy-udt.pl\/fr\/wp-json\/wp\/v2\/pages"}],"about":[{"href":"https:\/\/kursy-udt.pl\/fr\/wp-json\/wp\/v2\/types\/page"}],"author":[{"embeddable":true,"href":"https:\/\/kursy-udt.pl\/fr\/wp-json\/wp\/v2\/users\/1"}],"replies":[{"embeddable":true,"href":"https:\/\/kursy-udt.pl\/fr\/wp-json\/wp\/v2\/comments?post=2221"}],"version-history":[{"count":8,"href":"https:\/\/kursy-udt.pl\/fr\/wp-json\/wp\/v2\/pages\/2221\/revisions"}],"predecessor-version":[{"id":6229,"href":"https:\/\/kursy-udt.pl\/fr\/wp-json\/wp\/v2\/pages\/2221\/revisions\/6229"}],"up":[{"embeddable":true,"href":"https:\/\/kursy-udt.pl\/fr\/wp-json\/wp\/v2\/pages\/75"}],"wp:featuredmedia":[{"embeddable":true,"href":"https:\/\/kursy-udt.pl\/fr\/wp-json\/wp\/v2\/media\/2389"}],"wp:attachment":[{"href":"https:\/\/kursy-udt.pl\/fr\/wp-json\/wp\/v2\/media?parent=2221"}],"curies":[{"name":"wp","href":"https:\/\/api.w.org\/{rel}","templated":true}]}}