{"id":2011,"date":"2016-03-08T08:51:09","date_gmt":"2016-03-08T08:51:09","guid":{"rendered":"http:\/\/kursy-udt.pl\/?page_id=2011"},"modified":"2016-03-11T08:30:21","modified_gmt":"2016-03-11T08:30:21","slug":"scherenarbeitsbuhnen","status":"publish","type":"page","link":"https:\/\/kursy-udt.de\/fr\/scherenarbeitsbuhnen\/","title":{"rendered":"Scherenarbeitsb\u00fchnen"},"content":{"rendered":"<div style=\"float: left; padding-right: 10px;\"><img decoding=\"async\" alt=\"Plates-formes \u00e0 ciseaux\" src=\"\/wp-content\/uploads\/2014\/04\/01-podest.jpeg\" \/><\/div>\n<div class=\"wyjustuj\">\n<p>Le centre de formation ERGON propose des cours dans le domaine de la recherche d'emploi. Nos instructions aident les utilisateurs \u00e0 respecter les exigences de l'UDT dans le domaine des sacs de voyage, afin que les sacs de voyage soient conformes aux r\u00e8gles et aux normes de s\u00e9curit\u00e9 les plus strictes \u00e9tablies par l'autorit\u00e9 technique. Sehr h\u00e4ufig auf Baustellen oder bei Montagearbeiten werden die Scherenarbeitsb\u00fchnen eingesetzt. Die Kurse sind deshalb eine gut getroffene Entscheidung, sowohl f\u00fcr Mitarbeiter als auch f\u00fcr Arbeitsgeber. Um das Ger\u00e4t bedienen zu d\u00fcrfen, muss erst der Kurs durchgelaufen sein und danach Erwerb der erforderlichen UDT IP Berechtigungen erfolgen.  <\/p>\n<p>Nos dossiers dans le domaine des lunettes de protection contiennent de nombreuses informations th\u00e9oriques sur la construction des lunettes de protection et autres, leur traitement, leur utilisation, les prescriptions en mati\u00e8re de protection du travail et les prescriptions techniques. Notre cours comprend \u00e9galement des s\u00e9minaires pratiques, au cours desquels les employ\u00e9s s'initient \u00e0 l'utilisation de l'appareil et apprennent, \u00e0 l'aide de documents de r\u00e9f\u00e9rence, \u00e0 utiliser l'appareil de mani\u00e8re efficace. Dans notre centre de formation, nous ne travaillons qu'avec des sp\u00e9cialistes, ce qui nous permet de garantir \u00e0 nos clients la meilleure qualit\u00e9 de formation possible, sans que cela ne pose de probl\u00e8me pour l'utilisation des services de l'UDT. <\/p>\n<p><strong>Anwendung<\/strong><br \/>\n<span class=\"linkwartykule\"><a href=\"\/fr\/scherenarbeitsbuhnen-2\/\">Scherenarbeitsb\u00fchnen<\/a> geh\u00f6ren zu <span class=\"linkwartykule\"><a href=\"\/fr\/fachcurse\/berech-arbeitsbuhnen\/\">Arbeitsb\u00fchnen<\/a>. Es sind die langsamlaufenden Arbeitsb\u00fchnen, ihre Aufgabe ist Hochheben der Mitarbeiter zur bestimmten H\u00f6he, auch Ausstattung und Materialien. Damit die bedient werden d\u00fcrfen, muss der jeweilige Mitarbeiter Berechtigungen der Technischen Aufsichtsbeh\u00f6rde besitzen. <\/p>\n<p>Heutzutage werden die Scherenarbeitsb\u00fchnen bei Arbeiten verschiedener Art eingesetzt - Kurse sind unentbehrlich, damit der Mitarbeiter die fachlich und nach Sicherheitsprinzipien bedienen kann. Die Scherenarbeitsb\u00fchnen werden often bei Bau-, Fertigungs-, Installations-, Dekorations-, oder Reinigungsarbeiten eingesetzt. Au\u00dfer Bauwesen werden die Scherenarbeitsb\u00fchnen auch in Werbung ausgenutzt. Le travailleur qui n'a pas d'obligations l\u00e9gales ne doit pas \u00eatre autoris\u00e9 \u00e0 travailler avec des documents l\u00e9gaux. <\/p>\n<p><strong>\u00c9cologisation des cours<\/strong><br \/>\nLes conditions pr\u00e9alables \u00e0 l'obtention d'un emploi sont la validit\u00e9, la formation g\u00e9n\u00e9rale la plus compl\u00e8te et l'absence d'obstacles \u00e0 l'obtention d'un emploi.<\/p>\n<p>Nach dem durchgelaufenenen Kurs ist der Kursteilnehmer zur Antretung ans UDT-Examen zugelassen, wenn Examen bestanden ist, erh\u00e4lt der Kursteilnehmer die Bescheinigung, die sein Wissen und F\u00e4higkeiten zur Bedienung der Scherenarbeitsb\u00fchnen best\u00e4tigt.<br \/>\nEs sind die Ger\u00e4te, die der technischen Aufsicht unterstehen, deshalb, bevor bei Arbeiten Scherenarbeitsb\u00fchnen angewendet werden, m\u00fcssen alle Mitarbeiter Berechtigungen besitzen, die zur Bedienung dieser Ger\u00e4te bestimmt worden sind.  <\/p>\n<p>Dans le centre de formation ERGON, nous avons form\u00e9 plusieurs employ\u00e9s, ce qui nous permet de garantir \u00e0 nos clients une formation bas\u00e9e sur notre exp\u00e9rience et notre professionnalisme.<br \/>\nNous organisons des soins m\u00eame apr\u00e8s l'arriv\u00e9e et le d\u00e9part du client, si celui-ci se trouve \u00e0 un endroit ou \u00e0 une date limite. F\u00fcr gr\u00f6\u00dfere Gruppen sind g\u00fcnstige Discounte vorgesehen.<\/p>\n<p>Nous vous remercions d'avance de bien vouloir nous aider \u00e0 r\u00e9soudre ce probl\u00e8me. <\/p>\n<\/div>\n<div class=\"button_styl\" style=\"float:right; padding-left:15px; padding-bottom:8px; margin-bottom:5px;\"><a href=\"https:\/\/platformaedukacji.pl\/login\/signup.php\" rel=\"nofollow\" target=\"_blank\" class=\"myButton myButton_maly\"><font color=\"white\">am Kurs teilnehmen<\/font><\/a><\/div>","protected":false},"excerpt":{"rendered":"<p>Das Bildungszentrum ERGON l\u00e4dt zum Kurs im Bereich der Scherenarbeitsb\u00fchnen ein. Unsere Kurse helfen Ihnen die erforderlichen UDT-Berechtigungen im Bereich der Scherenarbeitsb\u00fchnen, um Scherenarbeitsb\u00fchnen nach von Technischer Aufsichtsbeh\u00f6rde bestimmten Sicherheitsregeln und Normen zu erwerben. Sehr h\u00e4ufig auf Baustellen oder bei Montagearbeiten werden die Scherenarbeitsb\u00fchnen eingesetzt. Die Kurse sind deshalb eine gut getroffene Entscheidung, sowohl f\u00fcr Mitarbeiter als auch f\u00fcr Arbeitsgeber. Um das Ger\u00e4t bedienen zu d\u00fcrfen, muss erst der Kurs durchgelaufen sein und danach Erwerb der erforderlichen UDT IP Berechtigungen erfolgen. Unsere Kurse im Bereich der Scherenarbeitsb\u00fchnen umfassen viele theoretische Informationen \u00fcber Aufbau der Scherenarbeitsb\u00fchnen und anderen, ihrer Bedienung, Wartung, Arbeitsschutzvorschriften und Vorschriften der technischen Aufsicht. Unser Kurs schlie\u00dft auch praktische Seminare ein, wo die Kursteilnehmer sich mit dem Ger\u00e4t bekannt machen, und lernen nach Vorschriften die angemessene Bedienung des Ger\u00e4tes. Im unseren Bildungszentrum besch\u00e4ftigen wir nur Spezialisten, deswegen garantieren wir Ihnen die h\u00f6chste Qualit\u00e4t der Ausbildung, damit der weitere Erwerb der UDT-Berechtigungen problemlos l\u00e4uft. Anwendung Scherenarbeitsb\u00fchnen geh\u00f6ren zu Arbeitsb\u00fchnen. Es sind die langsamlaufenden Arbeitsb\u00fchnen, ihre Aufgabe ist Hochheben der Mitarbeiter zur bestimmten H\u00f6he, auch Ausstattung und Materialien. Damit die bedient werden d\u00fcrfen, muss der jeweilige Mitarbeiter Berechtigungen der Technischen Aufsichtsbeh\u00f6rde besitzen. Heutzutage werden die Scherenarbeitsb\u00fchnen bei Arbeiten verschiedener Art eingesetzt \u2013 Kurse sind unentbehrlich, damit der Mitarbeiter die fachlich und nach Sicherheitsprinzipien bedienen kann. Die Scherenarbeitsb\u00fchnen werden oft bei Bau-, Fertigungs-, Installations-, Dekorations-, oder Reinigungsarbeiten eingesetzt. Au\u00dfer Bauwesen werden die Scherenarbeitsb\u00fchnen auch in Werbung ausgenutzt. Mitarbeiter, der \u00fcber keine Berechtigungen verf\u00fcgt, kann die Arbeiten gem. rechtlichen Vorschriften nicht ausf\u00fchren. Zielvoraussetzung des Kurses Die Grundvoraussetzungen [&hellip;]<\/p>\n","protected":false},"author":1,"featured_media":0,"parent":0,"menu_order":0,"comment_status":"closed","ping_status":"closed","template":"","meta":{"sfsi_plus_gutenberg_text_before_share":"","sfsi_plus_gutenberg_show_text_before_share":"","sfsi_plus_gutenberg_icon_type":"","sfsi_plus_gutenberg_icon_alignemt":"","sfsi_plus_gutenburg_max_per_row":"","footnotes":""},"class_list":["post-2011","page","type-page","status-publish","hentry","has_thumb"],"aioseo_notices":[],"_links":{"self":[{"href":"https:\/\/kursy-udt.pl\/fr\/wp-json\/wp\/v2\/pages\/2011","targetHints":{"allow":["GET"]}}],"collection":[{"href":"https:\/\/kursy-udt.pl\/fr\/wp-json\/wp\/v2\/pages"}],"about":[{"href":"https:\/\/kursy-udt.pl\/fr\/wp-json\/wp\/v2\/types\/page"}],"author":[{"embeddable":true,"href":"https:\/\/kursy-udt.pl\/fr\/wp-json\/wp\/v2\/users\/1"}],"replies":[{"embeddable":true,"href":"https:\/\/kursy-udt.pl\/fr\/wp-json\/wp\/v2\/comments?post=2011"}],"version-history":[{"count":2,"href":"https:\/\/kursy-udt.pl\/fr\/wp-json\/wp\/v2\/pages\/2011\/revisions"}],"predecessor-version":[{"id":2126,"href":"https:\/\/kursy-udt.pl\/fr\/wp-json\/wp\/v2\/pages\/2011\/revisions\/2126"}],"wp:attachment":[{"href":"https:\/\/kursy-udt.pl\/fr\/wp-json\/wp\/v2\/media?parent=2011"}],"curies":[{"name":"wp","href":"https:\/\/api.w.org\/{rel}","templated":true}]}}