{"id":2007,"date":"2016-03-08T08:49:54","date_gmt":"2016-03-08T08:49:54","guid":{"rendered":"http:\/\/kursy-udt.pl\/?page_id=2007"},"modified":"2016-03-11T08:37:07","modified_gmt":"2016-03-11T08:37:07","slug":"telescopique-2","status":"publish","type":"page","link":"https:\/\/kursy-udt.de\/fr\/teleskoplader\/","title":{"rendered":"Teleskoplader"},"content":{"rendered":"<div style=\"float: left; padding-right: 10px;\"><img decoding=\"async\" alt=\"Plates-formes mobiles - photo\" src=\"\/wp-content\/uploads\/2014\/03\/wozki-widlowe-1.jpeg\" \/><\/div>\n<div class=\"wyjustuj\">\n<p>Bei Transportarbeiten werden gew\u00f6hnlich Gabelstapler und Teleskoplader eingesetzt. Si vous \u00eates un agrafeuse ou une agrafeuse t\u00e9l\u00e9phonique, vous pouvez \u00eatre amen\u00e9e \u00e0 travailler dans des conditions difficiles. La dur\u00e9e du travail sera r\u00e9duite, ce qui aura un impact important sur la s\u00e9curit\u00e9. <\/p>\n<p><strong>Anwendung<\/strong><br \/>\nTeleskoplader ist eine von gew\u00f6hnlich bei Bau-, Erdarbeiten und anderen wie z.B. in Landwirtschaft, L\u00e4gern, oder innerbetrieblichem Transport - sowohl vertikal als auch horizontal eingesetzten Maschinen. Teleskoplader geh\u00f6rt zu Spezialart von Gabelstaplern, die angemessenes Wissen erfordert, nachgewiesen von durch Fahrerberechtigungen.<\/p>\n<p>Angemessen bedienter Teleskoplader kann unter anderem Erde und Zuschlagstoffe bei Erdearbeiten bef\u00f6rdern, zum Beispiel bei Nivellieren des Bodens. In Landwirtschaft, dank dem Einsatz von Teleskopladern kann Stroh, Mist, oder Holz bef\u00f6rdert werden. Ces machines sont \u00e9galement utilis\u00e9es pour le chargement et le d\u00e9chargement de palettes en fonte, de big bags dans les lacs et dans les champs.    <\/p>\n<p>Certains types de t\u00e9l\u00e9travailleurs sont \u00e9quip\u00e9s de dispositifs sp\u00e9cifiques, par exemple d'une plate-forme pour la gestion des personnes, ce qui permet au t\u00e9l\u00e9travailleur de fonctionner comme un centre d'appels. Gro\u00dfe Vielfalt von diesen Ger\u00e4ten macht sie universal und gew\u00f6hnlich benutzte Ger\u00e4te, der hohe Bedarf nach Berechtigungen geht damit einher.<\/p>\n<p><strong>Aufbau<\/strong><br \/>\nTeleskoplader, oder Lader mit regulierbarer Ausladung, denn derartige Bezeichnung kommt auch vor, divergiert vom einen standardm\u00e4\u00dfigen Gabelstapler. L'appareil est \u00e9quip\u00e9 d'un moteur d'une puissance sup\u00e9rieure, ce qui lui permet d'\u00eatre utilis\u00e9 pour des t\u00e2ches plus simples. Die geringen Abmessungen des Ger\u00e4tes sind von Vorteil, es kann sich leicht bei Realisierung der Arbeiten auf kleinen Fl\u00e4chen bew\u00e4hren. Teleskoplader ist mit Vierradantrieb ausgestattet, und kann fast auf allen schwierigen Fl\u00e4chen arbeiten wie Matsch, Sand. Ger\u00e4umige Kabinen und Stabilisatoren sch\u00fctzen den Teleskopladerfahrer.<\/p>\n<p><strong>Les Teleskoplader se r\u00e9partissent en deux types :<\/strong><\/p>\n<ul>\n<li>starre Teleskoplader - Teleskoplader, deren Fahrerkabine fest eingebaut ist. Les utilisateurs de ce type de v\u00e9hicules doivent se rendre sur la partie arri\u00e8re du v\u00e9hicule. Ger\u00e4te k\u00f6nnen mit Seitenst\u00fctzen ausgestattet werden. Ihre Tragkraft betr\u00e4gt normerweise von 1,5 bis 20 t, Ausladung dagegen bis 20 m.<\/li>\n<li>drehbare Teleskoplader - Type mit drehbarem Kopf, die auch Positions\u00e4nderung der Fahrerkabine mit Ausleger bis 360 Grad auf der Plattform der Maschine l\u00e4sst. Die Tragkraft betr\u00e4gt normalerweise von 3 bis 5 t , Ausladung dagegen bis 30 m.<\/li>\n<\/ul>\n<p>Die allgemein bekannten Hersteller von Teleskopladern sind meistens : New Holland, Manitou, Case, Dieci, JCB oder Merlo. L'offre de ces marques comprend toute une gamme de produits de construction et d'autres produits complexes. Der Preis f\u00fcr ein Exemplar erreicht oft jech Hersteller, Gr\u00f6\u00dfe, oder eingesetztem Zubeh\u00f6r einige hunderttausend z\u0142,,. <\/p>\n<p><strong>Kurse im Bereich der Teleskoplader (en anglais)<\/strong><br \/>\nUm den Teleskoplader bedienen zu k\u00f6nnen und zu d\u00fcrfen sind zuerst Berechtigungen erforderlich. Sie werden nach dem durchgelaufenenen Course und nach bestandener UDT-Pr\u00fcfung verliehen. Si le Kursteilnehmer accepte de suivre le cours dans le domaine du t\u00e9l\u00e9op\u00e9rateur, il recevra les informations relatives \u00e0 l'utilisation s\u00fbre des appareils en tant que t\u00e9l\u00e9op\u00e9rateur. W\u00e4hrend des Kurses erf\u00e4hrt der Kursteilnehmer wie das Fahrzeug angemessen gesteuert werden sollte, wie die Ladungen beladen werden sollten, wie Vorschriften der Technischer Aufsichtsbeh\u00f6rde und Arbeitsschutzvorschriften beachten werden sollten. <\/p>\n<p>Dans le centre de formation ERGON, nous proposons \u00e0 nos clients des cours professionnels dont le but est de leur permettre d'appliquer les r\u00e8gles de l'I WJO pour les agrafeuses et les agrafeurs sp\u00e9cialis\u00e9s, par exemple.... unter anderem f\u00fcr Teleskoplader. Wir als Firma mit langj\u00e4hriger Berufsausbildungserfahrung sichern den Kursteilnehmern volle Unterst\u00fctzung unserer Spezialisten beim Bestehen des Examens vor Kommission der Technischen Aufsichtsbeh\u00f6rde. Nous sommes pr\u00e9sents dans plusieurs r\u00e9gions de Pologne, comme<br \/>\nVarsovie, Cracovie, Katowice, Bielsko-Bia\u0142a, f\u00fcr unseren Kunden organisieren wir auch Kurse in geschlossener Gruppen im beliebigen Termin und Ort. Nos prix sont calcul\u00e9s en fonction du nombre d'employ\u00e9s. <\/p>\n<p>Nous vous invitons \u00e0 suivre un cours dans le domaine de la t\u00e9l\u00e9phonie au centre de formation ERGON ! <\/p>\n<\/div>","protected":false},"excerpt":{"rendered":"<p>Bei Transportarbeiten werden gew\u00f6hnlich Gabelstapler und Teleskoplader eingesetzt. Indem Gabelstapler und Teleskoplader benutzt werden, k\u00f6nnen arbeitsaufw\u00e4ndige T\u00e4tigkeiten ausgef\u00fchrt werden, die Arbeitszeit wird erspart, dabei auch mit gro\u00dfem Wert auf die Sicherheit. Anwendung Teleskoplader ist eine von gew\u00f6hnlich bei Bau-, Erdarbeiten und anderen wie z.B. in Landwirtschaft, L\u00e4gern, oder innerbetrieblichem Transport \u2013 sowohl vertikal als auch horizontal eingesetzten Maschinen. Teleskoplader geh\u00f6rt zu Spezialart von Gabelstaplern, die angemessenes Wissen erfordert, nachgewiesen von durch Fahrerberechtigungen. Angemessen bedienter Teleskoplader kann unter anderem Erde und Zuschlagstoffe bei Erdearbeiten bef\u00f6rdern, zum Beispiel bei Nivellieren des Bodens. In Landwirtschaft, dank dem Einsatz von Teleskopladern kann Stroh, Mist, oder Holz bef\u00f6rdert werden. Diese Ger\u00e4te werden auch bei Beladung und Umladung der Kastenpaletten, Bigbags in L\u00e4gern und Umladepunkten benutzt. Einige Typen von Teleskopladern sind mit speziellem Zubeh\u00f6r ausgestattet, z.B. mit Plattform f\u00fcr Bef\u00f6rderung von Personen, deswegen kann der Teleskoplader als Hubarbeitsb\u00fchne funktionieren. Gro\u00dfe Vielfalt von diesen Ger\u00e4ten macht sie universal und gew\u00f6hnlich benutzte Ger\u00e4te, der hohe Bedarf nach Berechtigungen geht damit einher. Aufbau Teleskoplader, oder Lader mit regulierbarer Ausladung, denn derartige Bezeichnung kommt auch vor, divergiert vom einen standardm\u00e4\u00dfigen Gabelstapler. Er ist vor allem mit Motor von h\u00f6herer Leistung ausgestattet, was sich in schwerere Aufgaben dieses Ger\u00e4tes umsetzen l\u00e4sst. Die geringen Abmessungen des Ger\u00e4tes sind von Vorteil, es kann sich leicht bei Realisierung der Arbeiten auf kleinen Fl\u00e4chen bew\u00e4hren. Teleskoplader ist mit Vierradantrieb ausgestattet, und kann fast auf allen schwierigen Fl\u00e4chen arbeiten wie Matsch, Sand. Ger\u00e4umige Kabinen und Stabilisatoren sch\u00fctzen den Teleskopladerfahrer. Teleskoplader lassen sich in zwei Typen aufteilen: starre Teleskoplader \u2013 Teleskoplader, deren [&hellip;]<\/p>\n","protected":false},"author":1,"featured_media":0,"parent":0,"menu_order":0,"comment_status":"closed","ping_status":"closed","template":"","meta":{"sfsi_plus_gutenberg_text_before_share":"","sfsi_plus_gutenberg_show_text_before_share":"","sfsi_plus_gutenberg_icon_type":"","sfsi_plus_gutenberg_icon_alignemt":"","sfsi_plus_gutenburg_max_per_row":"","footnotes":""},"class_list":["post-2007","page","type-page","status-publish","hentry","has_thumb"],"aioseo_notices":[],"_links":{"self":[{"href":"https:\/\/kursy-udt.pl\/fr\/wp-json\/wp\/v2\/pages\/2007","targetHints":{"allow":["GET"]}}],"collection":[{"href":"https:\/\/kursy-udt.pl\/fr\/wp-json\/wp\/v2\/pages"}],"about":[{"href":"https:\/\/kursy-udt.pl\/fr\/wp-json\/wp\/v2\/types\/page"}],"author":[{"embeddable":true,"href":"https:\/\/kursy-udt.pl\/fr\/wp-json\/wp\/v2\/users\/1"}],"replies":[{"embeddable":true,"href":"https:\/\/kursy-udt.pl\/fr\/wp-json\/wp\/v2\/comments?post=2007"}],"version-history":[{"count":2,"href":"https:\/\/kursy-udt.pl\/fr\/wp-json\/wp\/v2\/pages\/2007\/revisions"}],"predecessor-version":[{"id":2157,"href":"https:\/\/kursy-udt.pl\/fr\/wp-json\/wp\/v2\/pages\/2007\/revisions\/2157"}],"wp:attachment":[{"href":"https:\/\/kursy-udt.pl\/fr\/wp-json\/wp\/v2\/media?parent=2007"}],"curies":[{"name":"wp","href":"https:\/\/api.w.org\/{rel}","templated":true}]}}