{"id":2005,"date":"2016-03-08T08:49:31","date_gmt":"2016-03-08T08:49:31","guid":{"rendered":"http:\/\/kursy-udt.pl\/?page_id=2005"},"modified":"2016-03-11T08:36:45","modified_gmt":"2016-03-11T08:36:45","slug":"containerbefordegerate","status":"publish","type":"page","link":"https:\/\/kursy-udt.de\/fr\/containerbefordegerate\/","title":{"rendered":"Containerbef\u00f6rdeger\u00e4te"},"content":{"rendered":"<div style=\"float:left; padding-right:10px;\"><img decoding=\"async\" src=\"\/wp-content\/uploads\/2014\/04\/urzadzenia-do-manipulacji-kontenerami.jpeg\" alt=\"Mat\u00e9riel de manutention de conteneurs\"><\/div>\n<div class=\"wyjustuj\">Containerbef\u00f6rdeger\u00e4te werden \u00fcberwiegend in H\u00e4fen bei leichter Bedienung der Container benutzt. Mitarbeiter, die Containerbef\u00f6rdeger\u00e4te bedienen m\u00f6chten Essen zuerst \u00fcber entsprechende Berechtigungen verf\u00fcgen. <\/p>\n<p>Nous offrons \u00e0 nos clients des bourses d'\u00e9tudes dans le domaine de la gestion des conteneurs. Toutes nos formations dans ce domaine sont bas\u00e9es sur la th\u00e9orie et la pratique, ce qui permet au professionnel d'acc\u00e9der au poste de gestionnaire de conteneurs. Es sind UDT Kurse, wo der Werte darauf gelegt ist, den Kursteilnehmern Wissen und F\u00e4higkeiten als Grundbasis zur Pr\u00fcfung zu \u00fcbermitteln, damit sie UDT-Berechtigungen erwerben k\u00f6nnen. Les soins sont fournis par des sp\u00e9cialistes dans ce domaine. Nous vous remercions ! <\/p><\/div>\n<div class=\"button_styl\" style=\"float:right; padding-left:15px; padding-bottom:8px; margin-bottom:5px;\"><a href=\"https:\/\/platformaedukacji.pl\/login\/signup.php\" rel=\"nofollow\" target=\"_blank\" class=\"myButton myButton_maly\"><font color=\"white\">am Kurs teilnehmen<\/font><\/a><\/div>","protected":false},"excerpt":{"rendered":"<p>Containerbef\u00f6rdeger\u00e4te werden \u00fcberwiegend in H\u00e4fen bei leichter Bedienung der Container benutzt. Mitarbeiter, die Containerbef\u00f6rdeger\u00e4te bedienen m\u00f6chten Essen zuerst \u00fcber entsprechende Berechtigungen verf\u00fcgen. Wir bieten Ihnen Kurse im Bereich der Containerbef\u00f6rdeger\u00e4te an. Alle unseren Kurse in diesem Bereich umfassen sowohl Theorie als auch Praxis, damit der Kursteilnehmer zum Beruf als Containerbef\u00f6rdeger\u00e4tfahrer vorbereitet ist. Es sind UDT Kurse, wo der Werte darauf gelegt ist, den Kursteilnehmern Wissen und F\u00e4higkeiten als Grundbasis zur Pr\u00fcfung zu \u00fcbermitteln, damit sie UDT-Berechtigungen erwerben k\u00f6nnen. Kurse werden von Spezialisten auf diesem Gebiet gef\u00fchrt. Wir charg\u00e9 Sie ein! cours am Teilnehmen<\/p>","protected":false},"author":1,"featured_media":0,"parent":0,"menu_order":0,"comment_status":"closed","ping_status":"closed","template":"","meta":{"sfsi_plus_gutenberg_text_before_share":"","sfsi_plus_gutenberg_show_text_before_share":"","sfsi_plus_gutenberg_icon_type":"","sfsi_plus_gutenberg_icon_alignemt":"","sfsi_plus_gutenburg_max_per_row":"","footnotes":""},"class_list":["post-2005","page","type-page","status-publish","hentry","has_thumb"],"aioseo_notices":[],"_links":{"self":[{"href":"https:\/\/kursy-udt.pl\/fr\/wp-json\/wp\/v2\/pages\/2005","targetHints":{"allow":["GET"]}}],"collection":[{"href":"https:\/\/kursy-udt.pl\/fr\/wp-json\/wp\/v2\/pages"}],"about":[{"href":"https:\/\/kursy-udt.pl\/fr\/wp-json\/wp\/v2\/types\/page"}],"author":[{"embeddable":true,"href":"https:\/\/kursy-udt.pl\/fr\/wp-json\/wp\/v2\/users\/1"}],"replies":[{"embeddable":true,"href":"https:\/\/kursy-udt.pl\/fr\/wp-json\/wp\/v2\/comments?post=2005"}],"version-history":[{"count":2,"href":"https:\/\/kursy-udt.pl\/fr\/wp-json\/wp\/v2\/pages\/2005\/revisions"}],"predecessor-version":[{"id":2154,"href":"https:\/\/kursy-udt.pl\/fr\/wp-json\/wp\/v2\/pages\/2005\/revisions\/2154"}],"wp:attachment":[{"href":"https:\/\/kursy-udt.pl\/fr\/wp-json\/wp\/v2\/media?parent=2005"}],"curies":[{"name":"wp","href":"https:\/\/api.w.org\/{rel}","templated":true}]}}