{"id":2003,"date":"2016-03-08T08:49:04","date_gmt":"2016-03-08T08:49:04","guid":{"rendered":"http:\/\/kursy-udt.pl\/?page_id=2003"},"modified":"2016-03-11T08:36:02","modified_gmt":"2016-03-11T08:36:02","slug":"regalbediengerate","status":"publish","type":"page","link":"https:\/\/kursy-udt.de\/fr\/regalbediengerate\/","title":{"rendered":"Regalbedienger\u00e4te"},"content":{"rendered":"<div style=\"float:left; padding-right:10px;\"><img decoding=\"async\" src=\"\/wp-content\/uploads\/2014\/04\/ukladnice.jpg\" alt=\"Transstockeurs\"><\/div>\n<div class=\"wyjustuj\">Regalbedienger\u00e4t ist eine Art vom Hebezeugger\u00e4t und innerbetrieblichen Transports, dient zur Bef\u00f6rderung und Bedienung der Materialien, \u00fcberwiegend in L\u00e4gern. Die Bedienung des Ger\u00e4tes erfordert UDT-Berechtigungen. In Hinsicht auf Form Regalbedinger\u00e4te kommen meistens als S\u00e4ulen oder Rahmen vor. W\u00e4hrend des Kurses im Bereich der Regalbedinger\u00e4te erfahren Sie alles von Bedingung und Wartung dieser Ger\u00e4te, sobald der Kurses durchgelaufen ist k\u00f6nnen Sie zur Pr\u00fcfung antreten und die Berechtigungen erwerben. <\/p>\n<p>Wir organisieren Kurse im Bereich der Regalbedinger\u00e4te aller Arten. Unsere UDT Kurse f\u00fchren zur erfolgreich bestandener Pr\u00fcfung. Der Hat theoretischen als auch praktischen Teil vorgesehen course. Den Kursteilnehmern wird komplexes Wissen und F\u00e4higkeiten \u00fcbermittelt.<\/p><\/div>\n<div class=\"button_styl\" style=\"float:right; padding-left:15px; padding-bottom:8px; margin-bottom:5px;\"><a href=\"https:\/\/platformaedukacji.pl\/login\/signup.php\" rel=\"nofollow\" target=\"_blank\" class=\"myButton myButton_maly\"><font color=\"white\">am Kurs teilnehmen<\/font><\/a><\/div>","protected":false},"excerpt":{"rendered":"<p>Regalbedienger\u00e4t ist eine Art vom Hebezeugger\u00e4t und innerbetrieblichen Transports, dient zur Bef\u00f6rderung und Bedienung der Materialien, \u00fcberwiegend in L\u00e4gern. Die Bedienung des Ger\u00e4tes erfordert UDT-Berechtigungen. In Hinsicht auf Form Regalbedinger\u00e4te kommen meistens als S\u00e4ulen oder Rahmen vor. W\u00e4hrend des Kurses im Bereich der Regalbedinger\u00e4te erfahren Sie alles von Bedingung und Wartung dieser Ger\u00e4te, sobald der Kurses durchgelaufen ist k\u00f6nnen Sie zur Pr\u00fcfung antreten und die Berechtigungen erwerben. Wir organisieren Kurse im Bereich der Regalbedinger\u00e4te aller Arten. Unsere UDT Kurse f\u00fchren zur erfolgreich bestandener Pr\u00fcfung. Der Hat theoretischen als auch praktischen Teil vorgesehen course. Den Kursteilnehmern wird komplexes Wissen und F\u00e4higkeiten \u00fcbermittelt. cours am Teilnehmen<\/p>","protected":false},"author":1,"featured_media":0,"parent":0,"menu_order":0,"comment_status":"closed","ping_status":"closed","template":"","meta":{"sfsi_plus_gutenberg_text_before_share":"","sfsi_plus_gutenberg_show_text_before_share":"","sfsi_plus_gutenberg_icon_type":"","sfsi_plus_gutenberg_icon_alignemt":"","sfsi_plus_gutenburg_max_per_row":"","footnotes":""},"class_list":["post-2003","page","type-page","status-publish","hentry","has_thumb"],"aioseo_notices":[],"_links":{"self":[{"href":"https:\/\/kursy-udt.pl\/fr\/wp-json\/wp\/v2\/pages\/2003","targetHints":{"allow":["GET"]}}],"collection":[{"href":"https:\/\/kursy-udt.pl\/fr\/wp-json\/wp\/v2\/pages"}],"about":[{"href":"https:\/\/kursy-udt.pl\/fr\/wp-json\/wp\/v2\/types\/page"}],"author":[{"embeddable":true,"href":"https:\/\/kursy-udt.pl\/fr\/wp-json\/wp\/v2\/users\/1"}],"replies":[{"embeddable":true,"href":"https:\/\/kursy-udt.pl\/fr\/wp-json\/wp\/v2\/comments?post=2003"}],"version-history":[{"count":2,"href":"https:\/\/kursy-udt.pl\/fr\/wp-json\/wp\/v2\/pages\/2003\/revisions"}],"predecessor-version":[{"id":2152,"href":"https:\/\/kursy-udt.pl\/fr\/wp-json\/wp\/v2\/pages\/2003\/revisions\/2152"}],"wp:attachment":[{"href":"https:\/\/kursy-udt.pl\/fr\/wp-json\/wp\/v2\/media?parent=2003"}],"curies":[{"name":"wp","href":"https:\/\/api.w.org\/{rel}","templated":true}]}}