{"id":2001,"date":"2016-03-08T08:48:33","date_gmt":"2016-03-08T08:48:33","guid":{"rendered":"http:\/\/kursy-udt.pl\/?page_id=2001"},"modified":"2016-03-11T08:35:33","modified_gmt":"2016-03-11T08:35:33","slug":"ecran-de-cable","status":"publish","type":"page","link":"https:\/\/kursy-udt.de\/fr\/kabelkrane\/","title":{"rendered":"Kabelkr\u00e4ne"},"content":{"rendered":"<div style=\"float:left; padding-right:10px;\"><img decoding=\"async\" src=\"\/wp-content\/uploads\/2014\/04\/dzwignice-linotorowe-2.jpg\" alt=\"Grues \u00e0 c\u00e2ble\"><\/div>\n<div class=\"wyjustuj\">Kabelkr\u00e4ne sind Hebezeugger\u00e4te - es ist eine Art von Seilbahn. Die Hauptaufgabe der Kabelkr\u00e4ne ist Bef\u00f6rderung der Ladungen oder Sch\u00fcttg\u00fcter in Beh\u00e4ltern, dabei wird ein Wagenkasten benutzt, der an Tragseilen l\u00e4uft, die an zwei Masten befestigt sind. Mitarbeiter, die Kabelkr\u00e4ne bedienen sind verpflichtet, \u00fcber entsprechende UDT-Berechtigungen zu verf\u00fcgen. Die Berechtigungen erwirbt er, indem er die Pr\u00fcfung besteht. <\/p>\n<p>Kurse haben sowohl theoretischen als auch praktischen Teil vorgesehen. Der Le cours untersteht der technischen Aufsicht, deshalb jeder Le cours im Bereich der Kabelkr\u00e4ne beinhaltet Vorschriften in Bezug auf technische Voraussetzungen zur Nutzung dieser Ger\u00e4te. Durchgelaufener UDT Course l\u00e4sst zur Pr\u00fcfung zu. <\/p>\n<p>Wir bieten Ihnen Kurse im Bereich der Kabelkr\u00e4ne an. Es sind die UDT Kurse, die Sie beim Bestehen der Pr\u00fcfung und Erwerb der Berechtigungen unterst\u00fctzen. Wir laden Sie herzlich ein\u00a0!<\/p><\/div>\n<div class=\"button_styl\" style=\"float:right; padding-left:15px; padding-bottom:8px; margin-bottom:5px;\"><a href=\"https:\/\/platformaedukacji.pl\/login\/signup.php\" rel=\"nofollow\" target=\"_blank\" class=\"myButton myButton_maly\"><font color=\"white\">am Kurs teilnehmen<\/font><\/a><\/div>","protected":false},"excerpt":{"rendered":"<p>Kabelkr\u00e4ne sind Hebezeugger\u00e4te - es ist eine Art von Seilbahn. Die Hauptaufgabe der Kabelkr\u00e4ne ist Bef\u00f6rderung der Ladungen oder Sch\u00fcttg\u00fcter in Beh\u00e4ltern, dabei wird ein Wagenkasten benutzt, der an Tragseilen l\u00e4uft, die an zwei Masten befestigt sind. Mitarbeiter, die Kabelkr\u00e4ne bedienen sind verpflichtet, \u00fcber entsprechende UDT-Berechtigungen zu verf\u00fcgen. Die Berechtigungen erwirbt er, indem er die Pr\u00fcfung besteht. Kurse haben sowohl theoretischen als auch praktischen Teil vorgesehen. Der Le cours untersteht der technischen Aufsicht, deshalb jeder Le cours im Bereich der Kabelkr\u00e4ne beinhaltet Vorschriften in Bezug auf technische Voraussetzungen zur Nutzung dieser Ger\u00e4te. Durchgelaufener UDT Course l\u00e4sst zur Pr\u00fcfung zu. Wir bieten Ihnen Kurse im Bereich der Kabelkr\u00e4ne an. Es sind die UDT Kurse, die Sie beim Bestehen der Pr\u00fcfung und Erwerb der Berechtigungen unterst\u00fctzen. Wir laden Sie herzlich ein\u00a0! cours am Teilnehmen<\/p>","protected":false},"author":1,"featured_media":0,"parent":0,"menu_order":0,"comment_status":"closed","ping_status":"closed","template":"","meta":{"sfsi_plus_gutenberg_text_before_share":"","sfsi_plus_gutenberg_show_text_before_share":"","sfsi_plus_gutenberg_icon_type":"","sfsi_plus_gutenberg_icon_alignemt":"","sfsi_plus_gutenburg_max_per_row":"","footnotes":""},"class_list":["post-2001","page","type-page","status-publish","hentry","has_thumb"],"aioseo_notices":[],"_links":{"self":[{"href":"https:\/\/kursy-udt.pl\/fr\/wp-json\/wp\/v2\/pages\/2001","targetHints":{"allow":["GET"]}}],"collection":[{"href":"https:\/\/kursy-udt.pl\/fr\/wp-json\/wp\/v2\/pages"}],"about":[{"href":"https:\/\/kursy-udt.pl\/fr\/wp-json\/wp\/v2\/types\/page"}],"author":[{"embeddable":true,"href":"https:\/\/kursy-udt.pl\/fr\/wp-json\/wp\/v2\/users\/1"}],"replies":[{"embeddable":true,"href":"https:\/\/kursy-udt.pl\/fr\/wp-json\/wp\/v2\/comments?post=2001"}],"version-history":[{"count":2,"href":"https:\/\/kursy-udt.pl\/fr\/wp-json\/wp\/v2\/pages\/2001\/revisions"}],"predecessor-version":[{"id":2150,"href":"https:\/\/kursy-udt.pl\/fr\/wp-json\/wp\/v2\/pages\/2001\/revisions\/2150"}],"wp:attachment":[{"href":"https:\/\/kursy-udt.pl\/fr\/wp-json\/wp\/v2\/media?parent=2001"}],"curies":[{"name":"wp","href":"https:\/\/api.w.org\/{rel}","templated":true}]}}