{"id":2,"date":"2014-02-07T20:25:19","date_gmt":"2014-02-07T20:25:19","guid":{"rendered":"http:\/\/kursy-udt.kwiaty0.pl\/?page_id=2"},"modified":"2022-06-23T11:40:22","modified_gmt":"2022-06-23T11:40:22","slug":"droits-de-ludt","status":"publish","type":"page","link":"https:\/\/kursy-udt.pl\/fr\/uprawnienia-udt\/","title":{"rendered":"Dipl\u00f4mes UDT"},"content":{"rendered":"<div class=\"wyjustuj\">\n<div style=\"float: left; padding-right: 10px;\"><a href=\"\/fr\/entrainement\/\"><div id=\"metaslider-id-631\" style=\"max-width: 200px;\" class=\"ml-slider-3-107-0 metaslider metaslider-flex metaslider-631 ml-slider ms-theme-default nav-hidden\" role=\"region\" aria-label=\"udt-permissions\" data-height=\"150\" data-width=\"200\">\n    <div id=\"metaslider_container_631\">\n        <div id=\"metaslider_631\" class=\"flexslider\">\n            <ul class='slides'>\n                <li style=\"display: block; width: 100%;\" class=\"slide-1368 ms-image\" aria-roledescription=\"slide\" data-date=\"2014-09-06 00:23:31\" data-filename=\"dzwigi.jpeg\" data-slide-type=\"image\"><img loading=\"lazy\" decoding=\"async\" src=\"https:\/\/kursy-udt.pl\/wp-content\/uploads\/2014\/09\/dzwigi.jpeg\" height=\"150\" width=\"200\" alt=\"\" class=\"slider-631 slide-1368 msDefaultImage\" \/><\/li>\n                <li style=\"display: none; width: 100%;\" class=\"slide-632 ms-image\" aria-roledescription=\"slide\" data-date=\"2014-04-13 12:14:05\" data-filename=\"01-uprawnienia-udt-foto.jpeg\" data-slide-type=\"image\"><img loading=\"lazy\" decoding=\"async\" src=\"https:\/\/kursy-udt.pl\/wp-content\/uploads\/2014\/04\/01-uprawnienia-udt-foto.jpeg\" height=\"150\" width=\"200\" alt=\"qualifications du Bureau de l&#039;inspection technique \u00e0 Varsovie\" class=\"slider-631 slide-632 msDefaultImage\" \/><\/li>\n                <li style=\"display: none; width: 100%;\" class=\"slide-633 ms-image\" aria-roledescription=\"slide\" data-date=\"2014-04-13 12:14:05\" data-filename=\"02-szkolenia-udt-zdj.jpeg\" data-slide-type=\"image\"><img loading=\"lazy\" decoding=\"async\" src=\"https:\/\/kursy-udt.pl\/wp-content\/uploads\/2014\/04\/02-szkolenia-udt-zdj.jpeg\" height=\"150\" width=\"200\" alt=\"Ergon Varsovie\" class=\"slider-631 slide-633 msDefaultImage\" \/><\/li>\n                <li style=\"display: none; width: 100%;\" class=\"slide-1369 ms-image\" aria-roledescription=\"slide\" data-date=\"2014-09-06 00:23:32\" data-filename=\"zurawie.jpeg\" data-slide-type=\"image\"><img loading=\"lazy\" decoding=\"async\" src=\"https:\/\/kursy-udt.pl\/wp-content\/uploads\/2014\/09\/zurawie.jpeg\" height=\"150\" width=\"200\" alt=\"\" class=\"slider-631 slide-1369 msDefaultImage\" \/><\/li>\n                <li style=\"display: none; width: 100%;\" class=\"slide-634 ms-image\" aria-roledescription=\"slide\" data-date=\"2014-04-13 12:14:06\" data-filename=\"03-pic-kursy-udt.jpeg\" data-slide-type=\"image\"><img loading=\"lazy\" decoding=\"async\" src=\"https:\/\/kursy-udt.pl\/wp-content\/uploads\/2014\/04\/03-pic-kursy-udt.jpeg\" height=\"150\" width=\"200\" alt=\"image\" class=\"slider-631 slide-634 msDefaultImage\" \/><\/li>\n            <\/ul>\n        <\/div>\n        \n    <\/div>\n<\/div><\/a><\/div>\n<p>L&#039;Office de l&#039;Inspection Technique est une institution \u00e9tatique dont l&#039;objet est d&#039;assurer le fonctionnement en toute s\u00e9curit\u00e9 des appareils et installations techniques. L&#039;UDT Warszawa et les autres bureaux pr\u00e9sents dans chaque grande ville sont charg\u00e9s de confirmer la capacit\u00e9 d&#039;exercer des activit\u00e9s et la connaissance des conditions li\u00e9es aux normes, r\u00e9glementations l\u00e9gales et techniques de supervision pour les employ\u00e9s occupant des postes o\u00f9 le service d&#039;appareils techniques est requis, accordant leur fournir les qualifications UDT (Bureau d&#039;Inspection Technique) appropri\u00e9es.<\/p>\n<p>Pour effectuer le travail, vous avez besoin d&#039;autorisations UDT certifi\u00e9es, sans lesquelles l&#039;employ\u00e9 n&#039;a pas le droit d&#039;utiliser les appareils. \u00c0 cette fin, les employ\u00e9s doivent suivre un cours UDT couvrant \u00e0 la fois les connaissances th\u00e9oriques et pratiques, c&#039;est-\u00e0-dire y compris l&#039;utilisation et l&#039;entretien autonomes des machines, puis passer l&#039;examen.<\/p>\n<p>Parmi les \u00e9quipements qui n\u00e9cessitent l&#039;autorisation du Bureau de l&#039;Inspection Technique, il y a :<\/p>\n<ul>\n<li>plates-formes mobiles (plates-formes a\u00e9riennes) - des qualifications sont accord\u00e9es pour un \u00e9l\u00e9vateur \u00e0 panier de cat\u00e9gorie IP et II P. Selon les plates-formes mobiles utilis\u00e9es, des qualifications appropri\u00e9es sont requises<\/li>\n<li>ponts roulants command\u00e9s depuis les niveaux de travail et de cabine<\/li>\n<li>grues sur rail, \u00e0 tour et portables HDS<\/li>\n<li>monte-charges et monte-charge<\/li>\n<li>treuils du niveau de travail et de la cabine<\/li>\n<li>mat\u00e9riel de remplissage et de vidange de citernes, de manutention de conteneurs<\/li>\n<li>Remont\u00e9es m\u00e9caniques et t\u00e9l\u00e9ph\u00e9riques marchandises et voyageurs<\/li>\n<li>pav\u00e9s de piste<\/li>\n<li>chariots \u00e9l\u00e9vateurs - les licences de chariots \u00e9l\u00e9vateurs sont accord\u00e9es en relation avec l&#039;UDT ou non<\/li>\n<\/ul>\n<p>Pour faire fonctionner l&#039;\u00e9quipement pr\u00e9sent\u00e9, l&#039;employ\u00e9 doit suivre une formation et recevoir les autorisations appropri\u00e9es. Un employ\u00e9 est pr\u00e9par\u00e9 \u00e0 l&#039;examen d&#039;\u00c9tat de l&#039;UDT pendant le cours, puis, apr\u00e8s l&#039;avoir r\u00e9ussi, il re\u00e7oit des qualifications.<\/p>\n<p>Base l\u00e9gale:<\/p>\n<ul>\n<li>Loi du 21 d\u00e9cembre 2000 sur l&#039;inspection technique (Journal officiel n\u00b0 122, article 1321, tel que modifi\u00e9)<\/li>\n<li>R\u00e8glement du ministre de l&#039;\u00e9conomie relatif \u00e0 la proc\u00e9dure de v\u00e9rification des qualifications requises pour le fonctionnement et l&#039;entretien des appareils techniques du 18 juillet 2001 (Journal officiel n\u00b0 79, point 849), r\u00e8glement modifi\u00e9 du 20 f\u00e9vrier 2003 (Journal officiel n\u00b0 50, point 426), d\u00e9livr\u00e9 sur la base de l&#039;art. 23 s. 5 de la loi sur le contr\u00f4le technique.<\/li>\n<\/ul>\n<p>Sp\u00e9cialement pour les employ\u00e9s qui souhaitent obtenir les qualifications du Bureau de l&#039;Inspection Technique, nous avons pr\u00e9par\u00e9 une large gamme de formations. Nos formations UDT sont dispens\u00e9es par des sp\u00e9cialistes exp\u00e9riment\u00e9s dans leur domaine, gr\u00e2ce auxquels elles couvrent de vastes connaissances th\u00e9oriques et pratiques. Nous proposons des formations UDT ferm\u00e9es et ouvertes, \u00e9galement adapt\u00e9es sp\u00e9cifiquement aux besoins de nos clients.<\/p>\n<p>Nous vous invitons aux cours UDT pour <a href=\"https:\/\/kursy-udt.pl\/fr\/o-firmie\/\">Centre de formation du personnel ERGON<\/a>! <a href=\"https:\/\/kursy-udt.pl\/fr\/kontakt\/\">Nous intervenons dans tout le pays<\/a>. Nous avons des centres de formation \u00e0 :<\/p>\n<ul>\n<li>Varsovie<\/li>\n<li>Katowice (filiale de Sil\u00e9sie)<\/li>\n<li>Cracovie<\/li>\n<li>Bielsko-Biala<\/li>\n<\/ul>\n<\/div>\n<p>Lisez aussi sur les cat\u00e9gories <a href=\"https:\/\/kursy-udt.pl\/fr\/uprawnienia-udt\/kategorie-uprawnien-2\/\">Dipl\u00f4mes UDT<\/a> et sur la r\u00e9glementation applicable !<\/p>","protected":false},"excerpt":{"rendered":"<p>Urz\u0105d Dozoru Technicznego jest instytucj\u0105 pa\u0144stwow\u0105, kt\u00f3rej celem jest zapewnienie bezpiecze\u0144stwa pracy urz\u0105dze\u0144 technicznych i instalacji. Zar\u00f3wno UDT Warszawa jak i inne urz\u0119dy obecne w ka\u017cdym du\u017cym mie\u015bcie maj\u0105 za zadanie potwierdzanie umiej\u0119tno\u015bci wykonywania czynno\u015bci i znajomo\u015bci warunk\u00f3w zwi\u0105zanych z normami, przepisami prawnymi i technicznymi dozoru dla pracownik\u00f3w na stanowiskach, na kt\u00f3rych wymagana jest obs\u0142uga urz\u0105dze\u0144 technicznych, nadaj\u0105c im stosowne uprawnienia UDT (Urz\u0119du Dozoru Technicznego). Do wykonywania prac potrzebne s\u0105 po\u015bwiadczone uprawnienia UDT, bez kt\u00f3rych pracownik nie ma prawa obs\u0142ugiwa\u0107 urz\u0105dze\u0144. W tym celu pracownicy musz\u0105 oby\u0107 kurs UDT obejmuj\u0105cy zar\u00f3wno wiedz\u0119 teoretyczn\u0105, jak i praktyczn\u0105, czyli w\u0142\u0105czaj\u0105c\u0105 samodzieln\u0105 obs\u0142ug\u0119 i konserwacj\u0119 maszyn, a nast\u0119pnie podej\u015b\u0107 do egzaminu. W\u015br\u00f3d sprz\u0119t\u00f3w, kt\u00f3re wymagaj\u0105 posiadania do obs\u0142ugi uprawnie\u0144 Urz\u0119du Dozoru Technicznego, znajduj\u0105 si\u0119 mi\u0119dzy innymi: podesty ruchome (podno\u015bniki koszowe) \u2013 nadawane s\u0105 uprawnienia na podno\u015bnik koszowy kat. I P oraz II P. W zale\u017cno\u015bci od tego, jakie stosowane s\u0105 podesty ruchome, wymagane s\u0105 odpowiednie kwalifikacje suwnice sterowane z poziomu roboczego i kabiny \u017curawie szynowe, wie\u017cowe i przeno\u015bne HDS d\u017awigi towarowe i budowlane wyci\u0105garki z poziomu roboczego i z kabiny urz\u0105dzenia do nape\u0142niania i opr\u00f3\u017cniania zbiornik\u00f3w, manipulacji kontenerami towarowe i osobowe wyci\u0105gi narciarskie i koleje linowe uk\u0142adarki do uk\u0142adania tor\u00f3w w\u00f3zki wid\u0142owe \u2013 uprawnienia na w\u00f3zki wid\u0142owe s\u0105 nadawane jako powi\u0105zane z UDT lub nie Do obs\u0142ugi zaprezentowanych sprz\u0119t\u00f3w pracownik musi uko\u0144czy\u0107 szkolenie i otrzyma\u0107 stosowne uprawnienia. Do egzaminu pa\u0144stwowego UDT pracownik jest przygotowywany podczas kursu, nast\u0119pnie po jego pozytywnym zaliczeniu otrzymuje uprawnienia. Podstawa prawna: ustawa z dnia 21 grudnia 2000 r. o dozorze technicznym (Dz. U. Nr [&hellip;]<\/p>\n","protected":false},"author":1,"featured_media":0,"parent":0,"menu_order":2,"comment_status":"closed","ping_status":"closed","template":"","meta":{"sfsi_plus_gutenberg_text_before_share":"","sfsi_plus_gutenberg_show_text_before_share":"","sfsi_plus_gutenberg_icon_type":"","sfsi_plus_gutenberg_icon_alignemt":"","sfsi_plus_gutenburg_max_per_row":"","footnotes":""},"class_list":["post-2","page","type-page","status-publish","hentry","has_no_thumb"],"aioseo_notices":[],"_links":{"self":[{"href":"https:\/\/kursy-udt.pl\/fr\/wp-json\/wp\/v2\/pages\/2","targetHints":{"allow":["GET"]}}],"collection":[{"href":"https:\/\/kursy-udt.pl\/fr\/wp-json\/wp\/v2\/pages"}],"about":[{"href":"https:\/\/kursy-udt.pl\/fr\/wp-json\/wp\/v2\/types\/page"}],"author":[{"embeddable":true,"href":"https:\/\/kursy-udt.pl\/fr\/wp-json\/wp\/v2\/users\/1"}],"replies":[{"embeddable":true,"href":"https:\/\/kursy-udt.pl\/fr\/wp-json\/wp\/v2\/comments?post=2"}],"version-history":[{"count":31,"href":"https:\/\/kursy-udt.pl\/fr\/wp-json\/wp\/v2\/pages\/2\/revisions"}],"predecessor-version":[{"id":3914,"href":"https:\/\/kursy-udt.pl\/fr\/wp-json\/wp\/v2\/pages\/2\/revisions\/3914"}],"wp:attachment":[{"href":"https:\/\/kursy-udt.pl\/fr\/wp-json\/wp\/v2\/media?parent=2"}],"curies":[{"name":"wp","href":"https:\/\/api.w.org\/{rel}","templated":true}]}}