{"id":1999,"date":"2016-03-08T08:47:56","date_gmt":"2016-03-08T08:47:56","guid":{"rendered":"http:\/\/kursy-udt.pl\/?page_id=1999"},"modified":"2016-03-11T08:34:57","modified_gmt":"2016-03-11T08:34:57","slug":"lastenaufzuge","status":"publish","type":"page","link":"https:\/\/kursy-udt.de\/fr\/lastenaufzuge\/","title":{"rendered":"Lastenaufz\u00fcge"},"content":{"rendered":"<div style=\"float:left; padding-right:10px;\"><img decoding=\"async\" src=\"\/wp-content\/uploads\/2014\/04\/wyciagi-towarowe.jpeg\" alt=\"Monte-charges\"><\/div>\n<div class=\"wyjustuj\">Lastenaufzug ist eine Art vom Hebezeug, das zur Schr\u00e4gbef\u00f6rderung der Ladungen mit Anwendung der Ketten-, oder Seilanschlagmittel an F\u00fchrungsschienen dienten. Bedienung der Lastenaufz\u00fcge erfordert entsprechende Berechtigungen. Unser Kurs hilft Ihnen die zu erwerben. <\/p>\n<p>Nous offrons \u00e0 nos clients des services d'assistance dans le domaine de l'entretien, de l'entretien et de la maintenance des appareils. Le cours est compos\u00e9 d'une partie th\u00e9orique et d'une partie pratique, ce qui permet \u00e0 l'apprenant d'acc\u00e9der \u00e0 la formation. Nach bestandener Pr\u00fcfung werden die UDT-Berechtigungen verliehen. Nos soins dans le domaine des soins de longue dur\u00e9e sont toujours r\u00e9alis\u00e9s par des sp\u00e9cialistes, ce qui permet d'obtenir un bon rendement. Nous vous invitons \u00e0 suivre le cours !<\/p><\/div>\n<div class=\"button_styl\" style=\"float:right; padding-left:15px; padding-bottom:8px; margin-bottom:5px;\"><a href=\"https:\/\/platformaedukacji.pl\/login\/signup.php\" rel=\"nofollow\" target=\"_blank\" class=\"myButton myButton_maly\"><font color=\"white\">am Kurs teilnehmen<\/font><\/a><\/div>","protected":false},"excerpt":{"rendered":"<p>Lastenaufzug ist eine Art vom Hebezeug, das zur Schr\u00e4gbef\u00f6rderung der Ladungen mit Anwendung der Ketten-, oder Seilanschlagmittel an F\u00fchrungsschienen dienten. Bedienung der Lastenaufz\u00fcge erfordert entsprechende Berechtigungen. Unser kurs hilft Ihnen die zu erwerben. Nous offrons \u00e0 nos clients des services d'assistance dans le domaine de l'entretien et de la maintenance des appareils. Le cours est compos\u00e9 d'une partie th\u00e9orique et d'une partie pratique, ce qui permet \u00e0 l'apprenant d'acc\u00e9der \u00e0 la formation. Nach bestandener Pr\u00fcfung werden die UDT-Berechtigungen verliehen. Nos soins dans le domaine des soins de longue dur\u00e9e sont toujours r\u00e9alis\u00e9s par des sp\u00e9cialistes, ce qui permet d'obtenir un bon rendement. Nous vous invitons \u00e0 participer \u00e0 un cours !<\/p>","protected":false},"author":1,"featured_media":0,"parent":0,"menu_order":0,"comment_status":"closed","ping_status":"closed","template":"","meta":{"sfsi_plus_gutenberg_text_before_share":"","sfsi_plus_gutenberg_show_text_before_share":"","sfsi_plus_gutenberg_icon_type":"","sfsi_plus_gutenberg_icon_alignemt":"","sfsi_plus_gutenburg_max_per_row":"","footnotes":""},"class_list":["post-1999","page","type-page","status-publish","hentry","has_thumb"],"aioseo_notices":[],"_links":{"self":[{"href":"https:\/\/kursy-udt.pl\/fr\/wp-json\/wp\/v2\/pages\/1999","targetHints":{"allow":["GET"]}}],"collection":[{"href":"https:\/\/kursy-udt.pl\/fr\/wp-json\/wp\/v2\/pages"}],"about":[{"href":"https:\/\/kursy-udt.pl\/fr\/wp-json\/wp\/v2\/types\/page"}],"author":[{"embeddable":true,"href":"https:\/\/kursy-udt.pl\/fr\/wp-json\/wp\/v2\/users\/1"}],"replies":[{"embeddable":true,"href":"https:\/\/kursy-udt.pl\/fr\/wp-json\/wp\/v2\/comments?post=1999"}],"version-history":[{"count":2,"href":"https:\/\/kursy-udt.pl\/fr\/wp-json\/wp\/v2\/pages\/1999\/revisions"}],"predecessor-version":[{"id":2147,"href":"https:\/\/kursy-udt.pl\/fr\/wp-json\/wp\/v2\/pages\/1999\/revisions\/2147"}],"wp:attachment":[{"href":"https:\/\/kursy-udt.pl\/fr\/wp-json\/wp\/v2\/media?parent=1999"}],"curies":[{"name":"wp","href":"https:\/\/api.w.org\/{rel}","templated":true}]}}