{"id":1995,"date":"2016-03-08T08:46:53","date_gmt":"2016-03-08T08:46:53","guid":{"rendered":"http:\/\/kursy-udt.pl\/?page_id=1995"},"modified":"2016-03-11T08:33:55","modified_gmt":"2016-03-11T08:33:55","slug":"aufzuge","status":"publish","type":"page","link":"https:\/\/kursy-udt.de\/fr\/aufzuge\/","title":{"rendered":"Aufz\u00fcge"},"content":{"rendered":"<div style=\"float:left; padding-right:10px;\"><img decoding=\"async\" src=\"\/wp-content\/uploads\/2014\/04\/dzwigi.jpeg\" alt=\"Grues\"><\/div>\n<div class=\"wyjustuj\">Es sind Ger\u00e4te, die dem leichten Hochheben der Ladungen dienen - gehoben G\u00fcter oder Personen auf Plattformen bzw. \u00e0 Kabin. Wir unterscheiden unter anderem vertikale Bauaufz\u00fcge, Schacht-, Paternoster-, Schr\u00e4g-, oder Hafenaufz\u00fcge, dh Kr\u00e4ne. Professionelle Bedienung des Ger\u00e4tes verlangt UDT-Berechtigungen. Die erworbenen Berechtigungen lassen Bedienung und Wartung des Ger\u00e4tes.<\/p>\n<p>W\u00e4hrend des Kurses werden unsere Kursleiter komplexes Wissen \u00fcbermitteln, \u00fcber das der Aufzugfahrer verf\u00fcgen sollte. Le cours Bereich der Aufz\u00fcge umfasst Theorie und Praxis. W\u00e4hrend des UDT-Kurses dem Kursteilnehmer werden wesentliche Informationen \u00fcbermittelt, damit er an die Pr\u00fcfung antreten kann. Alle Kurse werden von Spezialisten durchgef\u00fchrt. Wir charg\u00e9 Sie ein!   <\/p><\/div>\n<div class=\"button_styl\" style=\"float:right; padding-left:15px; padding-bottom:8px; margin-bottom:5px;\"><a href=\"https:\/\/platformaedukacji.pl\/login\/signup.php\" rel=\"nofollow\" target=\"_blank\" class=\"myButton myButton_maly\"><font color=\"white\">am Kurs teilnehmen<\/font><\/a><\/div>","protected":false},"excerpt":{"rendered":"<p>Es sind Ger\u00e4te, die dem leichten Hochheben der Ladungen dienen - gehoben G\u00fcter oder Personen auf Plattformen bzw. in Kabinen. Wir unterscheiden unter anderem vertikale Bauaufz\u00fcge, Schacht-, Paternoster-, Schr\u00e4g-, oder Hafenaufz\u00fcge, d.h. Kr\u00e4ne. L'entretien professionnel des appareils permet de respecter les exigences de l'UDT. Die erworbenen Berechtigungen lassen Bedienung und Wartung des Ger\u00e4tes. Au cours de la formation, nos enseignants doivent transmettre des connaissances complexes, sur lesquelles l'auditeur doit se prononcer. Le cours im Bereich der Aufz\u00fcge umfasst Theorie und Praxis. W\u00e4hrend des UDT-Kurses dem Kursteilnehmer werden wesentliche Informationen \u00fcbermittelt, damit er an die Pr\u00fcfung antreten kann. Toutes les d\u00e9penses sont effectu\u00e9es par des sp\u00e9cialistes. Nous vous invitons \u00e0 participer \u00e0 un cours.<\/p>","protected":false},"author":1,"featured_media":0,"parent":0,"menu_order":0,"comment_status":"closed","ping_status":"closed","template":"","meta":{"sfsi_plus_gutenberg_text_before_share":"","sfsi_plus_gutenberg_show_text_before_share":"","sfsi_plus_gutenberg_icon_type":"","sfsi_plus_gutenberg_icon_alignemt":"","sfsi_plus_gutenburg_max_per_row":"","footnotes":""},"class_list":["post-1995","page","type-page","status-publish","hentry","has_thumb"],"aioseo_notices":[],"_links":{"self":[{"href":"https:\/\/kursy-udt.pl\/fr\/wp-json\/wp\/v2\/pages\/1995","targetHints":{"allow":["GET"]}}],"collection":[{"href":"https:\/\/kursy-udt.pl\/fr\/wp-json\/wp\/v2\/pages"}],"about":[{"href":"https:\/\/kursy-udt.pl\/fr\/wp-json\/wp\/v2\/types\/page"}],"author":[{"embeddable":true,"href":"https:\/\/kursy-udt.pl\/fr\/wp-json\/wp\/v2\/users\/1"}],"replies":[{"embeddable":true,"href":"https:\/\/kursy-udt.pl\/fr\/wp-json\/wp\/v2\/comments?post=1995"}],"version-history":[{"count":2,"href":"https:\/\/kursy-udt.pl\/fr\/wp-json\/wp\/v2\/pages\/1995\/revisions"}],"predecessor-version":[{"id":2141,"href":"https:\/\/kursy-udt.pl\/fr\/wp-json\/wp\/v2\/pages\/1995\/revisions\/2141"}],"wp:attachment":[{"href":"https:\/\/kursy-udt.pl\/fr\/wp-json\/wp\/v2\/media?parent=1995"}],"curies":[{"name":"wp","href":"https:\/\/api.w.org\/{rel}","templated":true}]}}