{"id":1993,"date":"2016-03-08T08:46:32","date_gmt":"2016-03-08T08:46:32","guid":{"rendered":"http:\/\/kursy-udt.pl\/?page_id=1993"},"modified":"2016-03-11T08:32:58","modified_gmt":"2016-03-11T08:32:58","slug":"krane","status":"publish","type":"page","link":"https:\/\/kursy-udt.de\/fr\/krane\/","title":{"rendered":"Kr\u00e4ne"},"content":{"rendered":"<div style=\"float:left; padding-right:10px;\"><img decoding=\"async\" src=\"\/wp-content\/uploads\/2014\/04\/zurawie.jpeg\" alt=\"Grues\"><\/div>\n<div class=\"wyjustuj\">Kran ist ein Hebeger\u00e4t, ausgestattet mit schwenkbarer Ausladung. Das Ger\u00e4t wird im Bauwesen und Transport eingesetzt. Wir unterscheiden unter anderem Selbstfahr-, Werft-, Hafen-, transportable, Turm-, und Schienenkr\u00e4ne. Les employ\u00e9s, qui travaillent avec des chevaux, sont tenus de respecter les exigences de l'UDT. Die Kurse helfen diese Berechtigungen zu erwerben. <\/p>\n<p>Nous offrons \u00e0 nos clients des connaissances complexes qu'ils peuvent utiliser et mettre en pratique, afin d'am\u00e9liorer les conditions de travail des employ\u00e9s. Nous proposons des cours d'UDT de diff\u00e9rents types. Chaque cours dans le domaine de l'entretien est bas\u00e9 sur des \u00e9l\u00e9ments th\u00e9oriques et pratiques, ce qui permet \u00e0 nos cours d'aider les travailleurs \u00e0 comprendre la complexit\u00e9 des th\u00e8mes li\u00e9s \u00e0 l'entretien et \u00e0 la maintenance des appareils. <\/p><\/div>\n<div class=\"button_styl\" style=\"float:right; padding-left:15px; padding-bottom:8px; margin-bottom:5px;\"><a href=\"https:\/\/platformaedukacji.pl\/login\/signup.php\" rel=\"nofollow\" target=\"_blank\" class=\"myButton myButton_maly\"><font color=\"white\">am Kurs teilnehmen<\/font><\/a><\/div>","protected":false},"excerpt":{"rendered":"<p>Kran ist ein Hebeger\u00e4t, ausgestattet mit schwenkbarer Ausladung. L'appareil sera utilis\u00e9 pour la construction et le transport. Nous nous distinguons entre autres par les cat\u00e9gories suivantes : Selbstfahr-, Werft-, Hafen-, transportable, Turm-, et Schienenkr\u00e4ne. Les employ\u00e9s qui travaillent avec des chevaux sont tenus de respecter les exigences de l'UDT. Die Kurse helfen diese Berechtigungen zu erwerben. Nous offrons \u00e0 nos clients des comp\u00e9tences qui leur permettent d'acqu\u00e9rir des connaissances complexes et de les mettre en pratique, de mani\u00e8re \u00e0 ce que les droits des citoyens soient respect\u00e9s. Nous proposons des cours d'UDT de diff\u00e9rents types. Chaque cours dans le domaine de l'\u00e9quipement se compose d'une partie th\u00e9orique et d'une partie pratique, ce qui permet \u00e0 nos cours d'aider les utilisateurs \u00e0 comprendre la complexit\u00e9 des th\u00e8mes li\u00e9s \u00e0 l'entretien et \u00e0 la r\u00e9paration des appareils.<\/p>","protected":false},"author":1,"featured_media":0,"parent":0,"menu_order":0,"comment_status":"closed","ping_status":"closed","template":"","meta":{"sfsi_plus_gutenberg_text_before_share":"","sfsi_plus_gutenberg_show_text_before_share":"","sfsi_plus_gutenberg_icon_type":"","sfsi_plus_gutenberg_icon_alignemt":"","sfsi_plus_gutenburg_max_per_row":"","footnotes":""},"class_list":["post-1993","page","type-page","status-publish","hentry","has_thumb"],"aioseo_notices":[],"_links":{"self":[{"href":"https:\/\/kursy-udt.pl\/fr\/wp-json\/wp\/v2\/pages\/1993","targetHints":{"allow":["GET"]}}],"collection":[{"href":"https:\/\/kursy-udt.pl\/fr\/wp-json\/wp\/v2\/pages"}],"about":[{"href":"https:\/\/kursy-udt.pl\/fr\/wp-json\/wp\/v2\/types\/page"}],"author":[{"embeddable":true,"href":"https:\/\/kursy-udt.pl\/fr\/wp-json\/wp\/v2\/users\/1"}],"replies":[{"embeddable":true,"href":"https:\/\/kursy-udt.pl\/fr\/wp-json\/wp\/v2\/comments?post=1993"}],"version-history":[{"count":2,"href":"https:\/\/kursy-udt.pl\/fr\/wp-json\/wp\/v2\/pages\/1993\/revisions"}],"predecessor-version":[{"id":2139,"href":"https:\/\/kursy-udt.pl\/fr\/wp-json\/wp\/v2\/pages\/1993\/revisions\/2139"}],"wp:attachment":[{"href":"https:\/\/kursy-udt.pl\/fr\/wp-json\/wp\/v2\/media?parent=1993"}],"curies":[{"name":"wp","href":"https:\/\/api.w.org\/{rel}","templated":true}]}}