{"id":1973,"date":"2016-03-07T21:12:46","date_gmt":"2016-03-07T21:12:46","guid":{"rendered":"http:\/\/kursy-udt.pl\/?page_id=1973"},"modified":"2016-03-11T08:23:51","modified_gmt":"2016-03-11T08:23:51","slug":"bereich-von-gse","status":"publish","type":"page","link":"https:\/\/kursy-udt.de\/fr\/fachkurse\/bereich-von-gse\/","title":{"rendered":"Kurse im Bereich von GSE"},"content":{"rendered":"<p>Im unseren Bildungszentrum bieten wir Kurse im Bereich von GSE (Ground Support Equipment) - Ger\u00e4te und Ausr\u00fcstung zur Abfertigung der Luftfahrzeuge. Es sind Seminare, w\u00e4hrend denen Sie Wissen und F\u00e4higkeiten bez\u00fcglich Pflichten der Abfertigung - beim Luftverkehr. <\/p>\n<p>Wir realisieren Kurse f\u00fcr Flughafenpersonal und andere Personen, die sich um Arbeitsstelle im Flughafen bewerben m\u00f6chten. Diese Kurse werden auch f\u00fcr Flugh\u00e4fen - ganze Gruppen der Mitarbeiter organisiert. <\/p>\n<p>Unser umfasst cours\u00a0:<\/p>\n<ul>\n<li>Transporteur de conteneurs et de palettes<\/li>\n<li>Ambulance<\/li>\n<li>Flugzeugenteiser<\/li>\n<\/ul>\n<p>Programm unserer Kurse ist nach rechtlichen Voraussetzungen erfasst, verbunden mit Bedienung der Flugzeughafenger\u00e4te conna\u00eet GSE. Sie werden in Flugh\u00e4fen, \u00fcberwiegend an Rampe und im Serviceraum in Terminals benutzt. Der Umfang der Bedingung schlie\u00dft vor allem Beladung, Mobilit\u00e4t der Flugzeuge, Aufr\u00e4umung, Erg\u00e4nzung der Hygieneartikel, und Energieversorgung der Flugzeuge. Diese Arbeiten werden von Flughafenmitarbeitern oder Au\u00dfenmitarbeitern realisiert. <\/p>\n<p>Jeder vom unseren Kursen im Bildungszentrum umfasst sowohl theoretischen als auch praktischen Teil. W\u00e4hrend des Kurses werden Ihnen viele wertvolle Informationen bez\u00fcglich Abfertigung \u00fcbermittelt. Kurse werden von langj\u00e4hrig erfahrenen Kursleitern durchgef\u00fchrt, die immer offen auf Ihre Anfragen sind. Kurse werden mit Examen abgeschlossen, danach erhalten die Kursteilnehmer die ihre Qualifikationen nachweisenden Bescheinigungen. Diese Bescheinigungen lassen Mitarbeiter zu, sich um Arbeitstelle im Flughafenpersonal zu bewerben. <\/p>\n<p>Auf unserer Webseite k\u00f6nnen Sie aktelle Kurstermine nachfolgen - sie finden in Warszawa, aber auch in anderen St\u00e4dten Polens statt. Es besteht die M\u00f6glichkeit Kurse in g\u00fcnstigen Terminen und Ortschaften f\u00fcr geschlossene Gruppen zu buchen. F\u00fcr Ihre Fragen stehen wir immer gerne zur Verf\u00fcgung. Wir laden Sie herzlich ein, unser Angebot von Kursen f\u00fcr Flughafenpersonal und Flugh\u00e4fen in Anspruch zu nehmen\u00a0! <\/p>","protected":false},"excerpt":{"rendered":"<p>Im unseren Bildungszentrum bieten wir Kurse im Bereich von GSE (Ground Support Equipment) - Ger\u00e4te und Ausr\u00fcstung zur Abfertigung der Luftfahrzeuge. Es sind Seminare, w\u00e4hrend denen Sie Wissen und F\u00e4higkeiten bez\u00fcglich Pflichten der Abfertigung - beim Luftverkehr. Wir realisieren Kurse f\u00fcr Flughafenpersonal und andere Personen, die sich um Arbeitsstelle im Flughafen bewerben m\u00f6chten. Diese Kurse werden auch f\u00fcr Flugh\u00e4fen - ganze Gruppen der Mitarbeiter organisiert. Unser Course umfasst\u00a0: Container- und Palettentransporter Ambulifte Flugzeugenteiser Programm unserer Kurse ist nach rechtlichen Voraussetzungen erfasst, verbunden mit Bedienung der Flugzeughafenger\u00e4te wie GSE. Sie werden in Flugh\u00e4fen, \u00fcberwiegend an Rampe und im Serviceraum in Terminals benutzt. Der Umfang der Bedingung schlie\u00dft vor allem Beladung, Mobilit\u00e4t der Flugzeuge, Aufr\u00e4umung, Erg\u00e4nzung der Hygieneartikel, und Energieversorgung der Flugzeuge. Diese Arbeiten werden von Flughafenmitarbeitern oder Au\u00dfenmitarbeitern realisiert. Jeder vom unseren Kursen im Bildungszentrum umfasst sowohl theoretischen als auch praktischen Teil. W\u00e4hrend des Kurses werden Ihnen viele wertvolle Informationen bez\u00fcglich Abfertigung \u00fcbermittelt. Kurse werden von langj\u00e4hrig erfahrenen Kursleitern durchgef\u00fchrt, die immer offen auf Ihre Anfragen sind. Kurse werden mit Examen abgeschlossen, danach erhalten die Kursteilnehmer die ihre Qualifikationen nachweisenden Bescheinigungen. Diese Bescheinigungen lassen Mitarbeiter zu, sich um Arbeitstelle im Flughafenpersonal zu bewerben. Auf unserer Webseite k\u00f6nnen Sie aktelle Kurstermine nachfolgen - sie finden in Warszawa, aber auch in anderen St\u00e4dten Polens statt. Es besteht die M\u00f6glichkeit Kurse in g\u00fcnstigen Terminen und Ortschaften f\u00fcr geschlossene Gruppen zu buchen. F\u00fcr Ihre Fragen stehen wir immer gerne zur Verf\u00fcgung. Wir laden Sie herzlich ein, unser Angebot von Kursen f\u00fcr Flughafenpersonal und Flugh\u00e4fen in Anspruch zu nehmen\u00a0!<\/p>","protected":false},"author":1,"featured_media":0,"parent":1879,"menu_order":50,"comment_status":"closed","ping_status":"closed","template":"","meta":{"sfsi_plus_gutenberg_text_before_share":"","sfsi_plus_gutenberg_show_text_before_share":"","sfsi_plus_gutenberg_icon_type":"","sfsi_plus_gutenberg_icon_alignemt":"","sfsi_plus_gutenburg_max_per_row":"","footnotes":""},"class_list":["post-1973","page","type-page","status-publish","hentry","has_no_thumb"],"aioseo_notices":[],"_links":{"self":[{"href":"https:\/\/kursy-udt.pl\/fr\/wp-json\/wp\/v2\/pages\/1973","targetHints":{"allow":["GET"]}}],"collection":[{"href":"https:\/\/kursy-udt.pl\/fr\/wp-json\/wp\/v2\/pages"}],"about":[{"href":"https:\/\/kursy-udt.pl\/fr\/wp-json\/wp\/v2\/types\/page"}],"author":[{"embeddable":true,"href":"https:\/\/kursy-udt.pl\/fr\/wp-json\/wp\/v2\/users\/1"}],"replies":[{"embeddable":true,"href":"https:\/\/kursy-udt.pl\/fr\/wp-json\/wp\/v2\/comments?post=1973"}],"version-history":[{"count":3,"href":"https:\/\/kursy-udt.pl\/fr\/wp-json\/wp\/v2\/pages\/1973\/revisions"}],"predecessor-version":[{"id":2082,"href":"https:\/\/kursy-udt.pl\/fr\/wp-json\/wp\/v2\/pages\/1973\/revisions\/2082"}],"up":[{"embeddable":true,"href":"https:\/\/kursy-udt.pl\/fr\/wp-json\/wp\/v2\/pages\/1879"}],"wp:attachment":[{"href":"https:\/\/kursy-udt.pl\/fr\/wp-json\/wp\/v2\/media?parent=1973"}],"curies":[{"name":"wp","href":"https:\/\/api.w.org\/{rel}","templated":true}]}}