{"id":1949,"date":"2016-03-07T21:00:00","date_gmt":"2016-03-07T21:00:00","guid":{"rendered":"http:\/\/kursy-udt.pl\/?page_id=1949"},"modified":"2016-03-11T08:21:33","modified_gmt":"2016-03-11T08:21:33","slug":"le-travail-a-lechelle","status":"publish","type":"page","link":"https:\/\/kursy-udt.de\/fr\/fachkurse\/bereich-der-gabelstapler\/arbeit-mit-ladung\/","title":{"rendered":"Arbeit mit Ladung"},"content":{"rendered":"<div style=\"float:left; padding-right:10px;\"><img decoding=\"async\" src=\"\/wp-content\/uploads\/2014\/08\/4.jpg\" alt=\"\"><\/div>\n<div class=\"wyjustuj\">Bei der Lenkung des Gabelstaplers, was der Kurs auch ausf\u00fchrlich darstellt, unterscheiden wir drei Hauptman\u00f6ver - Hochheben und Absenken der Gabel, demn\u00e4chst Neigung des Hubmastes nach vorne und r\u00fcckw\u00e4rts, und Verschieben des Gabeltr\u00e4gers links und rechts. Bei manchen Arten der Gabelstapler lassen sich die Gabeln und Abstand dazwischen verschieben - s.g. Positionierung. <\/p>\n<p>Le Kurs im Bereich des Gabelstapler apporte Ihnen Lenkung und Arbeitsweise mit der Ladung bei. Es ist demn\u00e4chst schwerwiegende Grundlage zu Berechtigungen. Eins von wichtigsten Themen ist Beladung und Ausladung der Paletten, was die Hauptaufgabe des Gabelstaplerfahrers. <\/p>\n<p>Korrekte Beladung erfolgt dann, wenn die Ladung auf den gerade gehaltenen Gabeln sitzt, Gabeln m\u00fcssen dem Boden parallel ausgerichtet sein, demn\u00e4chst wird die Ladung bis 30 cm hochgehoben, Hubmast wird dann zum Fahrer geneigt. La premi\u00e8re op\u00e9ration consiste \u00e0 placer l'appareil sur la place centrale, l\u00e0 o\u00f9 l'appareil doit \u00eatre plac\u00e9, \u00e0 \u00e9lever la palette jusqu'\u00e0 une hauteur sup\u00e9rieure, \u00e0 couper le moyeu en deux et \u00e0 retirer les \u00e9l\u00e9ments, puis \u00e0 faire passer les \u00e9l\u00e9ments de la palette et \u00e0 les retirer de leur position. Korrekte Ausladung ist Man\u00f6ver in umgekehrter Reihenfolge. <\/p>\n<p>Bei Beladung und Ausladung sollten die Prinzipien des richtigen Man\u00f6vrierens des Ger\u00e4tes. Unzul\u00e4ssig ist die \u00dcberschreitung der sicheren Geschwindigkeit, insbesondere mit schweren Lastungen, was die Ursache des Umkippens des Gabelstaplers sein k\u00f6nnte. Deshalb \u00fcbermittelt der Kurs auch wesentliche Informationen bez\u00fcglich Sicherheit und Arbeitsschutz an Arbeitsstelle des Gabelstaplerfahrers. <\/p>\n<p>Chaque cours dans le domaine de l'agrafeuse apporte \u00e0 l'apprenante une formation et une assistance correctes pour l'agrafeuse, aussi bien en th\u00e9orie qu'en pratique, ce qui constitue le meilleur \u00e9l\u00e9ment de la formation. Die bestandenen Pr\u00fcfung ist die Grundlage, die UDT- Berechtigungen zu erwerben, um Gabelstapler zu werden. <\/p><\/div>\n<div class=\"button_styl\" style=\"float:right; padding-left:15px; padding-bottom:8px; margin-bottom:5px;\"><a href=\"https:\/\/platformaedukacji.pl\/login\/signup.php\" rel=\"nofollow\" target=\"_blank\" class=\"myButton myButton_maly\"><font color=\"white\">am Kurs teilnehmen<\/font><\/a><\/div>","protected":false},"excerpt":{"rendered":"<p>Bei der Lenkung des Gabelstaplers, was der Kurs auch ausf\u00fchrlich darstellt, unterscheiden wir drei Hauptman\u00f6ver \u2013 Hochheben und Absenken der Gabel, demn\u00e4chst Neigung des Hubmastes nach vorne und r\u00fcckw\u00e4rts, und Verschieben des Gabeltr\u00e4gers links und rechts. Bei manchen Arten der Gabelstapler lassen sich die Gabeln und Abstand dazwischen verschieben \u2013 s.g. Positionierung. Der Kurs im Bereich des Gabelstapler bringt Ihnen Lenkung und Arbeitsweise mit der Ladung bei. Es ist demn\u00e4chst schwerwiegende Grundlage zu Berechtigungen. Eins von wichtigsten Themen ist Beladung und Ausladung der Paletten, was die Hauptaufgabe des Gabelstaplerfahrers. Korrekte Beladung erfolgt dann, wenn die Ladung auf den gerade gehaltenen Gabeln sitzt, Gabeln m\u00fcssen dem Boden parallel ausgerichtet sein, demn\u00e4chst wird die Ladung bis 30 cm hochgehoben, Hubmast wird dann zum Fahrer geneigt. N\u00e4chstes Man\u00f6ver ist an den Zielplatz anzufahren, wo die Ladung platziert sein sollte, Hochheben der Palette bis entsprechender H\u00f6he, vertikales Halten des Hubmastes und Absenken der Gabeln, dann Entnahme der Gabeln von Palette, schlie\u00dflich Absenken der Gabeln zur bestimmten Position. Korrekte Ausladung ist Man\u00f6ver in umgekehrter Reihenfolge. Bei Beladung und Ausladung sollten die Prinzipien des richtigen Man\u00f6vrierens des Ger\u00e4tes. Unzul\u00e4ssig ist die \u00dcberschreitung der sicheren Geschwindigkeit, insbesondere mit schweren Lastungen, was die Ursache des Umkippens des Gabelstaplers sein k\u00f6nnte. Deshalb \u00fcbermittelt der Kurs auch wesentliche Informationen bez\u00fcglich Sicherheit und Arbeitsschutz an Arbeitsstelle des Gabelstaplerfahrers. Jeder Kurs im Bereich der Gabelstapler bringt Ihnen korrekte Beladung und Ausladung des Gabelstaplers sowohl in Theorie als auch in Praxis bei, die Bestandteil der Pr\u00fcfung ist. Die bestandenen Pr\u00fcfung ist die Grundlage, die UDT- Berechtigungen zu erwerben, [&hellip;]<\/p>\n","protected":false},"author":1,"featured_media":0,"parent":1943,"menu_order":1,"comment_status":"closed","ping_status":"closed","template":"","meta":{"sfsi_plus_gutenberg_text_before_share":"","sfsi_plus_gutenberg_show_text_before_share":"","sfsi_plus_gutenberg_icon_type":"","sfsi_plus_gutenberg_icon_alignemt":"","sfsi_plus_gutenburg_max_per_row":"","footnotes":""},"class_list":["post-1949","page","type-page","status-publish","hentry","has_thumb"],"aioseo_notices":[],"_links":{"self":[{"href":"https:\/\/kursy-udt.pl\/fr\/wp-json\/wp\/v2\/pages\/1949","targetHints":{"allow":["GET"]}}],"collection":[{"href":"https:\/\/kursy-udt.pl\/fr\/wp-json\/wp\/v2\/pages"}],"about":[{"href":"https:\/\/kursy-udt.pl\/fr\/wp-json\/wp\/v2\/types\/page"}],"author":[{"embeddable":true,"href":"https:\/\/kursy-udt.pl\/fr\/wp-json\/wp\/v2\/users\/1"}],"replies":[{"embeddable":true,"href":"https:\/\/kursy-udt.pl\/fr\/wp-json\/wp\/v2\/comments?post=1949"}],"version-history":[{"count":2,"href":"https:\/\/kursy-udt.pl\/fr\/wp-json\/wp\/v2\/pages\/1949\/revisions"}],"predecessor-version":[{"id":2066,"href":"https:\/\/kursy-udt.pl\/fr\/wp-json\/wp\/v2\/pages\/1949\/revisions\/2066"}],"up":[{"embeddable":true,"href":"https:\/\/kursy-udt.pl\/fr\/wp-json\/wp\/v2\/pages\/1943"}],"wp:attachment":[{"href":"https:\/\/kursy-udt.pl\/fr\/wp-json\/wp\/v2\/media?parent=1949"}],"curies":[{"name":"wp","href":"https:\/\/api.w.org\/{rel}","templated":true}]}}