{"id":1911,"date":"2016-03-07T20:50:46","date_gmt":"2016-03-07T20:50:46","guid":{"rendered":"http:\/\/kursy-udt.pl\/?page_id=1911"},"modified":"2016-03-11T08:15:09","modified_gmt":"2016-03-11T08:15:09","slug":"sicherheit","status":"publish","type":"page","link":"https:\/\/kursy-udt.de\/fr\/fachkurse\/berech-arbeitsbuhnen\/sicherheit\/","title":{"rendered":"Sicherheit"},"content":{"rendered":"<div style=\"float:left; padding-right:10px;\"><img decoding=\"async\" src=\"\/wp-content\/uploads\/2014\/08\/bezpieczenstwo_m.jpg\" alt=\"\"><\/div>\n<p>Jeder Kurs im Bereich der Hub-, oder Scherenarbeitsb\u00fchnen oder anderes Ger\u00e4tes umfasst Themen in Bezug auf Lebens-, oder Gesundheitsbedrohung des bedienenden Mitarbeiters und anderer Benutzer des Ger\u00e4tes. Wir stellen die Prozedur Schritt f\u00fcr Schritt dar welche Ma\u00dfnahmen m\u00fcssen im Falle ergriffen werden, wenn Selbstfahrarbeitsb\u00fchne oder Ger\u00e4t anderer Art dem Bedienenden freies Herauskommen oder auch Kommunikation verhindert.<\/p>\n<p><strong>In solchen F\u00e4llen soll das Ereignis sofort bei entsprechenden Diensten gemeldet werden,<br \/>\ngleichzeitig m\u00fcssen aber Rettungsma\u00dfnahmen ergriffen werden, die folgende T\u00e4tigkeiten umfassen\u00a0:<br \/>\n<\/strong><\/p>\n<ul>\n<li>falls der Bedienende die Kontrolle \u00fcber der Situation nicht \u00fcbernehmen kann, dann Mitarbeiter, die sich auf der Plattform befinden (aber nur diejenigen, die Wissen und Genehmigung vom Arbeitsgeber haben) k\u00f6nnen die Steuerung bedienen<\/li>\n<li>falls der Bedienende die Kontrolle \u00fcber der Situation nicht \u00fcbernehmen kann, dann Mitarbeiter, die sich auf der Plattform befinden (aber nur diejenigen, die Wissen und Genehmigung vom Arbeitsgeber haben) k\u00f6nnen die Steuerung bedienen<\/li>\n<\/ul>\n<p>Bevor Verlassen der Plattformen wie Selbstfahr-, Mast-, H\u00e4nge-, und fahrbare Arbeitsb\u00fchnen ist es notwendig, das Gel\u00e4nde, wo sie sich befinden nachzupr\u00fcfen, um eventuelle Hindernisse zu beseitigen. <\/p>\n<p>Das Ger\u00e4t wird am besten vom Boden bedient, denn solche Steuerung ist pr\u00e4zise, je nach Situation ist auch die Plattformebene zu nutzen. Schl\u00fcssel zum Ger\u00e4t sollten diejenigen halten, die f\u00fcr Rettungsaktion beim Unfall verantwortlich sind.<\/p>\n<p>Das Ger\u00e4t wird am besten vom Boden bedient, denn solche Steuerung ist pr\u00e4zise, je nach Situation ist auch die Plattformebene zu nutzen. Schl\u00fcssel zum Ger\u00e4t sollten diejenigen halten, die f\u00fcr Rettungsaktion beim Unfall verantwortlich sind.<\/p>","protected":false},"excerpt":{"rendered":"<p>Chaque cours dans le domaine des chariots \u00e9l\u00e9vateurs, des chariots de manutention ou d'autres appareils comprend des \u00e9l\u00e9ments relatifs \u00e0 la sant\u00e9 et \u00e0 la vie des travailleurs et des autres utilisateurs de l'appareil. Nous indiquons \u00e0 l'autorit\u00e9 comp\u00e9tente, point par point, les mesures qui doivent \u00eatre prises dans ce cas, si la maison de travail temporaire ou l'appareil et l'art de travailler librement avec le travailleur ou de communiquer avec lui ne sont pas respect\u00e9s. Dans ces cas-l\u00e0, l'obligation doit \u00eatre remplie imm\u00e9diatement dans le cadre d'\u00e9v\u00e9nements particuliers, mais des mesures de r\u00e9paration doivent \u00eatre prises, qui doivent comprendre les \u00e9l\u00e9ments suivants : si le contr\u00f4le de la situation par le chef d'entreprise n'est pas assur\u00e9, les travailleurs, qui se trouvent sur la plate-forme (mais seulement ceux qui ont la connaissance et la comp\u00e9tence du chef d'entreprise), peuvent prendre en charge le contr\u00f4le si le contr\u00f4le de la situation par le chef d'entreprise n'est pas assur\u00e9, les travailleurs, die sich auf der Plattform befinden (aber nur diejenigen, die Wissen und Genehmigung vom Arbeitsgeber haben) k\u00f6nnen die Steuerung bedienen Bevor Verlassen der Plattformen wie Selbstfahr-, Mast-, H\u00e4nge-, und fahrbare Arbeitsb\u00fchnen ist es notwendig, das Gel\u00e4nde, wo sie sich befinden nachzupr\u00fcfen, um eventuelle Hindernisse zu beseitigen. L'appareil doit \u00eatre plac\u00e9 le plus pr\u00e8s possible du corps, car une telle fixation est n\u00e9cessaire, m\u00eame si la plate-forme doit \u00eatre utilis\u00e9e en fonction de la situation. Le mat\u00e9riel ne peut \u00eatre utilis\u00e9 que par des personnes qui sont en mesure d'effectuer des r\u00e9parations en cas d'accident. L'appareil doit \u00eatre plac\u00e9 le plus pr\u00e8s possible du corps, car une telle protection est indispensable, m\u00eame si la plate-forme doit \u00eatre utilis\u00e9e en fonction de la situation. Les objets en contact avec l'appareil doivent \u00eatre conserv\u00e9s, car ils sont indispensables \u00e0 la r\u00e9paration en cas d'accident.<\/p>","protected":false},"author":1,"featured_media":0,"parent":1899,"menu_order":0,"comment_status":"closed","ping_status":"closed","template":"","meta":{"sfsi_plus_gutenberg_text_before_share":"","sfsi_plus_gutenberg_show_text_before_share":"","sfsi_plus_gutenberg_icon_type":"","sfsi_plus_gutenberg_icon_alignemt":"","sfsi_plus_gutenburg_max_per_row":"","footnotes":""},"class_list":["post-1911","page","type-page","status-publish","hentry","has_thumb"],"aioseo_notices":[],"_links":{"self":[{"href":"https:\/\/kursy-udt.pl\/fr\/wp-json\/wp\/v2\/pages\/1911","targetHints":{"allow":["GET"]}}],"collection":[{"href":"https:\/\/kursy-udt.pl\/fr\/wp-json\/wp\/v2\/pages"}],"about":[{"href":"https:\/\/kursy-udt.pl\/fr\/wp-json\/wp\/v2\/types\/page"}],"author":[{"embeddable":true,"href":"https:\/\/kursy-udt.pl\/fr\/wp-json\/wp\/v2\/users\/1"}],"replies":[{"embeddable":true,"href":"https:\/\/kursy-udt.pl\/fr\/wp-json\/wp\/v2\/comments?post=1911"}],"version-history":[{"count":3,"href":"https:\/\/kursy-udt.pl\/fr\/wp-json\/wp\/v2\/pages\/1911\/revisions"}],"predecessor-version":[{"id":2041,"href":"https:\/\/kursy-udt.pl\/fr\/wp-json\/wp\/v2\/pages\/1911\/revisions\/2041"}],"up":[{"embeddable":true,"href":"https:\/\/kursy-udt.pl\/fr\/wp-json\/wp\/v2\/pages\/1899"}],"wp:attachment":[{"href":"https:\/\/kursy-udt.pl\/fr\/wp-json\/wp\/v2\/media?parent=1911"}],"curies":[{"name":"wp","href":"https:\/\/api.w.org\/{rel}","templated":true}]}}