{"id":1908,"date":"2016-03-07T20:50:15","date_gmt":"2016-03-07T20:50:15","guid":{"rendered":"http:\/\/kursy-udt.pl\/?page_id=1908"},"modified":"2016-03-11T08:14:43","modified_gmt":"2016-03-11T08:14:43","slug":"le-travail-dans-la-nahe-des-freileitungen","status":"publish","type":"page","link":"https:\/\/kursy-udt.de\/fr\/fachkurse\/berech-arbeitsbuhnen\/arbeit-in-der-nahe-von-freileitungen\/","title":{"rendered":"Travail dans la r\u00e9gion de Freileitungen"},"content":{"rendered":"<div style=\"float:left; padding-right:10px;\"><img decoding=\"async\" src=\"\/wp-content\/uploads\/2014\/08\/linie-energetyczne_m.jpg\" alt=\"\"><\/div>\n<h3>Sicherheit der Benutzung der Arbeitsb\u00fchnen in der N\u00e4heit von Freileitungen (S\u00e9curit\u00e9 de l'utilisation des v\u00e9hicules de travail dans les zones de transit)<\/h3>\n<p>Les ger\u00fcste modernes darunter auch Hubarbeitsb\u00fchnen sind bestm\u00f6gliche Auswahl bei H\u00f6henarbeit. Falls die Arbeiten in der N\u00e4hehe von Freileitungen stattfinden, ist die besondere Vorsicht geboten. Les stromst\u00f6\u00dfe ont \u00e9t\u00e9 la principale cause de d\u00e9c\u00e8s chez les travailleurs dans les \u00c9tats membres de l'Union europ\u00e9enne en 2004. Notre formation dans le domaine du travail au foyer contient toutes les informations d\u00e9taill\u00e9es sur la fa\u00e7on dont on peut travailler en toute s\u00e9curit\u00e9 dans un centre de sant\u00e9 pour \u00e9viter les stromst\u00f6\u00dfe. <\/p>\n<p><strong>Die Hauptursachen des Stromsto\u00dfes :<\/strong><\/p>\n<ul>\n<li>Mitarbeiter oder Arbeitsb\u00fchneelemente ber\u00fchren unmittelbar die Stromleitungen<\/li>\n<li>kein Bewusstsein der Freileitungen in der N\u00e4he<\/li>\n<li>qu'il n'y a aucune preuve de conflit dans les Stromleitungen<\/li>\n<li>falsche Steuerung der Arbeitsb\u00fchne wenn sie sich an Freileitungen befindet<\/li>\n<\/ul>\n<p>Der Stromsto\u00df kann durch die Planungst\u00e4tigkeiten vermieden werden, die das Risiko minimieren und durch Aufsicht der Arbeit auf der H\u00f6he, unentbehrlich ist auch letztendlich entsprechend geschulter Mitarbeiter, der erforderliche UDT-Berechtigungen besitzen sollte. <\/p>\n<p><strong>Die Hauptgrunds\u00e4tze der Sicherheit bei Arbeit an Freileitungen :<\/strong><\/p>\n<ul>\n<li>dort, wo es technisch nicht umst\u00e4ndlich und unm\u00f6glich ist, sollten die Freileitungen w\u00e4hrend der Arbeiten abgeschaltet werden<\/li>\n<li>falls dies nicht ausf\u00fchrbar ist, so soll dem Plattform bedienenden Mitarbeiter Schutz durch Bedecken der Stromleitungen mit geeigneten Mitteln gesichert werden<\/li>\n<li>es k\u00f6nnen Warnungsger\u00e4te angewendet werden, die die Sicherabstand von Stromleitungen messen und den Gefahrabstand signalisieren<\/li>\n<li>es wird empfohlen, Abstand von 15 m von Strommasten bei vollem Ausleger zu halten und max. 9 m von Holzstrommasten<\/li>\n<li>bei Arbeiten wird es empfohlen, auf dem Boden die maximale Reichweite des Auslegers zu markieren<\/li>\n<li>die entsprechende Kontrolle von zus\u00e4tzlichen Mitarbeitern sollte gesichert sein<\/li>\n<li>an jeweiligen Stellen m\u00fcssen sich Pl\u00e4ne zum Notfall befinden, \u00fcber die Ma\u00dfnahmen m\u00fcssen alle Mitarbeitern informiert sein<\/li>\n<\/ul>\n<p>Entrechende Vorbereitung und zus\u00e4tzlich Beachtung der Sicherheitsprozeduren bei der Arbeit an Freileitungen mit Benutzung der Hubarbeitsb\u00fchnen verschiedener Art ist wesentlich. Die Freileitungen sind gro\u00dfe Bedrohung, die Unf\u00e4lle durch die dagegen ordnen sich zu h\u00e4ufigsten und gef\u00e4hrlichsten zu, denn die meisten f\u00fchren zu Todesf\u00e4llen. W\u00e4hrend jedes Kurses im Bereich der Arbeitsb\u00fchnen die Thematik Arbeitschutz ist f\u00fchrend, damit das Risiko bei H\u00f6henarbeiten vermieden werden kann. <\/p>\n<p>Nous vous demandons d'accepter notre offre Ergon, si vous souhaitez suivre un cours dans le domaine de la main-d'\u0153uvre Hubarbeitsb\u00fchnen \u00e0 Varsovie ou dans toute la Pologne.<\/p>","protected":false},"excerpt":{"rendered":"<p>Sicherheit der Benutzung der Arbeitsb\u00fchnen in der N\u00e4he von Freileitungen Moderne Ger\u00fcste darunter auch Hubarbeitsb\u00fchnen sind bestm\u00f6gliche Auswahl bei H\u00f6henarbeit. Falls die Arbeiten in der N\u00e4he von Freileitungen stattfinden, ist die besondere Vorsicht geboten. Stromst\u00f6\u00dfe waren die Hauptursache der Todesf\u00e4lle unter Bedienern der Arbeitsb\u00fchnen in den Vereinigten Staaten im Jahr 2004. Unser Kurs im Bereich der Hubarbeitsb\u00fchnen umfasst alle detaillierte Informationen wie man sicher in Gefahrenstelle wegen Stromsto\u00df arbeiten sollte. Die Hauptursachen des Stromsto\u00dfes: Mitarbeiter oder Arbeitsb\u00fchneelemente ber\u00fchren unmittelbar die Stromleitungen kein Bewusstsein der Freileitungen in der N\u00e4he kein Bewusstsein der Spannung in Stromleitungen falsche Steuerung der Arbeitsb\u00fchne wenn sie sich an Freileitungen befindet Der Stromsto\u00df kann durch die Planungst\u00e4tigkeiten vermieden werden, die das Risiko minimieren und durch Aufsicht der Arbeit auf der H\u00f6he, unentbehrlich ist auch letztendlich entsprechend geschulter Mitarbeiter, der erforderliche UDT-Berechtigungen besitzen sollte. Die Hauptgrunds\u00e4tze der Sicherheit bei Arbeit an Freileitungen: dort, wo es technisch nicht umst\u00e4ndlich und unm\u00f6glich ist, sollten die Freileitungen w\u00e4hrend der Arbeiten abgeschaltet werden falls dies nicht ausf\u00fchrbar ist, so soll dem Plattform bedienenden Mitarbeiter Schutz durch Bedecken der Stromleitungen mit geeigneten Mitteln gesichert werden es k\u00f6nnen Warnungsger\u00e4te angewendet werden, die die Sicherabstand von Stromleitungen messen und den Gefahrabstand signalisieren es wird empfohlen, Abstand von 15 m von Strommasten bei vollem Ausleger zu halten und max. 9 m von Holzstrommasten bei Arbeiten wird es empfohlen, auf dem Boden die maximale Reichweite des Auslegers zu markieren die entsprechende Kontrolle von zus\u00e4tzlichen Mitarbeitern sollte gesichert sein an jeweiligen Stellen m\u00fcssen sich Pl\u00e4ne zum Notfall befinden, \u00fcber die Ma\u00dfnahmen m\u00fcssen alle [&hellip;]<\/p>\n","protected":false},"author":1,"featured_media":0,"parent":1899,"menu_order":0,"comment_status":"closed","ping_status":"closed","template":"","meta":{"sfsi_plus_gutenberg_text_before_share":"","sfsi_plus_gutenberg_show_text_before_share":"","sfsi_plus_gutenberg_icon_type":"","sfsi_plus_gutenberg_icon_alignemt":"","sfsi_plus_gutenburg_max_per_row":"","footnotes":""},"class_list":["post-1908","page","type-page","status-publish","hentry","has_thumb"],"aioseo_notices":[],"_links":{"self":[{"href":"https:\/\/kursy-udt.pl\/fr\/wp-json\/wp\/v2\/pages\/1908","targetHints":{"allow":["GET"]}}],"collection":[{"href":"https:\/\/kursy-udt.pl\/fr\/wp-json\/wp\/v2\/pages"}],"about":[{"href":"https:\/\/kursy-udt.pl\/fr\/wp-json\/wp\/v2\/types\/page"}],"author":[{"embeddable":true,"href":"https:\/\/kursy-udt.pl\/fr\/wp-json\/wp\/v2\/users\/1"}],"replies":[{"embeddable":true,"href":"https:\/\/kursy-udt.pl\/fr\/wp-json\/wp\/v2\/comments?post=1908"}],"version-history":[{"count":2,"href":"https:\/\/kursy-udt.pl\/fr\/wp-json\/wp\/v2\/pages\/1908\/revisions"}],"predecessor-version":[{"id":2038,"href":"https:\/\/kursy-udt.pl\/fr\/wp-json\/wp\/v2\/pages\/1908\/revisions\/2038"}],"up":[{"embeddable":true,"href":"https:\/\/kursy-udt.pl\/fr\/wp-json\/wp\/v2\/pages\/1899"}],"wp:attachment":[{"href":"https:\/\/kursy-udt.pl\/fr\/wp-json\/wp\/v2\/media?parent=1908"}],"curies":[{"name":"wp","href":"https:\/\/api.w.org\/{rel}","templated":true}]}}