{"id":1899,"date":"2016-03-07T20:47:42","date_gmt":"2016-03-07T20:47:42","guid":{"rendered":"http:\/\/kursy-udt.pl\/?page_id=1899"},"modified":"2016-03-11T08:13:59","modified_gmt":"2016-03-11T08:13:59","slug":"berech-arbeitsbuhnen","status":"publish","type":"page","link":"https:\/\/kursy-udt.de\/fr\/fachkurse\/berech-arbeitsbuhnen\/","title":{"rendered":"Kurse im Berech Arbeitsb\u00fchnen (en anglais)"},"content":{"rendered":"<div style=\"float:left; padding-right:10px;\"><img decoding=\"async\" src=\"\/wp-content\/uploads\/2014\/04\/10-pokaz.jpeg\" alt=\"Plates-formes mobiles - photo\"><\/div>\n<div class=\"wyjustuj\">Dans le centre de formation Ergon, nous r\u00e9alisons des cours dans le domaine de l'emploi, destin\u00e9s aux employ\u00e9s, et qui r\u00e9pondent aux exigences de l'UDT. Sowohl auf Baustellen, als auch bei Montagearbeiten werden immer h\u00e4ufiger die Arbeitsb\u00fchnen eingesetzt, die Kurse erm\u00f6glichen, sie professionell benutzen zu k\u00f6nnen. Notre offre de formation vous propose des cours dans le domaine des v\u00e9hicules de transport de marchandises de cat\u00e9gorie I P et II P, tels que : les v\u00e9hicules de transport de m\u00e2ts, les v\u00e9hicules de transport de marchandises : v\u00e9hicules de transport de personnes \u00e0 mobilit\u00e9 r\u00e9duite et transportables, les v\u00e9hicules de transport de moyeux et les v\u00e9hicules de transport de d\u00e9chets. All die Kurse lassen Ihnen die erforderlichen Berechtigungen zu erwerben. <\/p>\n<p>Dans le centre de formation Ergon, nous r\u00e9alisons des cours dans le domaine de l'emploi, destin\u00e9s aux employ\u00e9s, et qui r\u00e9pondent aux exigences de l'UDT. Sowohl auf Baustellen, als auch bei Montagearbeiten werden immer h\u00e4ufiger die Arbeitsb\u00fchnen eingesetzt, die Kurse erm\u00f6glichen, sie professionell benutzen zu k\u00f6nnen. Notre offre de formation vous propose des cours dans le domaine des v\u00e9hicules de transport de marchandises de cat\u00e9gorie I P et II P, tels que : les v\u00e9hicules de transport de m\u00e2ts, les v\u00e9hicules de transport de marchandises : v\u00e9hicules de transport de personnes \u00e0 mobilit\u00e9 r\u00e9duite et transportables, les v\u00e9hicules de transport de moyeux et les v\u00e9hicules de transport de d\u00e9chets. All die Kurse lassen Ihnen die erforderlichen Berechtigungen zu erwerben. <\/p>\n<p><strong>Arten der Berechtigungen<\/strong><br \/>\nDie von uns realisierten Kurse lassen folgende UDT-Berechtigungen zu erwerben :<\/p>\n<p><strong>Berechtigungen von Kat. I P :<\/strong><\/p>\n<ul>\n<li>Fahrbare langsamlaufende (Scherenarbeitsb\u00fchnen)<\/li>\n<\/ul>\n<div style=\"height:230px; float:left; margin-right:25px;\"><img decoding=\"async\" src=\"\/wp-content\/uploads\/2014\/04\/pion-2-podesty-ruchome.jpg\" alt=\"cours pour les plates-formes mobiles mobiles\"><\/div>\n<div style=\"height:230px; float:left; margin-right:25px;\"><img decoding=\"async\" src=\"\/wp-content\/uploads\/2014\/04\/pion-4-kurs-na-podesty-ruchome.jpg\" alt=\"Plates-formes mobiles fixes Ergon\"><\/div>\n<div style=\"height:230px; float:left; margin-right:25px;\"><img decoding=\"async\" src=\"\/wp-content\/uploads\/2014\/04\/pion-1-podesty.jpg\" alt=\"Ergon Varsovie\"><\/div>\n<div style=\"height:230px; float:left; margin-right:25px;\"><img decoding=\"async\" src=\"\/wp-content\/uploads\/2014\/04\/pion-3-podest-zdjecie.jpg\" alt=\"nacelles \u00e0 ciseaux et nacelles \u00e9l\u00e9vatrices\"><\/div>\n<div style=\"clear:both;\"><\/div>\n<ul>\n<li>Selbstfahrende (Hub-, und LKW-Arbeitsb\u00fchnen)<\/li>\n<li>Transportable (LKW-, und Anh\u00e4nger-Arbeitsb\u00fchnen)<\/li>\n<\/ul>\n<div style=\"height:180px; float:left; margin-right:20px;\"><img decoding=\"async\" src=\"\/wp-content\/uploads\/2014\/04\/09-slajd.jpeg\" alt=\"formation plateformes - cat\u00e9gorie IP\"><\/div>\n<div style=\"height:180px; float:left; margin-right:20px;\"><img decoding=\"async\" src=\"\/wp-content\/uploads\/2014\/04\/07-podesty-ruchome-udt.jpeg\" alt=\"cours pour les qualifications UDT\"><\/div>\n<div style=\"height:180px; float:left; margin-right:20px;\"><img decoding=\"async\" src=\"\/wp-content\/uploads\/2014\/04\/06-fotografia.jpeg\" alt=\"Ergon Varsovie\"><\/div>\n<div style=\"clear:both;\"><\/div>\n<p><strong>Berechtigungen von Kat. II P :<\/strong><\/p>\n<ul>\n<li>H\u00e4ngearbeitsb\u00fchnen<\/li>\n<li>Stehscherenarbeitsb\u00fchnen<\/li>\n<li>Mastarbeitsb\u00fchnen<\/li>\n<\/ul>\n<div style=\"height:180px; float:left; margin-right:20px;\"><img decoding=\"async\" src=\"\/wp-content\/uploads\/2014\/04\/3-pic.jpg\" alt=\"\"><\/div>\n<div style=\"height:180px; float:left; margin-right:20px;\"><img decoding=\"async\" src=\"\/wp-content\/uploads\/2014\/04\/2-zdjecie.jpg\" alt=\"Formations et cours Ergon\"><\/div>\n<div style=\"height:180px; float:left; margin-right:20px;\"><img decoding=\"async\" src=\"\/wp-content\/uploads\/2014\/04\/1-foto.jpg \" alt=\"\"><\/div>\n<div style=\"clear:both;\"><\/div>\n<p><strong>Anwendung<\/strong><br \/>\nScherenb\u00fchnen lassen sich der Kategorie der Hebezeuge zuordnen. Ils sont destin\u00e9s \u00e0 la conservation des mat\u00e9riaux et des hommes \u00e0 une hauteur sup\u00e9rieure \u00e0 celle de la plate-forme ou du gondole, qui est fix\u00e9e sur la surface de l'eau ou sur le sol. Les v\u00e9hicules de travail peuvent \u00eatre plac\u00e9s dans des v\u00e9hicules de type \"Steh\" (avec une plaque sur un point) et \"Selbstfahrarbeitsb\u00fchnen\" (avec une plaque sur le v\u00e9hicule). Alle Arten der Ger\u00e4te sind der technischen Aufsicht unterstellt. <\/p>\n<p>L'appareil, comme la cabine de travail, trouve son application dans les travaux de construction, d'entretien, d'installation et de d\u00e9coration \u00e0 des hauteurs vari\u00e9es. Die Arbeitsb\u00fchnen werden au\u00dferdem in Werbungs-, und Reinigungsbranche angewendet, wo es n\u00f6tig ist, den Mitarbeiter, Ausr\u00fcstung oder Material hochzuheben. Eingesetzt werden Arbeitsb\u00fchnen verschiedener Art, die ihre Berechtigungen auch erfordern. <\/p>\n<p><strong>\u00c9cologisation des cours<\/strong><br \/>\nLes conditions pr\u00e9alables \u00e0 l'obtention d'un emploi sont la validit\u00e9, la formation g\u00e9n\u00e9rale la plus compl\u00e8te et l'absence d'obstacles \u00e0 l'obtention d'un emploi.<\/p>\n<p>Le cours dans le domaine de l'emploi oblige le travailleur \u00e0 utiliser les appareils en question sur la base des connaissances et des comp\u00e9tences acquises conform\u00e9ment \u00e0 la cat\u00e9gorie d'emploi, ce qui garantit une utilisation s\u00fbre des appareils.<br \/>\nDie Seminare bereiten zur UDT Pr\u00fcfung vor, wenn die positiv bestanden ist, so werden die Berechtigungen zur Bedienung des Ger\u00e4tes verliehen. <\/p>\n<p>Le cours dans le domaine de l'emploi oblige le travailleur \u00e0 utiliser les appareils en question sur la base des connaissances et des comp\u00e9tences acquises conform\u00e9ment \u00e0 la cat\u00e9gorie d'emploi, ce qui garantit une utilisation s\u00fbre des appareils.<br \/>\nDie Seminare bereiten zur UDT Pr\u00fcfung vor, wenn die positiv bestanden ist, so werden die Berechtigungen zur Bedienung des Ger\u00e4tes verliehen.\n<\/p><\/div>\n<div class=\"button_styl\" style=\"float:right; padding-left:15px; padding-bottom:8px; margin-bottom:5px;\"><a href=\"https:\/\/platformaedukacji.pl\/login\/signup.php\" rel=\"nofollow\" target=\"_blank\" class=\"myButton myButton_maly\"><font color=\"white\">am Kurs teilnehmen<\/font><\/a><\/div>\n<div style=\"padding-top:70px;\">\n<h2>Mehr Infos :<\/h2>\n<div style=\"text-align:center; font-size:85%; line-height:120%;\">\n<div style=\"float:left; margin-right:40px; height:290px;\">\n<a href=\"\/fr\/fachcurse\/berech-arbeitsbuhnen\/anordnungen-und-verbote\/\"><img decoding=\"async\" src=\"\/wp-content\/uploads\/2014\/08\/nakazy-zakazy.jpg\" alt=\"\"><\/a><br \/>\n<a href=\"\/fr\/fachcurse\/berech-arbeitsbuhnen\/anordnungen-und-verbote\/\"><font color=\"black\"><\/p>\n<div style=\"width:300px; font-size:130%;\"><strong>Anordnungen und Verbote<\/strong><\/div>\n<p><\/font><\/a>\n<\/div>\n<div style=\"float:left; margin-right:40px; height:290px;\">\n<a href=\"\/fr\/fachcurse\/berech-arbeitsbuhnen\/le-travail-dans-la-nahe-des-freileitungen\/\"><img decoding=\"async\" src=\"\/wp-content\/uploads\/2014\/08\/linie-energetyczne.jpg\" alt=\"\"><\/a><br \/>\n<a href=\"\/fr\/fachcurse\/berech-arbeitsbuhnen\/le-travail-dans-la-nahe-des-freileitungen\/\"><font color=\"black\"><\/p>\n<div style=\"width:300px; font-size:130%;\"><strong>Travail dans la r\u00e9gion de Freileitungen<\/strong><\/div>\n<p><\/font><\/a>\n<\/div>\n<\/div>\n<div style=\"clear:both;\"><\/div>\n<div style=\"text-align:center; font-size:85%; line-height:120%;\">\n<div style=\"float:left; margin-right:40px; height:290px;\">\n<a href=\"\/fr\/fachcurse\/berech-arbeitsbuhnen\/sicherheit\/\"><img decoding=\"async\" src=\"\/wp-content\/uploads\/2014\/08\/bezpieczenstwo.jpg\" alt=\"\"><\/a><br \/>\n<a href=\"\/fr\/fachcurse\/berech-arbeitsbuhnen\/sicherheit\/\"><font color=\"black\"><\/p>\n<div style=\"width:300px; font-size:130%;\"><strong>Sicherheit<\/strong><\/div>\n<p><\/font><\/a>\n<\/div>\n<div style=\"float:left; margin-right:40px; height:290px;\">\n<a href=\"\/fr\/fachcurse\/berech-arbeitsbuhnen\/absicherung-der-ebene\/\"><img decoding=\"async\" src=\"\/wp-content\/uploads\/2014\/08\/wypadek.jpg\" alt=\"\"><\/a><br \/>\n<a href=\"\/fr\/fachcurse\/berech-arbeitsbuhnen\/absicherung-der-ebene\/\"><font color=\"black\"><\/p>\n<div style=\"width:300px; font-size:130%;\"><strong>Absorption de l'Eb\u00e8ne<\/strong><\/div>\n<p><\/font><\/a>\n<\/div>\n<\/div>\n<\/div>","protected":false},"excerpt":{"rendered":"<p>Im Bildungszentrum Ergon realisieren wir Kurse im Bereich der Arbeitsb\u00fchnen, die an Mitarbeiter gerichtet sind, die UDT-Berechtigungen verfolgen. Sowohl auf Baustellen, als auch bei Montagearbeiten werden immer h\u00e4ufiger die Arbeitsb\u00fchnen eingesetzt, die Kurse erm\u00f6glichen, sie professionell benutzen zu k\u00f6nnen. Unser Trainingsangebot bietet Ihnen Kurse im Bereich der fahrbaren Arbeitsb\u00fchnen von Kat. I P und II P an wie: Mastarbeitsb\u00fchnen, fahrbare Arbeitsb\u00fchnen: langsamlaufende und transportable Selbstfahrarbeitsb\u00fchnen, Hubarbeitsb\u00fchnen und Scherenarbeitsb\u00fchnen. All die Kurse lassen Ihnen die erforderlichen Berechtigungen zu erwerben. Im Bildungszentrum Ergon realisieren wir Kurse im Bereich der Arbeitsb\u00fchnen, die an Mitarbeiter gerichtet sind, die UDT-Berechtigungen verfolgen. Sowohl auf Baustellen, als auch bei Montagearbeiten werden immer h\u00e4ufiger die Arbeitsb\u00fchnen eingesetzt, die Kurse erm\u00f6glichen, sie professionell benutzen zu k\u00f6nnen. Unser Trainingsangebot bietet Ihnen Kurse im Bereich der fahrbaren Arbeitsb\u00fchnen von Kat. I P und II P an wie: Mastarbeitsb\u00fchnen, fahrbare Arbeitsb\u00fchnen: langsamlaufende und transportable Selbstfahrarbeitsb\u00fchnen, Hubarbeitsb\u00fchnen und Scherenarbeitsb\u00fchnen. All die Kurse lassen Ihnen die erforderlichen Berechtigungen zu erwerben. Arten der Berechtigungen Die von uns realisierten Kurse lassen folgende UDT-Berechtigungen zu erwerben: Berechtigungen von Kat. I P: Fahrbare langsamlaufende (Scherenarbeitsb\u00fchnen) Selbstfahrende (Hub-, und LKW-Arbeitsb\u00fchnen) Transportable (LKW-, und Anh\u00e4nger-Arbeitsb\u00fchnen) Berechtigungen von Kat. II P: H\u00e4ngearbeitsb\u00fchnen Stehscherenarbeitsb\u00fchnen Mastarbeitsb\u00fchnen Anwendung Scherenb\u00fchnen lassen sich der Kategorie der Hebezeuge zuordnen. Sie sind f\u00fcr das Hochheben der Materialien und Menschen zur gew\u00fcnschten H\u00f6he anhand der Plattform oder Gondel bestimmt, die an der Laufkatze aufgeh\u00e4ngt ist bzw. durch Hebezeug gehoben wird. Die Arbeitsb\u00fchnen lassen sich in Steh-, (platziert im einen Punkt) und Selbstfahrarbeitsb\u00fchnen (z.B. befestigt am Fahrzeug) aufteilen. Alle Arten der Ger\u00e4te sind der technischen [&hellip;]<\/p>\n","protected":false},"author":1,"featured_media":0,"parent":1879,"menu_order":0,"comment_status":"closed","ping_status":"closed","template":"","meta":{"sfsi_plus_gutenberg_text_before_share":"","sfsi_plus_gutenberg_show_text_before_share":"","sfsi_plus_gutenberg_icon_type":"","sfsi_plus_gutenberg_icon_alignemt":"","sfsi_plus_gutenburg_max_per_row":"","footnotes":""},"class_list":["post-1899","page","type-page","status-publish","hentry","has_thumb"],"aioseo_notices":[],"_links":{"self":[{"href":"https:\/\/kursy-udt.pl\/fr\/wp-json\/wp\/v2\/pages\/1899","targetHints":{"allow":["GET"]}}],"collection":[{"href":"https:\/\/kursy-udt.pl\/fr\/wp-json\/wp\/v2\/pages"}],"about":[{"href":"https:\/\/kursy-udt.pl\/fr\/wp-json\/wp\/v2\/types\/page"}],"author":[{"embeddable":true,"href":"https:\/\/kursy-udt.pl\/fr\/wp-json\/wp\/v2\/users\/1"}],"replies":[{"embeddable":true,"href":"https:\/\/kursy-udt.pl\/fr\/wp-json\/wp\/v2\/comments?post=1899"}],"version-history":[{"count":4,"href":"https:\/\/kursy-udt.pl\/fr\/wp-json\/wp\/v2\/pages\/1899\/revisions"}],"predecessor-version":[{"id":2165,"href":"https:\/\/kursy-udt.pl\/fr\/wp-json\/wp\/v2\/pages\/1899\/revisions\/2165"}],"up":[{"embeddable":true,"href":"https:\/\/kursy-udt.pl\/fr\/wp-json\/wp\/v2\/pages\/1879"}],"wp:attachment":[{"href":"https:\/\/kursy-udt.pl\/fr\/wp-json\/wp\/v2\/media?parent=1899"}],"curies":[{"name":"wp","href":"https:\/\/api.w.org\/{rel}","templated":true}]}}