{"id":1895,"date":"2016-03-07T20:46:32","date_gmt":"2016-03-07T20:46:32","guid":{"rendered":"http:\/\/kursy-udt.pl\/?page_id=1895"},"modified":"2017-12-04T07:57:25","modified_gmt":"2017-12-04T07:57:25","slug":"contact-2","status":"publish","type":"page","link":"https:\/\/kursy-udt.de\/fr\/kontakt-2\/","title":{"rendered":"Contactez"},"content":{"rendered":"<div class=\"wyjustuj\" style=\"margin-bottom: 20px;\">Si vous avez des questions ou si vous souhaitez obtenir d'autres informations, envoyez-nous un courrier \u00e9lectronique ou appelez-nous par t\u00e9l\u00e9phone. Nos employ\u00e9s vous aideront volontiers et vous conseilleront \u00e9galement volontiers si vous souhaitez obtenir des informations sur nos offres.<br \/>\nF\u00fcr gr\u00f6\u00dfere Gruppen sind g\u00fcnstige Discounte vorgesehen. Wir laden Sie ein, unsere Kurs-, Beratungs-, Einf\u00fchrungs-, Auditdienstleistungen in Anspruch zu nehmen !<\/div>\n<h3>Hauptabteilung :<\/h3>\n<div style=\"float: right; margin-right: 20px; width: 65%; margin-top: -1%; font-size: 80%; color: red;\"><span style=\"font-weight: bold; text-decoration: underline;\">Zufahrt :<\/span> Hauptabteilung Bildungszentrum Ergon befindet sich im Einkaufszentrum Galeria Gawra, erste Etage Raum 47 (Eingang von hinten, zweites Treppenhaus) damit Sie unslos erreichen schlagen wir vor im Ihren Navi folgende Anschrift zu w\u00e4hlen :<br \/>\nHermana 1-Str. Hinter Einkaufszentrum Gawra steht Ihnen Parkplatz zur Verf\u00fcgung.<br \/>\nWir laden ein !<\/div>\n<p>Ul. Warszawska 58C Raum. 47<br \/>\n02-496 Varsovie<br \/>\nt\u00e9l. +48 22 290 29 09<br \/>\n<script type=\"text\/javascript\">var srodek=\"o@k\"; document.write(\"biur\"); document.write(srodek+\"u\"); document.write(\"rsy-\"); document.write(\"udt.\"); document.write(\"pl\");<\/script><\/p>\n<h3>Regionalabteilungen :<\/h3>\n<div style=\"float: left; margin-right: 20px; width: 210px;\">\n<div style=\"font-weight: bold;\">Abteilung Bialystok<\/div>\n<p>ul. Nouveau monde 9<br \/>\n15-453 Bialystok<\/p>\n<\/div>\n<div style=\"float: left; margin-right: 20px; width: 210px;\">\n<div style=\"font-weight: bold;\">Abteilung Bielsko Bia\u0142a<\/div>\n<p>ul. Les d\u00e9fenseurs de W\u0119gierska G\u00f3rka<br \/>\n34-350 Wegierska Gorka<\/p>\n<\/div>\n<div style=\"float: left; margin-right: 20px; width: 210px;\">\n<div style=\"font-weight: bold;\">Abteilung Bydgoszcz<\/div>\n<p>ul. Vieux-Port 13<br \/>\n85-068 Bydgoszcz<\/p>\n<\/div>\n<div style=\"clear: both;\">\n<div style=\"float: left; margin-right: 20px; width: 210px;\">\n<div style=\"font-weight: bold;\">Abteilung Gda\u0144sk<\/div>\n<p>ul. Ko\u0142obrzeska 45<br \/>\n80-391 Gdansk<\/p>\n<\/div>\n<div style=\"float: left; margin-right: 20px; width: 210px;\">\n<div style=\"font-weight: bold;\">Abteilung Gdynia<\/div>\n<p>ul. Zbo\u017cowa 7<br \/>\n81-020 Gdynia<\/p>\n<\/div>\n<div style=\"float: left; margin-right: 20px; width: 210px;\">\n<div style=\"font-weight: bold;\">Abteilung Katowice (Sil\u00e9sie)<\/div>\n<p>ul. Kijowska 51<br \/>\n40-754 Katowice<\/p>\n<\/div>\n<\/div>\n<div style=\"clear: both;\">\n<div style=\"float: left; margin-right: 20px; width: 210px;\">\n<div style=\"font-weight: bold;\">Abteilung Krak\u00f3w (Kleinpolen)<\/div>\n<p>ul. Lepkowskiego 9\/23<br \/>\n31-423 Cracovie<br \/>\nt\u00e9l +48 12 626 67 09<\/p>\n<\/div>\n<div style=\"float: left; margin-right: 20px; width: 210px;\">\n<div style=\"font-weight: bold;\">Abteilung Lublin<\/div>\n<p>ul. Moins de 10<br \/>\n20-080 Lublin<\/p>\n<\/div>\n<div style=\"float: left; margin-right: 20px; width: 210px;\">\n<div style=\"font-weight: bold;\">Abteilung \u0141\u00f3d\u017a<\/div>\n<p>ul. Piotrowska 121<br \/>\n62-061 Lodz<\/p>\n<\/div>\n<\/div>\n<div style=\"clear: both;\">\n<div style=\"float: left; margin-right: 20px; width: 210px;\">\n<div style=\"font-weight: bold;\">Abteilung Pozna\u0144<\/div>\n<p>ul. Sienkiewicza 20<br \/>\n60-818 Poznan<\/p>\n<\/div>\n<div style=\"float: left; margin-right: 20px; width: 210px;\">\n<div style=\"font-weight: bold;\">Abteilung Szczecin<\/div>\n<p>ul. Rugia\u0144ska 71<br \/>\n71-653 Szczecin<\/p>\n<\/div>\n<div style=\"float: left; margin-right: 20px; width: 210px;\">\n<div style=\"font-weight: bold;\">Abteilung Wroc\u0142aw<\/div>\n<p>ul. Partnicka 32<br \/>\n53-031 Wroc\u0142aw<\/p>\n<\/div>\n<\/div>\n<div style=\"clear: both;\">\n<div style=\"margin-top: 50px; font-weight: bold;\">Voyez comment vous nous trouvez !<\/div>\n<p><iframe loading=\"lazy\" src=\"https:\/\/maps.google.pl\/maps?ie=UTF8&amp;cid=1316822299054705781&amp;q=Zak%C5%82ad+Doradztwa+Bezpiecze%C5%84stwa+Pracy+ERGON+-+O%C5%9Brodek+Doskonalenia+Kadr&amp;gl=PL&amp;hl=pl&amp;t=m&amp;ll=52.195416,20.864003&amp;spn=0.004604,0.010192&amp;z=16&amp;iwloc=A&amp;output=embed\" width=\"600\" height=\"700\" frameborder=\"0\" marginwidth=\"0\" marginheight=\"0\" scrolling=\"no\"><\/iframe><\/p>\n<\/div>","protected":false},"excerpt":{"rendered":"<p>Si vous avez des questions ou si vous souhaitez obtenir d'autres informations, envoyez-nous un courrier ou contactez-nous par t\u00e9l\u00e9phone - nos collaborateurs sont \u00e0 votre disposition et vous conseillent volontiers, m\u00eame si vous souhaitez conna\u00eetre les d\u00e9tails de nos tarifs avec pr\u00e9cision. Pour les groupes plus importants, nous proposons des remises tr\u00e8s int\u00e9ressantes. Nous vous remercions de bien vouloir prendre connaissance de nos services d'assistance, de conseil, d'aide et d'audit ! La section principale est la section \"Confirmation\" : Hauptabteilung Bildungszentrum Ergon befindet sich im Einkaufszentrum Galeria Gawra, erste Etage Raum 47 (Eingang von hinten, zweites Treppenhaus) damit Sie uns problemlos erreichen schlagen wir vor im Ihren Navi folgende Anschrift zu w\u00e4hlen : Hermana 1-Str. Hinter Einkaufszentrum Gawra steht Ihnen Parkplatz zur Verf\u00fcgung. Nous vous attendons ! Ul. Warszawska 58C Raum. 47 02-496 Varsovie phone +48 22 290 29 09 Regionalabteilungen : Abteilung Bia\u0142ystok ul. Nowy \u015bwiat 9 15-453 Bia\u0142ystok Abteilung Bielsko Bia\u0142a ul. Obro\u0144c\u00f3w W\u0119gierskiej G\u00f3rki 34-350 Wegierska G\u00f3rka Abteilung Bydgoszcz ul. Stary Port 13 85-068 Bydgoszcz Abteilung Gda\u0144sk ul. Ko\u0142obrzeska 45 80-391 Gda\u0144sk Abteilung Gdynia ul. Zbo\u017cowa 7 81-020 Gdynia Abteilung Katowice (Silesia) ul. Kijowska 51 40-754 Katowice Abteilung Krak\u00f3w (Kleinpolen) ul. Lepkowskiego 9\/23 31-423 Krak\u00f3w tel. +48 12 626 67 09 Abteilung Lublin ul. Nieca\u0142a 10 20-080 Lublin Abteilung \u0141\u00f3d\u017a ul. Piotrowska 121 62-061 \u0141\u00f3d\u017a Abteilung Pozna\u0144 ul. Sienkiewicza 20 60-818 Pozna\u0144 Abteilung Szczecin ul. Rugia\u0144ska 71 71-653 Szczecin Abteilung Wroc\u0142aw ul. Partynicka 32 53-031 Wroc\u0142aw Sehen Sie, wie uns finden !<\/p>","protected":false},"author":1,"featured_media":0,"parent":0,"menu_order":5,"comment_status":"closed","ping_status":"closed","template":"","meta":{"sfsi_plus_gutenberg_text_before_share":"","sfsi_plus_gutenberg_show_text_before_share":"","sfsi_plus_gutenberg_icon_type":"","sfsi_plus_gutenberg_icon_alignemt":"","sfsi_plus_gutenburg_max_per_row":"","footnotes":""},"class_list":["post-1895","page","type-page","status-publish","hentry","has_no_thumb"],"aioseo_notices":[],"_links":{"self":[{"href":"https:\/\/kursy-udt.pl\/fr\/wp-json\/wp\/v2\/pages\/1895","targetHints":{"allow":["GET"]}}],"collection":[{"href":"https:\/\/kursy-udt.pl\/fr\/wp-json\/wp\/v2\/pages"}],"about":[{"href":"https:\/\/kursy-udt.pl\/fr\/wp-json\/wp\/v2\/types\/page"}],"author":[{"embeddable":true,"href":"https:\/\/kursy-udt.pl\/fr\/wp-json\/wp\/v2\/users\/1"}],"replies":[{"embeddable":true,"href":"https:\/\/kursy-udt.pl\/fr\/wp-json\/wp\/v2\/comments?post=1895"}],"version-history":[{"count":7,"href":"https:\/\/kursy-udt.pl\/fr\/wp-json\/wp\/v2\/pages\/1895\/revisions"}],"predecessor-version":[{"id":2409,"href":"https:\/\/kursy-udt.pl\/fr\/wp-json\/wp\/v2\/pages\/1895\/revisions\/2409"}],"wp:attachment":[{"href":"https:\/\/kursy-udt.pl\/fr\/wp-json\/wp\/v2\/media?parent=1895"}],"curies":[{"name":"wp","href":"https:\/\/api.w.org\/{rel}","templated":true}]}}