{"id":1863,"date":"2016-02-27T15:57:53","date_gmt":"2016-02-27T15:57:53","guid":{"rendered":"http:\/\/kursy-udt.pl\/?page_id=1863"},"modified":"2016-03-11T08:11:59","modified_gmt":"2016-03-11T08:11:59","slug":"uber-uns","status":"publish","type":"page","link":"https:\/\/kursy-udt.de\/fr\/uber-uns\/","title":{"rendered":"\u00dcber uns"},"content":{"rendered":"<div style=\"float: left; padding-right: 10px;\"><div id=\"metaslider-id-636\" style=\"max-width: 200px;\" class=\"ml-slider-3-108-0 metaslider metaslider-flex metaslider-636 ml-slider ms-theme-default nav-hidden\" role=\"region\" aria-label=\"\u00e0 propos de l&#039;entreprise-vente\" data-height=\"150\" data-width=\"200\">\n    <div id=\"metaslider_container_636\">\n        <div id=\"metaslider_636\" class=\"flexslider\">\n            <ul class='slides'>\n                <li style=\"display: block; width: 100%;\" class=\"slide-651 ms-image\" aria-roledescription=\"slide\" data-date=\"2014-04-13 12:21:19\" data-filename=\"01-sale-szkoleniowe1.jpeg\" data-slide-type=\"image\"><img loading=\"lazy\" decoding=\"async\" src=\"https:\/\/kursy-udt.pl\/wp-content\/uploads\/2014\/04\/01-sale-szkoleniowe1.jpeg\" height=\"150\" width=\"200\" alt=\"\" class=\"slider-636 slide-651 msDefaultImage\" \/><\/li>\n                <li style=\"display: none; width: 100%;\" class=\"slide-652 ms-image\" aria-roledescription=\"slide\" data-date=\"2014-04-13 12:21:19\" data-filename=\"02-sala-szkoleniowa1.jpeg\" data-slide-type=\"image\"><img loading=\"lazy\" decoding=\"async\" src=\"https:\/\/kursy-udt.pl\/wp-content\/uploads\/2014\/04\/02-sala-szkoleniowa1.jpeg\" height=\"150\" width=\"200\" alt=\"\" class=\"slider-636 slide-652 msDefaultImage\" \/><\/li>\n                <li style=\"display: none; width: 100%;\" class=\"slide-653 ms-image\" aria-roledescription=\"slide\" data-date=\"2014-04-13 12:21:21\" data-filename=\"03-sala-szkolenia-udt1.jpeg\" data-slide-type=\"image\"><img loading=\"lazy\" decoding=\"async\" src=\"https:\/\/kursy-udt.pl\/wp-content\/uploads\/2014\/04\/03-sala-szkolenia-udt1.jpeg\" height=\"150\" width=\"200\" alt=\"\" class=\"slider-636 slide-653 msDefaultImage\" \/><\/li>\n            <\/ul>\n        <\/div>\n        \n    <\/div>\n<\/div><\/div>\n<div class=\"wyjustuj\">\n<p>Bildungszentrum Ergon zeichnet \u00fcber 15-j\u00e4hrige Erfahrung in Kursorganisation f\u00fcr verschiedene Berufsgruppen aus. Unsere Fachbereiche sind Kurse im folgenden Umfang\u00a0: Technische Aufsichtsbeh\u00f6rde (UDT), Vereinigung der Polnischen Elektriker (SEP), IP, Arbeitsschutz (BHP), Brandschutz (PPOZ), Erste Hilfe, die wirh gemeinsam im Kreis realenerer Spufezial. Wir sind t\u00e4tig als Bestandteil der Abteilung f\u00fcr Arbeitsschutzberatung Ergon, die schon seit 20 Jahren Beratungsdienstleistungen in Bereichen Beratung und Aufsicht des Arbeitsschutzes erbringt. <\/p>\n<p>Wir fokussieren uns auf Gestaltung der Kurse und Pr\u00fcfungen, orientiert auf Bediener der innerbetrieblichen Transportger\u00e4te, Nutzer der Ger\u00e4te, Beaufsichtigenden der Ger\u00e4te und Energienetz, dar\u00fcber hinaus auf obligatorische Le cours conna\u00eet Arbeits-, und Brandschutz.<br \/>\nWir spezialisieren uns insbesondere auf Realisierung der UDT-Kurse.<br \/>\nJeder unser UDT-Kurs ist professionell gestaltet wodurch die Kursteilnehmer erforderliche UDT-Berechtigungen f\u00fcr bestimmte Arbeitsstellen erwerben.<\/p>\n<div style=\"float: right; padding-left: 10px;\"><div id=\"metaslider-id-644\" style=\"max-width: 200px;\" class=\"ml-slider-3-108-0 metaslider metaslider-flex metaslider-644 ml-slider ms-theme-default nav-hidden nav-hidden\" role=\"region\" aria-label=\"\u00e0 propos de l&#039;entreprise-vente2\" data-height=\"150\" data-width=\"200\">\n    <div id=\"metaslider_container_644\">\n        <div id=\"metaslider_644\" class=\"flexslider\">\n            <ul class='slides'>\n                <li style=\"display: block; width: 100%;\" class=\"slide-648 ms-image\" aria-roledescription=\"slide\" data-date=\"2014-04-13 12:20:45\" data-filename=\"04-uprawnienia-udt-sale2.jpeg\" data-slide-type=\"image\"><img loading=\"lazy\" decoding=\"async\" src=\"https:\/\/kursy-udt.pl\/wp-content\/uploads\/2014\/04\/04-uprawnienia-udt-sale2.jpeg\" height=\"150\" width=\"200\" alt=\"\" class=\"slider-644 slide-648 msDefaultImage\" \/><\/li>\n                <li style=\"display: none; width: 100%;\" class=\"slide-649 ms-image\" aria-roledescription=\"slide\" data-date=\"2014-04-13 12:20:45\" data-filename=\"05-foto-szkolenia2.jpeg\" data-slide-type=\"image\"><img loading=\"lazy\" decoding=\"async\" src=\"https:\/\/kursy-udt.pl\/wp-content\/uploads\/2014\/04\/05-foto-szkolenia2.jpeg\" height=\"150\" width=\"200\" alt=\"\" class=\"slider-644 slide-649 msDefaultImage\" \/><\/li>\n                <li style=\"display: none; width: 100%;\" class=\"slide-650 ms-image\" aria-roledescription=\"slide\" data-date=\"2014-04-13 12:20:46\" data-filename=\"06-pic-ergon-warszawa2.jpeg\" data-slide-type=\"image\"><img loading=\"lazy\" decoding=\"async\" src=\"https:\/\/kursy-udt.pl\/wp-content\/uploads\/2014\/04\/06-pic-ergon-warszawa2.jpeg\" height=\"150\" width=\"200\" alt=\"\" class=\"slider-644 slide-650 msDefaultImage\" \/><\/li>\n            <\/ul>\n        <\/div>\n        \n    <\/div>\n<\/div><\/div>\n<p>Organisieren whirl ua Kurse im Bereich der Gabelstapler. Dieser Kurs ist einer von unseren popul\u00e4rsten Vorschl\u00e4gen, gesch\u00e4tzt und positiv beurteilt von Kursteilnehmern.<br \/>\nDer bei uns vorhandene Course im Bereich Gabelstapler wird im Rahmen von UDT und au\u00dfer UDT realisiert, au\u00dferdem bieten wir Ihnen auch Kurse in Bereichen gesteuerte Kr\u00e4ne, Aufz\u00fcge, Kr\u00e4ne verschiedener Art, Lasten-, undge Bauaufz\u00fchnen an Arbeitsb\u00fchnen an.<br \/>\nMit uns erwerben Sie Berechtigungen f\u00fcr Hubarbeitsb\u00fchnen Cat. IP II P.<br \/>\nWir organisieren Kurse im Bereich der Gabelstaplerfahrer ua auch als geschlossen, individuell - angepasst auf Bed\u00fcrfnisse des Kunden. <\/p>\n<p>Unser Angebot umfasst auch ua\u00a0:<\/p>\n<ul>\n<li><a href=\"http:\/\/ergon.edu.pl\/kurs-na-uprawnienia-sep\/\" rel=\"nofollow\">SEP-Berechtigungen (Vereinigung der Polnischen Elektriker)<\/a><\/li>\n<li><a href=\"http:\/\/ergon.edu.pl\/szkolenia\/kurs-na-uprawnienia-hds\/\" rel=\"nofollow\">HDS-Berechtigungen (Trakker mit eingebautem Kran)<\/a><\/li>\n<li><a href=\"http:\/\/odkergon.pl\" rel=\"nofollow\">Arbeitsschutz-, und Brandschutzkurse<\/a><\/li>\n<li><a href=\"http:\/\/kursadr.com\">Cours ADR (Europ\u00e4isches \u00dcbereinkommen \u00fcber die internationale Bef\u00f6rderung gef\u00e4hrlicher G\u00fcter auf der Stra\u00dfe)<\/a><\/li>\n<li><a href=\"http:\/\/kursadr.com\/szkolenia\/kurs-tdt-do-obslugi-uno\/\" rel=\"nofollow\">TDT-Berechtigungen (Bef\u00fcllen und Leeren der Zisterne mit gef\u00e4hrlichen G\u00fctern)<\/a><\/li>\n<\/ul>\n<p>Uns zeichnen hervorragende Effektivit\u00e4t und Redlichkeit aus. 98% Teilnehmer unserer Kurse w\u00fcrden uns gerne weiter empfehlen. Wir fokussieren uns auf kontinuierlicher Entwicklung, indem wir unseren Expertenkreis wachsen lassen, wir vertiefen auch st\u00e4ndig Wissen und F\u00e4higkeiten. Wir sind \u00fcberwiegend in Woiwodschaft Masowien t\u00e4tig, was uns nicht verhindert auf Kunden im ganzen Polen einzugehen. <\/p>\n<p>Uns zeichnen hervorragende Effektivit\u00e4t und Redlichkeit aus. 98% Teilnehmer unserer Kurse w\u00fcrden uns gerne weiter empfehlen. Wir fokussieren uns auf kontinuierlicher Entwicklung, indem wir unseren Expertenkreis wachsen lassen, wir vertiefen auch st\u00e4ndig Wissen und F\u00e4higkeiten. Wir sind \u00fcberwiegend in Woiwodschaft Masowien t\u00e4tig, was uns nicht verhindert auf Kunden im ganzen Polen einzugehen. <\/p>\n<p>Wir laden Sie ein, unsere Dienstleistungen <a href=\"\/fr\/fachcurse\/\">dans Anspruch zu nehmen<\/a>.<br \/>\nODK ERGON<\/p>\n<\/div>","protected":false},"excerpt":{"rendered":"<p>Bildungszentrum Ergon zeichnet \u00fcber 15-j\u00e4hrige Erfahrung in Kursorganisation f\u00fcr verschiedene Berufsgruppen aus. Unsere Fachbereiche sind Kurse im folgenden Umfang: Technische Aufsichtsbeh\u00f6rde (UDT), Vereinigung der Polnischen Elektriker (SEP), I P, Arbeitsschutz (BHP), Brandschutz (PPOZ), Erste Hilfe, die wir gemeinsam im Kreis unserer berufserfahrenen Spezialisten realisieren. Wir sind t\u00e4tig als Bestandteil der Abteilung f\u00fcr Arbeitsschutzberatung Ergon, die schon seit 20 Jahren Beratungsdienstleistungen in Bereichen Beratung und Aufsicht des Arbeitsschutzes erbringt. Wir fokussieren uns auf Gestaltung der Kurse und Pr\u00fcfungen, orientiert auf Bediener der innerbetrieblichen Transportger\u00e4te, Nutzer der Ger\u00e4te, Beaufsichtigenden der Ger\u00e4te und Energienetz, dar\u00fcber hinaus auf obligatorische Kursen wie Arbeits-, und Brandschutz. Wir spezialisieren uns insbesondere auf Realisierung der UDT-Kurse. Jeder unser UDT-Kurs ist professionell gestaltet wodurch die Kursteilnehmer erforderliche UDT-Berechtigungen f\u00fcr bestimmte Arbeitsstellen erwerben. Wir organisieren u.a. Kurse im Bereich der Gabelstapler. Dieser Kurs ist einer von unseren popul\u00e4rsten Vorschl\u00e4gen, gesch\u00e4tzt und positiv beurteilt von Kursteilnehmern. Der bei uns vorhandene Kurs im Bereich Gabelstapler wird im Rahmen von UDT und au\u00dfer UDT realisiert, au\u00dferdem bieten wir Ihnen auch Kurse in Bereichen gesteuerte Kr\u00e4ne, Aufz\u00fcge, Kr\u00e4ne verschiedener Art, Lasten-, und Bauaufz\u00fcge und Arbeitsb\u00fchnen an. Mit uns erwerben Sie Berechtigungen f\u00fcr Hubarbeitsb\u00fchnen Kat. I P II P. Wir organisieren Kurse im Bereich der Gabelstaplerfahrer u.a. auch als geschlossen, individuell &#8211; angepasst auf Bed\u00fcrfnisse des Kunden. Unser Angebot umfasst auch u.a.: SEP-Berechtigungen (Vereinigung der Polnischen Elektriker) HDS-Berechtigungen (Trakker mit eingebautem Kran) Arbeitsschutz-, und Brandschutzkurse ADR-Kurs (Europ\u00e4isches \u00dcbereinkommen \u00fcber die internationale Bef\u00f6rderung gef\u00e4hrlicher G\u00fcter auf der Stra\u00dfe) TDT-Berechtigungen (Bef\u00fcllen und Leeren der Zisterne mit gef\u00e4hrlichen G\u00fctern) Uns zeichnen hervorragende Effektivit\u00e4t [&hellip;]<\/p>\n","protected":false},"author":1,"featured_media":0,"parent":0,"menu_order":0,"comment_status":"closed","ping_status":"closed","template":"","meta":{"sfsi_plus_gutenberg_text_before_share":"","sfsi_plus_gutenberg_show_text_before_share":"","sfsi_plus_gutenberg_icon_type":"","sfsi_plus_gutenberg_icon_alignemt":"","sfsi_plus_gutenburg_max_per_row":"","footnotes":""},"class_list":["post-1863","page","type-page","status-publish","hentry","has_no_thumb"],"aioseo_notices":[],"_links":{"self":[{"href":"https:\/\/kursy-udt.pl\/fr\/wp-json\/wp\/v2\/pages\/1863","targetHints":{"allow":["GET"]}}],"collection":[{"href":"https:\/\/kursy-udt.pl\/fr\/wp-json\/wp\/v2\/pages"}],"about":[{"href":"https:\/\/kursy-udt.pl\/fr\/wp-json\/wp\/v2\/types\/page"}],"author":[{"embeddable":true,"href":"https:\/\/kursy-udt.pl\/fr\/wp-json\/wp\/v2\/users\/1"}],"replies":[{"embeddable":true,"href":"https:\/\/kursy-udt.pl\/fr\/wp-json\/wp\/v2\/comments?post=1863"}],"version-history":[{"count":4,"href":"https:\/\/kursy-udt.pl\/fr\/wp-json\/wp\/v2\/pages\/1863\/revisions"}],"predecessor-version":[{"id":2025,"href":"https:\/\/kursy-udt.pl\/fr\/wp-json\/wp\/v2\/pages\/1863\/revisions\/2025"}],"wp:attachment":[{"href":"https:\/\/kursy-udt.pl\/fr\/wp-json\/wp\/v2\/media?parent=1863"}],"curies":[{"name":"wp","href":"https:\/\/api.w.org\/{rel}","templated":true}]}}