{"id":1785,"date":"2016-01-23T15:49:16","date_gmt":"2016-01-23T15:49:16","guid":{"rendered":"http:\/\/kursy-udt.pl\/?page_id=1785"},"modified":"2016-01-23T15:49:16","modified_gmt":"2016-01-23T15:49:16","slug":"chargeurs-telescopiques","status":"publish","type":"page","link":"https:\/\/kursy-udt.eu\/fr\/telescopic-loaders\/","title":{"rendered":"Chargeurs t\u00e9lescopiques"},"content":{"rendered":"<div style=\"float: left; padding-right: 10px;\"><img decoding=\"async\" alt=\"Plates-formes mobiles - photo\" src=\"\/wp-content\/uploads\/2014\/03\/wozki-widlowe-1.jpeg\" \/><\/div>\n<div class=\"wyjustuj\">\n<p>Dans les travaux de transport, les chariots \u00e9l\u00e9vateurs \u00e0 fourche et les chargeurs sont couramment utilis\u00e9s. Gr\u00e2ce \u00e0 eux, vous pouvez effectuer des op\u00e9rations \u00e0 forte intensit\u00e9 de main-d'\u0153uvre en gagnant du temps et en mettant l'accent sur un niveau de s\u00e9curit\u00e9 plus \u00e9lev\u00e9.<\/p>\n<p><strong>L'utilisation de machines<\/strong><br \/>\nLes chargeurs t\u00e9lescopiques sont l'une des machines les plus couramment utilis\u00e9es dans les travaux de construction, y compris les travaux de terrassement qui sont \u00e9galement bons dans d'autres branches, entre autres, l'agriculture, les magazines. Il est \u00e9galement utilis\u00e9 pour le transport rapproch\u00e9 de diff\u00e9rents types, \u00e0 la fois horizontalement et verticalement. Ces chariots \u00e9l\u00e9vateurs sp\u00e9cialis\u00e9s n\u00e9cessitent des connaissances appropri\u00e9es certifi\u00e9es par les qualifications de l'op\u00e9rateur.<\/p>\n<p>L'op\u00e9rateur de chargeuse t\u00e9lescopique peut d\u00e9placer correctement des marchandises telles que de la terre ou des agr\u00e9gats tout en effectuant des travaux au sol. En agriculture, la paille, le fumier ou le bois peuvent \u00eatre transport\u00e9s. Ces machines sont \u00e9galement utilis\u00e9es lors du chargement et de la manutention de palettes, de caisses-palettes, de big bags dans les entrep\u00f4ts et les ports de manutention.<\/p>\n<p>Certaines chargeuses ont des bo\u00eetes sp\u00e9ciales pour les personnes et elles peuvent \u00eatre utilis\u00e9es comme palans. La gamme compl\u00e8te des \u00e9quipements fait qu'il s'agit de machines compl\u00e8tes et souvent utilis\u00e9es, ce qui exige des travailleurs qualifi\u00e9s pour les utiliser.<\/p>\n<p><strong>La construction<\/strong><br \/>\nLes chargeurs t\u00e9lescopiques ou un chargeur avec une extension changebale (ce nom est \u00e9galement utilis\u00e9) diff\u00e8rent du chariot \u00e9l\u00e9vateur typique. Tout d'abord, il est \u00e9quip\u00e9 d'un moteur plus puissant qui lui permet d'effectuer des t\u00e2ches plus difficiles. Ses petites extensions sont \u00e9galement un grand avantage car il peut \u00eatre utilis\u00e9 sur de petites surfaces. La machine a quatre roues avec une transmission stable, elle est capable de travailler sur tout type de surface m\u00eame sur des surfaces difficiles comme le sable ou la boue. Les chargeurs ont des cabines spacieuses qui prot\u00e8gent l'op\u00e9rateur ou les stabilisateurs.<\/p>\n<p><strong>Les machines sont g\u00e9n\u00e9ralement divis\u00e9es en deux types :<\/strong><\/p>\n<ul>\n<li>Fixe, frontal, panoramique - ce sont des chargeurs dont la cabine de l'op\u00e9rateur est plac\u00e9e en dur. Sur ces mod\u00e8les, les extensions sont conduites sur le c\u00f4t\u00e9 droit du v\u00e9hicule. Les extensions peuvent \u00eatre \u00e9quip\u00e9es de piliers lat\u00e9raux. Sa capacit\u00e9 de charge est g\u00e9n\u00e9ralement comprise entre 1,5 et 20 tonnes, et son extension est de 20 m\u00e8tres.<\/li>\n<li>Mod\u00e8les rotatifs, avec t\u00eate rotative qui permet de changer la position de la cabine de l'op\u00e9rateur avec une extension de 360 degr\u00e9s sur la plate-forme de la machine. Le plus souvent, sa capacit\u00e9 de charge est de 3 \u00e0 5 tonnes et son extension est de 30 m\u00e8tres.<\/li>\n<\/ul>\n<p>Parmi les producteurs les plus populaires de chargeurs t\u00e9lescopiques, vous pouvez \u00e9num\u00e9rer : New Holland, Manitou, Case, Dieci, JCB ou Merlo. Dans leur offre, vous pouvez trouver une gamme compl\u00e8te de machines modernes aidant largement aux travaux de construction et autres types. Le prix de l'\u00e9quipement peut atteindre plusieurs milliers de zlotys en fonction du producteur, de sa taille et de l'utilisation de l'\u00e9quipement.<\/p>\n<p><strong>Cours sur les chargeurs t\u00e9lescopiques<\/strong><br \/>\nPour travailler en tant qu'op\u00e9rateur de machine, vous devez avoir des qualifications pour cela. Ils sont donn\u00e9s apr\u00e8s avoir suivi des formations et pass\u00e9 l'examen de l'UDT ( Office of Technical Inspection). En choisissant le cours sur les chargeurs t\u00e9lescopiques, le participant recevra des informations concernant l'exploitation s\u00fbre de la machine sur la position de l'op\u00e9rateur. Le cours vous apprend \u00e0 conduire correctement le camion, \u00e0 placer les charges, \u00e0 respecter les r\u00e8gles du contr\u00f4le technique et de l'EHS.<\/p>\n<p>Dans l'ODK (le centre de formation du personnel) ERGON, nous vous proposons des formations professionnelles qui sont la base pour obtenir des qualifications I WJO sur des camions sp\u00e9cialis\u00e9s donc entre autres un chargeur t\u00e9lescopique. En tant qu'entreprise ayant une longue exp\u00e9rience dans le domaine de l'\u00e9ducation, nous fournissons \u00e0 nos \u00e9tudiants l'assistance compl\u00e8te de nos experts pour passer un examen devant le jury de l'Office d'inspection technique. Nous op\u00e9rons dans les villes suivantes : Varsovie, Cracovie, Katowice et Bielsko- Biala. Nous sommes \u00e9galement en mesure d'organiser des cours en groupes ferm\u00e9s pour nos clients en tout lieu et \u00e0 tout moment. La liste des prix de nos cours est adapt\u00e9e au nombre de participants.<\/p>\n<p>Toutes les personnes int\u00e9ress\u00e9es sont invit\u00e9es au cours sur un chargeur t\u00e9lescopique au Centre de formation du personnel ERGON.<\/p>\n<\/div>","protected":false},"excerpt":{"rendered":"<p>In transport works, forklifts and loaders are commonly used. Thanks to them, you can do labor-intensive operations saving time and with the emphasis on higher level of safety. The use of machines Telescopic loaders are one of commonly used machines in building works, including earthworks which are also good in other branches, among others, agriculture, magazines. It is also used for close transport of different types both horizontally and vertically. This specialized forklifts need appropriate knowledge certified by the operator\u2019s qualifications. Telescopic loader operator can move goods correctly such as ground or aggregate while doing ground works. In agriculture, straw, manure or wood can be transported. Such machines also are used while loading and handling pallets, casepallets, big bags in warehouses and handling ports. Some loaders have special boxes for people and they can be used as hoists. Full range of the equipment cause them being comprehensive and often used machines which makes high demand on workers having qualifications for their operation. The construction Telescopic loaders or a loader with a changebale extension (such name is used too) differs from the typical forklift. First and foremost, it is equipped with the engine with higher power which causes it can do more difficult tasks. Its small extensions are also a big advantage because it can be used on small surfaces. The machine has four wheels with a stable transmission, it is able to work on every kind of surface also on difficult surfaces such as sand or mud. Loaders have roomy cabins protecting the operator or [&hellip;]<\/p>\n","protected":false},"author":1,"featured_media":0,"parent":0,"menu_order":0,"comment_status":"closed","ping_status":"closed","template":"","meta":{"sfsi_plus_gutenberg_text_before_share":"","sfsi_plus_gutenberg_show_text_before_share":"","sfsi_plus_gutenberg_icon_type":"","sfsi_plus_gutenberg_icon_alignemt":"","sfsi_plus_gutenburg_max_per_row":"","footnotes":""},"class_list":["post-1785","page","type-page","status-publish","hentry","has_thumb"],"aioseo_notices":[],"_links":{"self":[{"href":"https:\/\/kursy-udt.pl\/fr\/wp-json\/wp\/v2\/pages\/1785","targetHints":{"allow":["GET"]}}],"collection":[{"href":"https:\/\/kursy-udt.pl\/fr\/wp-json\/wp\/v2\/pages"}],"about":[{"href":"https:\/\/kursy-udt.pl\/fr\/wp-json\/wp\/v2\/types\/page"}],"author":[{"embeddable":true,"href":"https:\/\/kursy-udt.pl\/fr\/wp-json\/wp\/v2\/users\/1"}],"replies":[{"embeddable":true,"href":"https:\/\/kursy-udt.pl\/fr\/wp-json\/wp\/v2\/comments?post=1785"}],"version-history":[{"count":2,"href":"https:\/\/kursy-udt.pl\/fr\/wp-json\/wp\/v2\/pages\/1785\/revisions"}],"predecessor-version":[{"id":1788,"href":"https:\/\/kursy-udt.pl\/fr\/wp-json\/wp\/v2\/pages\/1785\/revisions\/1788"}],"wp:attachment":[{"href":"https:\/\/kursy-udt.pl\/fr\/wp-json\/wp\/v2\/media?parent=1785"}],"curies":[{"name":"wp","href":"https:\/\/api.w.org\/{rel}","templated":true}]}}