{"id":1781,"date":"2016-01-23T15:45:08","date_gmt":"2016-01-23T15:45:08","guid":{"rendered":"http:\/\/kursy-udt.pl\/?page_id=1781"},"modified":"2016-01-23T15:45:08","modified_gmt":"2016-01-23T15:45:08","slug":"machines-pour-la-manoeuvre-de-conteneurs","status":"publish","type":"page","link":"https:\/\/kursy-udt.eu\/fr\/machines-for-the-manoeuvring-of-containers\/","title":{"rendered":"Machines pour la man\u0153uvre des conteneurs"},"content":{"rendered":"<div style=\"float:left; padding-right:10px;\"><img decoding=\"async\" src=\"\/wp-content\/uploads\/2014\/04\/urzadzenia-do-manipulacji-kontenerami.jpeg\" alt=\"Mat\u00e9riel de manutention de conteneurs\"><\/div>\n<div class=\"wyjustuj\">Les machines pour la man\u0153uvre des conteneurs sont principalement utilis\u00e9es dans les ports et permettent de man\u0153uvrer facilement les conteneurs. Pour utiliser l'\u00e9quipement, le travailleur doit avoir des qualifications sur les machines pour la man\u0153uvre des conteneurs. Pour les obtenir, vous devez avoir suivi le cours sur la man\u0153uvre des conteneurs.<\/p>\n<p>Nous proposons des cours sur les machines destin\u00e9es \u00e0 la man\u0153uvre des conteneurs. Toutes nos formations englobent des cours th\u00e9oriques et pratiques pour se pr\u00e9parer \u00e0 travailler en tant qu'op\u00e9rateur de ce type d'\u00e9quipement. Il s'agit de formations UDT ( the Office of Technical Inspection) pour recevoir des qualifications UDT. Nous organisons des cours avec des experts dans un certain domaine. Nous vous invitons !<\/p><\/div>\n<div class=\"button_styl\" style=\"float:right; padding-left:15px; padding-bottom:8px; margin-bottom:5px;\"><a href=\"https:\/\/platformaedukacji.pl\/login\/signup.php\" rel=\"nofollow\" target=\"_blank\" class=\"myButton myButton_maly\"><font color=\"white\">Inscrivez-vous \u00e0 la formation<\/font><\/a><\/div>","protected":false},"excerpt":{"rendered":"<p>Les machines pour la man\u0153uvre des conteneurs sont principalement utilis\u00e9es dans les ports et permettent de man\u0153uvrer facilement les conteneurs. Pour utiliser l'\u00e9quipement, le travailleur doit avoir des qualifications sur les machines pour la man\u0153uvre des conteneurs. Pour les obtenir, vous devez avoir suivi le cours sur la man\u0153uvre des conteneurs. Nous proposons des cours sur les machines destin\u00e9es \u00e0 la man\u0153uvre des conteneurs. Toutes nos formations englobent des cours th\u00e9oriques et pratiques pour se pr\u00e9parer \u00e0 travailler en tant qu'op\u00e9rateur de ce type d'\u00e9quipement. Il s'agit de formations UDT ( the Office of Technical Inspection) pour recevoir des qualifications UDT. Nous organisons des cours avec des experts dans un certain domaine. Nous vous invitons ! Inscrivez-vous \u00e0 la formation<\/p>","protected":false},"author":1,"featured_media":0,"parent":0,"menu_order":0,"comment_status":"closed","ping_status":"closed","template":"","meta":{"sfsi_plus_gutenberg_text_before_share":"","sfsi_plus_gutenberg_show_text_before_share":"","sfsi_plus_gutenberg_icon_type":"","sfsi_plus_gutenberg_icon_alignemt":"","sfsi_plus_gutenburg_max_per_row":"","footnotes":""},"class_list":["post-1781","page","type-page","status-publish","hentry","has_thumb"],"aioseo_notices":[],"_links":{"self":[{"href":"https:\/\/kursy-udt.pl\/fr\/wp-json\/wp\/v2\/pages\/1781","targetHints":{"allow":["GET"]}}],"collection":[{"href":"https:\/\/kursy-udt.pl\/fr\/wp-json\/wp\/v2\/pages"}],"about":[{"href":"https:\/\/kursy-udt.pl\/fr\/wp-json\/wp\/v2\/types\/page"}],"author":[{"embeddable":true,"href":"https:\/\/kursy-udt.pl\/fr\/wp-json\/wp\/v2\/users\/1"}],"replies":[{"embeddable":true,"href":"https:\/\/kursy-udt.pl\/fr\/wp-json\/wp\/v2\/comments?post=1781"}],"version-history":[{"count":2,"href":"https:\/\/kursy-udt.pl\/fr\/wp-json\/wp\/v2\/pages\/1781\/revisions"}],"predecessor-version":[{"id":1783,"href":"https:\/\/kursy-udt.pl\/fr\/wp-json\/wp\/v2\/pages\/1781\/revisions\/1783"}],"wp:attachment":[{"href":"https:\/\/kursy-udt.pl\/fr\/wp-json\/wp\/v2\/media?parent=1781"}],"curies":[{"name":"wp","href":"https:\/\/api.w.org\/{rel}","templated":true}]}}