{"id":1776,"date":"2016-01-23T15:41:19","date_gmt":"2016-01-23T15:41:19","guid":{"rendered":"http:\/\/kursy-udt.pl\/?page_id=1776"},"modified":"2016-01-23T15:41:19","modified_gmt":"2016-01-23T15:41:19","slug":"transstockeurs","status":"publish","type":"page","link":"https:\/\/kursy-udt.eu\/fr\/stacker-cranes\/","title":{"rendered":"Grues empileuses"},"content":{"rendered":"<div style=\"float:left; padding-right:10px;\"><img decoding=\"async\" src=\"\/wp-content\/uploads\/2014\/04\/ukladnice.jpg\" alt=\"Transstockeurs\"><\/div>\n<div class=\"wyjustuj\">Un transstockeur est un type de dispositif d'accueil et de transport interne qui est utilis\u00e9 pour transporter et empiler des mat\u00e9riaux, principalement dans les entrep\u00f4ts. Des qualifications UDT ( Office of Technical Inspection) sont n\u00e9cessaires pour son fonctionnement. Il existe des grues \u00e0 poteau empilable comme poteau praticable et un cadre comme porte mobile. Le fonctionnement et l'entretien de l'\u00e9quipement sont enseign\u00e9s dans le cadre du cours sur les portiques dont l'acquisition vous permettra d'obtenir des qualifications plus tard. <\/p>\n<p>Nous organisons des cours sur les transstockeurs de tous types. Nos qualifications UDT ( Office of Technical Inspection) vous aident \u00e0 r\u00e9ussir l'examen. Toutes les formations sur une grue de levage comportent des cours th\u00e9oriques et pratiques qui permettent de donner \u00e0 vos participants des connaissances et des comp\u00e9tences compl\u00e8tes.<\/p><\/div>\n<div class=\"button_styl\" style=\"float:right; padding-left:15px; padding-bottom:8px; margin-bottom:5px;\"><a href=\"https:\/\/platformaedukacji.pl\/login\/signup.php\" rel=\"nofollow\" target=\"_blank\" class=\"myButton myButton_maly\"><font color=\"white\">Inscrivez-vous \u00e0 la formation<\/font><\/a><\/div>","protected":false},"excerpt":{"rendered":"<p>Un transstockeur est un type de dispositif d'accueil et de transport interne qui est utilis\u00e9 pour transporter et empiler des mat\u00e9riaux, principalement dans les entrep\u00f4ts. Des qualifications UDT ( Office of Technical Inspection) sont n\u00e9cessaires pour son fonctionnement. Il existe des grues \u00e0 poteau empilable comme poteau praticable et un cadre comme porte mobile. Le fonctionnement et l'entretien de l'\u00e9quipement sont enseign\u00e9s dans le cadre du cours sur les portiques dont l'acquisition vous permettra d'obtenir des qualifications plus tard. Nous organisons des cours sur les transstockeurs de tous types. Nos qualifications UDT ( Office of Technical Inspection) vous aident \u00e0 r\u00e9ussir l'examen. Toutes les formations sur une grue de levage comportent des cours th\u00e9oriques et pratiques qui permettent de donner \u00e0 vos participants des connaissances et des comp\u00e9tences compl\u00e8tes. Inscrivez-vous \u00e0 la formation<\/p>","protected":false},"author":1,"featured_media":0,"parent":0,"menu_order":0,"comment_status":"closed","ping_status":"closed","template":"","meta":{"sfsi_plus_gutenberg_text_before_share":"","sfsi_plus_gutenberg_show_text_before_share":"","sfsi_plus_gutenberg_icon_type":"","sfsi_plus_gutenberg_icon_alignemt":"","sfsi_plus_gutenburg_max_per_row":"","footnotes":""},"class_list":["post-1776","page","type-page","status-publish","hentry","has_thumb"],"aioseo_notices":[],"_links":{"self":[{"href":"https:\/\/kursy-udt.pl\/fr\/wp-json\/wp\/v2\/pages\/1776","targetHints":{"allow":["GET"]}}],"collection":[{"href":"https:\/\/kursy-udt.pl\/fr\/wp-json\/wp\/v2\/pages"}],"about":[{"href":"https:\/\/kursy-udt.pl\/fr\/wp-json\/wp\/v2\/types\/page"}],"author":[{"embeddable":true,"href":"https:\/\/kursy-udt.pl\/fr\/wp-json\/wp\/v2\/users\/1"}],"replies":[{"embeddable":true,"href":"https:\/\/kursy-udt.pl\/fr\/wp-json\/wp\/v2\/comments?post=1776"}],"version-history":[{"count":2,"href":"https:\/\/kursy-udt.pl\/fr\/wp-json\/wp\/v2\/pages\/1776\/revisions"}],"predecessor-version":[{"id":1779,"href":"https:\/\/kursy-udt.pl\/fr\/wp-json\/wp\/v2\/pages\/1776\/revisions\/1779"}],"wp:attachment":[{"href":"https:\/\/kursy-udt.pl\/fr\/wp-json\/wp\/v2\/media?parent=1776"}],"curies":[{"name":"wp","href":"https:\/\/api.w.org\/{rel}","templated":true}]}}