{"id":1772,"date":"2016-01-23T15:38:46","date_gmt":"2016-01-23T15:38:46","guid":{"rendered":"http:\/\/kursy-udt.pl\/?page_id=1772"},"modified":"2016-01-23T15:39:44","modified_gmt":"2016-01-23T15:39:44","slug":"grue-daccueil-de-la-voie-ferree","status":"publish","type":"page","link":"https:\/\/kursy-udt.eu\/fr\/line-track-hosting-crane\/","title":{"rendered":"Grue d'accueil sur rails de ligne"},"content":{"rendered":"<div style=\"float:left; padding-right:10px;\"><img decoding=\"async\" src=\"\/wp-content\/uploads\/2014\/04\/dzwignice-linotorowe-2.jpg\" alt=\"Grues \u00e0 c\u00e2ble\"><\/div>\n<div class=\"wyjustuj\">Les grues de levage \u00e0 voie de ligne accueillent des machines - un type de funiculaires. Ils sont destin\u00e9s au transport de charges pulv\u00e9rulentes ou de mat\u00e9riaux en conteneurs. Un WODZAK (grue de levage servant \u00e0 d\u00e9placer la charge \u00e0 l&#039;aide de deux bandes) est utilis\u00e9 \u00e0 cet effet et il se d\u00e9place le long de cordes porteuses et de traction ou de cordes portatives qui sont pos\u00e9es sur deux \u00e9tais. Les travailleurs qui utilisent les \u00e9quipements de ce type doivent avoir des qualifications sur les grues de levage \u00e0 voie de ligne. Ce sont des qualifications UDT (Office of Technical Inspection) que vous obtenez apr\u00e8s avoir r\u00e9ussi l&#039;examen.<\/p>\n<p>Les cours disponibles sur les grues de levage sur chenilles vous donnent des informations th\u00e9oriques et des comp\u00e9tences pratiques sur le fonctionnement de l&#039;\u00e9quipement. Comme il en rend compte au contr\u00f4le technique, chaque cours sur grue de levage \u00e0 voie en ligne comprend des r\u00e9glementations sur les conditions techniques dans la gamme d&#039;exploitation. Comme il s&#039;agit de cours UDT (Office of Technical Inspection), ils vous autorisent \u00e0 passer un examen.<\/p>\n<p>Nous proposons des formations sur les grues de levage sur chenilles. Il s&#039;agit de formations UDT (Office of Technical Inspection) permettant de passer l&#039;examen et d&#039;obtenir des qualifications. Nous t&#039;invitons!<\/p><\/div>\n<div class=\"button_styl\" style=\"float:right; padding-left:15px; padding-bottom:8px; margin-bottom:5px;\"><a href=\"https:\/\/platformaedukacji.pl\/login\/signup.php\" rel=\"nofollow\" target=\"_blank\" class=\"myButton myButton_maly\"><font color=\"white\">Inscrivez-vous \u00e0 la formation<\/font><\/a><\/div>","protected":false},"excerpt":{"rendered":"<p>Les grues de levage \u00e0 voie de ligne accueillent des machines - un type de funiculaires. Ils sont destin\u00e9s au transport de charges pulv\u00e9rulentes ou de mat\u00e9riaux en conteneurs. Un WODZAK (grue de levage servant \u00e0 d\u00e9placer la charge \u00e0 l&#039;aide de deux bandes) est utilis\u00e9 \u00e0 cet effet et il se d\u00e9place le long de cordes porteuses et de traction ou de cordes portatives qui sont pos\u00e9es sur deux \u00e9tais. Les travailleurs qui utilisent les \u00e9quipements de ce type doivent avoir des qualifications sur les grues de levage \u00e0 voie de ligne. Ce sont des qualifications UDT (Office of Technical Inspection) que vous obtenez apr\u00e8s avoir r\u00e9ussi l&#039;examen. Les cours disponibles sur les grues de levage sur chenilles vous donnent des informations th\u00e9oriques et des comp\u00e9tences pratiques sur le fonctionnement de l&#039;\u00e9quipement. Comme il en rend compte au contr\u00f4le technique, chaque cours sur grue de levage \u00e0 voie en ligne comprend des r\u00e9glementations sur les conditions techniques dans la gamme d&#039;exploitation. Comme il s&#039;agit de cours UDT (Office of Technical Inspection), ils vous autorisent \u00e0 passer un examen. Nous proposons des formations sur les grues de levage sur chenilles. Il s&#039;agit de formations UDT (Office of Technical Inspection) permettant de passer l&#039;examen et d&#039;obtenir des qualifications. Nous t&#039;invitons! Inscrivez-vous \u00e0 la formation<\/p>","protected":false},"author":1,"featured_media":0,"parent":0,"menu_order":0,"comment_status":"closed","ping_status":"closed","template":"","meta":{"sfsi_plus_gutenberg_text_before_share":"","sfsi_plus_gutenberg_show_text_before_share":"","sfsi_plus_gutenberg_icon_type":"","sfsi_plus_gutenberg_icon_alignemt":"","sfsi_plus_gutenburg_max_per_row":"","footnotes":""},"class_list":["post-1772","page","type-page","status-publish","hentry","has_thumb"],"aioseo_notices":[],"_links":{"self":[{"href":"https:\/\/kursy-udt.pl\/fr\/wp-json\/wp\/v2\/pages\/1772","targetHints":{"allow":["GET"]}}],"collection":[{"href":"https:\/\/kursy-udt.pl\/fr\/wp-json\/wp\/v2\/pages"}],"about":[{"href":"https:\/\/kursy-udt.pl\/fr\/wp-json\/wp\/v2\/types\/page"}],"author":[{"embeddable":true,"href":"https:\/\/kursy-udt.pl\/fr\/wp-json\/wp\/v2\/users\/1"}],"replies":[{"embeddable":true,"href":"https:\/\/kursy-udt.pl\/fr\/wp-json\/wp\/v2\/comments?post=1772"}],"version-history":[{"count":2,"href":"https:\/\/kursy-udt.pl\/fr\/wp-json\/wp\/v2\/pages\/1772\/revisions"}],"predecessor-version":[{"id":1774,"href":"https:\/\/kursy-udt.pl\/fr\/wp-json\/wp\/v2\/pages\/1772\/revisions\/1774"}],"wp:attachment":[{"href":"https:\/\/kursy-udt.pl\/fr\/wp-json\/wp\/v2\/media?parent=1772"}],"curies":[{"name":"wp","href":"https:\/\/api.w.org\/{rel}","templated":true}]}}