{"id":1767,"date":"2016-01-23T15:36:44","date_gmt":"2016-01-23T15:36:44","guid":{"rendered":"http:\/\/kursy-udt.pl\/?page_id=1767"},"modified":"2016-01-23T15:36:44","modified_gmt":"2016-01-23T15:36:44","slug":"monte-charges","status":"publish","type":"page","link":"https:\/\/kursy-udt.eu\/fr\/freight-elevators\/","title":{"rendered":"Ascenseurs de fret"},"content":{"rendered":"<div style=\"float:left; padding-right:10px;\"><img decoding=\"async\" src=\"\/wp-content\/uploads\/2014\/04\/wyciagi-towarowe.jpeg\" alt=\"Monte-charges\"><\/div>\n<div class=\"wyjustuj\">Les monte-charges sont des monte-charges qui servent \u00e0 transporter des charges de mani\u00e8re inclin\u00e9e \u00e0 l&#039;aide de palans \u00e0 cha\u00eene et de ligne sur glissi\u00e8res. Vous devez avoir des qualifications sur les monte-charges pour faire fonctionner le monte-charge.<\/p>\n<p>Nous offrons des formations sur les monte-charges qui vous autorisent \u00e0 op\u00e9rer et entretenir l&#039;\u00e9quipement. Les cours se composent de th\u00e9orie et de pratique. La personne qui a suivi le cours sur les monte-charges peut passer un examen. Apr\u00e8s l&#039;avoir r\u00e9ussi, ils obtiennent les qualifications UDT (Office of Technical Inspection). Nos cours sur les monte-charges sont dispens\u00e9s par des experts et, par cons\u00e9quent, ils ont une grande efficacit\u00e9. Tu es invit\u00e9!<\/p><\/div>\n<div class=\"button_styl\" style=\"float:right; padding-left:15px; padding-bottom:8px; margin-bottom:5px;\"><a href=\"https:\/\/platformaedukacji.pl\/login\/signup.php\" rel=\"nofollow\" target=\"_blank\" class=\"myButton myButton_maly\"><font color=\"white\">Inscrivez-vous \u00e0 la formation<\/font><\/a><\/div>","protected":false},"excerpt":{"rendered":"<p>Les monte-charges sont des appareils de levage utilis\u00e9s pour transporter des charges de mani\u00e8re inclin\u00e9e \u00e0 l'aide de palans \u00e0 cha\u00eene et de palans \u00e0 c\u00e2ble sur des barres de glissement. Vous devez avoir des qualifications sur les monte-charges pour utiliser le palan. Nous proposons des formations sur les monte-charges qui vous autorisent \u00e0 utiliser et \u00e0 entretenir l'\u00e9quipement. Les cours se composent de th\u00e9orie et de pratique. La personne qui a suivi la formation sur les monte-charges peut passer un examen. Apr\u00e8s l'avoir r\u00e9ussi, elle obtient la qualification UDT (Bureau d'inspection technique). Nos cours sur les monte-charges sont dispens\u00e9s par des experts et sont donc tr\u00e8s efficaces. Vous \u00eates invit\u00e9s ! Inscrivez-vous \u00e0 la formation<\/p>","protected":false},"author":1,"featured_media":0,"parent":0,"menu_order":0,"comment_status":"closed","ping_status":"closed","template":"","meta":{"sfsi_plus_gutenberg_text_before_share":"","sfsi_plus_gutenberg_show_text_before_share":"","sfsi_plus_gutenberg_icon_type":"","sfsi_plus_gutenberg_icon_alignemt":"","sfsi_plus_gutenburg_max_per_row":"","footnotes":""},"class_list":["post-1767","page","type-page","status-publish","hentry","has_thumb"],"aioseo_notices":[],"_links":{"self":[{"href":"https:\/\/kursy-udt.pl\/fr\/wp-json\/wp\/v2\/pages\/1767","targetHints":{"allow":["GET"]}}],"collection":[{"href":"https:\/\/kursy-udt.pl\/fr\/wp-json\/wp\/v2\/pages"}],"about":[{"href":"https:\/\/kursy-udt.pl\/fr\/wp-json\/wp\/v2\/types\/page"}],"author":[{"embeddable":true,"href":"https:\/\/kursy-udt.pl\/fr\/wp-json\/wp\/v2\/users\/1"}],"replies":[{"embeddable":true,"href":"https:\/\/kursy-udt.pl\/fr\/wp-json\/wp\/v2\/comments?post=1767"}],"version-history":[{"count":2,"href":"https:\/\/kursy-udt.pl\/fr\/wp-json\/wp\/v2\/pages\/1767\/revisions"}],"predecessor-version":[{"id":1770,"href":"https:\/\/kursy-udt.pl\/fr\/wp-json\/wp\/v2\/pages\/1767\/revisions\/1770"}],"wp:attachment":[{"href":"https:\/\/kursy-udt.pl\/fr\/wp-json\/wp\/v2\/media?parent=1767"}],"curies":[{"name":"wp","href":"https:\/\/api.w.org\/{rel}","templated":true}]}}