{"id":1763,"date":"2016-01-23T15:29:23","date_gmt":"2016-01-23T15:29:23","guid":{"rendered":"http:\/\/kursy-udt.pl\/?page_id=1763"},"modified":"2016-01-23T15:32:49","modified_gmt":"2016-01-23T15:32:49","slug":"chariots-elevateurs-a-fourche-gerbeurs","status":"publish","type":"page","link":"https:\/\/kursy-udt.eu\/fr\/forklift-stacking-trucks\/","title":{"rendered":"Gerbeurs \u00e0 fourches"},"content":{"rendered":"<div style=\"float:left; padding-right:10px;\"><img decoding=\"async\" src=\"\/wp-content\/uploads\/2014\/03\/wozki-widlowe-3.jpeg\" alt=\"Chariots \u00e9l\u00e9vateurs\"><\/div>\n<div class=\"wyjustuj\">Nous vous invitons pour le cours sur les chariots \u00e9l\u00e9vateurs gerbeurs au Centre de Formation du Personnel ERGON ! Nos participants aux cours apprennent toujours \u00e0 conna\u00eetre les chariots \u00e9l\u00e9vateurs gerbeurs et il est donc facile d&#039;obtenir des qualifications. Tous nos cours sur les chariots \u00e9l\u00e9vateurs gerbeurs sont dispens\u00e9s sur la base de nos conf\u00e9renciers et instructeurs qualifi\u00e9s ainsi que des r\u00e9glementations l\u00e9gales \u00e0 jour. Les cours sont dispens\u00e9s \u00e0 tous les niveaux, c&#039;est pourquoi vous pouvez obtenir les qualifications I, II, III WJO pour l&#039;utilisation de tout type de machine. <\/p>\n<p>La formation sur les chariots \u00e9l\u00e9vateurs gerbeurs est divis\u00e9e en th\u00e9orie et en pratique. Au cours de la partie th\u00e9orique, vous obtiendrez des informations sur la construction et les principes des fonctions de la machine ainsi que sur l&#039;utilisation de la machine de mani\u00e8re s\u00fbre conform\u00e9ment aux r\u00e9glementations EHS et UDT (le Bureau d&#039;inspection technique). Dans la partie pratique, les participants apprennent \u00e0 man\u0153uvrer la machine et \u00e0 effectuer diff\u00e9rents travaux. Apr\u00e8s avoir termin\u00e9 la formation, vous pouvez passer l&#039;examen du Bureau de l&#039;inspection technique et recevoir des qualifications. Gr\u00e2ce \u00e0 nos formations dispens\u00e9es de mani\u00e8re globale et mettant l&#039;accent sur les effets, il est beaucoup plus facile d&#039;obtenir des qualifications. <\/p>\n<p><strong>Utilisez<\/strong><br \/>\nChariots gerbeurs ou <span class=\"linkwartykule\"><a href=\"\/fr\/formations\/cours-de-chariot-elevateur\/\">chariots \u00e9l\u00e9vateurs \u00e0 fourche<\/a><\/span> sont des machines pour le transport rapproch\u00e9 qui ont une utilisation compl\u00e8te. Ils sont utilis\u00e9s pour le transport de marchandises principalement sur des palettes en bois dans les entrep\u00f4ts, les halls industriels, les magasins et les ports.<\/p>\n<p>La division des camions est conforme aux cat\u00e9gories de qualifications de l&#039;UDT (Office of Technical Inspection). Parmi eux, il y a des machines avec diff\u00e9rents types de transmission, y compris la transmission \u00e9lectrique, \u00e0 batterie, \u00e0 essence et \u00e0 moteur diesel. En ce qui concerne l&#039;exploitation, il existe des chariots \u00e9l\u00e9vateurs, \u00e9l\u00e9vateurs, tirants, charg\u00e9s ou d\u00e9di\u00e9s. Selon le mode de fonctionnement\/conduite de la machine, il existe des chariots \u00e9l\u00e9vateurs motoris\u00e9s, \u00e0 plate-forme, t\u00e9l\u00e9command\u00e9s et \u00e9quip\u00e9s de chaises.<\/p>\n<p><strong>Types de qualifications\u00a0:<\/strong><br \/>\nL&#039;UDT (Office de Contr\u00f4le Technique) distingue trois cat\u00e9gories de qualifications n\u00e9cessaires \u00e0 la conduite de la machine :<\/p>\n<ul>\n<li>\n<strong>Cat\u00e9gorie I WJO\u00a0:<\/strong><br \/>\n- chariots \u00e9l\u00e9vateurs \u00e0 fourche<br \/>\n- chariot \u00e9l\u00e9vateur d\u00e9di\u00e9 \u00e0 l&#039;accueil des chariots- avec un op\u00e9rateur soulev\u00e9 avec la charge et avec une extension variable\n<\/li>\n<li>\n<strong>Cat\u00e9gorie II WJO\u00a0:<\/strong><br \/>\n- chariots \u00e9l\u00e9vateurs malgr\u00e9 ceux d\u00e9di\u00e9s\n<\/li>\n<li>\n<strong>OJO de cat\u00e9gorie\u00a0III\u00a0:<\/strong><br \/>\n- chariots \u00e9l\u00e9vateurs \u00e0 fourche conduits ou t\u00e9l\u00e9command\u00e9s\n<\/li>\n<\/ul>\n<p><strong>L'objectif de la formation<\/strong><br \/>\nLes formations de notre offre s&#039;adressent aux personnes de plus de 18 ans, qui ont termin\u00e9 leurs \u00e9tudes primaires et qui n&#039;ont aucune contre-indication \u00e0 travailler comme op\u00e9rateur.<\/p>\n<p>Actuellement, des travailleurs sont recherch\u00e9s dans de nombreux chantiers. Ils doivent avoir des qualifications pour les chariots \u00e9l\u00e9vateurs \u00e0 fourche. Les formations dispens\u00e9es dans notre centre seront un bon investissement qui aidera \u00e0 trouver un emploi. Des formations sont organis\u00e9es pour des groupes de travailleurs canalis\u00e9s par un employeur. Nous pouvons les fabriquer \u00e0 tout moment et en tout lieu.<\/p>\n<p>Nous vous invitons \u00e0 utiliser notre offre.<\/p><\/div>\n<div class=\"button_styl\" style=\"float:right; padding-left:15px; padding-bottom:8px; margin-bottom:5px;\"><a href=\"https:\/\/platformaedukacji.pl\/login\/signup.php\" rel=\"nofollow\" target=\"_blank\" class=\"myButton myButton_maly\"><font color=\"white\">Inscrivez-vous \u00e0 la formation<\/font><\/a><\/div>","protected":false},"excerpt":{"rendered":"<p>We invite you for the course on forklift stacking trucks to the Centre for Staff Training ERGON! Our course participants always get to know forklift stacking trucks and therefore it is easy to obtain qualifications. All our courses on forklift stacking trucks are taught on the basis of our qualified lecturers and instructors as well as up-to-date law regulations. Courses are run on all levels, that is why you can get I, II, III WJO qualifications for operating every kind of machine. The training on forklift stacking trucks is divided into theory and practice. During theoretical part, you will get information on the construction and principles of the machine functions as well as using the machine in a safe way in accordance with EHS and UDT( the Office of Technical Inspection) regulations. In the practical part, participants learn the maneuvering of the machine and doing different works. After completing the training, you can take the Office of Technical Inspection exam and receive qualifications. Thanks to our trainings being run comprehensively and putting the emphasis on effects, getting qualifications is much easier. Use Forklift stacking trucks or forklift trucks are machines for close transport which have comprehensive use. They are used for transporting goods mainly on wooden pallets in warehouses, industrial halls, shops and harbours. The division of trucks is in accordance with UDT ( the Office of Technical Inspection) categories of qualifications. Among them, there are machines with different kinds of transmission including electric, battery, petrol and Diesel engine transmission. As far as the exploitation [&hellip;]<\/p>\n","protected":false},"author":1,"featured_media":0,"parent":0,"menu_order":0,"comment_status":"closed","ping_status":"closed","template":"","meta":{"sfsi_plus_gutenberg_text_before_share":"","sfsi_plus_gutenberg_show_text_before_share":"","sfsi_plus_gutenberg_icon_type":"","sfsi_plus_gutenberg_icon_alignemt":"","sfsi_plus_gutenburg_max_per_row":"","footnotes":""},"class_list":["post-1763","page","type-page","status-publish","hentry","has_thumb"],"aioseo_notices":[],"_links":{"self":[{"href":"https:\/\/kursy-udt.pl\/fr\/wp-json\/wp\/v2\/pages\/1763","targetHints":{"allow":["GET"]}}],"collection":[{"href":"https:\/\/kursy-udt.pl\/fr\/wp-json\/wp\/v2\/pages"}],"about":[{"href":"https:\/\/kursy-udt.pl\/fr\/wp-json\/wp\/v2\/types\/page"}],"author":[{"embeddable":true,"href":"https:\/\/kursy-udt.pl\/fr\/wp-json\/wp\/v2\/users\/1"}],"replies":[{"embeddable":true,"href":"https:\/\/kursy-udt.pl\/fr\/wp-json\/wp\/v2\/comments?post=1763"}],"version-history":[{"count":3,"href":"https:\/\/kursy-udt.pl\/fr\/wp-json\/wp\/v2\/pages\/1763\/revisions"}],"predecessor-version":[{"id":1765,"href":"https:\/\/kursy-udt.pl\/fr\/wp-json\/wp\/v2\/pages\/1763\/revisions\/1765"}],"wp:attachment":[{"href":"https:\/\/kursy-udt.pl\/fr\/wp-json\/wp\/v2\/media?parent=1763"}],"curies":[{"name":"wp","href":"https:\/\/api.w.org\/{rel}","templated":true}]}}