{"id":1756,"date":"2016-01-23T15:25:41","date_gmt":"2016-01-23T15:25:41","guid":{"rendered":"http:\/\/kursy-udt.pl\/?page_id=1756"},"modified":"2016-01-23T15:27:51","modified_gmt":"2016-01-23T15:27:51","slug":"ascenseurs","status":"publish","type":"page","link":"https:\/\/kursy-udt.eu\/fr\/lifts\/","title":{"rendered":"Ascenseurs"},"content":{"rendered":"<div style=\"float:left; padding-right:10px;\"><img decoding=\"async\" src=\"\/wp-content\/uploads\/2014\/04\/dzwigi.jpeg\" alt=\"Grues\"><\/div>\n<div class=\"wyjustuj\">Machines utilis\u00e9es pour soulever facilement des charges, des marchandises ou des personnes sur des plates-formes ou dans des cabines sp\u00e9ciales. Il existe des ascenseurs horizontaux de b\u00e2timent, de roulage, circulaires, inclin\u00e9s ou portuaires, c&#039;est-\u00e0-dire des grues \u00e0 fl\u00e8che. Vous avez besoin des qualifications UDT (Office of Technical Inspection) pour l&#039;utilisation professionnelle de la machine. Les qualifications d&#039;ascenseur obtenues permettent de les exploiter et de les entretenir.<\/p>\n<p>Pendant la formation, notre personnel vous donnera toutes les connaissances n\u00e9cessaires que l&#039;op\u00e9rateur d&#039;ascenseur doit avoir. Le cours sur l&#039;ascenseur comprend des cours th\u00e9oriques et pratiques. Lors de la formation UDT (Office of Technical Inspection), le participant obtient les informations essentielles pour passer un examen. Tous les cours sont anim\u00e9s par des experts qualifi\u00e9s ! Nous t&#039;invitons! <\/p><\/div>\n<div class=\"button_styl\" style=\"float:right; padding-left:15px; padding-bottom:8px; margin-bottom:5px;\"><a href=\"https:\/\/platformaedukacji.pl\/login\/signup.php\" rel=\"nofollow\" target=\"_blank\" class=\"myButton myButton_maly\"><font color=\"white\">Inscrivez-vous \u00e0 la formation<\/font><\/a><\/div>","protected":false},"excerpt":{"rendered":"<p>Machines utilis\u00e9es pour soulever facilement des charges, des marchandises ou des personnes sur des plates-formes ou dans des cabines sp\u00e9ciales. Il existe des ascenseurs horizontaux de b\u00e2timent, de roulage, circulaires, inclin\u00e9s ou portuaires, c&#039;est-\u00e0-dire des grues \u00e0 fl\u00e8che. Vous avez besoin des qualifications UDT (Office of Technical Inspection) pour l&#039;utilisation professionnelle de la machine. Les qualifications d&#039;ascenseur obtenues permettent de les exploiter et de les entretenir. Pendant la formation, notre personnel vous donnera toutes les connaissances n\u00e9cessaires que l&#039;op\u00e9rateur d&#039;ascenseur doit avoir. Le cours sur l&#039;ascenseur comprend des cours th\u00e9oriques et pratiques. Lors de la formation UDT (Office of Technical Inspection), le participant obtient les informations essentielles pour passer un examen. Tous les cours sont anim\u00e9s par des experts qualifi\u00e9s ! Nous t&#039;invitons! Inscrivez-vous \u00e0 la formation<\/p>","protected":false},"author":1,"featured_media":0,"parent":0,"menu_order":0,"comment_status":"closed","ping_status":"closed","template":"","meta":{"sfsi_plus_gutenberg_text_before_share":"","sfsi_plus_gutenberg_show_text_before_share":"","sfsi_plus_gutenberg_icon_type":"","sfsi_plus_gutenberg_icon_alignemt":"","sfsi_plus_gutenburg_max_per_row":"","footnotes":""},"class_list":["post-1756","page","type-page","status-publish","hentry","has_thumb"],"aioseo_notices":[],"_links":{"self":[{"href":"https:\/\/kursy-udt.pl\/fr\/wp-json\/wp\/v2\/pages\/1756","targetHints":{"allow":["GET"]}}],"collection":[{"href":"https:\/\/kursy-udt.pl\/fr\/wp-json\/wp\/v2\/pages"}],"about":[{"href":"https:\/\/kursy-udt.pl\/fr\/wp-json\/wp\/v2\/types\/page"}],"author":[{"embeddable":true,"href":"https:\/\/kursy-udt.pl\/fr\/wp-json\/wp\/v2\/users\/1"}],"replies":[{"embeddable":true,"href":"https:\/\/kursy-udt.pl\/fr\/wp-json\/wp\/v2\/comments?post=1756"}],"version-history":[{"count":3,"href":"https:\/\/kursy-udt.pl\/fr\/wp-json\/wp\/v2\/pages\/1756\/revisions"}],"predecessor-version":[{"id":1760,"href":"https:\/\/kursy-udt.pl\/fr\/wp-json\/wp\/v2\/pages\/1756\/revisions\/1760"}],"wp:attachment":[{"href":"https:\/\/kursy-udt.pl\/fr\/wp-json\/wp\/v2\/media?parent=1756"}],"curies":[{"name":"wp","href":"https:\/\/api.w.org\/{rel}","templated":true}]}}