{"id":1751,"date":"2016-01-23T15:23:51","date_gmt":"2016-01-23T15:23:51","guid":{"rendered":"http:\/\/kursy-udt.pl\/?page_id=1751"},"modified":"2016-01-23T15:23:51","modified_gmt":"2016-01-23T15:23:51","slug":"grues-a-fleche","status":"publish","type":"page","link":"https:\/\/kursy-udt.eu\/fr\/jib-cranes\/","title":{"rendered":"Grues \u00e0 fl\u00e8che"},"content":{"rendered":"<div style=\"float:left; padding-right:10px;\"><img decoding=\"async\" src=\"\/wp-content\/uploads\/2014\/04\/zurawie.jpeg\" alt=\"Grues\"><\/div>\n<div class=\"wyjustuj\">Une grue \u00e0 fl\u00e8che appel\u00e9e \u00e9l\u00e9vateur est la machine d'accueil \u00e9quip\u00e9e du rayon d'\u00e9l\u00e9vation. La machine est utilis\u00e9e dans l'industrie du b\u00e2timent et du transport. Il existe des grues automotrices, des grues de construction navale, des grues portuaires, des grues mobiles ainsi que des grues \u00e0 tour et \u00e0 fl\u00e8che sur rail. Les travailleurs qui utilisent la machine doivent avoir des qualifications UDT ( Office of Technical Inspection). Pour les obtenir, un cours sur les grues \u00e0 fl\u00e8che sera utile.<\/p>\n<p>Nous proposons des cours qui donnent des connaissances compl\u00e8tes et vous permettent de passer un examen pour obtenir des qualifications sur les grues. Nous organisons des formations UDT ( l'Office d'Inspection Technique) de diff\u00e9rents types. Chaque cours sur la grue \u00e0 fl\u00e8che se compose d'une partie th\u00e9orique et d'une partie pratique. Ainsi, nos cours permettent aux participants de s'informer sur le fonctionnement et l'entretien des machines.<\/p><\/div>\n<div class=\"button_styl\" style=\"float:right; padding-left:15px; padding-bottom:8px; margin-bottom:5px;\"><a href=\"https:\/\/platformaedukacji.pl\/login\/signup.php\" rel=\"nofollow\" target=\"_blank\" class=\"myButton myButton_maly\"><font color=\"white\">Inscrivez-vous \u00e0 la formation<\/font><\/a><\/div>","protected":false},"excerpt":{"rendered":"<p>Une grue \u00e0 fl\u00e8che appel\u00e9e \u00e9l\u00e9vateur est la machine d&#039;accueil \u00e9quip\u00e9e du rayon de relevage. La machine est utilis\u00e9e dans l&#039;industrie du b\u00e2timent et des transports. Il existe des grues \u00e0 fl\u00e8che automotrices, de construction navale, portuaires, mobiles, \u00e0 tour et sur chenilles. Les travailleurs qui utilisent la machine doivent \u00eatre qualifi\u00e9s par l&#039;UDT (Office of Technical Inspection). Pour les obtenir, un cours de grue \u00e0 fl\u00e8che sera utile. Nous proposons des cours qui donnent des connaissances approfondies et vous permettent de passer un examen pour recevoir des qualifications sur les grues. Nous organisons des formations UDT (le Bureau d&#039;Inspection Technique) de diff\u00e9rents types. Chaque cours sur la potence se compose d&#039;une partie th\u00e9orique et d&#039;une partie pratique. De cette mani\u00e8re, nos cours permettent aux stagiaires d&#039;acqu\u00e9rir des informations sur le fonctionnement et l&#039;entretien de la machine. Inscrivez-vous \u00e0 la formation<\/p>","protected":false},"author":1,"featured_media":0,"parent":0,"menu_order":0,"comment_status":"closed","ping_status":"closed","template":"","meta":{"sfsi_plus_gutenberg_text_before_share":"","sfsi_plus_gutenberg_show_text_before_share":"","sfsi_plus_gutenberg_icon_type":"","sfsi_plus_gutenberg_icon_alignemt":"","sfsi_plus_gutenburg_max_per_row":"","footnotes":""},"class_list":["post-1751","page","type-page","status-publish","hentry","has_thumb"],"aioseo_notices":[],"_links":{"self":[{"href":"https:\/\/kursy-udt.pl\/fr\/wp-json\/wp\/v2\/pages\/1751","targetHints":{"allow":["GET"]}}],"collection":[{"href":"https:\/\/kursy-udt.pl\/fr\/wp-json\/wp\/v2\/pages"}],"about":[{"href":"https:\/\/kursy-udt.pl\/fr\/wp-json\/wp\/v2\/types\/page"}],"author":[{"embeddable":true,"href":"https:\/\/kursy-udt.pl\/fr\/wp-json\/wp\/v2\/users\/1"}],"replies":[{"embeddable":true,"href":"https:\/\/kursy-udt.pl\/fr\/wp-json\/wp\/v2\/comments?post=1751"}],"version-history":[{"count":2,"href":"https:\/\/kursy-udt.pl\/fr\/wp-json\/wp\/v2\/pages\/1751\/revisions"}],"predecessor-version":[{"id":1753,"href":"https:\/\/kursy-udt.pl\/fr\/wp-json\/wp\/v2\/pages\/1751\/revisions\/1753"}],"wp:attachment":[{"href":"https:\/\/kursy-udt.pl\/fr\/wp-json\/wp\/v2\/media?parent=1751"}],"curies":[{"name":"wp","href":"https:\/\/api.w.org\/{rel}","templated":true}]}}