{"id":1744,"date":"2016-01-23T15:16:16","date_gmt":"2016-01-23T15:16:16","guid":{"rendered":"http:\/\/kursy-udt.pl\/?page_id=1744"},"modified":"2016-01-23T15:20:51","modified_gmt":"2016-01-23T15:20:51","slug":"cours-sur-les-portiques","status":"publish","type":"page","link":"https:\/\/kursy-udt.eu\/fr\/courses-on-gantries\/","title":{"rendered":"Cours sur les portiques - obtenir des qualifications"},"content":{"rendered":"<div style=\"float: left; padding-right: 10px;\"><img loading=\"lazy\" decoding=\"async\" alt=\"cours de grue \u00e0 Varsovie\" src=\"\/wp-content\/uploads\/2014\/04\/suwnice.jpeg\" width=\"200\" height=\"150\" \/><\/div>\n<div class=\"wyjustuj\">Vous devez \u00eatre qualifi\u00e9 pour conduire des portiques, c'est-\u00e0-dire des ascenseurs, qui sont couramment utilis\u00e9s dans les transports et d'autres branches de l'industrie. Apr\u00e8s avoir suivi le cours et pass\u00e9 l'examen, le participant au cours obtiendra les qualifications pour les portiques conform\u00e9ment aux r\u00e9glementations de l'Office de contr\u00f4le technique auxquelles la machine doit se soumettre.<\/p>\n<p><strong>Informations de base<\/strong><br \/>\nLes portiques sont des machines qualifi\u00e9es d'ascenseurs qui travaillent en mouvement interrompu. Ils sont \u00e9quip\u00e9s de m\u00e9canismes d'abaissement et de levage - palans ou grues de levage. Les portiques sont con\u00e7us pour d\u00e9placer des objets verticalement et horizontalement. La zone d'action de la machine est limit\u00e9e par la hauteur de descente et de mont\u00e9e des charges, la longueur de la voie et la largeur du pont. Les machines peuvent \u00eatre contr\u00f4l\u00e9es avec ou sans fil. Les mod\u00e8les plus grands sont contr\u00f4l\u00e9s par un op\u00e9rateur assis dans la cabine.<\/p>\n<p><strong>La construction de machines<\/strong><\/p>\n<ul>\n<li>Les portiques de pont (industriels)- sont principalement install\u00e9s dans les halls industriels. Ils sont \u00e9quip\u00e9s du palan qui se d\u00e9place le long du pont. Les mod\u00e8les de pont sont install\u00e9s dans une partie sup\u00e9rieure du hall et consistent en un pont de grilles qui se d\u00e9place sur des rails.<\/li>\n<li>Les portiques suspendus - sont de construction similaire aux mod\u00e8les industriels qui se d\u00e9placent le long de rails suspendus \u00e0 la construction du plafond du hall. Ils sont \u00e9galement bons dans les zones int\u00e9rieures o\u00f9 il faut utiliser la surface maximale disponible.<\/li>\n<li>Les portiques - est un mod\u00e8le souvent utilis\u00e9 en ext\u00e9rieur, par exemple sur les stocks ou les rampes de construction navale. Les machines sont construites sur des ponts suspendus \u00e0 des ponts lat\u00e9raux liant des portes. Les portails ont des ch\u00e2ssis \u00e0 chenilles et \u00e0 roues.<\/li>\n<\/ul>\n<p><strong>Utilisez<\/strong><br \/>\nComme il a \u00e9t\u00e9 mentionn\u00e9 pr\u00e9c\u00e9demment, les machines sont utilis\u00e9es dans le transport, par exemple dans les halls industriels, les chantiers navals, les unit\u00e9s de manutention des cargaisons ou les stocks. Gr\u00e2ce \u00e0 leur construction, ils permettent de d\u00e9placer rapidement et en toute s\u00e9curit\u00e9 diff\u00e9rents types de charges en fonction des \u00e9l\u00e9ments de pr\u00e9hension utilis\u00e9s.<\/p>\n<p><strong>Qualifications<\/strong><br \/>\nPour la conduite des portiques qui sont command\u00e9s depuis la cabine, vous avez besoin de qualifications pour les portiques. Ils sont obtenus apr\u00e8s avoir suivi le cours et pass\u00e9 l'examen d'\u00c9tat devant le jury de l'Office of Technical Inspection. Les qualifications obtenues sont \u00e0 dur\u00e9e ind\u00e9termin\u00e9e et vous autorisent \u00e0 utiliser les machines indiqu\u00e9es sur le type de qualifications.<\/p>\n<p><strong>Cat\u00e9gories de qualifications<\/strong><\/p>\n<ul>\n<li>II S - qualifications pour utiliser des machines command\u00e9es depuis le niveau de travail, ainsi que des palans et treuils de levage de la cat\u00e9gorie II W et des grues statiques d'\u00e9tabli<\/li>\n<li>I S - qualifications pour la conduite de machines command\u00e9es depuis la cabine ainsi que de palans et de treuils de levage selon la cat. I W ou de machines de la cat\u00e9gorie II S<\/li>\n<\/ul>\n<p>Les portiques sont des machines utilis\u00e9es couramment sur diff\u00e9rents chantiers. Vous devez disposer d'un <a href=\"\/fr\/formations\/cours-de-portique\/\">cours et qualifications<\/a> pour les faire fonctionner correctement. Pendant les cours, les participants re\u00e7oivent les informations les plus importantes li\u00e9es au fonctionnement de la machine, y compris des informations sur la sant\u00e9 et la s\u00e9curit\u00e9 au travail avant de commencer le travail, pendant son ex\u00e9cution et apr\u00e8s l'avoir termin\u00e9, afin que toutes les charges soient transport\u00e9es correctement.<\/p>\n<p>Selon le type de portique, l'op\u00e9rateur doit avoir les qualifications ad\u00e9quates.  Sans eux, ils s'exposent \u00e0 des dangers pour eux-m\u00eames et pour les autres. La t\u00e2che de l'employeur est de s'assurer que ses employ\u00e9s ont suivi la formation appropri\u00e9e et d'adapter les conditions de travail en fonction des r\u00e9glementations EHS.<\/p>\n<\/div>\n<div class=\"button_styl\" style=\"float:right; padding-left:15px; padding-bottom:8px; margin-bottom:5px;\"><a href=\"https:\/\/platformaedukacji.pl\/login\/signup.php\" rel=\"nofollow\" target=\"_blank\" class=\"myButton myButton_maly\"><font color=\"white\">Inscrivez-vous \u00e0 la formation<\/font><\/a><\/div>","protected":false},"excerpt":{"rendered":"<p>You need qualifications to operate gantries, i.e. lifts, which are commonly used in transport and other branches of industry. After completing the course and passing the exam, the course participant will get qualifications for gantries in accordance with regulations of the Office of Technical Inspection which the machine has to undergo. Basic information Gantries are machines qualified as lifts which work in interrupted movement. They are equipped with lowering and raising mechanisms- hoists or hoisting cranes. Gantries are designed to move objects vertically and horizontally. The area of machine operation is limited by the height of bringing down and raising loads, the length of the track and the width of the bridge. Machines can be controlled wiredly or wireless. Bigger models are controlled by an operator sitting in the cabin. The construction of machines bridge gantries (industrial)- are mainly installed in industrial halls. They are equipped with the hoist which moves along the bridge. Bridge models are installed in an upper part of the hall and consist of grate bridge which moves on tracks suspension gantries- are similar in construction to industrial models which move along tracks suspended to the hall ceiling construction. They are also good in interior areas where the maximum available surface should be used. gate gantries- is a model often used outside, for example on stockpiles or shipbuilding ramps. Machines are built on bridges suspended on side bridges binding gates. Gates have track and wheeled chassis. Use As it was mentioned before, machines are used in transport, for example in industrial [&hellip;]<\/p>\n","protected":false},"author":1,"featured_media":0,"parent":0,"menu_order":0,"comment_status":"closed","ping_status":"closed","template":"","meta":{"sfsi_plus_gutenberg_text_before_share":"","sfsi_plus_gutenberg_show_text_before_share":"","sfsi_plus_gutenberg_icon_type":"","sfsi_plus_gutenberg_icon_alignemt":"","sfsi_plus_gutenburg_max_per_row":"","footnotes":""},"class_list":["post-1744","page","type-page","status-publish","hentry","has_thumb"],"aioseo_notices":[],"_links":{"self":[{"href":"https:\/\/kursy-udt.pl\/fr\/wp-json\/wp\/v2\/pages\/1744","targetHints":{"allow":["GET"]}}],"collection":[{"href":"https:\/\/kursy-udt.pl\/fr\/wp-json\/wp\/v2\/pages"}],"about":[{"href":"https:\/\/kursy-udt.pl\/fr\/wp-json\/wp\/v2\/types\/page"}],"author":[{"embeddable":true,"href":"https:\/\/kursy-udt.pl\/fr\/wp-json\/wp\/v2\/users\/1"}],"replies":[{"embeddable":true,"href":"https:\/\/kursy-udt.pl\/fr\/wp-json\/wp\/v2\/comments?post=1744"}],"version-history":[{"count":4,"href":"https:\/\/kursy-udt.pl\/fr\/wp-json\/wp\/v2\/pages\/1744\/revisions"}],"predecessor-version":[{"id":1747,"href":"https:\/\/kursy-udt.pl\/fr\/wp-json\/wp\/v2\/pages\/1744\/revisions\/1747"}],"wp:attachment":[{"href":"https:\/\/kursy-udt.pl\/fr\/wp-json\/wp\/v2\/media?parent=1744"}],"curies":[{"name":"wp","href":"https:\/\/api.w.org\/{rel}","templated":true}]}}