{"id":1739,"date":"2016-01-23T15:12:56","date_gmt":"2016-01-23T15:12:56","guid":{"rendered":"http:\/\/kursy-udt.pl\/?page_id=1739"},"modified":"2016-01-23T15:14:06","modified_gmt":"2016-01-23T15:14:06","slug":"palans","status":"publish","type":"page","link":"https:\/\/kursy-udt.eu\/fr\/hoists\/","title":{"rendered":"Palans"},"content":{"rendered":"<div style=\"float:left; padding-right:10px;\"><img decoding=\"async\" src=\"\/wp-content\/uploads\/2014\/04\/ciegniki.jpg\" alt=\"Tracteurs\"><\/div>\n<div class=\"wyjustuj\">Un treuil est un engin de levage con\u00e7u pour d\u00e9placer des objets \u00e0 l&#039;aide de tirants et du crochet - le crochet ou le grappin. Les noms \u00e9changeables sont les cabestans, les treuils de levage et une grue de levage qui d\u00e9place la charge \u00e0 l&#039;aide de deux bandes pour les utiliser, vous devez avoir les qualifications UDT (Office of Technical Inspection). Nous offrons le cours sur les palans qui vous permettra de les obtenir.<\/p>\n<p>Les cours que nous organisons regorgent d&#039;informations pr\u00e9cieuses et de cours pratiques organis\u00e9s sous forme de formations UDT (Office of Technical Inspection). Toutes les formations sont anim\u00e9es par des experts professionnels de ce domaine. Apr\u00e8s les avoir termin\u00e9s et r\u00e9ussi l&#039;examen, vous pouvez obtenir les qualifications du Bureau de l&#039;inspection technique. Nous vous invitons \u00e0 utiliser notre offre d&#039;\u00e9ducation!<\/p><\/div>\n<div class=\"button_styl\" style=\"float:right; padding-left:15px; padding-bottom:8px; margin-bottom:5px;\"><a href=\"https:\/\/platformaedukacji.pl\/login\/signup.php\" rel=\"nofollow\" target=\"_blank\" class=\"myButton myButton_maly\"><font color=\"white\">Inscrivez-vous \u00e0 la formation<\/font><\/a><\/div>","protected":false},"excerpt":{"rendered":"<p>Un treuil est un engin de levage con\u00e7u pour d\u00e9placer des objets \u00e0 l&#039;aide de tirants et du crochet - le crochet ou le grappin. Les noms \u00e9changeables sont les cabestans, les treuils de levage et une grue de levage qui d\u00e9place la charge \u00e0 l&#039;aide de deux bandes pour les utiliser, vous devez avoir les qualifications UDT (Office of Technical Inspection). Nous offrons le cours sur les palans qui vous permettra de les obtenir. Les cours que nous organisons regorgent d&#039;informations pr\u00e9cieuses et de cours pratiques qui sont organis\u00e9s sous forme de formations UDT (Office of Technical Inspection). Toutes les formations sont anim\u00e9es par des experts professionnels de ce domaine. Apr\u00e8s les avoir termin\u00e9s et r\u00e9ussi l&#039;examen, vous pouvez obtenir les qualifications du Bureau de l&#039;inspection technique. Nous vous invitons \u00e0 utiliser notre offre d&#039;\u00e9ducation! Inscrivez-vous \u00e0 la formation<\/p>","protected":false},"author":1,"featured_media":0,"parent":0,"menu_order":0,"comment_status":"closed","ping_status":"closed","template":"","meta":{"sfsi_plus_gutenberg_text_before_share":"","sfsi_plus_gutenberg_show_text_before_share":"","sfsi_plus_gutenberg_icon_type":"","sfsi_plus_gutenberg_icon_alignemt":"","sfsi_plus_gutenburg_max_per_row":"","footnotes":""},"class_list":["post-1739","page","type-page","status-publish","hentry","has_thumb"],"aioseo_notices":[],"_links":{"self":[{"href":"https:\/\/kursy-udt.pl\/fr\/wp-json\/wp\/v2\/pages\/1739","targetHints":{"allow":["GET"]}}],"collection":[{"href":"https:\/\/kursy-udt.pl\/fr\/wp-json\/wp\/v2\/pages"}],"about":[{"href":"https:\/\/kursy-udt.pl\/fr\/wp-json\/wp\/v2\/types\/page"}],"author":[{"embeddable":true,"href":"https:\/\/kursy-udt.pl\/fr\/wp-json\/wp\/v2\/users\/1"}],"replies":[{"embeddable":true,"href":"https:\/\/kursy-udt.pl\/fr\/wp-json\/wp\/v2\/comments?post=1739"}],"version-history":[{"count":3,"href":"https:\/\/kursy-udt.pl\/fr\/wp-json\/wp\/v2\/pages\/1739\/revisions"}],"predecessor-version":[{"id":1741,"href":"https:\/\/kursy-udt.pl\/fr\/wp-json\/wp\/v2\/pages\/1739\/revisions\/1741"}],"wp:attachment":[{"href":"https:\/\/kursy-udt.pl\/fr\/wp-json\/wp\/v2\/media?parent=1739"}],"curies":[{"name":"wp","href":"https:\/\/api.w.org\/{rel}","templated":true}]}}