{"id":1733,"date":"2016-01-23T15:07:04","date_gmt":"2016-01-23T15:07:04","guid":{"rendered":"http:\/\/kursy-udt.pl\/?page_id=1733"},"modified":"2016-01-23T16:19:24","modified_gmt":"2016-01-23T16:19:24","slug":"cours-sur-les-hausses","status":"publish","type":"page","link":"https:\/\/kursy-udt.eu\/fr\/courses-on-rises\/","title":{"rendered":"Cours sur les hausses"},"content":{"rendered":"<div style=\"float:left; padding-right:10px;\"><img decoding=\"async\" src=\"\/wp-content\/uploads\/2014\/03\/szkolenia-na-podnosnik.jpeg\" alt=\"cours de mont\u00e9e Varsovie - photo\"><\/div>\n<div class=\"wyjustuj\">Au Centre de formation du personnel ERGON, nous proposons des cours professionnels sur les \u00e9l\u00e9vateurs \u00e0 ciseaux, les automoteurs et autres. Notre objectif est de former chaque travailleur de mani\u00e8re professionnelle afin d'obtenir les qualifications cl\u00e9s sur les hausses selon les r\u00e9glementations de l'UDT ( l'Office d'inspection technique). Gr\u00e2ce \u00e0 nous, les travailleurs connaissent les principes de fonctionnement et l'entretien des machines. Les formations couvrent l'ensemble de la mati\u00e8re et, \u00e9tant dirig\u00e9es par des experts dans ce domaine, elles constituent un bon investissement tant pour le travailleur que pour l'employeur. Nous mettons tout en \u0153uvre pour garantir les prix les plus bas pour nos cours sur les hausses. Pour les groupes plus importants, nous avons pr\u00e9par\u00e9 des r\u00e9ductions suppl\u00e9mentaires !<\/p>\n<p>Chaque cours sur les hausses est divis\u00e9 en une partie th\u00e9orique et une partie pratique dans notre centre. Il englobe de mani\u00e8re exhaustive la mati\u00e8re et nous permet de pr\u00e9parer les travailleurs \u00e0 passer l'examen UDT ( the Office of Technical Inspection) et \u00e0 le r\u00e9ussir. Pendant la formation sur les \u00e9l\u00e9vateurs, ses participants obtiennent des informations sur les principes de la machine, l'utilisation en toute s\u00e9curit\u00e9 selon les r\u00e9glementations de l'Office d'inspection technique ainsi que les r\u00e8gles EHS dans le domaine du travail en altitude et des informations sur la construction et les r\u00e8gles d'utilisation de ces machines. Nous organisons \u00e9galement des cours pratiques qui permettent \u00e0 nos participants d'acqu\u00e9rir les comp\u00e9tences n\u00e9cessaires dans le domaine du fonctionnement des machines. Les cours organis\u00e9s dans notre centre sont le meilleur choix.<\/p>\n<p><strong>Utilisez<\/strong><br \/>\nLes \u00e9l\u00e9vations qui sont d\u00e9finies comme des plates-formes a\u00e9riennes sont <span class=\"linkwartykule\"><a href=\"\/fr\/formations\/formation-sur-les-plates-formes-elevatrices-mobiles-de-personnel\/\">plates-formes mobiles<\/a><\/span>. Ils sont destin\u00e9s \u00e0 \u00e9lever des personnes, des \u00e9quipements et des mat\u00e9riaux pour effectuer des travaux d\u00e9sign\u00e9s, par exemple dans le b\u00e2timent, la publicit\u00e9 et l'industrie des services. Ces machines sont utilis\u00e9es lors de travaux de construction, d'assemblage, d'installation, de d\u00e9coration, de nettoyage et bien d'autres au cours desquels il est n\u00e9cessaire de se rendre \u00e0 une certaine altitude mais la mise en place d'un \u00e9chafaudage ne serait pas une solution \u00e9conomique.<\/p>\n<p>Les \u00e9l\u00e9vateurs peuvent \u00eatre utilis\u00e9s \u00e0 l'ext\u00e9rieur comme \u00e0 l'int\u00e9rieur, m\u00eame dans les endroits o\u00f9 les plafonds sont hauts. C'est pourquoi ce sont des machines compl\u00e8tes. Les \u00e9l\u00e9vateurs peuvent \u00eatre autopropuls\u00e9s et mont\u00e9s sur des camions ou \u00e0 basse vitesse. Il peut s'agir d'\u00e9l\u00e9vateurs \u00e0 ciseaux, t\u00e9lescopiques ou \u00e0 charni\u00e8res. Les qualifications essentielles pour les faire fonctionner sont appel\u00e9es I P.<\/p>\n<p><strong>L'objectif de la formation<\/strong><br \/>\nNotre formation est con\u00e7ue pour les personnes \u00e2g\u00e9es de plus de 18 ans et ayant au moins une \u00e9ducation \u00e9l\u00e9mentaire. Il est \u00e9galement n\u00e9cessaire de remettre le certificat du m\u00e9decin attestant qu'il n'existe aucune contre-indication \u00e0 l'exercice du m\u00e9tier d'op\u00e9rateur. <\/p>\n<p>L'objectif de la formation est de donner des informations th\u00e9oriques et pratiques afin d'enseigner au participant le fonctionnement appropri\u00e9 de la machine et d'acqu\u00e9rir les comp\u00e9tences n\u00e9cessaires pour obtenir les qualifications de l'UDT (Office of Technical Inspection). Le travailleur qui poss\u00e8de les qualifications appropri\u00e9es peut participer aux travaux o\u00f9 des hausses sont utilis\u00e9es.<\/p>\n<p>Obtenir des qualifications sur les hausses est facile avec le Centre de formation du personnel ERGON. Nous vous invitons cordialement \u00e0 utiliser nos services.<\/p><\/div>\n<div class=\"button_styl\" style=\"float:right; padding-left:15px; padding-bottom:8px; margin-bottom:5px;\"><a href=\"https:\/\/platformaedukacji.pl\/login\/signup.php\" rel=\"nofollow\" target=\"_blank\" class=\"myButton myButton_maly\"><font color=\"white\">Inscrivez-vous \u00e0 la formation<\/font><\/a><\/div>","protected":false},"excerpt":{"rendered":"<p>In the Centre for Staff Training ERGON, we offer professional courses on scissor, self-propelled and other rises. Our purpose is to train every worker professionally to obtain key qualifications on rises according to UDT ( the Office of Technical Inspection) regulations. Thanks to us, workers know the principles of operation and the machine service- trainings comprehensively encompass the subject matter and thanks to being run by experts in this field, they are a good investment both for the worker and the employer. We put all efforts to ensure lowest prices for our courses on rises. For larger groups, we have prepared additional discounts! Every course on rises is divided into theoretical and practical part in our centre. It comprehensively encompasses the subject matter and allows us to prepare workers to take UDT ( the Office of Technical Inspection) exam and passing it. During the training on rises, its participants obtain information on the principles of the machine, safe operation according to the regulations of the Office of Technical Inspection as well as EHS rules in the range of working at altitude and information about the construction and rules of operating those machines. We also run practical classes which allow our participants to obtain necessary skills in the range of machine operation. Courses organized in our centre are the best choice. Use Rises which are defined as aerial platforms are mobile platforms. They are designed for rising people, equipment and materials to do appointed works, for example in building, advertising and service industry. These machines are [&hellip;]<\/p>\n","protected":false},"author":1,"featured_media":0,"parent":0,"menu_order":0,"comment_status":"closed","ping_status":"closed","template":"","meta":{"sfsi_plus_gutenberg_text_before_share":"","sfsi_plus_gutenberg_show_text_before_share":"","sfsi_plus_gutenberg_icon_type":"","sfsi_plus_gutenberg_icon_alignemt":"","sfsi_plus_gutenburg_max_per_row":"","footnotes":""},"class_list":["post-1733","page","type-page","status-publish","hentry","has_thumb"],"aioseo_notices":[],"_links":{"self":[{"href":"https:\/\/kursy-udt.pl\/fr\/wp-json\/wp\/v2\/pages\/1733","targetHints":{"allow":["GET"]}}],"collection":[{"href":"https:\/\/kursy-udt.pl\/fr\/wp-json\/wp\/v2\/pages"}],"about":[{"href":"https:\/\/kursy-udt.pl\/fr\/wp-json\/wp\/v2\/types\/page"}],"author":[{"embeddable":true,"href":"https:\/\/kursy-udt.pl\/fr\/wp-json\/wp\/v2\/users\/1"}],"replies":[{"embeddable":true,"href":"https:\/\/kursy-udt.pl\/fr\/wp-json\/wp\/v2\/comments?post=1733"}],"version-history":[{"count":4,"href":"https:\/\/kursy-udt.pl\/fr\/wp-json\/wp\/v2\/pages\/1733\/revisions"}],"predecessor-version":[{"id":1808,"href":"https:\/\/kursy-udt.pl\/fr\/wp-json\/wp\/v2\/pages\/1733\/revisions\/1808"}],"wp:attachment":[{"href":"https:\/\/kursy-udt.pl\/fr\/wp-json\/wp\/v2\/media?parent=1733"}],"curies":[{"name":"wp","href":"https:\/\/api.w.org\/{rel}","templated":true}]}}