{"id":1729,"date":"2016-01-23T15:03:05","date_gmt":"2016-01-23T15:03:05","guid":{"rendered":"http:\/\/kursy-udt.pl\/?page_id=1729"},"modified":"2016-01-23T15:03:05","modified_gmt":"2016-01-23T15:03:05","slug":"plates-formes-a-ciseaux","status":"publish","type":"page","link":"https:\/\/kursy-udt.eu\/fr\/scissor-platforms\/","title":{"rendered":"Plates-formes \u00e0 ciseaux"},"content":{"rendered":"<div style=\"float: left; padding-right: 10px;\"><img decoding=\"async\" alt=\"Plates-formes \u00e0 ciseaux\" src=\"\/wp-content\/uploads\/2014\/04\/01-podest.jpeg\" \/><\/div>\n<div class=\"wyjustuj\">\n<p>Le Centre de formation du personnel ERGON vous invite \u00e0 suivre des cours sur les plates-formes ciseaux. Gr\u00e2ce \u00e0 nos cours, vous pouvez acqu\u00e9rir les qualifications cl\u00e9s de l'UDT ( Office of Technical Inspection) et les normes d\u00e9finies par l'Office of Technical Inspection. Les plates-formes ciseaux sont tr\u00e8s souvent utilis\u00e9es sur les chantiers de construction et lors de travaux de montage ; les cours sont donc un excellent investissement tant pour un travailleur que pour un employeur. Pour l'utilisation de la machine, il est indispensable de suivre le cours et d'obtenir les qualifications UDT ( Office of Technical Inspection).<\/p>\n<p>Nos cours sur les plates-formes ciseaux comportent un large \u00e9ventail d'informations th\u00e9oriques qui pr\u00e9sentent les donn\u00e9es les plus importantes sur la construction des plates-formes ciseaux et autres plates-formes mobiles, leur fonctionnement, leur entretien, les r\u00e9glementations EHS et les r\u00e9glementations du contr\u00f4le technique. Notre formation comprend des cours pratiques au cours desquels les participants apprennent \u00e0 conna\u00eetre les machines et \u00e0 les utiliser de mani\u00e8re appropri\u00e9e, conform\u00e9ment aux proc\u00e9dures. Dans notre centre, nous n'employons que des sp\u00e9cialistes et nous garantissons la plus haute qualit\u00e9 d'enseignement afin que l'obtention ult\u00e9rieure de qualifications UDT ne pose aucun probl\u00e8me.<\/p>\n<p><strong>Utilisez<\/strong><br \/>\nPlates-formes ciseaux ou <span class=\"linkwartykule\"><a href=\"\/fr\/plates-formes-aeriennes\/\">palans \u00e0 ciseaux<\/a><\/span> sont des machines qui entrent dans la cat\u00e9gorie des <span class=\"linkwartykule\"><a href=\"\/fr\/formations\/formation-sur-les-plates-formes-elevatrices-mobiles-de-personnel\/\">plates-formes mobiles<\/a><\/span>. Il s'agit de plates-formes \u00e0 faible vitesse qui sont con\u00e7ues pour \u00e9lever des personnes, des \u00e9quipements et des mat\u00e9riaux \u00e0 certaines altitudes. Pour les faire fonctionner, le travailleur doit avoir les qualifications de l'Office d'inspection technique.<\/p>\n<p>De nos jours, les nacelles \u00e0 ciseaux sont utilis\u00e9es dans de nombreux types de travaux. Des formations sont n\u00e9cessaires pour les utiliser de mani\u00e8re professionnelle et en respectant les r\u00e8gles de s\u00e9curit\u00e9. Les plates-formes ciseaux sont souvent utilis\u00e9es sur les chantiers de construction, pour les travaux de finition, d'installation, de d\u00e9coration et de nettoyage. Outre l'industrie du b\u00e2timent, les machines sont utilis\u00e9es dans l'industrie de la publicit\u00e9. Le travailleur qui n'a pas obtenu de qualifications ne peut pas participer aux travaux conform\u00e9ment aux r\u00e9glementations l\u00e9gales.<\/p>\n<p><strong>Le but de la formation<\/strong><br \/>\nLes personnes \u00e2g\u00e9es de plus de 18 ans, ayant au moins une \u00e9ducation \u00e9l\u00e9mentaire et le certificat du m\u00e9decin confirmant l'absence de contre-indication \u00e0 travailler sur le poste d'op\u00e9rateur de plate-forme mobile peuvent participer \u00e0 la formation.<\/p>\n<p>Apr\u00e8s avoir suivi le cours, le participant peut passer l'examen UDT ( Office of Technical Inspection). Apr\u00e8s l'avoir pass\u00e9, vous obtiendrez un document ad\u00e9quat confirmant les connaissances et les comp\u00e9tences pour le fonctionnement des plates-formes ciseaux. Ce sont des machines qui sous-tendent le contr\u00f4le technique. Par cons\u00e9quent, avant d'utiliser des plates-formes ciseaux, tous les travailleurs d\u00e9sign\u00e9s doivent obtenir des qualifications.<\/p>\n<p>Au Centre de formation du personnel ERGON, nous avons form\u00e9 des milliers de travailleurs. C'est pourquoi nous garantissons un service de la meilleure qualit\u00e9, bas\u00e9 sur notre exp\u00e9rience et notre professionnalisme. Nous pouvons faire des formations dans n'importe quel lieu et \u00e0 n'importe quelle heure fix\u00e9s par le directeur. Pour les groupes plus importants, nous proposons des r\u00e9ductions int\u00e9ressantes.<\/p>\n<p>Nous vous invitons cordialement \u00e0 utiliser notre offre de formation !<\/p>\n<\/div>\n<div class=\"button_styl\" style=\"float:right; padding-left:15px; padding-bottom:8px; margin-bottom:5px;\"><a href=\"https:\/\/platformaedukacji.pl\/login\/signup.php\" rel=\"nofollow\" target=\"_blank\" class=\"myButton myButton_maly\"><font color=\"white\">Inscrivez-vous \u00e0 la formation<\/font><\/a><\/div>","protected":false},"excerpt":{"rendered":"<p>The Centre for Staff Training ERGON invite you for scissor platforms courses. Thanks to our courses, you can gain key UDT ( the Office of Technical Inspection) qualifications and standards defined by the Office of Technical Inspection. Scissor platforms are very often used on building sites and while doing assembly works; therefore, courses are a great investment both for a worker and an employer. For the machine operation, it is a must to complete the course and obtain UDT ( the Office of Technical Inspection) qualifications. Our courses on scissor platforms involve a wide range of theoretical information which present most important data on scissor platform construction and other mobile platforms, their operation, maintenance, EHS regulations and regulations of the technical inspection. Our training includes practical classes during which participants get to know machines and are taught how to operate them appropriately according to procedures. In our centre, we employ only specialists and we guarantee the highest quality of education so that getting UDT qualifications later would not be of any problem. Use Scissor platforms or scissor hoists are machines which fall into the category of mobile platforms. These are low-speed platforms which are designed to raise people, equipment and materials at certain altitude. To operate them, the worker must have qualifications of the Office of Technical Inspection. Nowadays, scissor lifts are used in many types of works- trainings are necessary to operate them professionally and with safety rules. Scissor platforms are often used on building sites, finishing works, installation, decorating and cleaning works. Apart [&hellip;]<\/p>\n","protected":false},"author":1,"featured_media":0,"parent":0,"menu_order":0,"comment_status":"closed","ping_status":"closed","template":"","meta":{"sfsi_plus_gutenberg_text_before_share":"","sfsi_plus_gutenberg_show_text_before_share":"","sfsi_plus_gutenberg_icon_type":"","sfsi_plus_gutenberg_icon_alignemt":"","sfsi_plus_gutenburg_max_per_row":"","footnotes":""},"class_list":["post-1729","page","type-page","status-publish","hentry","has_thumb"],"aioseo_notices":[],"_links":{"self":[{"href":"https:\/\/kursy-udt.pl\/fr\/wp-json\/wp\/v2\/pages\/1729","targetHints":{"allow":["GET"]}}],"collection":[{"href":"https:\/\/kursy-udt.pl\/fr\/wp-json\/wp\/v2\/pages"}],"about":[{"href":"https:\/\/kursy-udt.pl\/fr\/wp-json\/wp\/v2\/types\/page"}],"author":[{"embeddable":true,"href":"https:\/\/kursy-udt.pl\/fr\/wp-json\/wp\/v2\/users\/1"}],"replies":[{"embeddable":true,"href":"https:\/\/kursy-udt.pl\/fr\/wp-json\/wp\/v2\/comments?post=1729"}],"version-history":[{"count":2,"href":"https:\/\/kursy-udt.pl\/fr\/wp-json\/wp\/v2\/pages\/1729\/revisions"}],"predecessor-version":[{"id":1731,"href":"https:\/\/kursy-udt.pl\/fr\/wp-json\/wp\/v2\/pages\/1729\/revisions\/1731"}],"wp:attachment":[{"href":"https:\/\/kursy-udt.pl\/fr\/wp-json\/wp\/v2\/media?parent=1729"}],"curies":[{"name":"wp","href":"https:\/\/api.w.org\/{rel}","templated":true}]}}