{"id":1720,"date":"2016-01-23T14:51:19","date_gmt":"2016-01-23T14:51:19","guid":{"rendered":"http:\/\/kursy-udt.pl\/?page_id=1720"},"modified":"2016-01-23T14:59:13","modified_gmt":"2016-01-23T14:59:13","slug":"plates-formes-aeriennes","status":"publish","type":"page","link":"https:\/\/kursy-udt.eu\/fr\/aerial-platforms\/","title":{"rendered":"Plates-formes a\u00e9riennes, nacelles \u00e0 ciseaux et autres"},"content":{"rendered":"<div style=\"float: left; padding-right: 10px;\"><img decoding=\"async\" alt=\"photo des \u00e9l\u00e9vateurs \u00e0 ciseaux et des nacelles \u00e9l\u00e9vatrices Varsovie\" src=\"\/wp-content\/uploads\/2014\/04\/09-slajd.jpeg\" \/><\/div>\n<div class=\"wyjustuj\">Le Centre de formation du personnel ERGON vous invite cordialement \u00e0 suivre des formations sur les nacelles et les plates-formes \u00e0 ciseaux et autres. Le but de la formation est d'obtenir les qualifications essentielles de l'UDT ( l'Office de contr\u00f4le technique) sans lesquelles vous ne pouvez pas utiliser de machines. Les travaux de construction, d'assemblage ou de d\u00e9coration n\u00e9cessitent l'utilisation de machines telles que des nacelles \u00e0 ciseaux ou des nacelles \u00e9l\u00e9vatrices. Les formations sont donc essentielles pour que toutes les activit\u00e9s soient s\u00fbres et conformes aux r\u00e9glementations. Les qualifications seront encore plus faciles \u00e0 obtenir avec nous ! Dans notre centre, nous organisons des cours sur les nacelles et les ciseaux depuis des ann\u00e9es. Nous avons form\u00e9 des milliers de travailleurs qui ont pass\u00e9 sans probl\u00e8me les examens de l'UDT ( Office of Technical Inspection ) et obtenu les qualifications n\u00e9cessaires. Nous n'employons que des conf\u00e9renciers et des instructeurs qualifi\u00e9s qui connaissent en d\u00e9tail la r\u00e9glementation et la th\u00e9orie. Ils connaissent le fonctionnement des plates-formes - c'est pourquoi les cours que nous organisons sont toujours remplis d'informations pr\u00e9cieuses qui sont utiles dans les travaux quotidiens ult\u00e9rieurs. Chaque cours est divis\u00e9 en une partie th\u00e9orique et une partie pratique. La partie th\u00e9orique aborde la question des r\u00e9glementations sur le contr\u00f4le technique, les informations sur les ascenseurs y compris les plates-formes, leur construction et leur exploitation ainsi que les proc\u00e9dures EHS. En effet, nous pr\u00e9parons de mani\u00e8re exhaustive \u00e0 l'examen de l'UDT ( Office of Technical Inspection) selon la r\u00e9glementation en vigueur.<\/p>\n<p><strong>L'utilisation des plateformes<\/strong><br \/>\nLes platfroms sont un groupe de machines con\u00e7ues pour effectuer des travaux en haute altitude. Selon le classement,  <span class=\"linkwartykule\"><a href=\"\/fr\/formations\/formation-sur-les-plates-formes-elevatrices-mobiles-de-personnel\/\">plates-formes mobiles<\/a><\/span>comprennent \u00e9galement des palans et c'est la raison pour laquelle des qualifications sont indispensables pour leur utilisation conform\u00e9ment aux r\u00e9glementations l\u00e9gales. Les plates-formes a\u00e9riennes sont les plus populaires d'entre elles. Gr\u00e2ce \u00e0 eux, vous pouvez \u00e9lever des personnes, des mat\u00e9riaux ou des \u00e9quipements \u00e0 une certaine altitude pour effectuer des travaux de construction, de finition, d'assemblage, de d\u00e9coration, de nettoyage et autres.<\/p>\n<p>Les machines peuvent \u00eatre plac\u00e9es sur des roues ou des camions - elles sont appel\u00e9es plateformes mobiles ou \u00e0 faible vitesse. En raison de leur construction, les machines sont divis\u00e9es en machines articul\u00e9es et brachiantes ainsi qu'en machines \u00e0 ciseaux et t\u00e9lescopiques. L'obtention des qualifications UDT ( Office of Technical Inspection) I P est n\u00e9cessaire pour les faire fonctionner.<\/p>\n<p><strong>L'objectif de la formation<\/strong><br \/>\nLes formations sont destin\u00e9es aux personnes \u00e2g\u00e9es de plus de 18 ans, ayant termin\u00e9 au moins l'\u00e9cole primaire et disposant du certificat m\u00e9dical les autorisant \u00e0 travailler sur le poste de conducteur de machine.<\/p>\n<p>Nos formations sur les plates-formes vous permettent d'acqu\u00e9rir les connaissances th\u00e9oriques et pratiques essentielles sur le fonctionnement de la machine, conform\u00e9ment aux r\u00e9glementations EHS et aux r\u00e8gles du contr\u00f4le technique. Apr\u00e8s avoir suivi la formation, le participant peut passer l'examen de l'UDT ( l'Office de contr\u00f4le technique) dont le but est d'obtenir des qualifications appropri\u00e9es.<\/p>\n<p>Nous proposons des cours sur les palans \u00e0 des prix comp\u00e9titifs et avec la possibilit\u00e9 d'obtenir des r\u00e9ductions pour les grands groupes. Nous pouvons \u00e9galement organiser le cours en tout lieu selon le souhait du directeur. Gr\u00e2ce \u00e0 cela, nos cours sont toujours planifi\u00e9s en d\u00e9tail et riches en th\u00e9orie et en pratique. Il est encore plus facile d'obtenir des qualifications apr\u00e8s avoir suivi un tel cours.<\/p>\n<p>Nous vous invitons cordialement \u00e0 utiliser les services du Centre de formation du personnel ERGON !<\/p>\n<\/div>\n<div class=\"button_styl\" style=\"float:right; padding-left:15px; padding-bottom:8px; margin-bottom:5px;\"><a href=\"https:\/\/platformaedukacji.pl\/login\/signup.php\" rel=\"nofollow\" target=\"_blank\" class=\"myButton myButton_maly\"><font color=\"white\">Inscrivez-vous \u00e0 la formation<\/font><\/a><\/div>","protected":false},"excerpt":{"rendered":"<p>The Centre for Staff Training ERGON cordially invites you for trainings on aerial platforms and scissor lifts and others. The purpose of the training is obtaining essential UDT ( the Office of Technical Inspection) qualifications without which you cannot operate machines. Building, assembling or decorating works require using machines such as scissor lifts or aerial platforms- therefore, trainings are essential to make all activities safe and according to regulations. Qualifications will be even easier to obtain with us! In our centre, we have been running courses on aerial lifts and scissor lifts for years. We have trained thousands of workers who have passed UDT ( the Office of Technical Inspection) exams without problems and gained necessary qualifications. We employ only qualified lecturers and instructors who know regulations and theory in detail. They know how platforms work- because of that, courses organized by us are always full of valuable information which is useful in later everyday works. Every course is divided into theoretical and practical part. Theoretical part brings up the issue of regulations on technical inspection, information about lifts including platforms, their construction and operation as well as EHS procedures. As a matter of fact, we comprehensively prepare for taking UDT ( the Office of Technical Inspection) exam according to current regulations. The use of platforms Platfroms are a group of machines which are designed to do jobs at high altitude. According to grading, mobile platformsalso include hoists and this is the reason why qualifications are essential for their operation in accordance with law regulations. [&hellip;]<\/p>\n","protected":false},"author":1,"featured_media":0,"parent":0,"menu_order":0,"comment_status":"closed","ping_status":"closed","template":"","meta":{"sfsi_plus_gutenberg_text_before_share":"","sfsi_plus_gutenberg_show_text_before_share":"","sfsi_plus_gutenberg_icon_type":"","sfsi_plus_gutenberg_icon_alignemt":"","sfsi_plus_gutenburg_max_per_row":"","footnotes":""},"class_list":["post-1720","page","type-page","status-publish","hentry","has_thumb"],"aioseo_notices":[],"_links":{"self":[{"href":"https:\/\/kursy-udt.pl\/fr\/wp-json\/wp\/v2\/pages\/1720","targetHints":{"allow":["GET"]}}],"collection":[{"href":"https:\/\/kursy-udt.pl\/fr\/wp-json\/wp\/v2\/pages"}],"about":[{"href":"https:\/\/kursy-udt.pl\/fr\/wp-json\/wp\/v2\/types\/page"}],"author":[{"embeddable":true,"href":"https:\/\/kursy-udt.pl\/fr\/wp-json\/wp\/v2\/users\/1"}],"replies":[{"embeddable":true,"href":"https:\/\/kursy-udt.pl\/fr\/wp-json\/wp\/v2\/comments?post=1720"}],"version-history":[{"count":4,"href":"https:\/\/kursy-udt.pl\/fr\/wp-json\/wp\/v2\/pages\/1720\/revisions"}],"predecessor-version":[{"id":1727,"href":"https:\/\/kursy-udt.pl\/fr\/wp-json\/wp\/v2\/pages\/1720\/revisions\/1727"}],"wp:attachment":[{"href":"https:\/\/kursy-udt.pl\/fr\/wp-json\/wp\/v2\/media?parent=1720"}],"curies":[{"name":"wp","href":"https:\/\/api.w.org\/{rel}","templated":true}]}}