{"id":1714,"date":"2016-01-23T14:46:03","date_gmt":"2016-01-23T14:46:03","guid":{"rendered":"http:\/\/kursy-udt.pl\/?page_id=1714"},"modified":"2017-12-04T10:45:51","modified_gmt":"2017-12-04T10:45:51","slug":"contacter","status":"publish","type":"page","link":"https:\/\/kursy-udt.eu\/fr\/contact\/","title":{"rendered":"Contact"},"content":{"rendered":"<div class=\"wyjustuj\" style=\"margin-bottom:20px;\">En cas de questions et de doutes, veuillez \u00e9crire sur notre e-mail ou nous t\u00e9l\u00e9phoner - nos employ\u00e9s vous expliqueront toutes les subtilit\u00e9s et ils vous pr\u00e9senteront les d\u00e9tails de l'offre avec les prix. Pour les groupes plus importants, nous aurons besoin de remises attractives. Nous vous invitons \u00e0 b\u00e9n\u00e9ficier de nos services de formation, de conseil, de mise en \u0153uvre et d'audit.<\/div>\n<h3>Le si\u00e8ge social :<\/h3>\n<div style=\"float:right; margin-right:20px; width:65%; margin-top:-1%; font-size:80%; color:red;\"><span style=\"font-weight:bold; text-decoration:underline;\">Conseils de transport : Le si\u00e8ge de l'ODK (le Centre de formation du personnel) Ergon est situ\u00e9 dans le centre commercial Gawra, au premier \u00e9tage, place 47 (porte de derri\u00e8re, deuxi\u00e8me escalier). Pour trouver le chemin jusqu'\u00e0 nous sans probl\u00e8me, entrez l'adresse 1, rue Hermana dans votre syst\u00e8me de navigation et vous arriverez derri\u00e8re le centre commercial Gawra, il y a un parking. Vous \u00eates invit\u00e9s !<\/div>\n<p>58C rue Warszawska place 47<br \/>\n02-496 Varsovie<br \/>\nt\u00e9l. +48 22 290 29 09<br \/>\n<script type=\"text\/javascript\">var srodek=\"o@k\"; document.write(\"biur\"); document.write(srodek+\"u\"); document.write(\"rsy-\"); document.write(\"udt.\"); document.write(\"pl\");<\/script><\/p>\n<h3>Les d\u00e9partements locaux :<\/h3>\n<div style=\"float:left; margin-right:20px; width:210px;\">\n<div style=\"font-weight:bold;\">D\u00e9partement de Bialystok<\/div>\n<p>9, rue du Nouveau Monde<br \/>\n15-453 Bialystok<\/p><\/div>\n<div style=\"float:left; margin-right:20px; width:210px;\">\n<div style=\"font-weight:bold;\">D\u00e9partement de Bielsko Bia\u0142a<\/div>\n<p>Rue Obro\u0144c\u00f3w W\u0119gierskiej G\u00f3rki<br \/>\n34-350 Wegierska Gorka<\/p><\/div>\n<div style=\"float:left; margin-right:20px; width:210px;\">\n<div style=\"font-weight:bold;\">D\u00e9partement de Bydgoszcz<\/div>\n<p>13, rue du Vieux-Port<br \/>\n85-068 Bydgoszcz<\/p><\/div>\n<div style=\"clear:both;\">\n<div style=\"float:left; margin-right:20px; width:210px;\">\n<div style=\"font-weight:bold;\">D\u00e9partement de Gdansk<\/div>\n<p>45, rue Ko\u0142obrzeska<br \/>\n80-391 Gdansk<\/p><\/div>\n<div style=\"float:left; margin-right:20px; width:210px;\">\n<div style=\"font-weight:bold;\">D\u00e9partement de Gdynia<\/div>\n<p>7, rue Grain<br \/>\n81-020 Gdynia<\/p><\/div>\n<div style=\"float:left; margin-right:20px; width:210px;\">\n<div style=\"font-weight:bold;\">D\u00e9partement de Katowice (Sil\u00e9sie)<\/div>\n<p>51, rue Kievska<br \/>\n40-754 Katowice<\/p><\/div>\n<\/div>\n<div style=\"clear:both;\">\n<div style=\"float:left; margin-right:20px; width:210px;\">\n<div style=\"font-weight:bold;\">D\u00e9partement de Cracovie (Ma\u0142opolska)<\/div>\n<p>9, rue Lepkowskiego, appartement n\u00b0 23<br \/>\n31-423 Cracovie<br \/>\nt\u00e9l. +48 12 626 67 09<\/p><\/div>\n<div style=\"float:left; margin-right:20px; width:210px;\">\n<div style=\"font-weight:bold;\">D\u00e9partement de Lublin<\/div>\n<p>10, rue Nieca\u0142a<br \/>\n20-080 Lublin<\/p><\/div>\n<div style=\"float:left; margin-right:20px; width:210px;\">\n<div style=\"font-weight:bold;\">D\u00e9partement \u0141\u00f3d\u017a<\/div>\n<p>121, rue Piotrowska<br \/>\n62-061 Lodz<\/p><\/div>\n<\/div>\n<div style=\"clear:both;\">\n<div style=\"float:left; margin-right:20px; width:210px;\">\n<div style=\"font-weight:bold;\">D\u00e9partement de Pozna\u0144<\/div>\n<p>20, rue Sienkiewicza<br \/>\n60-818 Poznan<\/p><\/div>\n<div style=\"float:left; margin-right:20px; width:210px;\">\n<div style=\"font-weight:bold;\">D\u00e9partement de Szczecin<\/div>\n<p>71, rue R\u00fcgenska<br \/>\n71-653 Szczecin<\/p><\/div>\n<div style=\"float:left; margin-right:20px; width:210px;\">\n<div style=\"font-weight:bold;\">D\u00e9partement de Wroc\u0142aw<\/div>\n<p>32, rue Partynicka<br \/>\n53-031 Wroc\u0142aw<\/p><\/div>\n<\/div>\n<div style=\"clear:both;\">\n<div style=\"margin-top:50px; font-weight:bold;\">Voir comment nous rejoindre !<\/div>\n<p><iframe loading=\"lazy\" frameborder=\"0\" height=\"700\" width=\"600\" marginheight=\"0\" marginwidth=\"0\" scrolling=\"no\" src=\"https:\/\/maps.google.pl\/maps?ie=UTF8&#038;cid=1316822299054705781&#038;q=Zak%C5%82ad+Doradztwa+Bezpiecze%C5%84stwa+Pracy+ERGON+-+O%C5%9Brodek+Doskonalenia+Kadr&#038;gl=PL&#038;hl=pl&#038;t=m&#038;ll=52.195416,20.864003&#038;spn=0.004604,0.010192&#038;z=16&#038;iwloc=A&#038;output=embed\"><\/iframe>\n<\/div>","protected":false},"excerpt":{"rendered":"<p>En cas de questions ou de doutes, \u00e9crivez-nous par e-mail ou t\u00e9l\u00e9phonez-nous - nos collaborateurs vous expliqueront toutes les subtilit\u00e9s et vous pr\u00e9senteront les d\u00e9tails de l'offre avec les prix. Pour les groupes plus importants, nous vous proposerons des r\u00e9ductions int\u00e9ressantes. Nous vous invitons \u00e0 profiter de nos services de formation, de conseil, de mise en \u0153uvre et d'audit. Le si\u00e8ge : Conseils de transport : Le si\u00e8ge d'ODK (le Centre de formation du personnel) Ergon est situ\u00e9 dans le d\u00e9partement commercial du centre commercial Gawra, au premier \u00e9tage, place 47 (porte arri\u00e8re, deuxi\u00e8me escalier). Pour nous trouver sans probl\u00e8me, entrez l'adresse 1, rue Hermana dans votre syst\u00e8me de navigation et vous arriverez derri\u00e8re le centre commercial Gawra, o\u00f9 se trouve un parking. Vous \u00eates invit\u00e9s ! 58C Warszawska Street place 47 02-496 Warsaw tel. +48 22 290 29 09 Local departments: Bia\u0142ystok department 9, Nowy \u015awiat Street 15-453 Bia\u0142ystok Bielsko Bia\u0142a department Obro\u0144c\u00f3w W\u0119gierskiej G\u00f3rki Street 34-350 Wegierska G\u00f3rka Bydgoszcz department 13, Stary Port Street 85-068 Bydgoszcz Gda\u0144sk department 45, Ko\u0142obrzeska Street 80-391 Gda\u0144sk Gdynia department 7, Zbo\u017cowa Street 81-020 Gdynia Katowice (Silesia) department 51, Kijowska Street 40-754 Katowice Cracow department (Ma\u0142opolska) 9, Lepkowskiego Street flat no. 23 31-423 Krak\u00f3w tel. +48 12 626 67 09 Lublin d\u00e9partement 10, Nieca\u0142a Street 20-080 Lublin \u0141\u00f3d\u017a d\u00e9partement 121, Piotrowska Street 62-061 \u0141\u00f3d\u017a Pozna\u0144 d\u00e9partement 20, Sienkiewicza Street 60-818 Pozna\u0144 Szczecin d\u00e9partement 71, Rugia\u0144ska Street 71-653 Szczecin Wroc\u0142aw d\u00e9partement 32, Partynicka Street 53-031 Wroc\u0142aw Voyez comment nous rejoindre !<\/p>","protected":false},"author":1,"featured_media":0,"parent":0,"menu_order":5,"comment_status":"closed","ping_status":"closed","template":"","meta":{"sfsi_plus_gutenberg_text_before_share":"","sfsi_plus_gutenberg_show_text_before_share":"","sfsi_plus_gutenberg_icon_type":"","sfsi_plus_gutenberg_icon_alignemt":"","sfsi_plus_gutenburg_max_per_row":"","footnotes":""},"class_list":["post-1714","page","type-page","status-publish","hentry","has_no_thumb"],"aioseo_notices":[],"_links":{"self":[{"href":"https:\/\/kursy-udt.pl\/fr\/wp-json\/wp\/v2\/pages\/1714","targetHints":{"allow":["GET"]}}],"collection":[{"href":"https:\/\/kursy-udt.pl\/fr\/wp-json\/wp\/v2\/pages"}],"about":[{"href":"https:\/\/kursy-udt.pl\/fr\/wp-json\/wp\/v2\/types\/page"}],"author":[{"embeddable":true,"href":"https:\/\/kursy-udt.pl\/fr\/wp-json\/wp\/v2\/users\/1"}],"replies":[{"embeddable":true,"href":"https:\/\/kursy-udt.pl\/fr\/wp-json\/wp\/v2\/comments?post=1714"}],"version-history":[{"count":6,"href":"https:\/\/kursy-udt.pl\/fr\/wp-json\/wp\/v2\/pages\/1714\/revisions"}],"predecessor-version":[{"id":2410,"href":"https:\/\/kursy-udt.pl\/fr\/wp-json\/wp\/v2\/pages\/1714\/revisions\/2410"}],"wp:attachment":[{"href":"https:\/\/kursy-udt.pl\/fr\/wp-json\/wp\/v2\/media?parent=1714"}],"curies":[{"name":"wp","href":"https:\/\/api.w.org\/{rel}","templated":true}]}}