{"id":1708,"date":"2016-01-23T14:43:41","date_gmt":"2016-01-23T14:43:41","guid":{"rendered":"http:\/\/kursy-udt.pl\/?page_id=1708"},"modified":"2016-01-23T16:02:15","modified_gmt":"2016-01-23T16:02:15","slug":"machines","status":"publish","type":"page","link":"https:\/\/kursy-udt.eu\/fr\/machines\/","title":{"rendered":"Machines"},"content":{"rendered":"<div class=\"wyjustuj\">\n<h3>Choisissez une machine \u00e0 la hauteur de vos int\u00e9r\u00eats :<\/h3>\n<div style=\"text-align:center; font-size:85%; line-height:120%; height:220px; margin-top:5px;\">\n<div style=\"float:left; margin-right:20px;\">\n<a href=\"\/fr\/palans\/\"><img decoding=\"async\" src=\"\/wp-content\/uploads\/2014\/04\/ciegniki.jpg\"><\/a><br \/>\n<a href=\"\/fr\/palans\/\"><font color=\"black\"><\/p>\n<div style=\"width:200px; font-size:150%; margin-top:5px;\"><strong>Palans<\/strong><\/div>\n<p><\/font><\/a>\n<\/div>\n<div style=\"float:left; margin-right:20px;\">\n<a href=\"\/fr\/ascenseurs\/\"><img decoding=\"async\" src=\"\/wp-content\/uploads\/2014\/04\/dzwigi.jpeg\"><\/a><br \/>\n<a href=\"\/fr\/ascenseurs\/\"><font color=\"black\"><\/p>\n<div style=\"width:200px; font-size:150%; margin-top:5px;\"><strong>Ascenseurs<\/strong><\/div>\n<p><\/font><\/a>\n<\/div>\n<div style=\"float:left; margin-right:20px;\">\n<a href=\"\/fr\/grue-daccueil-de-la-voie-ferree\/\"><img decoding=\"async\" src=\"\/wp-content\/uploads\/2014\/04\/dzwignice-linotorowe-2.jpg\"><\/a><br \/>\n<a href=\"\/fr\/grue-daccueil-de-la-voie-ferree\/\"><font color=\"black\"><\/p>\n<div style=\"width:200px; font-size:150%; margin-top:5px;\"><strong>Grues de levage sur rails en ligne<\/strong><\/div>\n<p><\/font><\/a>\n<\/div>\n<\/div>\n<div style=\"text-align:center; font-size:85%; line-height:120%; height:220px; margin-top:5px;\">\n<div style=\"float:left; margin-right:20px;\">\n<a href=\"\/fr\/chargeurs-telescopiques\/\"><img decoding=\"async\" src=\"\/wp-content\/uploads\/2014\/03\/wozki-widlowe-1.jpeg\"><\/a><br \/>\n<a href=\"\/fr\/chargeurs-telescopiques\/\"><font color=\"black\"><\/p>\n<div style=\"width:200px; font-size:150%; margin-top:5px;\"><strong>Chargeurs t\u00e9lescopiques<\/strong><\/div>\n<p><\/font><\/a>\n<\/div>\n<div style=\"float:left; margin-right:20px;\">\n<a href=\"\/fr\/plates-formes-a-ciseaux\/\"><img decoding=\"async\" src=\"\/wp-content\/uploads\/2014\/04\/01-podest.jpeg\"><\/a><br \/>\n<a href=\"\/fr\/plates-formes-a-ciseaux\/\"><font color=\"black\"><\/p>\n<div style=\"width:200px; font-size:150%; margin-top:5px;\"><strong>Nacelles \u00e0 ciseaux<\/strong><\/div>\n<p><\/font><\/a>\n<\/div>\n<div style=\"float:left; margin-right:20px;\">\n<a href=\"\/fr\/formations\/formation-sur-les-plates-formes-elevatrices-mobiles-de-personnel\/\"><img decoding=\"async\" src=\"\/wp-content\/uploads\/2014\/04\/10-pokaz.jpeg\"  alt=\"cours pour les plateformes mobiles\"><\/a><br \/>\n<a href=\"\/fr\/formations\/formation-sur-les-plates-formes-elevatrices-mobiles-de-personnel\/\"><font color=\"black\"><\/p>\n<div style=\"width:200px; font-size:150%; margin-top:5px;\"><strong>Plates-formes mobiles<\/strong><\/div>\n<p><\/font><\/a>\n<\/div>\n<\/div>\n<div style=\"text-align:center; font-size:85%; line-height:120%; height:220px; margin-top:5px;\">\n<div style=\"float:left; margin-right:20px;\">\n<a href=\"\/fr\/plates-formes-aeriennes\/\"><img decoding=\"async\" src=\"\/wp-content\/uploads\/2014\/04\/09-slajd.jpeg\"><\/a><br \/>\n<a href=\"\/fr\/plates-formes-aeriennes\/\"><font color=\"black\"><\/p>\n<div style=\"width:200px; font-size:150%; margin-top:5px;\"><strong>Palans<\/strong><\/div>\n<p><\/font><\/a>\n<\/div>\n<div style=\"float:left; margin-right:20px;\">\n<a href=\"\/fr\/cours-sur-les-portiques\/\"><img loading=\"lazy\" decoding=\"async\" src=\"\/wp-content\/uploads\/2014\/04\/suwnice.jpeg\" width=\"200\" height=\"150\" ><\/a><br \/>\n<a href=\"\/fr\/cours-sur-les-portiques\/\"><font color=\"black\"><\/p>\n<div style=\"width:200px; font-size:150%; margin-top:5px;\"><strong>Portiques<\/strong><\/div>\n<p><\/font><\/a>\n<\/div>\n<div style=\"float:left; margin-right:20px;\">\n<a href=\"\/fr\/transstockeurs\/\"><img decoding=\"async\" src=\"\/wp-content\/uploads\/2014\/04\/ukladnice.jpg\"><\/a><br \/>\n<a href=\"\/fr\/transstockeurs\/\"><font color=\"black\"><\/p>\n<div style=\"width:200px; font-size:150%; margin-top:5px;\"><strong>Agrafeuses<\/strong><\/div>\n<p><\/font><\/a>\n<\/div>\n<\/div>\n<div style=\"text-align:center; font-size:85%; line-height:120%; height:220px; margin-top:5px;\">\n<div style=\"float:left; margin-right:20px;\">\n<a href=\"\/fr\/machines-pour-la-manoeuvre-de-conteneurs\/\"><img decoding=\"async\" src=\"\/wp-content\/uploads\/2014\/04\/urzadzenia-do-manipulacji-kontenerami.jpeg\"><\/a><br \/>\n<a href=\"\/fr\/machines-pour-la-manoeuvre-de-conteneurs\/\"><font color=\"black\"><\/p>\n<div style=\"width:200px; font-size:150%; margin-top:5px;\"><strong>Machines pour la man\u0153uvre de conteneurs<\/strong><\/div>\n<p><\/font><\/a>\n<\/div>\n<div style=\"float:left; margin-right:20px;\">\n<a href=\"\/fr\/chariots-elevateurs-a-fourche-gerbeurs\/\"><img decoding=\"async\" src=\"\/wp-content\/uploads\/2014\/03\/wozki-widlowe-3.jpeg\"><\/a><br \/>\n<a href=\"\/fr\/chariots-elevateurs-a-fourche-gerbeurs\/\"><font color=\"black\"><\/p>\n<div style=\"width:200px; font-size:150%; margin-top:5px;\"><strong>Chariots \u00e9l\u00e9vateurs<\/strong><\/div>\n<p><\/font><\/a>\n<\/div>\n<div style=\"float:left; margin-right:20px;\">\n<a href=\"\/fr\/formations\/cours-de-chariot-elevateur\/\"><img decoding=\"async\" src=\"\/wp-content\/uploads\/2014\/03\/wozki-widlowe-4.jpeg\" alt=\"cours de chariot \u00e9l\u00e9vateur\"><\/a><br \/>\n<a href=\"\/fr\/formations\/cours-de-chariot-elevateur\/\"><font color=\"black\"><\/p>\n<div style=\"width:200px; font-size:150%; margin-top:5px;\"><strong>Chariots \u00e9l\u00e9vateurs \u00e0 fourche<\/strong><\/div>\n<p><\/font><\/a>\n<\/div>\n<\/div>\n<div style=\"text-align:center; font-size:85%; line-height:120%; height:220px; margin-top:5px;\">\n<div style=\"float:left; margin-right:20px;\">\n<a href=\"\/fr\/monte-charges\/\"><img decoding=\"async\" src=\"\/wp-content\/uploads\/2014\/04\/wyciagi-towarowe.jpeg\"><\/a><br \/>\n<a href=\"\/fr\/monte-charges\/\"><font color=\"black\"><\/p>\n<div style=\"width:200px; font-size:150%; margin-top:5px;\"><strong>Ascenseurs de fret<\/strong><\/div>\n<p><\/font><\/a>\n<\/div>\n<div style=\"float:left; margin-right:20px;\">\n<a href=\"\/fr\/cours-sur-les-hausses\/\"><img decoding=\"async\" src=\"\/wp-content\/uploads\/2014\/03\/szkolenia-na-podnosnik.jpeg\"><\/a><br \/>\n<a href=\"\/fr\/cours-sur-les-hausses\/\"><font color=\"black\"><\/p>\n<div style=\"width:200px; font-size:150%; margin-top:5px;\"><strong>Plates-formes a\u00e9riennes<\/strong><\/div>\n<p><\/font><\/a>\n<\/div>\n<div style=\"float:left; margin-right:20px;\">\n<a href=\"\/fr\/grues-a-fleche\/\"><img decoding=\"async\" src=\"\/wp-content\/uploads\/2014\/04\/zurawie.jpeg\"><\/a><br \/>\n<a href=\"\/fr\/grues-a-fleche\/\"><font color=\"black\"><\/p>\n<div style=\"width:200px; font-size:150%; margin-top:5px;\"><strong>Grues<\/strong><\/div>\n<p><\/font><\/a>\n<\/div>\n<\/div>\n<\/div>","protected":false},"excerpt":{"rendered":"<p>Choisissez une machine en fonction de votre int\u00e9r\u00eat : Palans Ascenseurs Grues de levage sur rail Chargeurs t\u00e9lescopiques \u00c9l\u00e9vateurs \u00e0 ciseaux Plates-formes mobiles Palans Portiques Agrafeuses Machines pour la manutention de conteneurs Chariots \u00e9l\u00e9vateurs Chariots \u00e9l\u00e9vateurs \u00e0 fourche Monte-charges Plates-formes a\u00e9riennes Grues<\/p>","protected":false},"author":1,"featured_media":0,"parent":0,"menu_order":2,"comment_status":"closed","ping_status":"closed","template":"","meta":{"sfsi_plus_gutenberg_text_before_share":"","sfsi_plus_gutenberg_show_text_before_share":"","sfsi_plus_gutenberg_icon_type":"","sfsi_plus_gutenberg_icon_alignemt":"","sfsi_plus_gutenburg_max_per_row":"","footnotes":""},"class_list":["post-1708","page","type-page","status-publish","hentry","has_thumb"],"aioseo_notices":[],"_links":{"self":[{"href":"https:\/\/kursy-udt.pl\/fr\/wp-json\/wp\/v2\/pages\/1708","targetHints":{"allow":["GET"]}}],"collection":[{"href":"https:\/\/kursy-udt.pl\/fr\/wp-json\/wp\/v2\/pages"}],"about":[{"href":"https:\/\/kursy-udt.pl\/fr\/wp-json\/wp\/v2\/types\/page"}],"author":[{"embeddable":true,"href":"https:\/\/kursy-udt.pl\/fr\/wp-json\/wp\/v2\/users\/1"}],"replies":[{"embeddable":true,"href":"https:\/\/kursy-udt.pl\/fr\/wp-json\/wp\/v2\/comments?post=1708"}],"version-history":[{"count":15,"href":"https:\/\/kursy-udt.pl\/fr\/wp-json\/wp\/v2\/pages\/1708\/revisions"}],"predecessor-version":[{"id":1796,"href":"https:\/\/kursy-udt.pl\/fr\/wp-json\/wp\/v2\/pages\/1708\/revisions\/1796"}],"wp:attachment":[{"href":"https:\/\/kursy-udt.pl\/fr\/wp-json\/wp\/v2\/media?parent=1708"}],"curies":[{"name":"wp","href":"https:\/\/api.w.org\/{rel}","templated":true}]}}