{"id":17,"date":"2014-02-07T21:14:12","date_gmt":"2014-02-07T21:14:12","guid":{"rendered":"http:\/\/kursy-udt.kwiaty0.pl\/?page_id=17"},"modified":"2025-06-04T12:04:52","modified_gmt":"2025-06-04T10:04:52","slug":"chariots-elevateurs-2","status":"publish","type":"page","link":"https:\/\/kursy-udt.pl\/fr\/szkolenia\/wozkiwidlowe\/","title":{"rendered":"Cours pour chariots \u00e9l\u00e9vateurs"},"content":{"rendered":"<p><img loading=\"lazy\" decoding=\"async\" class=\"paddingleft10 alignleft wp-image-3573 size-medium\" src=\"https:\/\/kursy-udt.pl\/wp-content\/uploads\/2021\/11\/wozek_widlowy-300x200.jpg\" alt=\"\" width=\"300\" height=\"200\" srcset=\"https:\/\/kursy-udt.pl\/wp-content\/uploads\/2021\/11\/wozek_widlowy-300x200.jpg 300w, https:\/\/kursy-udt.pl\/wp-content\/uploads\/2021\/11\/wozek_widlowy.jpg 611w\" sizes=\"auto, (max-width: 300px) 100vw, 300px\" \/>Le Centre ERGON de formation du personnel a pr\u00e9par\u00e9 pour vous un large \u00e9ventail de cours de formation - nous vous invitons \u00e9galement \u00e0 suivre un cours sur les chariots \u00e9l\u00e9vateurs (Varsovie et toute la Pologne), y compris un cours de conducteur de chariot \u00e9l\u00e9vateur gr\u00e2ce auquel vous apprendrez toutes les informations les plus importantes sur l'utilisation de cet \u00e9quipement. Nos cours sur les chariots \u00e9l\u00e9vateurs sont dispens\u00e9s par des conf\u00e9renciers et des instructeurs exp\u00e9riment\u00e9s, et gr\u00e2ce \u00e0 l'importance que nous accordons aux r\u00e9sultats, l'obtention de la licence de l'UDT ne sera qu'une formalit\u00e9 chez nous. Les chariots \u00e9l\u00e9vateurs sont actuellement utilis\u00e9s dans de nombreux emplois, c'est pourquoi les cours sont un tr\u00e8s bon investissement qui rapporte rapidement tant \u00e0 l'employ\u00e9 qu'\u00e0 l'employeur. Vous pouvez \u00e9galement assister \u00e0 nos cours de formation sur les chariots \u00e9l\u00e9vateurs si vous souhaitez en apprendre davantage par vous-m\u00eame.<\/p>\n<div class=\"wyjustuj\">\n<p>Chaque cours de formation sur les chariots \u00e9l\u00e9vateurs \u00e0 fourche dispens\u00e9 par notre centre est complet et se compose d'une partie th\u00e9orique et d'une partie pratique. Le cours couvre toutes les questions th\u00e9oriques li\u00e9es \u00e0 la construction et au fonctionnement de l'appareil pendant les travaux, ainsi que des cours pratiques qui enseignent aux participants comment man\u0153uvrer correctement le chariot \u00e9l\u00e9vateur \u00e0 fourche conform\u00e9ment aux r\u00e8gles de s\u00e9curit\u00e9 et \u00e0 l'Office de contr\u00f4le technique. Nous pr\u00e9parons de mani\u00e8re exhaustive les participants \u00e0 nos cours de formation \u00e0 l'obtention de leur licence UDT.<\/p>\n<div class=\"filmw\">\n<div class=\"responsive-youtube\" style=\"text-align: center;\"><iframe loading=\"lazy\" title=\"Lecteur vid\u00e9o YouTube\" src=\"https:\/\/www.youtube.com\/embed\/dFMZUadVVBM\" width=\"560\" height=\"315\" frameborder=\"0\" allowfullscreen=\"allowfullscreen\"><\/iframe><\/div>\n<\/div>\n<h2 class=\"naglowekh2\">Types d&#039;autorisations<\/h2>\n<p>Selon la r\u00e9glementation UDT, il existe 3 cat\u00e9gories d&#039;autorisations pour l&#039;exploitation des chariots \u00e9l\u00e9vateurs :<\/p>\n<p><u>I WJO pour les chariots \u00e9l\u00e9vateurs, y compris sp\u00e9cialis\u00e9s : avec un op\u00e9rateur lev\u00e9 avec une charge et avec une port\u00e9e variable<\/u><br \/>\n<img decoding=\"async\" style=\"float: left; margin-right: 20px;\" src=\"\/wp-content\/uploads\/2014\/03\/wozki-jezdniowe-podnosnikowe-1.jpeg\" alt=\"chariots \u00e9l\u00e9vateurs\" \/><img decoding=\"async\" style=\"float: left; margin-right: 20px;\" src=\"\/wp-content\/uploads\/2014\/03\/wozek-widlowy-p1.jpeg\" alt=\"I WJO pour chariots \u00e9l\u00e9vateurs\" \/><img decoding=\"async\" src=\"\/wp-content\/uploads\/2014\/03\/wozki-widlowe-1.jpeg\" alt=\"chargeur t\u00e9lescopique - chariot \u00e9l\u00e9vateur \u00e0 port\u00e9e variable\" \/><\/p>\n<p><u>II WJO pour chariots \u00e9l\u00e9vateurs (sans \u00e9quipement sp\u00e9cialis\u00e9)<\/u><br \/>\n<img decoding=\"async\" style=\"float: left; margin-right: 20px;\" src=\"\/wp-content\/uploads\/2014\/03\/wozek-widlowy-d1.jpeg\" alt=\"\" \/><img decoding=\"async\" style=\"float: left; margin-right: 20px;\" src=\"\/wp-content\/uploads\/2014\/03\/wozki-widlowe-4.jpeg\" alt=\"\" \/><img decoding=\"async\" src=\"\/wp-content\/uploads\/2014\/03\/wozek-widlowy-d2.jpeg\" alt=\"\" \/><\/p>\n<p><u>III WJO pour chariots \u00e9l\u00e9vateurs guid\u00e9s et t\u00e9l\u00e9command\u00e9s<\/u><br \/>\n<img decoding=\"async\" style=\"float: left; margin-right: 20px;\" src=\"\/wp-content\/uploads\/2014\/03\/wozek-widlowy-t1.jpeg\" alt=\"\" \/><img decoding=\"async\" style=\"float: left; margin-right: 20px;\" src=\"\/wp-content\/uploads\/2014\/03\/wozek-widlowy-t2.jpeg\" alt=\"\" \/><img decoding=\"async\" src=\"\/wp-content\/uploads\/2014\/03\/wozek-widlowy-t3.jpeg\" alt=\"\" \/><\/p>\n<h2 class=\"naglowekh2\">Application des appareils<\/h2>\n<p>Forkbeards ou trop <span class=\"linkwartykule\">les camions sont des v\u00e9hicules \u00e0 roues m\u00e9caniques \u00e9quip\u00e9s d&#039;une motorisation \u00e9lectrique ou d&#039;un moteur \u00e0 combustion interne, gr\u00e2ce auxquels ils peuvent se d\u00e9placer sur de plus longues distances. Les appareils permettent d&#039;effectuer des travaux de chargement et de d\u00e9chargement l\u00e9gers et lourds sur des palettes en bois dans les entrep\u00f4ts, les magasins, les ports et les halls de production. <\/span><\/p>\n<p>De nombreux types de chariots \u00e9l\u00e9vateurs sont utilis\u00e9s. En raison de leur fonctionnement, ils sont divis\u00e9s en: tracteur, charg\u00e9, \u00e9l\u00e9vateur, \u00e9l\u00e9vateur et chariots \u00e9l\u00e9vateurs sp\u00e9ciaux. En termes de direction, les chariots \u00e9l\u00e9vateurs sont class\u00e9s en chariots guid\u00e9s, \u00e0 plate-forme, t\u00e9l\u00e9command\u00e9s et \u00e9quip\u00e9s de si\u00e8ges. Contr\u00f4ler le mouvement d&#039;un fauteuil roulant est similaire \u00e0 la conduite d&#039;une voiture dans la mesure o\u00f9 l&#039;appareil comporte un volant, des p\u00e9dales de frein et d&#039;acc\u00e9l\u00e9rateur. Pour faire fonctionner les appareils, vous avez besoin de licences de chariot \u00e9l\u00e9vateur accord\u00e9es conform\u00e9ment aux r\u00e8glements du Bureau de l&#039;inspection technique.<\/p>\n<div style=\"width: 640px;\" class=\"wp-video\"><video id=\"video-17-1\" width=\"640\" height=\"360\" poster=\"https:\/\/kursy-udt.pl\/wp-content\/uploads\/2023\/02\/jpg_20230127_031138_0000.jpg\" preload=\"metadata\" controls=\"controls\"><source type=\"video\/mp4\" src=\"https:\/\/kursy-udt.pl\/wp-content\/uploads\/2023\/02\/ACCEPTED-wozki-widlowe-4K-kursy-udt.mp4?_=1\" \/><a href=\"https:\/\/kursy-udt.pl\/wp-content\/uploads\/2023\/02\/ACCEPTED-wozki-widlowe-4K-kursy-udt.mp4\">https:\/\/kursy-udt.pl\/wp-content\/uploads\/2023\/02\/ACCEPTED-wozki-widlowe-4K-kursy-udt.mp4<\/a><\/video><\/div>\n<h2 class=\"naglowekh2\">Formation chariot \u00e9l\u00e9vateur - le but de la formation<\/h2>\n<p>La formation aux chariots \u00e9l\u00e9vateurs est destin\u00e9e aux personnes ayant atteint l&#039;\u00e2ge de 18 ans, ayant au moins une formation de base et ayant subi des examens m\u00e9dicaux et ayant re\u00e7u un certificat de non contre-indication \u00e0 la profession de conducteur de chariot \u00e9l\u00e9vateur.<\/p>\n<p>La formation permet d'acqu\u00e9rir les connaissances et les comp\u00e9tences n\u00e9cessaires pour passer l'examen. Ces appareils sont utilis\u00e9s dans un nombre croissant d'entreprises. Une formation \u00e0 leur utilisation sera donc un bon investissement. Cela vaut la peine d'apprendre \u00e0 conduire des chariots \u00e9l\u00e9vateurs avec le centre ERGON - nous vous faciliterons encore plus l'obtention de vos qualifications UDT !<\/p>\n<p>Nous vous invitons \u00e0 vous familiariser avec notre offre compl\u00e8te !<br \/>\nODK Ergon Varsovie<\/p>\n<\/div>\n<div class=\"button_styl\" style=\"float: right; padding-left: 15px; padding-bottom: 8px; margin-bottom: 5px;\"><a class=\"myButton myButton_maly\" href=\"https:\/\/platformaedukacji.pl\/login\/signup.php\" target=\"_blank\" rel=\"nofollow noopener noreferrer\"><span style=\"color: white;\">Inscrivez-vous \u00e0 la formation<\/span><\/a><\/div>\n<div style=\"padding-top: 70px;\">\n<h2>Plus d&#039;information:<\/h2>\n<div style=\"text-align: center; font-size: 85%; line-height: 120%;\">\n<div style=\"float: left; margin-right: 40px; height: 290px;\">\n<p><a href=\"\/fr\/entrainement\/chariots-elevateurs-2\/controler\/\"><img decoding=\"async\" src=\"\/wp-content\/uploads\/2014\/08\/ster.jpg\" alt=\"\" \/><\/a><\/p>\n<div style=\"width: 300px; font-size: 130%;\"><strong>Contr\u00f4ler<\/strong><br \/>\nTechniques de contr\u00f4le correctes<\/div>\n<\/div>\n<div style=\"float: left; margin-right: 40px; height: 290px;\">\n<p><a href=\"\/fr\/entrainement\/chariots-elevateurs-2\/manutention-des-charges\/\"><img decoding=\"async\" src=\"\/wp-content\/uploads\/2014\/08\/oper.jpg\" alt=\"\" \/><\/a><\/p>\n<div style=\"width: 300px; font-size: 130%;\"><strong>Manutention de charges<\/strong><br \/>\nManipuler un chariot \u00e9l\u00e9vateur charg\u00e9<\/div>\n<\/div>\n<\/div>\n<div style=\"clear: both;\"><\/div>\n<div style=\"text-align: center; font-size: 85%; line-height: 120%;\">\n<div style=\"float: left; margin-right: 40px; height: 290px;\">\n<p><a href=\"\/fr\/entrainement\/chariots-elevateurs-2\/securite\/\"><img decoding=\"async\" src=\"\/wp-content\/uploads\/2014\/08\/bezp.jpg\" alt=\"\" \/><\/a><\/p>\n<div style=\"width: 300px; font-size: 130%;\"><strong>S\u00e9curit\u00e9<\/strong><br \/>\nR\u00e8gles de fonctionnement s\u00e9curitaire<\/div>\n<\/div>\n<div style=\"float: left; margin-right: 40px; height: 290px;\">\n<p><a href=\"\/fr\/entrainement\/chariots-elevateurs-2\/construction\/\"><img decoding=\"async\" src=\"\/wp-content\/uploads\/2014\/08\/bud.jpg\" alt=\"\" \/><\/a><\/p>\n<div style=\"width: 300px; font-size: 130%;\"><strong>Construction<\/strong><br \/>\nBase de connaissances pour la construction<\/div>\n<\/div>\n<\/div>\n<div style=\"text-align: center; font-size: 85%; line-height: 120%;\">\n<div style=\"float: left; margin-right: 40px; height: 290px;\">\n<p><a href=\"\/fr\/entrainement\/chariots-elevateurs-2\/\"><img decoding=\"async\" style=\"width: 300px; height: 225px;\" src=\"\/wp-content\/uploads\/2014\/03\/wozki-widlowe-4.jpeg\" alt=\"\" \/><\/a><\/p>\n<div style=\"width: 300px; font-size: 130%;\"><center><strong>Cours<\/strong><br \/>\nsur chariots \u00e9l\u00e9vateurs<\/center><\/div>\n<\/div>\n<\/div>\n<\/div>\n<p><a href=\"https:\/\/kursy-udt.pl\/wp-content\/uploads\/2022\/12\/wozki-widlowe-kursy-udt.pl_.png\"><img loading=\"lazy\" decoding=\"async\" class=\"aligncenter wp-image-4547\" src=\"https:\/\/kursy-udt.pl\/wp-content\/uploads\/2022\/12\/wozki-widlowe-kursy-udt.pl_-300x188.png\" alt=\"\" width=\"750\" height=\"469\" srcset=\"https:\/\/kursy-udt.pl\/wp-content\/uploads\/2022\/12\/wozki-widlowe-kursy-udt.pl_-300x188.png 300w, https:\/\/kursy-udt.pl\/wp-content\/uploads\/2022\/12\/wozki-widlowe-kursy-udt.pl_-1024x640.png 1024w, https:\/\/kursy-udt.pl\/wp-content\/uploads\/2022\/12\/wozki-widlowe-kursy-udt.pl_-768x480.png 768w, https:\/\/kursy-udt.pl\/wp-content\/uploads\/2022\/12\/wozki-widlowe-kursy-udt.pl_-18x12.png 18w, https:\/\/kursy-udt.pl\/wp-content\/uploads\/2022\/12\/wozki-widlowe-kursy-udt.pl_-624x390.png 624w, https:\/\/kursy-udt.pl\/wp-content\/uploads\/2022\/12\/wozki-widlowe-kursy-udt.pl_.png 1200w\" sizes=\"auto, (max-width: 750px) 100vw, 750px\" \/><\/a><\/p>","protected":false},"excerpt":{"rendered":"<p>O\u015brodek Doskonalenia Kadr ERGON\u00a0 przygotowa\u0142 dla Pa\u0144stwa szeroki wyb\u00f3r szkole\u0144 \u2013 zapraszamy tak\u017ce na kurs na w\u00f3zki wid\u0142owe (Warszawa i ca\u0142a Polska), w tym na kurs operatora w\u00f3zka wid\u0142owego dzi\u0119ki kt\u00f3remu mo\u017cna pozna\u0107 wszystkie najwa\u017cniejsze informacje na temat obs\u0142ugi tych urz\u0105dze\u0144. Nasze kursy na w\u00f3zki wid\u0142owe s\u0105 prowadzone przez do\u015bwiadczonych wyk\u0142adowc\u00f3w i instruktor\u00f3w, a dzi\u0119ki temu, \u017ce k\u0142adziemy nacisk na efekty, uzyskanie uprawnie\u0144 UDT b\u0119dzie z nami tylko formalno\u015bci\u0105. Aktualnie w wielu pracach stosowane s\u0105 w\u00f3zki wid\u0142owe, kursy z tego powodu s\u0105 bardzo dobr\u0105 inwestycj\u0105, kt\u00f3ra zwraca si\u0119 szybko zar\u00f3wno pracownikowi, jak i pracodawcy. Zapraszamy r\u00f3wnie\u017c na nasze szkolenia na widlaki osoby chc\u0105ce doszkoli\u0107 si\u0119 samodzielnie. Ka\u017cde szkolenie na w\u00f3zki wid\u0142owe prowadzone przez nasz O\u015brodek jest kompleksowe i sk\u0142ada si\u0119 z cz\u0119\u015bci teoretycznej i praktycznej. Podczas kursy poruszane s\u0105 wszystkie kwestie teoretyczne zwi\u0105zane z budow\u0105 oraz operowaniem urz\u0105dzeniem podczas prac, jak i prowadzone s\u0105 zaj\u0119cia praktyczne, kt\u00f3re ucz\u0105 uczestnik\u00f3w prawid\u0142owego manewrowania w\u00f3zkiem zgodnie z przepisami BHP oraz Urz\u0119du Dozoru Technicznego. Wszechstronnie przygotowujemy uczestnik\u00f3w naszych szkole\u0144 do zdobycia uprawnie\u0144 UDT. Rodzaje uprawnie\u0144 Zgodnie z przepisami UDT wyr\u00f3\u017cnia si\u0119 3 kategorie uprawnie\u0144 przy obs\u0142udze w\u00f3zk\u00f3w jezdniowych podno\u015bnikowych: I WJO na w\u00f3zki jezdniowe podno\u015bnikowe, w tym specjalizowane: z operatorem podnoszonym wraz z \u0142adunkiem oraz ze zmiennym wysi\u0119giem II WJO na w\u00f3zki jezdniowe podno\u015bnikowe (bez urz\u0105dze\u0144 specjalizowanych) III WJO na w\u00f3zki jezdniowe podno\u015bnikowe prowadzone i zdalnie sterowane Zastosowanie urz\u0105dze\u0144 Widlaki czy te\u017c w\u00f3zki jezdniowe s\u0105 mechanicznymi pojazdami ko\u0142owymi, kt\u00f3re wyposa\u017cone s\u0105 w elektryczny nap\u0119d silnikowy lub te\u017c nap\u0119d spalinowy, dzi\u0119ki kt\u00f3remu mog\u0105 one porusza\u0107 si\u0119 na d\u0142u\u017cszych dystansach. Urz\u0105dzenia [&hellip;]<\/p>\n","protected":false},"author":1,"featured_media":3573,"parent":65,"menu_order":8,"comment_status":"closed","ping_status":"closed","template":"","meta":{"sfsi_plus_gutenberg_text_before_share":"","sfsi_plus_gutenberg_show_text_before_share":"","sfsi_plus_gutenberg_icon_type":"","sfsi_plus_gutenberg_icon_alignemt":"","sfsi_plus_gutenburg_max_per_row":"","footnotes":""},"class_list":["post-17","page","type-page","status-publish","has-post-thumbnail","hentry","has_thumb"],"aioseo_notices":[],"_links":{"self":[{"href":"https:\/\/kursy-udt.pl\/fr\/wp-json\/wp\/v2\/pages\/17","targetHints":{"allow":["GET"]}}],"collection":[{"href":"https:\/\/kursy-udt.pl\/fr\/wp-json\/wp\/v2\/pages"}],"about":[{"href":"https:\/\/kursy-udt.pl\/fr\/wp-json\/wp\/v2\/types\/page"}],"author":[{"embeddable":true,"href":"https:\/\/kursy-udt.pl\/fr\/wp-json\/wp\/v2\/users\/1"}],"replies":[{"embeddable":true,"href":"https:\/\/kursy-udt.pl\/fr\/wp-json\/wp\/v2\/comments?post=17"}],"version-history":[{"count":25,"href":"https:\/\/kursy-udt.pl\/fr\/wp-json\/wp\/v2\/pages\/17\/revisions"}],"predecessor-version":[{"id":6181,"href":"https:\/\/kursy-udt.pl\/fr\/wp-json\/wp\/v2\/pages\/17\/revisions\/6181"}],"up":[{"embeddable":true,"href":"https:\/\/kursy-udt.pl\/fr\/wp-json\/wp\/v2\/pages\/65"}],"wp:featuredmedia":[{"embeddable":true,"href":"https:\/\/kursy-udt.pl\/fr\/wp-json\/wp\/v2\/media\/3573"}],"wp:attachment":[{"href":"https:\/\/kursy-udt.pl\/fr\/wp-json\/wp\/v2\/media?parent=17"}],"curies":[{"name":"wp","href":"https:\/\/api.w.org\/{rel}","templated":true}]}}