{"id":1699,"date":"2016-01-23T14:37:54","date_gmt":"2016-01-23T14:37:54","guid":{"rendered":"http:\/\/kursy-udt.pl\/?page_id=1699"},"modified":"2016-01-23T16:17:02","modified_gmt":"2016-01-23T16:17:02","slug":"reglements","status":"publish","type":"page","link":"https:\/\/kursy-udt.eu\/fr\/udt-qualifications\/regulations\/","title":{"rendered":"R\u00e8glements"},"content":{"rendered":"<div class=\"wyjustuj\"><em>La loi du 21 d\u00e9cembre 2000 sur le contr\u00f4le technique (Dz.U. 2013, point 963 avec modifications ult\u00e9rieures)<\/em><\/p>\n<p>La loi \u00e9nonce les r\u00e8gles, les formulaires et l'\u00e9ventail des contr\u00f4les techniques effectu\u00e9s par des unit\u00e9s appropri\u00e9es. Il s'agit de l'un des actes fondamentaux li\u00e9s \u00e0 l'activit\u00e9 de l'Office de contr\u00f4le technique. Il s'agit de toutes les informations li\u00e9es \u00e0 l'ex\u00e9cution de travaux dans le domaine du contr\u00f4le technique en Pologne, y compris les proc\u00e9dures de qualification par l'Office du contr\u00f4le technique, l'octroi d'une autorisation pour l'exploitation de machines techniques et leur conception de production impliquant des mat\u00e9riaux et des \u00e9l\u00e9ments, les r\u00e9parations, la modernisation et le renouvellement.<\/p>\n<p><em>L'ordonnance du Conseil des ministres du 7 d\u00e9cembre 2012 concernant les types de machines techniques soumises au contr\u00f4le technique (Dz. U. 2012 no 0 item. 1468), prise sur la base de l'article 5 acte 2 sur le contr\u00f4le technique.<\/em><\/p>\n<p>Il sp\u00e9cifie les types de machines qui se pr\u00e9sentent au contr\u00f4le technique en Pologne. L'ordonnance \u00e9tablit les formes de l'inspection technique, leurs types, les dates de l'inspection technique et la gamme d'examens pour certaines machines techniques utilis\u00e9es pendant le travail, y compris les \u00e9quipements sous pression, les machines de transport rapproch\u00e9, les ascenseurs, le transporteur de cabines et de chaises, les r\u00e9cipients sans pression ou \u00e0 faible pression con\u00e7us pour stocker des mati\u00e8res toxiques ou des mati\u00e8res liquides caustiques et inflammables.<\/p>\n<p><em>L'ordonnance du ministre de l'\u00c9conomie du 18 juillet 2001 sur le contr\u00f4le des qualifications requises pour l'exploitation et l'entretien des machines techniques (Dz.U. n\u00b0 79, point 849), modifi\u00e9e par l'ordonnance du 20 f\u00e9vrier 2003 (Dz. U. n\u00b0 50, point 426), publi\u00e9e sur la base de la loi 23, point 5, sur le contr\u00f4le technique. <\/em><\/p>\n<p>L'ordonnance d\u00e9finit la proc\u00e9dure de v\u00e9rification des qualifications requises lors de l'exploitation et de la maintenance des machines techniques, les types de machines techniques pour lesquelles l'exploitation et la maintenance, vous avez besoin de qualifications. Il contient \u00e9galement l'exemple de la conclusion sur le contr\u00f4le des qualifications avec les informations li\u00e9es aux entr\u00e9es respectives, les d\u00e9lais d'information des personnes int\u00e9ress\u00e9es. Il comprend \u00e9galement des informations li\u00e9es \u00e0 l'examen gr\u00e2ce auquel vous pouvez obtenir des qualifications UDT ( Office de Contr\u00f4le Technique) pour l'exploitation et la maintenance de machines techniques.<\/p>\n<p><em>L'ordonnance du Ministre de l'Economie, du Travail et de la Politique Sociale du 29 octobre 2003 sur les conditions de contr\u00f4le technique selon l'exploitation de certaines machines de transport rapproch\u00e9. (Journal des lois n\u00b0 193, point 1890)<\/em><\/p>\n<p>L'ordonnance comprend des informations d\u00e9crivant les conditions techniques du contr\u00f4le technique li\u00e9 \u00e0 l'exploitation des machines techniques pour le transport rapproch\u00e9 telles que : les palans, les treuils de levage, les portiques, les agrafeuses, les grues, les monte-charges, les plates-formes mobiles, les \u00e9quipements pour handicap\u00e9s, les monte-charges circulaires \u00e0 plate-forme et \u00e0 cabine, les escaliers et trottoirs roulants, les ascenseurs, y compris ceux destin\u00e9s au transport de personnes, de marchandises, les petits monte-charges et les ascenseurs de chantier, les grues de levage sur rails, les chariots \u00e9l\u00e9vateurs, les crics de levage con\u00e7us pour le transport de marchandises de mani\u00e8re non parall\u00e8le et les machines techniques pour la man\u0153uvre de conteneurs.<\/p>\n<p><em>L'ordonnance du ministre de l'\u00e9conomie du 28 d\u00e9cembre 2001 sur les conditions techniques du contr\u00f4le technique que doivent subir les crics de levage (Dz. U. n\u00b0 4, point 43).<\/em><\/p>\n<p>Le document d\u00e9crit les conditions techniques d\u00e9taill\u00e9es de r\u00e9alisation du contr\u00f4le technique li\u00e9 \u00e0 la conception, \u00e0 la fabrication, \u00e0 l'exploitation de crics de levage actionn\u00e9s manuellement ou m\u00e9caniquement, \u00e9galement con\u00e7us pour le transport rectiligne de charges de mani\u00e8re horizontale \u00e0 l'aide d'\u00e9l\u00e9ments r\u00e9sistants et utilisant partiellement le syst\u00e8me de torons. Il \u00e9num\u00e8re \u00e9galement les \u00e9l\u00e9ments des crics de levage dont le remplacement ne n\u00e9cessite pas de dispositions avec les unit\u00e9s de contr\u00f4le technique, les coefficients de s\u00e9curit\u00e9 et la force maximale de fonctionnement, les mod\u00e8les et les coefficients de calcul.\n<\/p><\/div>\n<p>Lisez aussi <a href=\"\/fr\/qualifications-de-ludt\/categories-de-qualifications\/\">es cat\u00e9gories de qualifications de l'UDT ( l'Office d'inspection technique)<\/a>!<\/p>","protected":false},"excerpt":{"rendered":"<p>The Act of 21 December 2000 on the technical inspection (Dz.U. 2013, item 963 with later changes) The act states rules, forms and the range of doing technical inspection by suitable units. This is one of the basic acts connected with the activity of the Office of Technical Inspection. It involves all information connected with doing work in the range of technical inspection in Poland, including procedures giving qualifications by the Office of Technical Inspection, granting permission to the exploitation of technical machines and their design of producing involving materials and elements, repairs, modernization and turnover. The Ordinance of the Council of Minister from 7 December 2012 concerning types of technical machines under the technical inspection (Dz. U. 2012 no 0 item. 1468), issued on the basis of the article 5 act 2 on the technical inspection. It specifies types of machines which report to the technical inspection in Poland. The ordinance states forms of the technical inspection, their kinds, dates of technical inspection and the range of examinations for some technical machines used during work, including pressure equipment, machines of close transport, lifts, cabin and chair transporter, without pressure or with little pressure containers designed for storing toxic materials or caustic as well as inflammable liquid materials. The Ordinance of the Economy Minister on 18 July 2001 on checking qualifications required to operate and service technical machines (Dz.U. No 79, item 849), changed with the ordinance from 20 February 2003.(Dz. U. No 50, item 426),issued on the basis of law 23 item 5 about [&hellip;]<\/p>\n","protected":false},"author":1,"featured_media":0,"parent":1665,"menu_order":0,"comment_status":"closed","ping_status":"closed","template":"","meta":{"sfsi_plus_gutenberg_text_before_share":"","sfsi_plus_gutenberg_show_text_before_share":"","sfsi_plus_gutenberg_icon_type":"","sfsi_plus_gutenberg_icon_alignemt":"","sfsi_plus_gutenburg_max_per_row":"","footnotes":""},"class_list":["post-1699","page","type-page","status-publish","hentry","has_no_thumb"],"aioseo_notices":[],"_links":{"self":[{"href":"https:\/\/kursy-udt.pl\/fr\/wp-json\/wp\/v2\/pages\/1699","targetHints":{"allow":["GET"]}}],"collection":[{"href":"https:\/\/kursy-udt.pl\/fr\/wp-json\/wp\/v2\/pages"}],"about":[{"href":"https:\/\/kursy-udt.pl\/fr\/wp-json\/wp\/v2\/types\/page"}],"author":[{"embeddable":true,"href":"https:\/\/kursy-udt.pl\/fr\/wp-json\/wp\/v2\/users\/1"}],"replies":[{"embeddable":true,"href":"https:\/\/kursy-udt.pl\/fr\/wp-json\/wp\/v2\/comments?post=1699"}],"version-history":[{"count":4,"href":"https:\/\/kursy-udt.pl\/fr\/wp-json\/wp\/v2\/pages\/1699\/revisions"}],"predecessor-version":[{"id":1806,"href":"https:\/\/kursy-udt.pl\/fr\/wp-json\/wp\/v2\/pages\/1699\/revisions\/1806"}],"up":[{"embeddable":true,"href":"https:\/\/kursy-udt.pl\/fr\/wp-json\/wp\/v2\/pages\/1665"}],"wp:attachment":[{"href":"https:\/\/kursy-udt.pl\/fr\/wp-json\/wp\/v2\/media?parent=1699"}],"curies":[{"name":"wp","href":"https:\/\/api.w.org\/{rel}","templated":true}]}}