{"id":1673,"date":"2016-01-23T12:05:59","date_gmt":"2016-01-23T12:05:59","guid":{"rendered":"http:\/\/kursy-udt.pl\/?page_id=1673"},"modified":"2016-01-23T14:36:10","modified_gmt":"2016-01-23T14:36:10","slug":"categories-de-qualifications","status":"publish","type":"page","link":"https:\/\/kursy-udt.eu\/fr\/udt-qualifications\/categories-of-qualifications\/","title":{"rendered":"Cat\u00e9gories de qualifications"},"content":{"rendered":"<div style=\"width: 60%; margin-left: 40px;\">\n<table border=\"2\" cellspacing=\"1\" cellpadding=\"1\">\n<tbody>\n<tr>\n<td><strong>Groupe<\/strong><\/td>\n<td><strong>Cat\u00e9gorie<\/strong><\/td>\n<td><strong>Gamme de qualifications<\/strong><\/td>\n<td><strong>Gamme d\u00e9taill\u00e9e<\/strong><\/td>\n<\/tr>\n<tr>\n<td rowspan=\"2\">\n<h2><a title=\"Tracteurs\" href=\"\/fr\/charpentiers\/\"><strong>Palans<\/strong><\/a><\/h2>\n<\/td>\n<td>II S<\/td>\n<td><strong>Palans et treuils de levage<\/strong> contr\u00f4l\u00e9es depuis le plancher de travail et les potences statiques .<\/td>\n<td>- crochets d'usage g\u00e9n\u00e9ral,<br \/>\n- sp\u00e9ciaux :<\/p>\n<ul>\n<li>Grues \u00e0 grappin,<\/li>\n<li>Grues de formage,<\/li>\n<li>Les grues \u00e0 pinces,<\/li>\n<li>Grues \u00e0 entonnoir,<\/li>\n<li>grues de durcissement,<\/li>\n<\/ul>\n<\/td>\n<\/tr>\n<tr>\n<td>\u00a0IW<\/td>\n<td>Palans et treuils de levage command\u00e9s depuis le plancher de travail ou depuis la cabine ou grues statiques <\/td>\n<td>- crochet d'usage g\u00e9n\u00e9ral,<br \/>\n- sp\u00e9cial :<\/p>\n<ul>\n<li>grues de durcissement,<\/li>\n<li>grues \u00e0 grappin,<\/li>\n<li>grues en entonnoir,<\/li>\n<li>grues \u00e0 pinces,<\/li>\n<li>grues de forgeage,<\/li>\n<\/ul>\n<\/td>\n<\/tr>\n<tr>\n<td rowspan=\"2\">\n<h2><a title=\"Grues\" href=\"\/fr\/grues\/\"><strong>Portiques<\/strong><\/a><\/h2>\n<\/td>\n<td>\u00a0II S.<\/td>\n<td><strong>Portiques<\/strong>des palans et des treuils de levage command\u00e9s depuis le plancher de travail ou des grues statiques<\/td>\n<td>- crochet d'usage g\u00e9n\u00e9ral,<br \/>\n- sp\u00e9cial :<\/p>\n<ul>\n<li>pince,<\/li>\n<li>entonnoir,<\/li>\n<li>colonne,<\/li>\n<li>lot,<\/li>\n<li>prise,<\/li>\n<li>le charme,<\/li>\n<li>stryper,<\/li>\n<li>le durcissement,<\/li>\n<li>traversant,<\/li>\n<li>forger,<\/li>\n<li>le charme,<\/li>\n<li>pile,<\/li>\n<\/ul>\n<\/td>\n<\/tr>\n<tr>\n<td>\u00a0EST<\/td>\n<td>Portiques, palans et treuils de levage command\u00e9s depuis le sol ou depuis la cabine ainsi que les grues d'\u00e9tabli statiques<\/td>\n<td>- crochet d'usage g\u00e9n\u00e9ral,<br \/>\n- sp\u00e9cial :<\/p>\n<ul>\n<li>pince,<\/li>\n<li>lot,<\/li>\n<li>coup de chance,<\/li>\n<li>des pinces,<\/li>\n<li>stryper,<\/li>\n<li>colonne,<\/li>\n<li>forger,<\/li>\n<li>traversant,<\/li>\n<li>le durcissement,<\/li>\n<li>entonnoir,<\/li>\n<li>le charme,<\/li>\n<li>pile,<\/li>\n<\/ul>\n<\/td>\n<\/tr>\n<tr>\n<td rowspan=\"2\">\n<h2><a title=\"Grues\" href=\"\/fr\/grues-3\/\"><strong>Grues<\/strong><\/a><\/h2>\n<\/td>\n<td>\u00a0II \u017b<\/td>\n<td><strong>Grues \u00e0 fl\u00e8che <\/strong> :<\/p>\n<ul>\n<li>mobile <strong>(HDS)<\/strong>,<\/li>\n<li>mobile,<\/li>\n<li><strong>traversant<\/strong><\/li>\n<li>statique,<\/li>\n<\/ul>\n<\/td>\n<td>\n<ul>\n<li>la limite de la capacit\u00e9 de levage<\/li>\n<\/ul>\n<\/td>\n<\/tr>\n<tr>\n<td>\u00a0Et \u017b<\/td>\n<td>Grues \u00e0 fl\u00e8che :<\/p>\n<ul>\n<li>piste<\/li>\n<li>tour et se fixe rapidement.<\/li>\n<\/ul>\n<\/td>\n<td>\n<ul>\n<li>Construction navale<\/li>\n<li>b\u00e2timent,<\/li>\n<li>la limite de la capacit\u00e9 d'h\u00e9bergement<\/li>\n<li>autres,<\/li>\n<\/ul>\n<\/td>\n<\/tr>\n<tr>\n<td rowspan=\"2\">\n<h2><a title=\"Plateformes mobiles\" href=\"\/fr\/entrainement\/plateformes-mobiles\/\"><strong>Plates-formes mobiles<\/strong><\/a><\/h2>\n<\/td>\n<td>\u00a02\u00e8me P<\/td>\n<td><strong>Plates-formes mobiles :<\/strong><\/p>\n<ul>\n<li>statique.<\/li>\n<li>m\u00e2t,<\/li>\n<li>pendaison,<\/li>\n<\/ul>\n<\/td>\n<td><\/td>\n<\/tr>\n<tr>\n<td>IP<\/td>\n<td>Plates-formes mobiles :<\/p>\n<ul>\n<li>transportable.<\/li>\n<li>basse vitesse,<\/li>\n<li>automoteur mont\u00e9 sur un camion,<\/li>\n<\/ul>\n<\/td>\n<td><\/td>\n<\/tr>\n<tr>\n<td rowspan=\"2\">\n<h2><a title=\"Grues\" href=\"\/fr\/grues-2\/\"><strong>Ascenseurs<\/strong><\/a><\/h2>\n<\/td>\n<td>II D<\/td>\n<td>Ascenseurs de b\u00e2timent :<\/p>\n<ul>\n<li>fret et passagers<\/li>\n<li> et les monte-charges transportables et mobiles,<\/li>\n<\/ul>\n<\/td>\n<td><\/td>\n<\/tr>\n<tr>\n<td>IDENTIFIANT<\/td>\n<td>Ascenseurs de fret et de passagers contr\u00f4l\u00e9s en interne et \u00e0 l'h\u00f4pital.<\/td>\n<td><\/td>\n<\/tr>\n<tr>\n<td rowspan=\"3\">\n<h2><a title=\"Chariots \u00e9l\u00e9vateurs\" href=\"\/fr\/chariots-elevateurs\/\"><strong>Chariots \u00e9l\u00e9vateurs \u00e0 fourche<\/strong><\/a><\/h2>\n<\/td>\n<td>III JOJ<\/td>\n<td>Chariots \u00e9l\u00e9vateurs \u00e0 fourche motoris\u00e9s et t\u00e9l\u00e9command\u00e9s<\/td>\n<td><\/td>\n<\/tr>\n<tr>\n<td>II JOJ<\/td>\n<td>Levage des chariots \u00e9l\u00e9vateurs \u00e0 fourche avec interrupteur sp\u00e9cialis\u00e9 (<strong>chariots \u00e9l\u00e9vateurs \u00e0 fourche<\/strong>)<\/td>\n<td><\/td>\n<\/tr>\n<tr>\n<td>Et WJO<\/td>\n<td>Chariots \u00e9l\u00e9vateurs \u00e0 fourche, y compris les chariots sp\u00e9cialis\u00e9s<\/td>\n<td>\n<ul>\n<li>Avec un bras d'extension interchangeable (<strong>chargeurs t\u00e9lescopiques<\/strong>)<\/li>\n<li>Avec l'op\u00e9rateur hiss\u00e9 avec l'\u00e9l\u00e9vateur,<\/li>\n<\/ul>\n<\/td>\n<\/tr>\n<tr>\n<td style=\"text-align: left;\">\n<h2><a title=\"Monte-charges\" href=\"\/fr\/ascenseurs-fret\/\"><strong>Treuil de fret<\/strong><\/a><\/h2>\n<\/td>\n<td>\u00a0Et MAR<\/td>\n<td>Treuils Freight :<\/p>\n<ul>\n<li>mobile et transportable,<\/li>\n<li>statique,<\/li>\n<li>palans de navires.<\/li>\n<\/ul>\n<\/td>\n<td><\/td>\n<\/tr>\n<tr>\n<td>\n<h2><a title=\"Grues \u00e0 c\u00e2ble\" href=\"\/fr\/grues-a-cable\/\"><strong>Grue d'accueil sur rails de ligne<\/strong><\/a><\/h2>\n<\/td>\n<td>TERREAU<\/td>\n<td><\/td>\n<td><\/td>\n<\/tr>\n<tr>\n<td>\n<h2><a title=\"Transstockeurs\" href=\"\/fr\/gerbeurs\/\"><strong>Grue empileuse<\/strong><\/a><\/h2>\n<\/td>\n<td>UI<\/td>\n<td><\/td>\n<td><\/td>\n<\/tr>\n<tr>\n<td>\n<h2><a title=\"Mat\u00e9riel de manutention de conteneurs\" href=\"\/fr\/equipements-de-manutention-de-conteneurs\/\"><strong>D\u00e9placement de conteneurs<\/strong><\/a><\/h2>\n<\/td>\n<td>CI<\/td>\n<td>Le fonctionnement et l'entretien des machines pour le d\u00e9placement des conteneurs : m\u00e2t, porte et avec un bras d'extension.<\/td>\n<td><\/td>\n<\/tr>\n<\/tbody>\n<\/table>\n<\/div>\n<p><\/p>\n<div class=\"wyjustuj\">De plus amples informations sur les cat\u00e9gories de qualifications UDT peuvent \u00eatre lues sur le site officiel de l'Office d'inspection technique <a href=\"http:\/\/www.udt.gov.pl\" target=\"_blank\">http:\/\/www.udt.gov.pl<\/a><\/p>","protected":false},"excerpt":{"rendered":"<p>Group Category Qualifications range Detailed range Hoists II W Hoists and hoist winches controlled from the working floor and static jib cranes . &#8211; hook hoists of general purpose, &#8211; special ones: Grab cranes, Forming cranes, Pincers cranes, Funnel cranes, hardening cranes, \u00a0I W Hoists and hoist winches controlled from the working floor or from the cabin or static cranes &#8211; hook of general purpose, &#8211; special: hardening cranes, grab cranes, funnel cranes, pincers cranes, forging cranes, Gantries \u00a0II S Gantries, hoists and hoist winches controlled from the working floor or static cranes &#8211; hook of general purpose, &#8211; special: clamp, funnel, column, batch, grip, grab, stryper, hardening, traversing, forge, grab, pile, \u00a0I S Gantries, hoists and hoist winches controlled from the ground level or from the cabin as well as static workbench cranes &#8211; hook of general purpose, &#8211; special: clamp, batch, fluke, pincers, stryper, column, forge, traversing, hardening, funnel, grab, pile, Cranes \u00a0II \u017b Jib cranes : mobile (HDS), mobile, traversing static, the limit of hoisting capacity \u00a0I \u017b Jib cranes: track tower and quickly set. Ship-building building, the limit of hosting capacity others, Mobile platforms \u00a0II P Mobile platforms: static. mast, hanging, I P Mobile platforms: transportable. low-speed, self-propelled mounted on truck, Lifts II D Building lifts: freight and passenger and transportable and mobile freight hoists, I D Freight and passenger lifts controlled internally and hospital ones. Forklift trucks III WJO Driven hoisting forklift trucks and remote controlled ones II WJO Hoisting forklift trucks with specialised switch (forklift trucks) I WJO Hoist [&hellip;]<\/p>\n","protected":false},"author":1,"featured_media":0,"parent":1665,"menu_order":0,"comment_status":"closed","ping_status":"closed","template":"","meta":{"sfsi_plus_gutenberg_text_before_share":"","sfsi_plus_gutenberg_show_text_before_share":"","sfsi_plus_gutenberg_icon_type":"","sfsi_plus_gutenberg_icon_alignemt":"","sfsi_plus_gutenburg_max_per_row":"","footnotes":""},"class_list":["post-1673","page","type-page","status-publish","hentry","has_no_thumb"],"aioseo_notices":[],"_links":{"self":[{"href":"https:\/\/kursy-udt.pl\/fr\/wp-json\/wp\/v2\/pages\/1673","targetHints":{"allow":["GET"]}}],"collection":[{"href":"https:\/\/kursy-udt.pl\/fr\/wp-json\/wp\/v2\/pages"}],"about":[{"href":"https:\/\/kursy-udt.pl\/fr\/wp-json\/wp\/v2\/types\/page"}],"author":[{"embeddable":true,"href":"https:\/\/kursy-udt.pl\/fr\/wp-json\/wp\/v2\/users\/1"}],"replies":[{"embeddable":true,"href":"https:\/\/kursy-udt.pl\/fr\/wp-json\/wp\/v2\/comments?post=1673"}],"version-history":[{"count":22,"href":"https:\/\/kursy-udt.pl\/fr\/wp-json\/wp\/v2\/pages\/1673\/revisions"}],"predecessor-version":[{"id":1679,"href":"https:\/\/kursy-udt.pl\/fr\/wp-json\/wp\/v2\/pages\/1673\/revisions\/1679"}],"up":[{"embeddable":true,"href":"https:\/\/kursy-udt.pl\/fr\/wp-json\/wp\/v2\/pages\/1665"}],"wp:attachment":[{"href":"https:\/\/kursy-udt.pl\/fr\/wp-json\/wp\/v2\/media?parent=1673"}],"curies":[{"name":"wp","href":"https:\/\/api.w.org\/{rel}","templated":true}]}}