{"id":1665,"date":"2016-01-22T16:09:47","date_gmt":"2016-01-22T16:09:47","guid":{"rendered":"http:\/\/kursy-udt.pl\/?page_id=1665"},"modified":"2016-01-23T16:16:08","modified_gmt":"2016-01-23T16:16:08","slug":"qualifications-de-ludt","status":"publish","type":"page","link":"https:\/\/kursy-udt.eu\/fr\/udt-qualifications\/","title":{"rendered":"Qualifications UDT"},"content":{"rendered":"<div class=\"wyjustuj\">\n<div style=\"float: left; padding-right: 10px;\"><a href=\"\/fr\/entrainement\/\"><div id=\"metaslider-id-631\" style=\"max-width: 200px;\" class=\"ml-slider-3-108-0 metaslider metaslider-flex metaslider-631 ml-slider ms-theme-default nav-hidden\" role=\"region\" aria-label=\"udt-permissions\" data-height=\"150\" data-width=\"200\">\n    <div id=\"metaslider_container_631\">\n        <div id=\"metaslider_631\" class=\"flexslider\">\n            <ul class='slides'>\n                <li style=\"display: block; width: 100%;\" class=\"slide-1368 ms-image\" aria-roledescription=\"slide\" data-date=\"2014-09-06 00:23:31\" data-filename=\"dzwigi.jpeg\" data-slide-type=\"image\"><img loading=\"lazy\" decoding=\"async\" src=\"https:\/\/kursy-udt.pl\/wp-content\/uploads\/2014\/09\/dzwigi.jpeg\" height=\"150\" width=\"200\" alt=\"\" class=\"slider-631 slide-1368 msDefaultImage\" \/><\/li>\n                <li style=\"display: none; width: 100%;\" class=\"slide-632 ms-image\" aria-roledescription=\"slide\" data-date=\"2014-04-13 12:14:05\" data-filename=\"01-uprawnienia-udt-foto.jpeg\" data-slide-type=\"image\"><img loading=\"lazy\" decoding=\"async\" src=\"https:\/\/kursy-udt.pl\/wp-content\/uploads\/2014\/04\/01-uprawnienia-udt-foto.jpeg\" height=\"150\" width=\"200\" alt=\"qualifications du Bureau de l&#039;inspection technique \u00e0 Varsovie\" class=\"slider-631 slide-632 msDefaultImage\" \/><\/li>\n                <li style=\"display: none; width: 100%;\" class=\"slide-633 ms-image\" aria-roledescription=\"slide\" data-date=\"2014-04-13 12:14:05\" data-filename=\"02-szkolenia-udt-zdj.jpeg\" data-slide-type=\"image\"><img loading=\"lazy\" decoding=\"async\" src=\"https:\/\/kursy-udt.pl\/wp-content\/uploads\/2014\/04\/02-szkolenia-udt-zdj.jpeg\" height=\"150\" width=\"200\" alt=\"Ergon Varsovie\" class=\"slider-631 slide-633 msDefaultImage\" \/><\/li>\n                <li style=\"display: none; width: 100%;\" class=\"slide-1369 ms-image\" aria-roledescription=\"slide\" data-date=\"2014-09-06 00:23:32\" data-filename=\"zurawie.jpeg\" data-slide-type=\"image\"><img loading=\"lazy\" decoding=\"async\" src=\"https:\/\/kursy-udt.pl\/wp-content\/uploads\/2014\/09\/zurawie.jpeg\" height=\"150\" width=\"200\" alt=\"\" class=\"slider-631 slide-1369 msDefaultImage\" \/><\/li>\n                <li style=\"display: none; width: 100%;\" class=\"slide-634 ms-image\" aria-roledescription=\"slide\" data-date=\"2014-04-13 12:14:06\" data-filename=\"03-pic-kursy-udt.jpeg\" data-slide-type=\"image\"><img loading=\"lazy\" decoding=\"async\" src=\"https:\/\/kursy-udt.pl\/wp-content\/uploads\/2014\/04\/03-pic-kursy-udt.jpeg\" height=\"150\" width=\"200\" alt=\"image\" class=\"slider-631 slide-634 msDefaultImage\" \/><\/li>\n            <\/ul>\n        <\/div>\n        \n    <\/div>\n<\/div><\/a><\/div>\n<p>L'Office d'inspection technique est l'institution d'\u00c9tat dont le but est d'assurer la s\u00e9curit\u00e9 du travail avec les machines et installations industrielles. L'UDT (l'Office d'inspection technique) de Varsovie et d'autres bureaux existant dans chaque grande ville doivent confirmer les comp\u00e9tences d'ex\u00e9cution des activit\u00e9s et la compr\u00e9hension des conditions li\u00e9es aux normes, aux r\u00e9glementations l\u00e9gales et \u00e0 la supervision technique pour les travailleurs occupant des postes impliquant le fonctionnement de machines techniques. Cela se fait en leur donnant des qualifications sp\u00e9ciales UDT (Office of Technical Inspection).<\/p>\n<p>Pour effectuer des travaux, des qualifications UDT (Office of Technical Inspection) attest\u00e9es sont n\u00e9cessaires. Sans eux, un travailleur n'a pas le droit de faire fonctionner des machines. Pour ce faire, les travailleurs doivent participer \u00e0 un cours UDT comprenant \u00e0 la fois de la th\u00e9orie et de la pratique, notamment l'utilisation individuelle et l'entretien des machines, puis passer un examen.<\/p>\n<p>Parmi les \u00e9quipements, qui n\u00e9cessitent d'avoir des qualifications UDT pour l'op\u00e9ration, il y a :<\/p>\n<ul>\n<li>plates-formes mobiles (ponts a\u00e9riens) - les qualifications sur les ponts a\u00e9riens sont donn\u00e9es cat. IP et IIP. Selon les plateformes mobiles utilis\u00e9es, certaines qualifications sont n\u00e9cessaires<\/li>\n<li>portiques command\u00e9s depuis le plancher de travail et depuis la cabine<\/li>\n<li>grues sur rail, grues \u00e0 tour et grues \u00e0 fl\u00e8che HDS portables<\/li>\n<li>grues de transport et de construction<\/li>\n<li>treuils command\u00e9s depuis le plancher de travail et depuis la cabine<\/li>\n<li>machines pour remplir et vider des conteneurs, man\u0153uvre de conteneurs<\/li>\n<li>le transport de marchandises et de passagers sur les pistes de ski et les funiculaires<\/li>\n<li>gerbeurs pour la construction de voies<\/li>\n<li>chariots \u00e9l\u00e9vateurs - les qualifications sur les chariots \u00e9l\u00e9vateurs sont donn\u00e9es comme celles li\u00e9es \u00e0 l'UDT (l'Office d'inspection technique) ou non<\/li>\n<\/ul>\n<p>Pour le fonctionnement des machines pr\u00e9sent\u00e9es, le travailleur doit suivre une formation et obtenir certaines qualifications. Pour l'examen d'\u00c9tat UDT (l'Office d'inspection technique), le travailleur est pr\u00e9par\u00e9 pendant le cours et ensuite, apr\u00e8s son r\u00e9sultat positif, il obtient des qualifications.<\/p>\n<p>La base juridique :<\/p>\n<ul>\n<li>la loi du 21 d\u00e9cembre 2000 sur le contr\u00f4le technique (Dz. U. n\u00b0 122, point1321, avec des modifications ult\u00e9rieures)<\/li>\n<li>l'ordonnance du ministre de l'\u00c9conomie sur la proc\u00e9dure de v\u00e9rification des qualifications requises lors de l'utilisation et de l'entretien des machines techniques, dat\u00e9e du 18 juillet 2001 (Dz.U. n\u00b0 79, point 849), modifi\u00e9e par l'ordonnance du 20 f\u00e9vrier 2003 (Dz.U. n\u00b0 50, point 426), prise sur la base de l'article 23 de la loi 5 sur le contr\u00f4le technique.<\/li>\n<\/ul>\n<p>Les travailleurs qui souhaitent obtenir les qualifications de l'Office d'inspection technique peuvent choisir parmi un large \u00e9ventail de formations. Nos formations UDT (Office de Contr\u00f4le Technique) sont anim\u00e9es par des sp\u00e9cialistes exp\u00e9riment\u00e9s dans un domaine donn\u00e9, gr\u00e2ce auxquels elles englobent de larges connaissances th\u00e9oriques et pratiques. Nous organisons des formations UDT ouvertes et ferm\u00e9es qui peuvent \u00e9galement \u00eatre adapt\u00e9es aux besoins de nos clients.<\/p>\n<p>Nous vous invitons pour les cours de l'UDT (l'Office d'Inspection Technique) au Centre de Formation du Personnel ERGON ! Nous travaillons dans tout le pays. Nous avons nos centres de formation \u00e0 :<\/p>\n<ul>\n<li>Varsovie<\/li>\n<li>Katowice (d\u00e9partement de la Sil\u00e9sie)<\/li>\n<li>Cracovie<\/li>\n<li>Bielsko-Biala<\/li>\n<\/ul>\n<\/div>\n<p>Vous pouvez \u00e9galement lire sur <a href=\"\/fr\/qualifications-de-ludt\/categories-de-qualifications\/\">Cat\u00e9gories de qualifications de l'UDT (Office of Technical Inspection)<\/a> et <a href=\"\/fr\/qualifications-de-ludt\/reglements\/\">r\u00e8glements en vigueur<\/a>!<\/p>","protected":false},"excerpt":{"rendered":"<p>The Office of Technical Inspection is the state institution whose purpose is ensuring the safety of work with industrial machines and installations. Both UDT (the Office of Technical Inspection) Warsaw and other offices existing in every big city are to confirm skills of doing activities and the understanding of conditions connected with standards, law regulations and technical supervision for workers on positions which involve the operation of technical machines. That is done by giving them special UDT qualifications ( the Office of Technical Inspection). For doing work, testified UDT (the Office of Technical Inspection) qualifications are needed. Without them, a worker has no right to operate machines. In order to do so, workers must participate in UDT course involving both theory and practice including individual operation and machine service and then , taking an exam. Among equipment, which require having UDT qualifications for the operation, there are: mobile platforms (airlifts)- qualifications on airlift is given cat. IP and IIP. Depending on used mobile platforms, certain qualifications are needed gantries controlled from the working floor and fromt the cabin rail, tower and portable HDS jib cranes freight and building cranes winches controlled from the working floor and from the cabin machines for filling and emptying containers, container maneuvring freight and passenger ski slopes and funicular railways stackers for building tracks forklifts- qualifications on forklifts are given as those connected with UDT (the Office of Technical Inspection) or not For the operation of presented machines, the worker must complete the training and get certain qualifications. For the [&hellip;]<\/p>\n","protected":false},"author":1,"featured_media":0,"parent":0,"menu_order":2,"comment_status":"closed","ping_status":"closed","template":"","meta":{"sfsi_plus_gutenberg_text_before_share":"","sfsi_plus_gutenberg_show_text_before_share":"","sfsi_plus_gutenberg_icon_type":"","sfsi_plus_gutenberg_icon_alignemt":"","sfsi_plus_gutenburg_max_per_row":"","footnotes":""},"class_list":["post-1665","page","type-page","status-publish","hentry","has_no_thumb"],"aioseo_notices":[],"_links":{"self":[{"href":"https:\/\/kursy-udt.pl\/fr\/wp-json\/wp\/v2\/pages\/1665","targetHints":{"allow":["GET"]}}],"collection":[{"href":"https:\/\/kursy-udt.pl\/fr\/wp-json\/wp\/v2\/pages"}],"about":[{"href":"https:\/\/kursy-udt.pl\/fr\/wp-json\/wp\/v2\/types\/page"}],"author":[{"embeddable":true,"href":"https:\/\/kursy-udt.pl\/fr\/wp-json\/wp\/v2\/users\/1"}],"replies":[{"embeddable":true,"href":"https:\/\/kursy-udt.pl\/fr\/wp-json\/wp\/v2\/comments?post=1665"}],"version-history":[{"count":6,"href":"https:\/\/kursy-udt.pl\/fr\/wp-json\/wp\/v2\/pages\/1665\/revisions"}],"predecessor-version":[{"id":1804,"href":"https:\/\/kursy-udt.pl\/fr\/wp-json\/wp\/v2\/pages\/1665\/revisions\/1804"}],"wp:attachment":[{"href":"https:\/\/kursy-udt.pl\/fr\/wp-json\/wp\/v2\/media?parent=1665"}],"curies":[{"name":"wp","href":"https:\/\/api.w.org\/{rel}","templated":true}]}}