{"id":1657,"date":"2016-01-22T16:01:20","date_gmt":"2016-01-22T16:01:20","guid":{"rendered":"http:\/\/kursy-udt.pl\/?page_id=1657"},"modified":"2016-01-22T16:08:34","modified_gmt":"2016-01-22T16:08:34","slug":"liste-de-prix","status":"publish","type":"page","link":"https:\/\/kursy-udt.eu\/fr\/pricelist\/","title":{"rendered":"Liste de prix"},"content":{"rendered":"<div class=\"wyjustuj\">\n<table border=\"1\" cellspacing=\"0\" cellpadding=\"7\">\n<tbody>\n<tr>\n<td rowspan=\"2\" bgcolor=\"#c6d9f1\">\n<p align=\"CENTER\"><b>Cours-formation<\/b><br \/>\nL'offre comprend le co\u00fbt de l'examen de qualification devant le jury d'examen UDT- 152,00 zloty brut ZW TVA<\/p>\n<\/td>\n<td colspan=\"4\" valign=\"TOP\" bgcolor=\"#c6d9f1\">\n<p align=\"CENTER\"><b>Le prix d\u00e9pend du nombre de personnes inscrites.<br \/>\n<\/b>Les prix ci-dessous sont le co\u00fbt brut ZW TVA<\/p>\n<\/td>\n<\/tr>\n<tr>\n<td bgcolor=\"#c6d9f1\">\n<p align=\"CENTER\"><span style=\"color: #c0504d;\"><b>1-2 personnes<\/b><\/span><\/p>\n<\/td>\n<td bgcolor=\"#c6d9f1\">\n<p align=\"CENTER\"><span style=\"color: #c0504d;\"><b>3-5 personnes<\/b><\/span><\/p>\n<\/td>\n<td bgcolor=\"#c6d9f1\">\n<p align=\"CENTER\"><span style=\"color: #c0504d;\"><b>6-10 personnes<\/b><\/span><\/p>\n<\/td>\n<td bgcolor=\"#c6d9f1\">\n<p align=\"CENTER\"><span style=\"color: #c0504d;\"><b>11-15 personnes<\/b><\/span><\/p>\n<\/td>\n<\/tr>\n<tr>\n<td bgcolor=\"#fde9d9\"><span style=\"text-decoration: underline;\">Chariots \u00e9l\u00e9vateurs \u00e0 fourche avec \u00e9change de bouteilles de gaz<\/span> - chat. II WJO<\/td>\n<td bgcolor=\"#fde9d9\">\n<p align=\"CENTER\">PLN 752<\/p>\n<\/td>\n<td bgcolor=\"#fde9d9\">\n<p align=\"CENTER\">PLN 652<\/p>\n<\/td>\n<td bgcolor=\"#fde9d9\">\n<p align=\"CENTER\">PLN 602<\/p>\n<\/td>\n<td bgcolor=\"#fde9d9\">\n<p align=\"CENTER\">PLN 552<\/p>\n<\/td>\n<\/tr>\n<tr>\n<td><span style=\"text-decoration: underline;\">KCours sp\u00e9cialis\u00e9 sur les chariots \u00e9l\u00e9vateurs \u00e0 fourche<\/span> - chariot \u00e9l\u00e9vateur \u00e0 fourche avec la cabine d'accueil de l'op\u00e9rateur- cat. IWJO<\/td>\n<td>\n<p align=\"CENTER\">PLN 952<\/p>\n<\/td>\n<td>\n<p align=\"CENTER\">PLN 902<\/p>\n<\/td>\n<td>\n<p align=\"CENTER\">PLN 852<\/p>\n<\/td>\n<td>\n<p align=\"CENTER\">PLN 802<\/p>\n<\/td>\n<\/tr>\n<tr>\n<td bgcolor=\"#fde9d9\"><span style=\"text-decoration: underline;\">Le cours sur les chargeurs t\u00e9lescopiques<\/span> - qualifications pour l'op\u00e9rateur de chargeurs t\u00e9lescopiques ( chariots \u00e9l\u00e9vateurs \u00e0 fourche avec bras d'extension changeable sp\u00e9cialis\u00e9) - cat. IWJO<\/td>\n<td bgcolor=\"#fde9d9\">\n<p align=\"CENTER\">PLN 1152<\/p>\n<\/td>\n<td bgcolor=\"#fde9d9\">\n<p align=\"CENTER\">PLN 1102<\/p>\n<\/td>\n<td bgcolor=\"#fde9d9\">\n<p align=\"CENTER\">PLN 1052<\/p>\n<\/td>\n<td bgcolor=\"#fde9d9\">\n<p align=\"CENTER\">PLN 1002<\/p>\n<\/td>\n<\/tr>\n<tr>\n<td><span style=\"text-decoration: underline;\">Le cours sur l'exploitation des plateformes mobiles<\/span> - plates-formes mobiles \u00e0 basse vitesse, plates-formes ciseaux, plates-formes articul\u00e9es, t\u00e9lescopiques et mobiles- cat.IP<\/td>\n<td>\n<p align=\"CENTER\">PLN 802<\/p>\n<\/td>\n<td>\n<p align=\"CENTER\">PLN 752<\/p>\n<\/td>\n<td>\n<p align=\"CENTER\">PLN 702<\/p>\n<\/td>\n<td>\n<p align=\"CENTER\">PLN 652<\/p>\n<\/td>\n<\/tr>\n<tr>\n<td bgcolor=\"#fde9d9\"><span style=\"text-decoration: underline;\">Le cours sur la nacelle<\/span> - l'exploitation de plates-formes mobiles mont\u00e9es sur des camions- cat. IP<\/td>\n<td bgcolor=\"#fde9d9\">\n<p align=\"CENTER\">PLN 952<\/p>\n<\/td>\n<td bgcolor=\"#fde9d9\">\n<p align=\"CENTER\">PLN 902<\/p>\n<\/td>\n<td bgcolor=\"#fde9d9\">\n<p align=\"CENTER\">PLN 852<\/p>\n<\/td>\n<td bgcolor=\"#fde9d9\">\n<p align=\"CENTER\">PLN 802<\/p>\n<\/td>\n<\/tr>\n<tr>\n<td><span style=\"text-decoration: underline;\">Le cours sur l'exploitation des plates-formes suspendues, des m\u00e2ts et des plates-formes statiques<\/span> - sans s\u00e9quence technologique- cat. IIP<\/td>\n<td>\n<p align=\"CENTER\">PLN 952<\/p>\n<\/td>\n<td>\n<p align=\"CENTER\">PLN 852<\/p>\n<\/td>\n<td>\n<p align=\"CENTER\">PLN 752<\/p>\n<\/td>\n<td>\n<p align=\"CENTER\">PLN 702<\/p>\n<\/td>\n<\/tr>\n<tr>\n<td bgcolor=\"#fde9d9\"><span style=\"text-decoration: underline;\">Le cours sur le fonctionnement des potences HDS<\/span> - fonctionnement des grues mobiles et portables mont\u00e9es sur le ch\u00e2ssis du camion de type HDS- cat. II\u00af<\/td>\n<td bgcolor=\"#fde9d9\">\n<p align=\"CENTER\">PLN 952<\/p>\n<\/td>\n<td bgcolor=\"#fde9d9\">\n<p align=\"CENTER\">PLN 852<\/p>\n<\/td>\n<td bgcolor=\"#fde9d9\">\n<p align=\"CENTER\">PLN 802<\/p>\n<\/td>\n<td bgcolor=\"#fde9d9\">\n<p align=\"CENTER\">PLN 752<\/p>\n<\/td>\n<\/tr>\n<tr>\n<td><span style=\"text-decoration: underline;\">Le cours sur le fonctionnement du portique, du palan et du treuil de levage<\/span> - contr\u00f4l\u00e9 depuis le niveau du sol - chat. IIS<\/td>\n<td>\n<p align=\"CENTER\">PLN 752<\/p>\n<\/td>\n<td>\n<p align=\"CENTER\">PLN 702<\/p>\n<\/td>\n<td>\n<p align=\"CENTER\">PLN 652<\/p>\n<\/td>\n<td>\n<p align=\"CENTER\">PLN 602<\/p>\n<\/td>\n<\/tr>\n<tr>\n<td bgcolor=\"#fde9d9\"><span style=\"text-decoration: underline;\">Le cours sur le fonctionnement des palans et des treuils d'accueil<\/span> - qualifications sur le fonctionnement des palans et treuils de levage command\u00e9s depuis le sol, y compris ceux t\u00e9l\u00e9command\u00e9s cat. IIW<\/td>\n<td bgcolor=\"#fde9d9\">\n<p align=\"CENTER\">PLN 702<\/p>\n<\/td>\n<td bgcolor=\"#fde9d9\">\n<p align=\"CENTER\">PLN 652<\/p>\n<\/td>\n<td bgcolor=\"#fde9d9\">\n<p align=\"CENTER\">PLN 602<\/p>\n<\/td>\n<td bgcolor=\"#fde9d9\">\n<p align=\"CENTER\">PLN 552<\/p>\n<\/td>\n<\/tr>\n<tr>\n<td><span style=\"text-decoration: underline;\">Le cours sur la conduite des grues \u00e0 fl\u00e8che statique<\/span> - qualifications pour l'obtention des grues statiques et de production- cat. II\u00af<\/td>\n<td>\n<p align=\"CENTER\">PLN 702<\/p>\n<\/td>\n<td>\n<p align=\"CENTER\">PLN 602<\/p>\n<\/td>\n<td>\n<p align=\"CENTER\">PLN 552<\/p>\n<\/td>\n<td>\n<p align=\"CENTER\">PLN 502<\/p>\n<\/td>\n<\/tr>\n<tr>\n<td bgcolor=\"#fde9d9\"><span style=\"text-decoration: underline;\">Le cours sur l'exploitation des ascenseurs pour marchandises et passagers<\/span> - la conduite de monte-charges \u00e0 commande interne et d'ascenseurs d'h\u00f4pitaux ou de b\u00e2timents avec l'examen devant le conseil d'administration de l'UDT - qualifications ID et IID<\/td>\n<td bgcolor=\"#fde9d9\">\n<p align=\"CENTER\">PLN 702<\/p>\n<\/td>\n<td bgcolor=\"#fde9d9\">\n<p align=\"CENTER\">PLN 652<\/p>\n<\/td>\n<td bgcolor=\"#fde9d9\">\n<p align=\"CENTER\">PLN 602<\/p>\n<\/td>\n<td bgcolor=\"#fde9d9\">\n<p align=\"CENTER\">PLN 552<\/p>\n<\/td>\n<\/tr>\n<tr>\n<td><span style=\"text-decoration: underline;\">Le cours de conducteur d'\u00e9l\u00e9vateur automoteur<\/span> - fonctionnement des grues \u00e0 fl\u00e8che automotrices mont\u00e9es sur camion<\/td>\n<td>\n<p align=\"CENTER\">PLN 3352<\/p>\n<\/td>\n<td>\n<p align=\"CENTER\">PLN 3252<\/p>\n<\/td>\n<td>\n<p align=\"CENTER\">PLN 3152<\/p>\n<\/td>\n<td>\n<p align=\"CENTER\">PLN 3052<\/p>\n<\/td>\n<\/tr>\n<tr>\n<td bgcolor=\"#fde9d9\"><span style=\"text-decoration: underline;\">Le cours sur l'op\u00e9rateur de potences \u00e0 montage rapide<\/span> - I\u00af qualifications de l'op\u00e9rateur de grues \u00e0 fl\u00e8che sans fil \u00e0 commande au sol<\/td>\n<td bgcolor=\"#fde9d9\">\n<p align=\"CENTER\">PLN 2252<\/p>\n<\/td>\n<td bgcolor=\"#fde9d9\">\n<p align=\"CENTER\">PLN 2152<\/p>\n<\/td>\n<td bgcolor=\"#fde9d9\">\n<p align=\"CENTER\">PLN 2052<\/p>\n<\/td>\n<td bgcolor=\"#fde9d9\">\n<p align=\"CENTER\">PLN 1952<\/p>\n<\/td>\n<\/tr>\n<tr>\n<td><span style=\"text-decoration: underline;\">Le cours sur l'op\u00e9rateur de grues \u00e0 fl\u00e8che \u00e0 tour<\/span> - I\u017b qualifications pour l'op\u00e9rateur de grues \u00e0 tour et de grues \u00e0 fl\u00e8che de b\u00e2timent ( le co\u00fbt de l'assurance est inclus pour les cours pratiques)<\/td>\n<td>\n<p align=\"CENTER\">PLN 6852<\/p>\n<\/td>\n<td>\n<p align=\"CENTER\">PLN 4852<\/p>\n<\/td>\n<td>\n<p align=\"CENTER\">PLN 4252<\/p>\n<\/td>\n<td>\n<p align=\"CENTER\">PLN 3752<\/p>\n<\/td>\n<\/tr>\n<tr>\n<td bgcolor=\"#fde9d9\"><span style=\"text-decoration: underline;\">Le cours de bricolage<\/span> - Qualifications UDT pour l'entretien, les r\u00e9novations et le service des machines pour le transport rapproch\u00e9 sous la supervision technique, par exemple les chariots \u00e9l\u00e9vateurs, les grues, les portiques, les plates-formes mobiles et autres.<\/td>\n<td bgcolor=\"#fde9d9\">\n<p align=\"CENTER\">PLN 2152<\/p>\n<\/td>\n<td bgcolor=\"#fde9d9\">\n<p align=\"CENTER\">PLN 1852<\/p>\n<\/td>\n<td bgcolor=\"#fde9d9\">\n<p align=\"CENTER\">PLN 1552<\/p>\n<\/td>\n<td bgcolor=\"#fde9d9\">\n<p align=\"CENTER\">PLN 1252<\/p>\n<\/td>\n<\/tr>\n<tr>\n<td colspan=\"5\" bgcolor=\"#c6d9f1\">\n<p align=\"CENTER\"><span style=\"font-size: small;\"><span style=\"font-weight: normal;\">L'offre de prix ci-dessus n'est pas l'offre selon les r\u00e8glements du Code civil car chaque co\u00fbt de la formation peut \u00eatre n\u00e9goci\u00e9 individuellement.<\/span><\/span><\/p>\n<\/td>\n<\/tr>\n<\/tbody>\n<\/table>\n<\/div>","protected":false},"excerpt":{"rendered":"<p>Course- training The offer includes the cost of qualifications exam in front of the exam UDT board- 152,00 zloty gross ZW VAT The price depends on the number of enrolled people Prices below are the Gross cost ZW VAT 1-2 people 3-5 people 6-10 people 11-15 people Forklift trucks with exchanging gas cylinders &#8211; cat. II WJO 752 z\u0142 652 z\u0142 602 z\u0142 552 z\u0142 KSpecialised forklift course &#8211; forklift truck with the hosting cabin of the operator- cat. IWJO 952 z\u0142 902 z\u0142 852 z\u0142 802 z\u0142 The course on telescopic loaders &#8211; qualifications for the operator of telescopic loaders ( forklift trucks with specialized changeable extension arm) \u2013 cat. IWJO 1152 z\u0142 1102 z\u0142 1052 z\u0142 1002 z\u0142 The course on operating mobile platforms &#8211; mobile low-speed platforms, scissor platforms, articulated platforms, telescopic and mobile ones- cat.IP 802 z\u0142 752 z\u0142 702 z\u0142 652 z\u0142 The course on the aerial platform &#8211; the operation of mobile platforms mounted on trucks- cat. IP 952 z\u0142 902 z\u0142 852 z\u0142 802 z\u0142 The course on operating hanging, mast, static platforms \u2013 without technological sequence- cat. IIP 952 z\u0142 852 z\u0142 752 z\u0142 702 z\u0142 The course on operating HDS jib cranes &#8211; operation of mobile and portable cranes mounted on truck underbody of HDS type- cat. II\u017b 952 z\u0142 852 z\u0142 802 z\u0142 752 z\u0142 The course on the operation of the gantry, the hoist and the hoisting winch &#8211; controlled from the ground level- cat. IIS 752 z\u0142 702 z\u0142 652 z\u0142 602 z\u0142 [&hellip;]<\/p>\n","protected":false},"author":1,"featured_media":0,"parent":0,"menu_order":2,"comment_status":"closed","ping_status":"closed","template":"","meta":{"sfsi_plus_gutenberg_text_before_share":"","sfsi_plus_gutenberg_show_text_before_share":"","sfsi_plus_gutenberg_icon_type":"","sfsi_plus_gutenberg_icon_alignemt":"","sfsi_plus_gutenburg_max_per_row":"","footnotes":""},"class_list":["post-1657","page","type-page","status-publish","hentry","has_no_thumb"],"aioseo_notices":[],"_links":{"self":[{"href":"https:\/\/kursy-udt.pl\/fr\/wp-json\/wp\/v2\/pages\/1657","targetHints":{"allow":["GET"]}}],"collection":[{"href":"https:\/\/kursy-udt.pl\/fr\/wp-json\/wp\/v2\/pages"}],"about":[{"href":"https:\/\/kursy-udt.pl\/fr\/wp-json\/wp\/v2\/types\/page"}],"author":[{"embeddable":true,"href":"https:\/\/kursy-udt.pl\/fr\/wp-json\/wp\/v2\/users\/1"}],"replies":[{"embeddable":true,"href":"https:\/\/kursy-udt.pl\/fr\/wp-json\/wp\/v2\/comments?post=1657"}],"version-history":[{"count":6,"href":"https:\/\/kursy-udt.pl\/fr\/wp-json\/wp\/v2\/pages\/1657\/revisions"}],"predecessor-version":[{"id":1660,"href":"https:\/\/kursy-udt.pl\/fr\/wp-json\/wp\/v2\/pages\/1657\/revisions\/1660"}],"wp:attachment":[{"href":"https:\/\/kursy-udt.pl\/fr\/wp-json\/wp\/v2\/media?parent=1657"}],"curies":[{"name":"wp","href":"https:\/\/api.w.org\/{rel}","templated":true}]}}