{"id":1653,"date":"2016-01-22T15:59:41","date_gmt":"2016-01-22T15:59:41","guid":{"rendered":"http:\/\/kursy-udt.pl\/?page_id=1653"},"modified":"2016-01-22T15:59:53","modified_gmt":"2016-01-22T15:59:53","slug":"degivreurs-de-glace","status":"publish","type":"page","link":"https:\/\/kursy-udt.eu\/fr\/trainings\/gse-training\/icemelters\/","title":{"rendered":"D\u00e9givreurs"},"content":{"rendered":"<p>Notre centre est sp\u00e9cialis\u00e9 dans l'organisation de formations destin\u00e9es aux travailleurs des a\u00e9roports. Dans notre offre, nous avons le cours sur le fonctionnement de l'icemelter - la machine utilis\u00e9e afin d'enlever la glace des avions. Gr\u00e2ce \u00e0 nos cours, vous pouvez acqu\u00e9rir des connaissances et des comp\u00e9tences dans le domaine de l'utilisation de ce type de GSE ( Ground Support Equipment ) - machines et \u00e9quipements du fonctionnement des dirigeables au sol.<\/p>\n<p>Les fondeurs de glace sont des \u00e9quipements couramment utilis\u00e9s, con\u00e7us pour effectuer le travail de fonte de la glace des avions. Son but est d'enlever la neige, la glace ou le givre de leur surface. On utilise des produits chimiques appropri\u00e9s qui permettent non seulement d'\u00e9liminer les substances tr\u00e8s dangereuses pour la s\u00e9curit\u00e9 du vol, mais aussi d'emp\u00eacher un nouvel envasement pendant un certain temps. La glace, la neige et le givre qui se trouvent sur l'avion diminuent sa capacit\u00e9 \u00e0 l'ascension car ils forment une surface irr\u00e9guli\u00e8re qui interf\u00e8re avec l'a\u00e9rodynamique, ce qui peut m\u00eame provoquer une grande catastrophe. En outre, de plus gros morceaux de glace peuvent atteindre le moteur ou toucher les ailes, ce qui peut entra\u00eener des dangers similaires. Par cons\u00e9quent, l'enl\u00e8vement de la glace se fait n\u00e9cessairement lorsque l'avion en est recouvert pendant son s\u00e9jour \u00e0 l'a\u00e9roport et pr\u00e9ventivement pour contrer sa surface glac\u00e9e pendant le vol \u00e0 certaines temp\u00e9ratures. <\/p>\n<p>Le processus de fonte de la glace se fait en utilisant le r\u00e9seau d'approvisionnement technique appropri\u00e9 - il s'agit de machines g\u00e9n\u00e9rant le m\u00e9lange de glycol et d'eau \u00e0 la temp\u00e9rature appropri\u00e9e ou d'autres substances ayant des propri\u00e9t\u00e9s de fonte de la glace utilis\u00e9es par les travailleurs pour l'\u00e9l\u00e9vation des plates-formes a\u00e9riennes. Ces plates-formes sont exploit\u00e9es par des personnes ayant des qualifications appropri\u00e9es.<\/p>\n<p>Les participants \u00e0 nos cours pour le personnel de l'a\u00e9roport re\u00e7oivent les connaissances n\u00e9cessaires sur le fonctionnement des machines utilis\u00e9es dans le processus de fonte de la glace ainsi que sur les r\u00e8gles de s\u00e9curit\u00e9 et la s\u00e9curit\u00e9 industrielle. Les cours sont compl\u00e9t\u00e9s par la pratique. Des instructeurs exp\u00e9riment\u00e9s sont responsables du d\u00e9roulement du cours.<\/p>\n<p>Les formations ont lieu \u00e0 des p\u00e9riodes d\u00e9termin\u00e9es dans nos centres. Nous organisons \u00e9galement des classes ferm\u00e9es pour les formations en a\u00e9roport. Nous vous invitons \u00e0 profiter de notre offre.<\/p>","protected":false},"excerpt":{"rendered":"<p>Our centre specialises in organizing training designed for airport workers. In our offer, we have the course on the icemelter operation- the machine used in order to remove ice from planes. Thanks to our classes, you can gain knowledge and skills in the field of using this type of GSE ( Ground Support Equipment)- machines and equipment of the operation of ground airships. Icemelters are commonly used equipment designed for conducting work of melting ice from the planes. Its purpose is to remove snow, ice or frostiness from their surface. Suitable chemicals are used which not only cause removing substances which are of great danger to the safety of the flight but also prevent from renewed silting up for a certain period of time. Ice, snow and frostiness which are on the plane lower its ability to the ascent because they form uneven surface interfering aerodynamics which can cause even a great disaster. Additionally, bigger pieces of ice can get to the engine or hit the wings which can cause similar dangers. Therefore, removing ice is necessarily done when the plane is covered with it while staying at the airport and preventively to counteract its ice surface during the flight in certain temperatures. The process of ice melting is done while using the appropriate technical supply network- these are machines generating the mix of glycol and water at the appropriate temperature or other substances having ice melting properties used by workers in elevating aerial platforms. These platforms are operated by people having suitable qualifications. Our [&hellip;]<\/p>\n","protected":false},"author":1,"featured_media":0,"parent":1643,"menu_order":0,"comment_status":"closed","ping_status":"closed","template":"","meta":{"sfsi_plus_gutenberg_text_before_share":"","sfsi_plus_gutenberg_show_text_before_share":"","sfsi_plus_gutenberg_icon_type":"","sfsi_plus_gutenberg_icon_alignemt":"","sfsi_plus_gutenburg_max_per_row":"","footnotes":""},"class_list":["post-1653","page","type-page","status-publish","hentry","has_no_thumb"],"aioseo_notices":[],"_links":{"self":[{"href":"https:\/\/kursy-udt.pl\/fr\/wp-json\/wp\/v2\/pages\/1653","targetHints":{"allow":["GET"]}}],"collection":[{"href":"https:\/\/kursy-udt.pl\/fr\/wp-json\/wp\/v2\/pages"}],"about":[{"href":"https:\/\/kursy-udt.pl\/fr\/wp-json\/wp\/v2\/types\/page"}],"author":[{"embeddable":true,"href":"https:\/\/kursy-udt.pl\/fr\/wp-json\/wp\/v2\/users\/1"}],"replies":[{"embeddable":true,"href":"https:\/\/kursy-udt.pl\/fr\/wp-json\/wp\/v2\/comments?post=1653"}],"version-history":[{"count":1,"href":"https:\/\/kursy-udt.pl\/fr\/wp-json\/wp\/v2\/pages\/1653\/revisions"}],"predecessor-version":[{"id":1654,"href":"https:\/\/kursy-udt.pl\/fr\/wp-json\/wp\/v2\/pages\/1653\/revisions\/1654"}],"up":[{"embeddable":true,"href":"https:\/\/kursy-udt.pl\/fr\/wp-json\/wp\/v2\/pages\/1643"}],"wp:attachment":[{"href":"https:\/\/kursy-udt.pl\/fr\/wp-json\/wp\/v2\/media?parent=1653"}],"curies":[{"name":"wp","href":"https:\/\/api.w.org\/{rel}","templated":true}]}}