{"id":1648,"date":"2016-01-22T15:57:47","date_gmt":"2016-01-22T15:57:47","guid":{"rendered":"http:\/\/kursy-udt.pl\/?page_id=1648"},"modified":"2016-01-22T15:57:47","modified_gmt":"2016-01-22T15:57:47","slug":"le-fonctionnement-des-porte-conteneurs-et-des-porte-palettes","status":"publish","type":"page","link":"https:\/\/kursy-udt.eu\/fr\/trainings\/gse-training\/the-operation-of-container-and-pallet-carriers\/","title":{"rendered":"Le fonctionnement des porte-conteneurs et des porte-palettes"},"content":{"rendered":"<p>Notre centre s'occupe d'organiser des cours sur les porte-conteneurs et les porte-palettes qui sont couramment utilis\u00e9s dans les a\u00e9roports afin de transporter des marchandises - bagages, palettes, conteneurs et autres types de charges, y compris des marchandises atypiques exigeant une pr\u00e9paration et un r\u00e9seau d'approvisionnement appropri\u00e9s.<\/p>\n<p>Toutes les personnes int\u00e9ress\u00e9es \u00e0 participer aux cours sont encourag\u00e9es \u00e0 conna\u00eetre notre offre de plus pr\u00e8s !<\/p>\n<p>Les transporteurs de conteneurs et de palettes utilis\u00e9s dans les a\u00e9roports sont des \u00e9l\u00e9vateurs \u00e0 ciseaux mobiles - ce sont des plates-formes a\u00e9riennes, type chargeur haut avec la combustion et la transmission \u00e9lectrique ainsi que des plates-formes a\u00e9riennes type cargo - utilis\u00e9es pour faire fonctionner les palettes et les conteneurs \u00e0 destination et en provenance de l'entrep\u00f4t, \u00e0 partir de stillages, de camions et de hiloaders. Ils sont adapt\u00e9s au transport des ULD (unit load device) sur conteneurs et palettes et sont produits dans une large gamme de variantes techniques. Des v\u00e9hicules tels que des remorqueurs de bagages d'a\u00e9roport \u00e9lectriques ainsi que des remorqueurs \u00e0 moteur diesel.<\/p>\n<p>Les travailleurs conduisant des transporteurs de conteneurs et de palettes doivent avoir des connaissances et des comp\u00e9tences concernant la manipulation de la charge. Les principaux dangers li\u00e9s au poids inappropri\u00e9 de l'\u00e9quipement sont li\u00e9s \u00e0 l'inad\u00e9quation des moyens de manipulation et au non-respect des r\u00e8gles de s\u00e9curit\u00e9 et de la s\u00e9curit\u00e9 industrielle. Certaines charges, comme les voitures, n\u00e9cessitent une attention particuli\u00e8re et le choix de moyens appropri\u00e9s. Sinon, vous risquez d'endommager non seulement le chargement, mais aussi les machines de transport et l'avion.<\/p>\n<p>Les cours que nous organisons pour le personnel a\u00e9rien englobent un large \u00e9ventail de connaissances et de comp\u00e9tences concernant le fonctionnement des transporteurs et les r\u00e8gles de s\u00e9curit\u00e9 qui y sont li\u00e9es. Nos cours prennent en compte les r\u00e9glementations et pratiques actuelles dans ce domaine et sont bas\u00e9s sur la grande exp\u00e9rience de nos instructeurs dans le domaine du GSE (Ground Support Equipment) - les \u00e9quipements et machines permettant de faire fonctionner les dirigeables depuis le sol.<\/p>\n<p>Le cours d'utilisation de ce type de machines implique une pr\u00e9paration compl\u00e8te pour chaque travailleur de l'a\u00e9roport ainsi que pour les personnes souhaitant obtenir un emploi en tant que personnel de l'a\u00e9roport au sol. Nous organisons des formations pour les a\u00e9roports - pour les groupes organis\u00e9s ainsi que pour les personnes int\u00e9ress\u00e9es \u00e0 obtenir une expertise dans ce domaine.<\/p>\n<p>Nous vous invitons \u00e0 profiter de nos services de formation !<\/p>","protected":false},"excerpt":{"rendered":"<p>Our centre deals with organizing courses on container and pallet carriers which are commonly used at the airports in order to transport goods- luggage, pallets, containers and other types of loads including untypical goods demanding the appropriate preparation and supply network. All people interested in participating in classes are encouraged to get to know our offer closer! Carriers of containers and pallets used at the airports are mobile scissor lifts- they are air platforms, type high loader with the combustion and electric transmission as well as air platforms type cargo- used to operate pallets and containers to and from the warehouse, from stillages, trucks and hiloaders. They are suited to ULD transport (unit load device) on containers and pallets and they are produced in a wide range of technical variants. Vehicles such as electric airport luggage tugs as well as tugs with diesel engine. Workers operating transporters of containers and pallets must have knowledge and skills concerning the load manipulation. Main dangers connected with the inappropriate weight of the equipment are connected with not matching suitable ways of manipulation and not following safety rules and industrial safety. Some loads, such as cars require special care and the choice of appropriate means. Otherwise, there is the risk of damage not only to the load but also to the transport machines and the plane. Courses organized by us for air staff encompass a wide range of knowledge and skills concerning the operation of transporters and safety rules connected with them. Our classes take into consideration current regulations [&hellip;]<\/p>\n","protected":false},"author":1,"featured_media":0,"parent":1643,"menu_order":0,"comment_status":"closed","ping_status":"closed","template":"","meta":{"sfsi_plus_gutenberg_text_before_share":"","sfsi_plus_gutenberg_show_text_before_share":"","sfsi_plus_gutenberg_icon_type":"","sfsi_plus_gutenberg_icon_alignemt":"","sfsi_plus_gutenburg_max_per_row":"","footnotes":""},"class_list":["post-1648","page","type-page","status-publish","hentry","has_no_thumb"],"aioseo_notices":[],"_links":{"self":[{"href":"https:\/\/kursy-udt.pl\/fr\/wp-json\/wp\/v2\/pages\/1648","targetHints":{"allow":["GET"]}}],"collection":[{"href":"https:\/\/kursy-udt.pl\/fr\/wp-json\/wp\/v2\/pages"}],"about":[{"href":"https:\/\/kursy-udt.pl\/fr\/wp-json\/wp\/v2\/types\/page"}],"author":[{"embeddable":true,"href":"https:\/\/kursy-udt.pl\/fr\/wp-json\/wp\/v2\/users\/1"}],"replies":[{"embeddable":true,"href":"https:\/\/kursy-udt.pl\/fr\/wp-json\/wp\/v2\/comments?post=1648"}],"version-history":[{"count":2,"href":"https:\/\/kursy-udt.pl\/fr\/wp-json\/wp\/v2\/pages\/1648\/revisions"}],"predecessor-version":[{"id":1651,"href":"https:\/\/kursy-udt.pl\/fr\/wp-json\/wp\/v2\/pages\/1648\/revisions\/1651"}],"up":[{"embeddable":true,"href":"https:\/\/kursy-udt.pl\/fr\/wp-json\/wp\/v2\/pages\/1643"}],"wp:attachment":[{"href":"https:\/\/kursy-udt.pl\/fr\/wp-json\/wp\/v2\/media?parent=1648"}],"curies":[{"name":"wp","href":"https:\/\/api.w.org\/{rel}","templated":true}]}}