{"id":1643,"date":"2016-01-22T15:56:08","date_gmt":"2016-01-22T15:56:08","guid":{"rendered":"http:\/\/kursy-udt.pl\/?page_id=1643"},"modified":"2016-01-22T15:56:08","modified_gmt":"2016-01-22T15:56:08","slug":"formation-gse","status":"publish","type":"page","link":"https:\/\/kursy-udt.eu\/fr\/trainings\/gse-training\/","title":{"rendered":"Formation GSE"},"content":{"rendered":"<p>Dans notre centre, nous proposons des formations GSE (Ground Suport Equipment) - machines et \u00e9quipements permettant de faire fonctionner les avions depuis le sol. Il s'agit de cours gr\u00e2ce auxquels vous pouvez acqu\u00e9rir des connaissances et des comp\u00e9tences concernant les fonctions de steward au sol dans les a\u00e9roports.<\/p>\n<p>Nous organisons des formations pour le personnel a\u00e9rien et les personnes souhaitant obtenir un emploi dans les a\u00e9roports. Nous organisons \u00e9galement des formations pour les a\u00e9roports - pour les groupes organis\u00e9s.<\/p>\n<p>Notre offre de formation comprend :<\/p>\n<ul>\n<li>cours sur les transporteurs de conteneurs et de palettes<\/li>\n<li>cours de cmbulifts<\/li>\n<li>cours sur les d\u00e9givreurs d'avions<\/li>\n<\/ul>\n<p>Le programme de nos cours r\u00e9pond aux exigences l\u00e9gales li\u00e9es \u00e0 l'exploitation des machines a\u00e9roportuaires telles que les GSE. Ils sont utilis\u00e9s dans les a\u00e9roports, g\u00e9n\u00e9ralement sur les rampes et dans la zone de service des terminaux. Le champ d'action comprend les op\u00e9rations de chargement li\u00e9es \u00e0 la mobilit\u00e9 des avions, le nettoyage, le remplissage des serviettes hygi\u00e9niques ainsi que l'approvisionnement des avions. Ce travail est effectu\u00e9 par les travailleurs de l'a\u00e9roport ou par un op\u00e9rateur ext\u00e9rieur.<\/p>\n<p>Chaque cours d'op\u00e9ration dispens\u00e9 dans nos centres comprend une partie th\u00e9orique et une partie pratique. Il regorge d'informations utiles sur les postes d'exploitation des avions au sol. Les cours sont dispens\u00e9s par des instructeurs exp\u00e9riment\u00e9s qui ont une longue exp\u00e9rience professionnelle et sont ouverts \u00e0 vos demandes. Les cours se terminent par des examens et apr\u00e8s les avoir r\u00e9ussis, les participants re\u00e7oivent des certificats confirmant leurs qualifications professionnelles. Les certificats permettent de postuler \u00e0 des postes destin\u00e9s au personnel au sol des a\u00e9roports.<\/p>\n<p>Sur notre site Web, vous pouvez v\u00e9rifier les dates actuelles d'organisation des cours - ils ont lieu \u00e0 Varsovie et dans d'autres villes de Pologne. Il existe \u00e9galement la possibilit\u00e9 d'organiser des cours \u00e0 des heures et des endroits appropri\u00e9s pour des groupes ferm\u00e9s. En cas de questions suppl\u00e9mentaires, nous sommes toujours \u00e0 votre disposition. Nous vous invitons cordialement \u00e0 participer \u00e0 nos cours destin\u00e9s au personnel de l'aviation et des a\u00e9roports.<\/p>","protected":false},"excerpt":{"rendered":"<p>In our centre, we offer GSE training (Ground Suport Equipment)- machines and equipment to operate aircrafts from the ground. These are classes thanks to which you can gain knowledge and skills concerning duties as a ground steward at airports. We organise trainings for air staff and people wanting to get a job at the airports. We also run trainings for airports- for organized groups. Our training offer includes: courses on containers and pallets transporters cmbulifts courses plane icemelters courses The programme of our classes meets legal requirements connected with the operation of airport machines such as GSE. They are used at the airports, usually at ramps and in the service area at terminals. The range of operation involves the load operation connected with airplane mobility, cleaning, filling sanitary pads as well as supplying planes. Such work is conducted by airport workers or an outdoor operator. Every operation course run in our centres includes theoretical and practical part. It is full of useful information on the ground aircraft operation positions. Classes are run by experienced instructors who have longstanding vocational experience and are open to your inquiries. Courses end with exams and after passing them, participants receive certificates confirming their vocational qualifications. Certificates allow to apply for positions designed for ground airport staff. On our website, you can check current dates of organising classes- they take place in Warsaw and other cities in Poland. There is also the possibility of running courses at suitable time and places for closed groups. In case of additional questions, we [&hellip;]<\/p>\n","protected":false},"author":1,"featured_media":0,"parent":1522,"menu_order":50,"comment_status":"closed","ping_status":"closed","template":"","meta":{"sfsi_plus_gutenberg_text_before_share":"","sfsi_plus_gutenberg_show_text_before_share":"","sfsi_plus_gutenberg_icon_type":"","sfsi_plus_gutenberg_icon_alignemt":"","sfsi_plus_gutenburg_max_per_row":"","footnotes":""},"class_list":["post-1643","page","type-page","status-publish","hentry","has_no_thumb"],"aioseo_notices":[],"_links":{"self":[{"href":"https:\/\/kursy-udt.pl\/fr\/wp-json\/wp\/v2\/pages\/1643","targetHints":{"allow":["GET"]}}],"collection":[{"href":"https:\/\/kursy-udt.pl\/fr\/wp-json\/wp\/v2\/pages"}],"about":[{"href":"https:\/\/kursy-udt.pl\/fr\/wp-json\/wp\/v2\/types\/page"}],"author":[{"embeddable":true,"href":"https:\/\/kursy-udt.pl\/fr\/wp-json\/wp\/v2\/users\/1"}],"replies":[{"embeddable":true,"href":"https:\/\/kursy-udt.pl\/fr\/wp-json\/wp\/v2\/comments?post=1643"}],"version-history":[{"count":2,"href":"https:\/\/kursy-udt.pl\/fr\/wp-json\/wp\/v2\/pages\/1643\/revisions"}],"predecessor-version":[{"id":1646,"href":"https:\/\/kursy-udt.pl\/fr\/wp-json\/wp\/v2\/pages\/1643\/revisions\/1646"}],"up":[{"embeddable":true,"href":"https:\/\/kursy-udt.pl\/fr\/wp-json\/wp\/v2\/pages\/1522"}],"wp:attachment":[{"href":"https:\/\/kursy-udt.pl\/fr\/wp-json\/wp\/v2\/media?parent=1643"}],"curies":[{"name":"wp","href":"https:\/\/api.w.org\/{rel}","templated":true}]}}