{"id":1636,"date":"2016-01-22T15:51:15","date_gmt":"2016-01-22T15:51:15","guid":{"rendered":"http:\/\/kursy-udt.pl\/?page_id=1636"},"modified":"2016-01-22T15:54:07","modified_gmt":"2016-01-22T15:54:07","slug":"telescopique","status":"publish","type":"page","link":"https:\/\/kursy-udt.eu\/fr\/trainings\/telescopic\/","title":{"rendered":"Cours sur les chargeurs t\u00e9lescopiques"},"content":{"rendered":"<div style=\"float: left; padding-right: 10px;\"><img decoding=\"async\" alt=\"Plates-formes mobiles - photo\" src=\"\/wp-content\/uploads\/2014\/03\/wozki-widlowe-1.jpeg\" \/><\/div>\n<div class=\"wyjustuj\">\n<p>Nous vous invitons pour le cours de chargeur t\u00e9lescopique au Centre de formation du personnel ERGON !<\/p>\n<p>En choisissant nos cours pour chargeurs, vous serez certain de b\u00e9n\u00e9ficier d'une formation professionnelle dispens\u00e9e par des instructeurs professionnels afin de faciliter l'obtention des qualifications UDT (Office of Technical Inspection). En m\u00eame temps, le prix de nos cours devrait vous int\u00e9resser - tous les cours d'ODK ( le Centre de formation du personnel) ERGON se distinguent par des tarifs attractifs et abordables.<\/p>\n<p><strong>L'usage<\/strong><br \/>\nLe chargeur t\u00e9lescopique est un chariot \u00e9l\u00e9vateur sp\u00e9cialis\u00e9, un chargeur avec un bras d'extension interchangeable qui est couramment utilis\u00e9 sur les chantiers et dans d'autres endroits o\u00f9 il est essentiel d'effectuer des travaux de transport de mani\u00e8re rapide et efficace. Les camions sont utilis\u00e9s dans le cadre de la construction de routes, de ponts, de survols, de constructions m\u00e9talliques.<\/p>\n<p><strong>L'objectif de la formation<\/strong><br \/>\nLe cours de chargeur t\u00e9lescopique a \u00e9t\u00e9 \u00e9tabli sp\u00e9cialement pour les personnes qui veulent obtenir les qualifications n\u00e9cessaires pour travailler sur le poste de travail d'un chariot \u00e9l\u00e9vateur \u00e0 fourche avec un bras t\u00e9lescopique dans la cat\u00e9gorie I WJO (camion sp\u00e9cialis\u00e9).<\/p>\n<p>Notre formation vous permettra d'apprendre \u00e0 utiliser les machines de producteurs tels que : Manitou, Merlo, New Holland, Dieci, JCB et Case et autres qui sont couramment utilis\u00e9es sur les lieux de travail.<\/p>\n<p>Les cours de chargeurs que nous dispensons se composent d'une partie th\u00e9orique et d'une partie pratique qui pr\u00e9parent largement le participant \u00e0 travailler en tant qu'op\u00e9rateur de machine et \u00e0 utiliser l'\u00e9quipement.<\/p>\n<p>Le cours de chargeurs t\u00e9lescopiques ( chargeurs avec un bras d'extension changeable) se termine par l'examen national pass\u00e9 devant le jury de l'Office d'inspection technique. Apr\u00e8s avoir r\u00e9ussi l'examen, les participants re\u00e7oivent les qualifications appropri\u00e9es et la carte d'op\u00e9rateur. Ils sont valables en permanence en Pologne et dans les pays de l'UE.<\/p>\n<p><strong>L'horaire des cours<\/strong><br \/>\nLe cours sur les chargeurs t\u00e9lescopiques comprend toutes les informations importantes et les comp\u00e9tences n\u00e9cessaires au poste d'op\u00e9rateur de la machine. Les cours sont bas\u00e9s sur le programme convenu avec l'UDT (l'Office de contr\u00f4le technique) et se composent d'une partie th\u00e9orique et pratique. Ils sont principalement :<\/p>\n<ul>\n<li>les types de chariots \u00e9l\u00e9vateurs \u00e0 fourche et leur construction<\/li>\n<li>informations de base sur la gestion du fret<\/li>\n<li>la supervision technique de la machine<\/li>\n<li>l'utilisation d'\u00e9quipements suppl\u00e9mentaires du camion<\/li>\n<li>les activit\u00e9s n\u00e9cessaires lors de l'utilisation de la machine avant, pendant et apr\u00e8s la finition du travail<\/li>\n<li>des cours sur la construction et l'exploitation li\u00e9s \u00e0 la construction et \u00e0 l'exploitation de bouteilles de gaz<\/li>\n<li>Informations EHS<\/li>\n<li>informations pratiques sur le chariot t\u00e9lescopique<\/li>\n<\/ul>\n<p>Dans notre centre, nous mettons l'accent sur des cours int\u00e9ressants pour les participants. Ils re\u00e7oivent ainsi un large \u00e9ventail de connaissances et de comp\u00e9tences n\u00e9cessaires dans le travail quotidien. Nous employons des instructeurs exp\u00e9riment\u00e9s et nous disposons d'un r\u00e9seau moderne d'offre \u00e9ducative qui fait de l'apprentissage un bon investissement pour \u00e9largir ses comp\u00e9tences.<\/p>\n<p><strong>Les conditions d'entr\u00e9e<\/strong><br \/>\nPour suivre le cours sur les chargeurs t\u00e9lescopiques, vous devez remplir les conditions suivantes :<\/p>\n<ul>\n<li>avoir au moins une \u00e9ducation \u00e9l\u00e9mentaire<\/li>\n<li>\u00eatre \u00e2g\u00e9 de plus de 18 ans<\/li>\n<li>n'ont pas de contre-indications pour exercer le m\u00e9tier de conducteur de machine<\/li>\n<\/ul>\n<p>Le prix des cours d\u00e9pend du nombre de personnes inscrites. En cas de groupes plus importants, nous proposons des r\u00e9ductions int\u00e9ressantes. Afin de recevoir plus d'informations sur les prix, nous vous encourageons \u00e0 contacter notre soci\u00e9t\u00e9 afin que nous puissions vous pr\u00e9senter la liste d\u00e9taill\u00e9e des prix de nos services.<\/p>\n<p>Les cours sont dispens\u00e9s dans notre si\u00e8ge social, situ\u00e9 \u00e0 Varsovie, ainsi que dans d'autres centres locaux. Nous sommes \u00e9galement en mesure d'organiser des cours sur le site du client. Nous pouvons \u00e9galement proposer des cours th\u00e9matiques sp\u00e9cialement adapt\u00e9s \u00e0 vos besoins.<\/p>\n<p>En tant qu'entreprise ayant une longue exp\u00e9rience dans le domaine de la formation, nous savons ce dont nos clients ont besoin. C'est pourquoi nous vous donnons acc\u00e8s \u00e0 un enseignement moderne \u00e0 des prix attractifs. Nous sommes en mesure d'adapter l'offre individuellement \u00e0 vos besoins, y compris en ce qui concerne le lieu et l'heure en groupes ferm\u00e9s. En cas de questions, nous nous efforcerons d'y r\u00e9pondre dans les meilleurs d\u00e9lais.<\/p>\n<p>Nous vous encourageons \u00e0 vous inscrire au cours sur les chargeurs t\u00e9lescopiques au Centre de formation du personnel ERGON !<\/p>\n<\/div>","protected":false},"excerpt":{"rendered":"<p>We invite you for the telescopic loader course to the Centre for Staff Training ERGON! Choosing our loader courses, you will be certain of professional training from professional instructors so that receiving UDT (the Office of Technical Inspection) qualifications becomes easier. At the same time, the price of our classes should interest you- all courses in ODK ( the Centre for Staff Training) ERGON stand out with attractive, affordable fees. The usage The telescopic loader is a specialised forklift , a loader with a changeable extension arm which is commonly used on worksites and in other places where it is essential to do transport work in a fast and efficient way. Trucks are used while working as part of building roads, bridges, flyovers, steel constructions. The purpose of the training Telescopic loaders course was laid down especially for those people who want to obtain necessary qualifications to work on the position of a forklift truck with a telescopic extension arm in category I WJO (specialized truck). Our training will help you to learn how to operate the machine of such producers as: Manitou, Merlo, New Holland, Dieci, JCB and Case and others which are commonly used in work places. Loader courses run by us consist of theoretical and practical part which extensively prepare the participant to work as the machine operator and to use the equipment. Telescopic loaders course ( loaders with a changeable extension arm) finishes with the national exam taken in front of the board of the Office of Technical Inspection. After passing [&hellip;]<\/p>\n","protected":false},"author":1,"featured_media":0,"parent":1522,"menu_order":15,"comment_status":"closed","ping_status":"closed","template":"","meta":{"sfsi_plus_gutenberg_text_before_share":"","sfsi_plus_gutenberg_show_text_before_share":"","sfsi_plus_gutenberg_icon_type":"","sfsi_plus_gutenberg_icon_alignemt":"","sfsi_plus_gutenburg_max_per_row":"","footnotes":""},"class_list":["post-1636","page","type-page","status-publish","hentry","has_thumb"],"aioseo_notices":[],"_links":{"self":[{"href":"https:\/\/kursy-udt.pl\/fr\/wp-json\/wp\/v2\/pages\/1636","targetHints":{"allow":["GET"]}}],"collection":[{"href":"https:\/\/kursy-udt.pl\/fr\/wp-json\/wp\/v2\/pages"}],"about":[{"href":"https:\/\/kursy-udt.pl\/fr\/wp-json\/wp\/v2\/types\/page"}],"author":[{"embeddable":true,"href":"https:\/\/kursy-udt.pl\/fr\/wp-json\/wp\/v2\/users\/1"}],"replies":[{"embeddable":true,"href":"https:\/\/kursy-udt.pl\/fr\/wp-json\/wp\/v2\/comments?post=1636"}],"version-history":[{"count":4,"href":"https:\/\/kursy-udt.pl\/fr\/wp-json\/wp\/v2\/pages\/1636\/revisions"}],"predecessor-version":[{"id":1640,"href":"https:\/\/kursy-udt.pl\/fr\/wp-json\/wp\/v2\/pages\/1636\/revisions\/1640"}],"up":[{"embeddable":true,"href":"https:\/\/kursy-udt.pl\/fr\/wp-json\/wp\/v2\/pages\/1522"}],"wp:attachment":[{"href":"https:\/\/kursy-udt.pl\/fr\/wp-json\/wp\/v2\/media?parent=1636"}],"curies":[{"name":"wp","href":"https:\/\/api.w.org\/{rel}","templated":true}]}}