{"id":1626,"date":"2016-01-22T15:36:47","date_gmt":"2016-01-22T15:36:47","guid":{"rendered":"http:\/\/kursy-udt.pl\/?page_id=1626"},"modified":"2016-01-22T15:38:50","modified_gmt":"2016-01-22T15:38:50","slug":"construction-2","status":"publish","type":"page","link":"https:\/\/kursy-udt.eu\/fr\/trainings\/forklift-courses\/construction\/","title":{"rendered":"La construction des chariots \u00e9l\u00e9vateurs \u00e0 fourche"},"content":{"rendered":"<div style=\"float:left; padding-right:10px;\"><img decoding=\"async\" src=\"\/wp-content\/uploads\/2014\/08\/mbud.jpg\" alt=\"\"><\/div>\n<div class=\"wyjustuj\">Le cours sur les chariots \u00e9l\u00e9vateurs \u00e0 fourche comprend toutes les informations n\u00e9cessaires sur le poste de l'op\u00e9rateur, y compris les donn\u00e9es concernant la construction de chariots \u00e9l\u00e9vateurs \u00e0 fourche typiques - un chariot \u00e9l\u00e9vateur \u00e0 fourche.<\/p>\n<p><strong>Les chariots \u00e9l\u00e9vateurs \u00e0 fourche sont constitu\u00e9s des \u00e9l\u00e9ments de construction suivants :<\/strong><\/p>\n<ul>\n<li>le ch\u00e2ssis du camion - respectivement en acier<\/li>\n<li>le train de roulement, c'est-\u00e0-dire les roues, g\u00e9n\u00e9ralement trois ou quatre selon le mod\u00e8le de la machine<\/li>\n<li>le moteur - il s'agit principalement de moteurs \u00e0 basse compression aliment\u00e9s au gazole, le moteur \u00e9lectrique et le moteur \u00e0 batterie sont \u00e9galement populaires<\/li>\n<li>contrepoids - son objectif principal est de fournir la charge appropri\u00e9e \u00e0 un v\u00e9hicule lors du transport de marchandises, il a la forme du bloc d'acier dans la partie arri\u00e8re<\/li>\n<li>le m\u00e2t - la partie plac\u00e9e verticalement \u00e0 l'avant de la machine qui permet de la quitter, de la hisser ou de basculer la charge<\/li>\n<li>Les fourches - elles ont la forme d'un L et sont d\u00e9plac\u00e9es verticalement \u00e0 l'aide d'une cha\u00eene. Les fourches peuvent \u00eatre transform\u00e9es en d'autres types d'\u00e9quipement, par exemple ajust\u00e9es pour transporter des bo\u00eetes en carton, des tonneaux<\/li>\n<li>le chariot - la plaque frontale du camion qui est install\u00e9e sur le m\u00e2t, les fourches et la barre de protection est install\u00e9e sur le chariot<\/li>\n<li>la barre de protection - prot\u00e8ge contre le glissement des charges<\/li>\n<li>la barre de s\u00e9curit\u00e9 - prot\u00e8ge l'op\u00e9rateur contre la chute de charges provenant des \u00e9l\u00e9ments ci-dessus<\/li>\n<li>le poste de conduite - con\u00e7u pour la conduite du v\u00e9hicule, un volant, des p\u00e9dales, des g\u00e2chettes qui permettent de commander l'ensemble du v\u00e9hicule. La cabine est ouverte mais ferm\u00e9e, ce qui fait qu'une personne \u00e0 l'int\u00e9rieur est \u00e0 l'abri des accidents.<\/li>\n<\/ul>\n<p>Les chariots \u00e9l\u00e9vateurs peuvent \u00e9galement \u00eatre \u00e9quip\u00e9s d'autres \u00e9l\u00e9ments en fonction de leur utilisation. Les chariots motoris\u00e9s ne disposent pas de la cabine de l'op\u00e9rateur, les chariots sp\u00e9cialis\u00e9s peuvent avoir le bras d'extension con\u00e7u pour accueillir des charges lourdes \u00e0 des niveaux plus \u00e9lev\u00e9s.<\/p>\n<p>En outre, les cours sur les chariots \u00e9l\u00e9vateurs \u00e0 fourche comprennent des informations li\u00e9es aux diff\u00e9rents types de chariots \u00e9l\u00e9vateurs \u00e0 fourche, y compris ceux \u00e0 moteur, \u00e0 plate-forme, avec si\u00e8ges et t\u00e9l\u00e9command\u00e9s, ainsi qu'aux moteurs \u00e9lectriques, aux moteurs \u00e0 batterie, aux moteurs \u00e0 essence et aux moteurs diesel.<\/p><\/div>\n<div class=\"button_styl\" style=\"float:right; padding-left:15px; padding-bottom:8px; margin-bottom:5px;\"><a href=\"https:\/\/platformaedukacji.pl\/login\/signup.php\" rel=\"nofollow\" target=\"_blank\" class=\"myButton myButton_maly\"><font color=\"white\">Inscrivez-vous \u00e0 la formation<\/font><\/a><\/div>","protected":false},"excerpt":{"rendered":"<p>The forklift course includes all necessary information on the operator\u2019s position including the data concerning the construction of typical forklifts- a forklift truck. Forklifts are made of the following construction elements: the truck frame- respectively made of steel the undercarriage- i.e. wheels, usually three or four depending on the model of machine the engine- there are mainly low-compression engines supplied with diesel oil, the electric engine and the battery engine are also popular counterbalance- its main purpose is providing the appropriate load for a vehicle while transporting goods, it has the form of the steel block in the back part the mast- the part placed vertically in the front of the machine which allows to leave it, hoist it or tip the load forks- they are shaped in L letter and moved vertically with a chain. Forks can be changed into other type of equipment, for example adjusted to transport carton boxes, barrels the carriage- the faceplate of the truck which is installed to the mast, forks and the protective bar is installed to the carriage the protective bar- protects against sliding of the loads the safety bar- protects the operator against falling loads from the above the operator\u2019s cabin- designed for operating the vehicle, a steering wheel, pedals, triggers which let operate the whole vehicle. The cabin is open but enclosed which causes that a person inside is safe against accidents. Forklifts can also be equipped with other elements depending on its purpose. Driven trucks do not have the operator\u2019s cabin, specialised trucks can [&hellip;]<\/p>\n","protected":false},"author":1,"featured_media":0,"parent":1603,"menu_order":3,"comment_status":"closed","ping_status":"closed","template":"","meta":{"sfsi_plus_gutenberg_text_before_share":"","sfsi_plus_gutenberg_show_text_before_share":"","sfsi_plus_gutenberg_icon_type":"","sfsi_plus_gutenberg_icon_alignemt":"","sfsi_plus_gutenburg_max_per_row":"","footnotes":""},"class_list":["post-1626","page","type-page","status-publish","hentry","has_thumb"],"aioseo_notices":[],"_links":{"self":[{"href":"https:\/\/kursy-udt.pl\/fr\/wp-json\/wp\/v2\/pages\/1626","targetHints":{"allow":["GET"]}}],"collection":[{"href":"https:\/\/kursy-udt.pl\/fr\/wp-json\/wp\/v2\/pages"}],"about":[{"href":"https:\/\/kursy-udt.pl\/fr\/wp-json\/wp\/v2\/types\/page"}],"author":[{"embeddable":true,"href":"https:\/\/kursy-udt.pl\/fr\/wp-json\/wp\/v2\/users\/1"}],"replies":[{"embeddable":true,"href":"https:\/\/kursy-udt.pl\/fr\/wp-json\/wp\/v2\/comments?post=1626"}],"version-history":[{"count":4,"href":"https:\/\/kursy-udt.pl\/fr\/wp-json\/wp\/v2\/pages\/1626\/revisions"}],"predecessor-version":[{"id":1630,"href":"https:\/\/kursy-udt.pl\/fr\/wp-json\/wp\/v2\/pages\/1626\/revisions\/1630"}],"up":[{"embeddable":true,"href":"https:\/\/kursy-udt.pl\/fr\/wp-json\/wp\/v2\/pages\/1603"}],"wp:attachment":[{"href":"https:\/\/kursy-udt.pl\/fr\/wp-json\/wp\/v2\/media?parent=1626"}],"curies":[{"name":"wp","href":"https:\/\/api.w.org\/{rel}","templated":true}]}}