{"id":1620,"date":"2016-01-22T15:32:44","date_gmt":"2016-01-22T15:32:44","guid":{"rendered":"http:\/\/kursy-udt.pl\/?page_id=1620"},"modified":"2016-01-22T15:35:38","modified_gmt":"2016-01-22T15:35:38","slug":"la-securite","status":"publish","type":"page","link":"https:\/\/kursy-udt.eu\/fr\/trainings\/forklift-courses\/the-safety\/","title":{"rendered":"La s\u00e9curit\u00e9 de l'utilisation des chariots \u00e9l\u00e9vateurs \u00e0 fourche"},"content":{"rendered":"<div style=\"float:left; padding-right:10px;\"><img decoding=\"async\" src=\"\/wp-content\/uploads\/2014\/08\/mbezp.jpg\" alt=\"\"><\/div>\n<div class=\"wyjustuj\">L'objectif principal, qui est int\u00e9gr\u00e9 au cours sur les chariots \u00e9l\u00e9vateurs, est la connaissance du fonctionnement appropri\u00e9 de la machine sur le poste d'un op\u00e9rateur. Malgr\u00e9 les informations sur le fonctionnement du v\u00e9hicule, son exploitation et son chargement, tout le monde re\u00e7oit des informations sur la s\u00e9curit\u00e9 et la s\u00e9curit\u00e9 industrielle au travail. Si le travail sur le poste implique \u00e9galement des chariots \u00e9l\u00e9vateurs, le cours est essentiel.<\/p>\n<p>Les chariots \u00e9l\u00e9vateurs, pour \u00eatre autoris\u00e9s, doivent r\u00e9pondre \u00e0 certaines exigences techniques. Les param\u00e8tres techniques de la machine doivent \u00eatre trouv\u00e9s sur la plaque signal\u00e9tique qui doit \u00eatre plac\u00e9e sur chaque v\u00e9hicule. En outre, les informations n\u00e9cessaires comprennent le tableau des capacit\u00e9s de levage qui renseigne sur la hauteur de levage de la charge ou la mani\u00e8re de placer la charge sur les fourches.<\/p>\n<p>En outre, pour utiliser la machine, des qualifications en mati\u00e8re de chariot \u00e9l\u00e9vateur sont n\u00e9cessaires. Les certificats sont d\u00e9livr\u00e9s par l'UDT (l'Office d'inspection technique) de Varsovie. De plus, en dehors de ceux-ci, il est n\u00e9cessaire d'effectuer des examens psychotechniques et de remettre le certificat du m\u00e9decin attestant qu'il est autoris\u00e9 \u00e0 exercer le travail \u00e0 ce poste.<\/p>\n<p><strong>Activit\u00e9s interdites lors de l'utilisation d'un chariot \u00e9l\u00e9vateur :<\/strong><\/p>\n<ul>\n<li>la conduite sous l'influence de drogues ou d'alcool ainsi que d'autres indispositions<\/li>\n<li>utiliser le v\u00e9hicule conform\u00e9ment \u00e0 sa destination<\/li>\n<li>surcharge de la machine<\/li>\n<li>l'acc\u00e9l\u00e9ration et le freinage soudains et la conduite en exc\u00e8s de vitesse<\/li>\n<li>transporter des personnes sur des fourches<\/li>\n<li>conduire sur des terrains en pente au point mort ou avec un moteur \u00e9teint<\/li>\n<li>laisser le v\u00e9hicule avec le moteur en marche<\/li>\n<li>la conduite du v\u00e9hicule de mani\u00e8re incompatible avec les r\u00e8gles de s\u00e9curit\u00e9<\/li>\n<li>les mamelons et les p pentes qui sont diff\u00e9rents de ce qui est autoris\u00e9 dans les caract\u00e9ristiques techniques<\/li>\n<li>passer sous ou se tenir sous des fourches lev\u00e9es<\/li>\n<li>laisser des charges sur des fourches lev\u00e9es<\/li>\n<li>d\u00e9placement du m\u00e2 m\u00e2 M en mouvement en mouvement du v\u00e9hicule<\/li>\n<li>faire des modifications de machine par vous-m\u00eame<\/li>\n<li>\u00e9limination des couvertures de s\u00e9curit\u00e9<\/li>\n<li>heurter un v\u00e9hicule dans d'autres objets<\/li>\n<li>conduite d'un v\u00e9hicule sur un terrain non am\u00e9nag\u00e9<\/li>\n<li>fumer et utiliser un feu ouvert<\/li>\n<li>travailler avec des chaussures et des mains glissantes<\/li>\n<li>op\u00e9rer sans avoir de qualifications pour les chariots \u00e9l\u00e9vateurs<\/li>\n<\/ul>\n<\/div>\n<div class=\"button_styl\" style=\"float:right; padding-left:15px; padding-bottom:8px; margin-bottom:5px;\"><a href=\"https:\/\/platformaedukacji.pl\/login\/signup.php\" rel=\"nofollow\" target=\"_blank\" class=\"myButton myButton_maly\"><font color=\"white\">Inscrivez-vous \u00e0 la formation<\/font><\/a><\/div>","protected":false},"excerpt":{"rendered":"<p>The main purpose, which is incorporated into the forklift course, is the knowledge of the appropriate machine operation on the position of an operator. Despite information about the vehicle operation, its operation and load operation, everybody gets information about the safety and industrial safety at work. If the work on the position also involves forklifts, the course is essential. Forklifts, so as to be authorized, must fulfill certain technical requirements. Technical parameters of the machine must be found on the rating plate which should be placed on every vehicle. Additionally, necessary information include the hoisting capacity chart which informs about the height of raising the load or the way of placing the load on forks. Apart from that, to operate the machine, forklift qualifications are necessary. Certificates are delivered by UDT (the Office of Technical Inspection) Warsaw. What is more, apart from them, it is necessary to conduct psychotechnical examinations and hand in the doctor\u2019s certificate of being permitted to do the job on that position. Forbidden activities while using a forklift: operating under the influence of dopes or alcohol as well as other indispositions using the vehicle according to its purpose machine overload sudden accelerating and braking and driving exceeding the speed limit carrying people on forks driving down slanted grounds on neutral gear or with switched off drive leaving the vehicle with the engine on driving the vehicle incompatibly to the safety rules bestriding nipples and slopes which are different than allowed in technical data going under or standing under raised forks leaving [&hellip;]<\/p>\n","protected":false},"author":1,"featured_media":0,"parent":1603,"menu_order":2,"comment_status":"closed","ping_status":"closed","template":"","meta":{"sfsi_plus_gutenberg_text_before_share":"","sfsi_plus_gutenberg_show_text_before_share":"","sfsi_plus_gutenberg_icon_type":"","sfsi_plus_gutenberg_icon_alignemt":"","sfsi_plus_gutenburg_max_per_row":"","footnotes":""},"class_list":["post-1620","page","type-page","status-publish","hentry","has_thumb"],"aioseo_notices":[],"_links":{"self":[{"href":"https:\/\/kursy-udt.pl\/fr\/wp-json\/wp\/v2\/pages\/1620","targetHints":{"allow":["GET"]}}],"collection":[{"href":"https:\/\/kursy-udt.pl\/fr\/wp-json\/wp\/v2\/pages"}],"about":[{"href":"https:\/\/kursy-udt.pl\/fr\/wp-json\/wp\/v2\/types\/page"}],"author":[{"embeddable":true,"href":"https:\/\/kursy-udt.pl\/fr\/wp-json\/wp\/v2\/users\/1"}],"replies":[{"embeddable":true,"href":"https:\/\/kursy-udt.pl\/fr\/wp-json\/wp\/v2\/comments?post=1620"}],"version-history":[{"count":4,"href":"https:\/\/kursy-udt.pl\/fr\/wp-json\/wp\/v2\/pages\/1620\/revisions"}],"predecessor-version":[{"id":1624,"href":"https:\/\/kursy-udt.pl\/fr\/wp-json\/wp\/v2\/pages\/1620\/revisions\/1624"}],"up":[{"embeddable":true,"href":"https:\/\/kursy-udt.pl\/fr\/wp-json\/wp\/v2\/pages\/1603"}],"wp:attachment":[{"href":"https:\/\/kursy-udt.pl\/fr\/wp-json\/wp\/v2\/media?parent=1620"}],"curies":[{"name":"wp","href":"https:\/\/api.w.org\/{rel}","templated":true}]}}