{"id":1615,"date":"2016-01-22T15:30:29","date_gmt":"2016-01-22T15:30:29","guid":{"rendered":"http:\/\/kursy-udt.pl\/?page_id=1615"},"modified":"2016-01-22T15:31:18","modified_gmt":"2016-01-22T15:31:18","slug":"lutilisation-de-la-charge-sur-le-chariot-elevateur","status":"publish","type":"page","link":"https:\/\/kursy-udt.eu\/fr\/trainings\/forklift-courses\/operating-the-load-on-the-forklift\/","title":{"rendered":"Utilisation de la charge sur le chariot \u00e9l\u00e9vateur"},"content":{"rendered":"<div style=\"float:left; padding-right:10px;\"><img decoding=\"async\" src=\"\/wp-content\/uploads\/2014\/08\/4.jpg\" alt=\"\"><\/div>\n<div class=\"wyjustuj\">La conduite du chariot \u00e9l\u00e9vateur \u00e0 fourche implique l'utilisation de trois mouvements principaux (qui sont enseign\u00e9s lors du cours) : il s'agit du mouvement de lever et d'abaisser les fourches, puis du mouvement de basculer le m\u00e2t du chariot \u00e9l\u00e9vateur vers vous et dans l'autre sens et du mouvement de d\u00e9placer le chariot avec les fourches de c\u00f4t\u00e9. Sur certains mod\u00e8les, vous pouvez \u00e9galement contr\u00f4ler la r\u00e9partition des fourches et la distance qui les s\u00e9pare, ce que l'on appelle le positionnement.<\/p>\n<p>Le cours de conducteur de chariot \u00e9l\u00e9vateur \u00e0 fourche enseigne le fonctionnement appropri\u00e9 de la machine ainsi que le fonctionnement de la charge. Le participant peut obtenir des qualifications en mati\u00e8re de chariot \u00e9l\u00e9vateur \u00e0 fourche. L'un des \u00e9l\u00e9ments cl\u00e9s de la formation est l'apprentissage du chargement et du d\u00e9chargement des palettes, qui est le travail de l'op\u00e9rateur.<\/p>\n<p>La charge appropri\u00e9e sur le chariot \u00e9l\u00e9vateur signifie que la palette doit \u00eatre plac\u00e9e sur des fourches droites - elles doivent \u00eatre plac\u00e9es parall\u00e8lement au sol. Ensuite, apr\u00e8s avoir plac\u00e9 la charge dans la position appropri\u00e9e, elle est soulev\u00e9e \u00e0 30 centim\u00e8tres d'altitude et pendant ce temps, elle est pench\u00e9e vers l'op\u00e9rateur de la machine \u00e0 l'aide du m\u00e2t. L'\u00e9tape suivante consiste \u00e0 s'approcher de l'endroit o\u00f9 la charge peut \u00eatre plac\u00e9e, \u00e0 \u00e9lever la palette \u00e0 l'altitude donn\u00e9e, \u00e0 redresser le m\u00e2t et \u00e0 abaisser les fourches pour reculer de dessous la palette et, \u00e0 la fin, \u00e0 redescendre les fourches au niveau donn\u00e9. Le d\u00e9chargement appropri\u00e9 consiste \u00e0 effectuer l'op\u00e9ration dans l'autre sens.<\/p>\n<p>Lors du chargement et du d\u00e9chargement, vous devez vous souvenir des r\u00e8gles de man\u0153uvre appropri\u00e9es de la machine. Il est interdit d'aller trop vite, surtout avec des charges lourdes, ce qui peut entra\u00eener le renversement du camion et le danger pour le conducteur et son entourage. Par cons\u00e9quent, le cours sur les chariots \u00e9l\u00e9vateurs \u00e0 fourche vous donne des informations essentielles sur les questions de s\u00e9curit\u00e9 et la s\u00e9curit\u00e9 industrielle sur le poste de l'op\u00e9rateur.<\/p>\n<p>Chaque cours sur les chariots \u00e9l\u00e9vateurs \u00e0 fourche vous fournit des informations sur la mani\u00e8re de charger et de d\u00e9charger les marchandises de mani\u00e8re appropri\u00e9e, tant en th\u00e9orie qu'en pratique, ce qui constitue la partie de l'examen. C'est sur cette base que sont d\u00e9livr\u00e9es les qualifications UDT (Office de contr\u00f4le technique), indispensables pour travailler sur tous les types de machines.<\/p><\/div>\n<div class=\"button_styl\" style=\"float:right; padding-left:15px; padding-bottom:8px; margin-bottom:5px;\"><a href=\"https:\/\/platformaedukacji.pl\/login\/signup.php\" rel=\"nofollow\" target=\"_blank\" class=\"myButton myButton_maly\"><font color=\"white\">Inscrivez-vous \u00e0 la formation<\/font><\/a><\/div>","protected":false},"excerpt":{"rendered":"<p>Operating the forklift means using three main movements (that is taught on the course)- it is the movement of raising and bringing down forks, then the movement of tipping the mast of the forklift towards you and the other way round and the movement of shifting the carriage with forklifts aside. In case of some models, you can also control the allocation of forks and the distance between them, which is so called positioning. The forkllift operator\u2019s course teaches the appropriate machine operation as well as load operation. The participant can obtain forklift qualifications. One of key elements of the training is learning loading and unloading pallets which is the operator\u2019s job. The appropriate load on the forklift means placing it on the pallet on straight forks- they must be placed parallel to the ground. Next, after placing the load in the suitable position, it is raised at 30 centimetres altitude and meanwhile, it is leaned towards the machine operator using the mast. The next step is approaching the place where the load can be placed, raise the pallet at the given altitude, straightening the mast and lowering forks to move back from below the pallet and in the end, bringing down forks to the given level. The appropriate unload means doing the operation the other way round. Doing the load and unload, you should remember about rules of the appropriate machine manoeuvring. It is forbidden to move too fast, especially with heavy loads which can cause tipping the truck over and the danger for [&hellip;]<\/p>\n","protected":false},"author":1,"featured_media":0,"parent":1603,"menu_order":1,"comment_status":"closed","ping_status":"closed","template":"","meta":{"sfsi_plus_gutenberg_text_before_share":"","sfsi_plus_gutenberg_show_text_before_share":"","sfsi_plus_gutenberg_icon_type":"","sfsi_plus_gutenberg_icon_alignemt":"","sfsi_plus_gutenburg_max_per_row":"","footnotes":""},"class_list":["post-1615","page","type-page","status-publish","hentry","has_thumb"],"aioseo_notices":[],"_links":{"self":[{"href":"https:\/\/kursy-udt.pl\/fr\/wp-json\/wp\/v2\/pages\/1615","targetHints":{"allow":["GET"]}}],"collection":[{"href":"https:\/\/kursy-udt.pl\/fr\/wp-json\/wp\/v2\/pages"}],"about":[{"href":"https:\/\/kursy-udt.pl\/fr\/wp-json\/wp\/v2\/types\/page"}],"author":[{"embeddable":true,"href":"https:\/\/kursy-udt.pl\/fr\/wp-json\/wp\/v2\/users\/1"}],"replies":[{"embeddable":true,"href":"https:\/\/kursy-udt.pl\/fr\/wp-json\/wp\/v2\/comments?post=1615"}],"version-history":[{"count":3,"href":"https:\/\/kursy-udt.pl\/fr\/wp-json\/wp\/v2\/pages\/1615\/revisions"}],"predecessor-version":[{"id":1618,"href":"https:\/\/kursy-udt.pl\/fr\/wp-json\/wp\/v2\/pages\/1615\/revisions\/1618"}],"up":[{"embeddable":true,"href":"https:\/\/kursy-udt.pl\/fr\/wp-json\/wp\/v2\/pages\/1603"}],"wp:attachment":[{"href":"https:\/\/kursy-udt.pl\/fr\/wp-json\/wp\/v2\/media?parent=1615"}],"curies":[{"name":"wp","href":"https:\/\/api.w.org\/{rel}","templated":true}]}}