{"id":1609,"date":"2016-01-22T15:28:01","date_gmt":"2016-01-22T15:28:01","guid":{"rendered":"http:\/\/kursy-udt.pl\/?page_id=1609"},"modified":"2016-01-22T15:29:30","modified_gmt":"2016-01-22T15:29:30","slug":"fonctionnement-des-chariots-elevateurs","status":"publish","type":"page","link":"https:\/\/kursy-udt.eu\/fr\/trainings\/forklift-courses\/forklifts-operation\/","title":{"rendered":"Fonctionnement des chariots \u00e9l\u00e9vateurs"},"content":{"rendered":"<div style=\"float:left; padding-right:10px;\"><img decoding=\"async\" src=\"\/wp-content\/uploads\/2014\/08\/mster.jpg\" alt=\"\"><\/div>\n<div class=\"wyjustuj\">Les chariots \u00e9l\u00e9vateurs sont largement utilis\u00e9s dans les entrep\u00f4ts, les centres logistiques, les grands magasins, les sols industriels ou les halls. Ils permettent de d\u00e9placer des charges qui sont sur des palettes et ils permettent d'effectuer le travail plus rapidement et d'am\u00e9liorer la s\u00e9curit\u00e9. Pour utiliser l'\u00e9quipement, le cours sur les chariots \u00e9l\u00e9vateurs \u00e0 fourche est essentiel car au cours de celui-ci, le participant obtient les informations th\u00e9oriques n\u00e9cessaires et s'exerce au poste de l'op\u00e9rateur.<\/p>\n<p>La conduite d'un chariot \u00e9l\u00e9vateur \u00e0 fourche repose sur l'utilisation du mouvement du v\u00e9hicule et, en outre, du m\u00e2t et des fourches qui sont responsables du levage et de la descente des charges. Son utilisation est analogue \u00e0 la conduite d'une voiture. On utilise le volant ainsi que des freins et un acc\u00e9l\u00e9rateur. Certains mod\u00e8les sont \u00e9quip\u00e9s en plus de l'embrayage. La plupart des v\u00e9hicules ont deux vitesses - plus lente et plus rapide - et ils peuvent avancer et reculer.<\/p>\n<p>Les chariots \u00e9l\u00e9vateurs \u00e0 fourche sont des machines maniables et ont un petit angle de torsion, ce qui fait qu'ils sont faciles \u00e0 utiliser entre les paliers et dans les zones \u00e9troites. Les man\u0153uvres sont pr\u00e9cises mais, en raison du poids de la machine, les v\u00e9hicules doivent \u00eatre conduits avec prudence. \u00c0 la charge maximale, ils sont expos\u00e9s \u00e0 la chute. Il est interdit d'effectuer des man\u0153uvres \u00e0 grande vitesse et \u00e0 pleine charge. L'utilisation appropri\u00e9e de la machine est enseign\u00e9e sur le<u>cours de chariot \u00e9l\u00e9vateur \u00e0 fourche<\/u>qui permet aux participants de conna\u00eetre les r\u00e8gles correctes de fonctionnement de la machine.<\/p>\n<p>Pour obtenir les qualifications de chariot \u00e9l\u00e9vateur \u00e0 fourche qui sont obtenues aupr\u00e8s de l'UDT (l'Office d'inspection technique) de Varsovie apr\u00e8s avoir suivi nos cours au Centre de formation du personnel ERGON ou via d'autres unit\u00e9s, il est n\u00e9cessaire de passer un examen pratique. Pendant cet examen, vous devez effectuer des man\u0153uvres correctes avec et sans la charge. Le cours de conducteur de chariot \u00e9l\u00e9vateur \u00e0 fourche compl\u00e9t\u00e9 vous qualifie pour travailler \u00e0 ce poste. Les qualifications obtenues aupr\u00e8s de l'UDT (Office of Technical Inspection) sont valables ind\u00e9finiment et vous donnent l'autorisation de travailler \u00e0 l'\u00e9tranger.<\/p><\/div>\n<div class=\"button_styl\" style=\"float:right; padding-left:15px; padding-bottom:8px; margin-bottom:5px;\"><a href=\"https:\/\/platformaedukacji.pl\/login\/signup.php\" rel=\"nofollow\" target=\"_blank\" class=\"myButton myButton_maly\"><font color=\"white\">Inscrivez-vous \u00e0 la formation<\/font><\/a><\/div>","protected":false},"excerpt":{"rendered":"<p>Forklifts are widely used in warehouses, logistic centres, large shops, industrial floors or halls. They make it possible to move loads which are on pallets and they allow to do the job faster and improve the safety. To operate the equipment, the forklift course is essential because during it, the participant obtains necessary theoretical information and practice on the operator\u2019s position. Forklift operation relies on operating the movement of the vehicle and additionally, the mast and the forks which are responsible for lifting and bringing down loads. Operating it is analogous to driving a car. The steering wheel as well as brakes and an accelerator are used. Some models are additionally equipped with the clutch. Most vehicles have two gears- slower and faster and it can move forwards and backwards. Forklifts are maneuverable machines and they have a small angle of twist which causes they are easy to operate between stillages and in narrow areas. Manoeuvres are precise but because of the machine weight, vehicles must be operated carefully. At the maximum load, they are exposed to falling down. It is forbidden to do maneuvers at high speed and full load. The appropriate operation of the machine is taught on theforklift course, which makes participant know correct regulations of the machine operation. To get forklift qualifications which are obtained from UDT (the Office of Technical Inspection) Warsaw after completing our classes at the Centre for Staff Training ERGON or via other units, it is necessary to take a practical exam. During this exam, you should [&hellip;]<\/p>\n","protected":false},"author":1,"featured_media":0,"parent":1603,"menu_order":0,"comment_status":"closed","ping_status":"closed","template":"","meta":{"sfsi_plus_gutenberg_text_before_share":"","sfsi_plus_gutenberg_show_text_before_share":"","sfsi_plus_gutenberg_icon_type":"","sfsi_plus_gutenberg_icon_alignemt":"","sfsi_plus_gutenburg_max_per_row":"","footnotes":""},"class_list":["post-1609","page","type-page","status-publish","hentry","has_thumb"],"aioseo_notices":[],"_links":{"self":[{"href":"https:\/\/kursy-udt.pl\/fr\/wp-json\/wp\/v2\/pages\/1609","targetHints":{"allow":["GET"]}}],"collection":[{"href":"https:\/\/kursy-udt.pl\/fr\/wp-json\/wp\/v2\/pages"}],"about":[{"href":"https:\/\/kursy-udt.pl\/fr\/wp-json\/wp\/v2\/types\/page"}],"author":[{"embeddable":true,"href":"https:\/\/kursy-udt.pl\/fr\/wp-json\/wp\/v2\/users\/1"}],"replies":[{"embeddable":true,"href":"https:\/\/kursy-udt.pl\/fr\/wp-json\/wp\/v2\/comments?post=1609"}],"version-history":[{"count":3,"href":"https:\/\/kursy-udt.pl\/fr\/wp-json\/wp\/v2\/pages\/1609\/revisions"}],"predecessor-version":[{"id":1612,"href":"https:\/\/kursy-udt.pl\/fr\/wp-json\/wp\/v2\/pages\/1609\/revisions\/1612"}],"up":[{"embeddable":true,"href":"https:\/\/kursy-udt.pl\/fr\/wp-json\/wp\/v2\/pages\/1603"}],"wp:attachment":[{"href":"https:\/\/kursy-udt.pl\/fr\/wp-json\/wp\/v2\/media?parent=1609"}],"curies":[{"name":"wp","href":"https:\/\/api.w.org\/{rel}","templated":true}]}}