{"id":1603,"date":"2016-01-22T15:23:04","date_gmt":"2016-01-22T15:23:04","guid":{"rendered":"http:\/\/kursy-udt.pl\/?page_id=1603"},"modified":"2016-01-23T16:12:34","modified_gmt":"2016-01-23T16:12:34","slug":"cours-de-chariot-elevateur","status":"publish","type":"page","link":"https:\/\/kursy-udt.eu\/fr\/trainings\/forklift-courses\/","title":{"rendered":"Cours sur les chariots \u00e9l\u00e9vateurs \u00e0 fourche"},"content":{"rendered":"<div style=\"float:left; padding-right:10px;\"><img decoding=\"async\" src=\"\/wp-content\/uploads\/2014\/03\/wozki-widlowe-4.jpeg\" alt=\"Chariots \u00e9l\u00e9vateurs \u00e0 fourche - photographie\"><\/div>\n<div class=\"wyjustuj\">Le Centre de formation du personnel ERGON a pr\u00e9par\u00e9 une large gamme de formations - nous vous invitons au cours sur les chariots \u00e9l\u00e9vateurs ( Varsovie et dans toute la Pologne) y compris le cours pour l'op\u00e9rateur de chariots \u00e9l\u00e9vateurs. Gr\u00e2ce \u00e0 ce cours, vous pouvez d\u00e9couvrir toutes les informations les plus importantes sur le fonctionnement des machines. Nos cours sur les chariots \u00e9l\u00e9vateurs sont dispens\u00e9s par des instructeurs et des conf\u00e9renciers exp\u00e9riment\u00e9s. Gr\u00e2ce \u00e0 l'accent que nous mettons sur les effets, l'obtention des qualifications UDT (Office of Technical Inspection) ne sera plus qu'une formalit\u00e9. De nos jours, les chariots \u00e9l\u00e9vateurs \u00e9tant utilis\u00e9s dans de nombreux emplois, ces cours constituent un bon investissement qui rapporte \u00e0 la fois \u00e0 l'employ\u00e9 et \u00e0 l'employeur. Nous invitons \u00e9galement les personnes qui souhaitent se former individuellement \u00e0 nos cours sur les chariots \u00e9l\u00e9vateurs \u00e0 fourche.<\/p>\n<p>Chaque cours de formation sur les chariots \u00e9l\u00e9vateurs \u00e0 fourche dispens\u00e9 par notre centre est complet et se compose de th\u00e9orie et de pratique. Pendant les cours, nous abordons les questions th\u00e9oriques li\u00e9es \u00e0 la construction et \u00e0 l'utilisation de la machine pendant le travail. Nous organisons \u00e9galement des cours pratiques qui enseignent aux participants les man\u0153uvres appropri\u00e9es du chariot \u00e9l\u00e9vateur \u00e0 fourche conform\u00e9ment aux r\u00e9glementations de l'EHS et de l'Office of Technical Inspection. Nous pr\u00e9parons de mani\u00e8re exhaustive les participants \u00e0 nos cours \u00e0 l'obtention des qualifications UDT (Office of Technical Inspection).<br \/>\n<strong>Types de qualifications :<\/strong><br \/>\nSelon la r\u00e9glementation de l'UDT (Office of Technical Inspection), il existe trois cat\u00e9gories de qualifications pour la conduite du chariot \u00e9l\u00e9vateur :<\/p>\n<p><u>I WJO sur les chariots \u00e9l\u00e9vateurs, y compris les chariots sp\u00e9cialis\u00e9s : avec un op\u00e9rateur soulev\u00e9 avec la charge et avec le bras d'extension interchangeable<\/u><br \/>\n<img decoding=\"async\" style=\"float:left; margin-right:20px;\" src=\"\/wp-content\/uploads\/2014\/03\/wozki-jezdniowe-podnosnikowe-1.jpeg\" alt=\"chariots \u00e9l\u00e9vateurs\"><img decoding=\"async\" style=\"float:left; margin-right:20px;\" src=\"\/wp-content\/uploads\/2014\/03\/wozek-widlowy-p1.jpeg\" alt=\"I WJO pour chariots \u00e9l\u00e9vateurs\"><img decoding=\"async\" src=\"\/wp-content\/uploads\/2014\/03\/wozki-widlowe-1.jpeg\" alt=\"chargeur t\u00e9lescopique - chariot \u00e9l\u00e9vateur \u00e0 port\u00e9e variable\"><\/p>\n<p><u>II WJO sur chariots \u00e9l\u00e9vateurs (sans machines sp\u00e9cialis\u00e9es)<\/u><br \/>\n<img decoding=\"async\" style=\"float:left; margin-right:20px;\" src=\"\/wp-content\/uploads\/2014\/03\/wozek-widlowy-d1.jpeg\" alt=\"\"><img decoding=\"async\" style=\"float:left; margin-right:20px;\" src=\"\/wp-content\/uploads\/2014\/03\/wozki-widlowe-4.jpeg\" alt=\"\"><img decoding=\"async\" src=\"\/wp-content\/uploads\/2014\/03\/wozek-widlowy-d2.jpeg\" alt=\"\"><\/p>\n<p><u>III WJO sur les chariots \u00e9l\u00e9vateurs \u00e0 moteur et t\u00e9l\u00e9command\u00e9s <\/u><br \/>\n<img decoding=\"async\" style=\"float:left; margin-right:20px;\" src=\"\/wp-content\/uploads\/2014\/03\/wozek-widlowy-t1.jpeg\" alt=\"\"><img decoding=\"async\" style=\"float:left; margin-right:20px;\" src=\"\/wp-content\/uploads\/2014\/03\/wozek-widlowy-t2.jpeg\" alt=\"\"><img decoding=\"async\" src=\"\/wp-content\/uploads\/2014\/03\/wozek-widlowy-t3.jpeg\" alt=\"\"><\/p>\n<p><strong>L'utilisation de machines<\/strong><br \/>\nChariots \u00e9l\u00e9vateurs ou <span class=\"linkwartykule\"><a href=\"\/fr\/formations\/formation-sur-les-plates-formes-elevatrices-mobiles-de-personnel\/\">chariots \u00e9l\u00e9vateurs \u00e0 fourche<\/a> sont des v\u00e9hicules m\u00e9caniques qui sont \u00e9quip\u00e9s du conducteur ou du moteur. Gr\u00e2ce \u00e0 elle, ils peuvent se d\u00e9placer sur une plus grande distance. Les machines aident \u00e0 effectuer des t\u00e2ches de chargement et de d\u00e9chargement plus ou moins lourdes sur des palettes en bois dans les entrep\u00f4ts, les magasins, les ports, les ateliers de production.<\/p>\n<p>Il y a beaucoup de chariots \u00e9l\u00e9vateurs \u00e0 fourche en service. Selon leur exploitation, ils sont divis\u00e9s en : chariots \u00e0 traction, transpalettes, chariots \u00e0 m\u00e2t r\u00e9tractable, chariots gerbeurs et chariots sp\u00e9ciaux. En termes de conduite, les chariots \u00e9l\u00e9vateurs \u00e0 fourche sont cat\u00e9goris\u00e9s en chariots \u00e0 moteur, \u00e0 plate-forme, t\u00e9l\u00e9command\u00e9s et \u00e9quip\u00e9s de fauteuils. La conduite du chariot \u00e9l\u00e9vateur \u00e0 fourche est similaire \u00e0 celle d'une voiture, car la machine est dot\u00e9e d'un volant, de freins et d'un acc\u00e9l\u00e9rateur. Pour conduire ces machines, vous devez poss\u00e9der des qualifications de chariot \u00e9l\u00e9vateur \u00e0 fourche obtenues conform\u00e9ment aux r\u00e8glements de l'Office d'inspection technique.<\/p>\n<p><strong>Le cours sur les chariots \u00e9l\u00e9vateurs \u00e0 fourche - le but de la formation<\/strong><br \/>\nLes cours sur les chariots \u00e9l\u00e9vateurs sont con\u00e7us pour les personnes \u00e2g\u00e9es de plus de 18 ans et qui ont au moins une \u00e9ducation primaire ou qui ont pass\u00e9 des examens m\u00e9dicaux et obtenu le certificat du m\u00e9decin leur permettant d'exercer le m\u00e9tier de cariste.<\/p>\n<p>Gr\u00e2ce aux formations, vous pouvez acqu\u00e9rir les connaissances et les comp\u00e9tences essentielles pour passer l'examen. Les machines sont utilis\u00e9es dans de plus en plus d'entreprises. Les cours d'op\u00e9ration seront un bon investissement pour votre avenir. Il vaut la peine d'apprendre \u00e0 utiliser un chariot \u00e9l\u00e9vateur dans le centre ERGON- UDT (l'Office d'inspection technique) ; les qualifications seront obtenues facilement gr\u00e2ce \u00e0 lui.<\/p>\n<p>Nous vous invitons \u00e0 faire connaissance avec notre offre compl\u00e8te !<br \/>\nODK (le centre de formation du personnel) ERGON Varsovie<\/p><\/div>\n<div class=\"button_styl\" style=\"float:right; padding-left:15px; padding-bottom:8px; margin-bottom:5px;\"><a href=\"https:\/\/platformaedukacji.pl\/login\/signup.php\" rel=\"nofollow\" target=\"_blank\" class=\"myButton myButton_maly\"><font color=\"white\">Inscrivez-vous \u00e0 la formation<\/font><\/a><\/div>\n<div style=\"padding-top:70px;\">\n<h2>Plus d'informations :<\/h2>\n<div style=\"text-align:center; font-size:85%; line-height:120%;\">\n<div style=\"float:left; margin-right:40px; height:290px;\">\n<a href=\"\/fr\/formations\/cours-de-chariot-elevateur\/fonctionnement-des-chariots-elevateurs\/\"><img decoding=\"async\" src=\"\/wp-content\/uploads\/2014\/08\/ster.jpg\" alt=\"\"><\/a><br \/>\n<a href=\"\/fr\/formations\/cours-de-chariot-elevateur\/fonctionnement-des-chariots-elevateurs\/\"><font color=\"black\"><\/p>\n<div style=\"width:300px; font-size:130%;\"><strong>Fonctionnement des chariots \u00e9l\u00e9vateurs<\/strong><br \/>Techniques de contr\u00f4le correctes<\/div>\n<p><\/font><\/a>\n<\/div>\n<div style=\"float:left; margin-right:40px; height:290px;\">\n<a href=\"\/fr\/formations\/cours-de-chariot-elevateur\/lutilisation-de-la-charge-sur-le-chariot-elevateur\/\"><img decoding=\"async\" src=\"\/wp-content\/uploads\/2014\/08\/oper.jpg\" alt=\"\"><\/a><br \/>\n<a href=\"\/fr\/formations\/cours-de-chariot-elevateur\/lutilisation-de-la-charge-sur-le-chariot-elevateur\/\"><font color=\"black\"><\/p>\n<div style=\"width:300px; font-size:130%;\"><strong>Utilisation de la charge sur le chariot \u00e9l\u00e9vateur<\/strong><br \/>Manipuler un chariot \u00e9l\u00e9vateur charg\u00e9<\/div>\n<p><\/font><\/a>\n<\/div>\n<\/div>\n<div style=\"clear:both;\"><\/div>\n<div style=\"text-align:center; font-size:85%; line-height:120%;\">\n<div style=\"float:left; margin-right:40px; height:290px;\">\n<a href=\"\/fr\/formations\/cours-de-chariot-elevateur\/la-securite\/\"><img decoding=\"async\" src=\"\/wp-content\/uploads\/2014\/08\/bezp.jpg\" alt=\"\"><\/a><br \/>\n<a href=\"\/fr\/formations\/cours-de-chariot-elevateur\/la-securite\/\"><font color=\"black\"><\/p>\n<div style=\"width:300px; font-size:130%;\"><strong>La s\u00e9curit\u00e9 de l'utilisation des chariots \u00e9l\u00e9vateurs \u00e0 fourche<\/strong><br \/>R\u00e8gles de fonctionnement s\u00e9curitaire<\/div>\n<p><\/font><\/a>\n<\/div>\n<div style=\"float:left; margin-right:40px; height:290px;\">\n<a href=\"\/fr\/formations\/cours-de-chariot-elevateur\/construction-2\/\"><img decoding=\"async\" src=\"\/wp-content\/uploads\/2014\/08\/bud.jpg\" alt=\"\"><\/a><br \/>\n<a href=\"\/fr\/formations\/cours-de-chariot-elevateur\/construction-2\/\"><font color=\"black\"><\/p>\n<div style=\"width:300px; font-size:130%;\"><strong>La construction des chariots \u00e9l\u00e9vateurs \u00e0 fourche<\/strong><br \/>Base de connaissances pour la construction<\/div>\n<p><\/font><\/a>\n<\/div>\n<\/div>\n<\/div>","protected":false},"excerpt":{"rendered":"<p>The Centre for Staff Training ERGON has prepared wide range of trainings- we invite you for the forklift course ( Warsaw and all over Poland) including the course for the operator of forklifts. Thanks to this course, you can come across all most important information about machine operation. Our forklift courses are run by experienced instructors and lecturers and thanks to us putting the emphasis on effects, obtaining UDT (the Office of Technical Inspection) qualifications will become only a formality. Nowadays, as forklifts are used in many jobs, such courses are a good investment which pays back both to the employee and the employer. We also invite people who want to train individually on our forklift truck courses. Every forklift training run by our centre is extensive and consists of theory and practice. During courses, we discuss theoretical issues connected with the construction and operation of the machine while working as well as we run practical classes which teach participants the appropriate forklift maneuvering according to EHS and the Office of Technical Inspection regulations. We comprehensively prepare participants of our courses to obtain UDT (the Office of Technical Inspection) qualifications. Types of qualifications: According to UDT (the Office of Technical Inspection) regulations, there are three categories of qualifications while operating the power-lift truck: I WJO on power-lift trucks including specialised ones: with an operator raised with the load and with the changeable extension arm II WJO on power-lift trucks (without specialised machines) III WJO on driven and remote controlled power-lift trucks The use of machines [&hellip;]<\/p>\n","protected":false},"author":1,"featured_media":0,"parent":1522,"menu_order":8,"comment_status":"closed","ping_status":"closed","template":"","meta":{"sfsi_plus_gutenberg_text_before_share":"","sfsi_plus_gutenberg_show_text_before_share":"","sfsi_plus_gutenberg_icon_type":"","sfsi_plus_gutenberg_icon_alignemt":"","sfsi_plus_gutenburg_max_per_row":"","footnotes":""},"class_list":["post-1603","page","type-page","status-publish","hentry","has_thumb"],"aioseo_notices":[],"_links":{"self":[{"href":"https:\/\/kursy-udt.pl\/fr\/wp-json\/wp\/v2\/pages\/1603","targetHints":{"allow":["GET"]}}],"collection":[{"href":"https:\/\/kursy-udt.pl\/fr\/wp-json\/wp\/v2\/pages"}],"about":[{"href":"https:\/\/kursy-udt.pl\/fr\/wp-json\/wp\/v2\/types\/page"}],"author":[{"embeddable":true,"href":"https:\/\/kursy-udt.pl\/fr\/wp-json\/wp\/v2\/users\/1"}],"replies":[{"embeddable":true,"href":"https:\/\/kursy-udt.pl\/fr\/wp-json\/wp\/v2\/comments?post=1603"}],"version-history":[{"count":6,"href":"https:\/\/kursy-udt.pl\/fr\/wp-json\/wp\/v2\/pages\/1603\/revisions"}],"predecessor-version":[{"id":1802,"href":"https:\/\/kursy-udt.pl\/fr\/wp-json\/wp\/v2\/pages\/1603\/revisions\/1802"}],"up":[{"embeddable":true,"href":"https:\/\/kursy-udt.pl\/fr\/wp-json\/wp\/v2\/pages\/1522"}],"wp:attachment":[{"href":"https:\/\/kursy-udt.pl\/fr\/wp-json\/wp\/v2\/media?parent=1603"}],"curies":[{"name":"wp","href":"https:\/\/api.w.org\/{rel}","templated":true}]}}