{"id":1595,"date":"2016-01-22T15:15:19","date_gmt":"2016-01-22T15:15:19","guid":{"rendered":"http:\/\/kursy-udt.pl\/?page_id=1595"},"modified":"2016-01-22T15:17:27","modified_gmt":"2016-01-22T15:17:27","slug":"apres-avoir-termine-le-travail","status":"publish","type":"page","link":"https:\/\/kursy-udt.eu\/fr\/trainings\/gantry-course\/after-finishing-work\/","title":{"rendered":"Apr\u00e8s avoir termin\u00e9 le travail"},"content":{"rendered":"<div style=\"float: left; padding-right: 10px;\"><img decoding=\"async\" alt=\"\" src=\"\/wp-content\/uploads\/2014\/08\/po-pracy_m.jpg\" \/><\/div>\n<h3>Activit\u00e9s apr\u00e8s la fin des travaux sur un portique<\/h3>\n<p>Le travail sur un portique implique une pr\u00e9paration correcte de la t\u00e2che et le fonctionnement appropri\u00e9 de la machine pendant le transport, mais aussi chaque travailleur qualifi\u00e9 en mati\u00e8re de portique doit savoir quelles activit\u00e9s doivent \u00eatre effectu\u00e9es apr\u00e8s la fin du travail.<\/p>\n<p>Toutes les activit\u00e9s suivantes doivent \u00eatre effectu\u00e9es par chaque op\u00e9rateur apr\u00e8s chaque quart de travail. Les ignorer peut \u00eatre la cause d'accidents graves au travail. Le respect des r\u00e8gles EHS sur la position du portique est essentiel car cet \u00e9quipement pr\u00e9sente un grand danger sur le lieu de travail si l'on tient compte de ses dimensions et du poids des marchandises \u00e0 soulever.<\/p>\n<p><strong>Les activit\u00e9s les plus importantes apr\u00e8s avoir termin\u00e9 le travail :<\/strong><\/p>\n<ul>\n<li>v\u00e9rifier s'il ne reste pas de marchandises sur la machine utilis\u00e9e pour le transport des marchandises - si c'est le cas, elles doivent \u00eatre enlev\u00e9es et plac\u00e9es dans un endroit appropri\u00e9 conform\u00e9ment \u00e0 la r\u00e9glementation<\/li>\n<li>vous devez soulever la machine de charge \u00e0 la hauteur indiqu\u00e9e afin qu'elle ne d\u00e9range pas les travailleurs, les v\u00e9hicules en mouvement en dessous - le plus souvent, il s'agit de la hauteur d'environ 2,5 m\u00e8tres, mais elle est d\u00e9termin\u00e9e individuellement en fonction du type de machine et du lieu de travail<\/li>\n<li>vous devez placer la machine en position d'arr\u00eat afin qu'elle ne perturbe pas les autres travaux sur le lieu de travail<\/li>\n<li>vous devez appuyer sur le bouton d'arr\u00eat d'urgence<\/li>\n<li>vous devez couper toutes les unit\u00e9s de commande qui se trouvent sur le panneau de commande<\/li>\n<li>vous devez couper l'alimentation \u00e9lectrique de la machine \u00e0 l'aide de l'interrupteur principal<\/li>\n<li>vous devez pr\u00e9voir des freins coupe-vent si la machine n'en est pas \u00e9quip\u00e9e<\/li>\n<li>si la machine est \u00e9quip\u00e9e d'un \u00e9lectro-aimant, celui-ci doit \u00eatre plac\u00e9 sur le sol<\/li>\n<li>avant de quitter le lieu de travail, vous devez contr\u00f4ler la machine \u00e0 vue et faire attention aux dommages m\u00e9caniques ou aux fuites de liquide de fonctionnement<\/li>\n<li>vous devez prot\u00e9ger la machine contre les personnes qui pourraient l'utiliser accidentellement<\/li>\n<li>si vous constatez des d\u00e9fauts li\u00e9s au fonctionnement de la machine, vous devez en informer sans d\u00e9tour votre employeur ainsi que les autres op\u00e9rateurs si cela est possible<\/li>\n<li>\u00e0 la fin du quart, vous devez signer le carnet d'op\u00e9ration, ce qui signifie la transmission de la machine<\/li>\n<\/ul>\n<p>Vous devez vous rappeler qu'en prenant le contr\u00f4le du portique par l'\u00e9quipe suivante, le grutier actuel doit transmettre le portique \u00e0 un autre grutier. Si ce n'est pas possible, le grutier doit alors quitter le travail apr\u00e8s avoir obtenu la permission du superviseur direct.<\/p>\n<p>En choisissant le cours de portique dans notre Centre de formation du personnel ERGON, vous obtiendrez toutes les informations essentielles li\u00e9es \u00e0 l'utilisation des machines pr\u00e9sent\u00e9es. Nos instructeurs ne se contentent pas de vous enseigner la th\u00e9orie, ils la v\u00e9rifient \u00e9galement lors des cours pratiques qui sont organis\u00e9s pour apprendre \u00e0 utiliser la machine. Au cours de ces exercices, vous pouvez apprendre \u00e0 conna\u00eetre toutes les proc\u00e9dures \u00e0 suivre avant de commencer le travail, pendant celui-ci et apr\u00e8s l'avoir termin\u00e9. Nous vous invitons !<\/p>","protected":false},"excerpt":{"rendered":"<p>Activities after finishing work on a gantry Working on a gantry involves correct task- preparation and the appropriate operation of the machine while transport, but also every worker who has gantry qualifications must know which activities are to be done after finishing work. All of the following activities must be done by every operator after every Shift of work. Ignoring them can be the cause of serious accidents at work. Abiding EHS rules on the gantry position is essential because the equipment causes great danger at workplace if taking into consideration its dimensions and weight of hoist goods. Most important activities after finishing work: checking if there are no goods left on the machine used for the transport of goods- if so, they should be taken off and placed in an appropriate place according to regulations you should lift up the load machine on indicated height so as it does not disturb moving below workers, vehicles- mostly, it is the height of approximately 2.5 metres, but it is individually determined according to the type of the machine and the workplace you should place the machine in its stop position so as it does not disturb other jobs at the workplace you should Press the emergency STOP button you should cut off all control units which are on the control panel you should switch off the power supply of the machine using the main off switch you should provide for wind protector brakes if the machine is not equipped with them if the machine is equipped [&hellip;]<\/p>\n","protected":false},"author":1,"featured_media":0,"parent":1561,"menu_order":8,"comment_status":"closed","ping_status":"closed","template":"","meta":{"sfsi_plus_gutenberg_text_before_share":"","sfsi_plus_gutenberg_show_text_before_share":"","sfsi_plus_gutenberg_icon_type":"","sfsi_plus_gutenberg_icon_alignemt":"","sfsi_plus_gutenburg_max_per_row":"","footnotes":""},"class_list":["post-1595","page","type-page","status-publish","hentry","has_thumb"],"aioseo_notices":[],"_links":{"self":[{"href":"https:\/\/kursy-udt.pl\/fr\/wp-json\/wp\/v2\/pages\/1595","targetHints":{"allow":["GET"]}}],"collection":[{"href":"https:\/\/kursy-udt.pl\/fr\/wp-json\/wp\/v2\/pages"}],"about":[{"href":"https:\/\/kursy-udt.pl\/fr\/wp-json\/wp\/v2\/types\/page"}],"author":[{"embeddable":true,"href":"https:\/\/kursy-udt.pl\/fr\/wp-json\/wp\/v2\/users\/1"}],"replies":[{"embeddable":true,"href":"https:\/\/kursy-udt.pl\/fr\/wp-json\/wp\/v2\/comments?post=1595"}],"version-history":[{"count":3,"href":"https:\/\/kursy-udt.pl\/fr\/wp-json\/wp\/v2\/pages\/1595\/revisions"}],"predecessor-version":[{"id":1598,"href":"https:\/\/kursy-udt.pl\/fr\/wp-json\/wp\/v2\/pages\/1595\/revisions\/1598"}],"up":[{"embeddable":true,"href":"https:\/\/kursy-udt.pl\/fr\/wp-json\/wp\/v2\/pages\/1561"}],"wp:attachment":[{"href":"https:\/\/kursy-udt.pl\/fr\/wp-json\/wp\/v2\/media?parent=1595"}],"curies":[{"name":"wp","href":"https:\/\/api.w.org\/{rel}","templated":true}]}}