{"id":1589,"date":"2016-01-22T15:11:55","date_gmt":"2016-01-22T15:11:55","guid":{"rendered":"http:\/\/kursy-udt.pl\/?page_id=1589"},"modified":"2016-01-22T15:14:19","modified_gmt":"2016-01-22T15:14:19","slug":"activites-de-preparation","status":"publish","type":"page","link":"https:\/\/kursy-udt.eu\/fr\/trainings\/gantry-course\/preparation-activities\/","title":{"rendered":"Activit\u00e9s de pr\u00e9paration"},"content":{"rendered":"<div style=\"float: left; padding-right: 10px;\"><img decoding=\"async\" alt=\"\" src=\"\/wp-content\/uploads\/2014\/08\/przygotowanie_m.jpg\" \/><\/div>\n<h3>Activit\u00e9s avant de commencer \u00e0 travailler sur un portique<\/h3>\n<p>Le moyen le plus efficace de r\u00e9duire le risque de danger, notamment d'accident, lors du travail sur un portique est la connaissance pr\u00e9cise des principes de s\u00e9curit\u00e9 et de la s\u00e9curit\u00e9 industrielle ainsi que le respect de ces r\u00e8gles. Ces activit\u00e9s doivent \u00eatre effectu\u00e9es avant, pendant et apr\u00e8s la finition pour utiliser la machine. Nous pr\u00e9sentons ci-dessous les activit\u00e9s n\u00e9cessaires avant de commencer les travaux.<\/p>\n<p>Avant de commencer le travail, chaque op\u00e9rateur de la machine est tenu d'effectuer des travaux de contr\u00f4le sp\u00e9ciaux. Leur objectif est d'assurer leur s\u00e9curit\u00e9 et celle des autres travailleurs sur leur poste. Chaque cours sur les portiques comprend des informations sur les activit\u00e9s suivantes ; par cons\u00e9quent, la personne qui termine le cours doit savoir comment commencer \u00e0 travailler.<\/p>\n<p><strong>Les r\u00e8gles les plus importantes avant de commencer les travaux sur les portiques :<\/strong><\/p>\n<ul>\n<li>le travail \u00e0 l'aide de la machine ne peut \u00eatre effectu\u00e9 que si celle-ci dispose d'une d\u00e9cision en vigueur de l'Office d'inspection technique<\/li>\n<li>lors de l'utilisation de la machine, vous devez respecter toutes les r\u00e9glementations EHS, y compris les directives sur le lieu de travail ainsi que, en outre, le manuel de la machine.<\/li>\n<li>les travaux impliquant l'utilisation de l'outil peuvent \u00eatre effectu\u00e9s par une personne poss\u00e9dant les qualifications appropri\u00e9es en mati\u00e8re de portique<\/li>\n<li>en cas de constatation de d\u00e9fauts, vous devez imm\u00e9diatement arr\u00eater le travail, mettre la machine hors tension et informer la personne responsable<\/li>\n<\/ul>\n<p><strong>Les activit\u00e9s qui doivent \u00eatre effectu\u00e9es avant de commencer le travail :<\/strong><\/p>\n<ul>\n<li>vous devez lire les informations actuelles dans le livre d'exploitation, le livre d'op\u00e9ration, le livre de r\u00e9ception de livraison pour une machine particuli\u00e8re<\/li>\n<li>vous devez v\u00e9rifier si la machine est situ\u00e9e dans une position s\u00fbre et s'il n'y a pas d'objets pouvant mettre en danger une personne ou un objet<\/li>\n<li>vous devez v\u00e9rifier pr\u00e9cis\u00e9ment le poids de toutes les charges qui doivent \u00eatre d\u00e9plac\u00e9es et les comparer \u00e0 la limite de poids maximale de la machine pour ne pas la d\u00e9passer<\/li>\n<li>vous devez convenir des signes de communication avec un op\u00e9rateur de crochet<\/li>\n<li>vous devez pr\u00e9parer convenablement l'endroit pour le stockage des charges.<\/li>\n<li>vous devez effectuer l'inspection de la machine - il est important de le faire chaque fois que vous commencez \u00e0 travailler<\/li>\n<\/ul>\n<p><strong>L'inspection de la machine implique :<\/strong><\/p>\n<ul>\n<li>le contr\u00f4le de la fonctionnalit\u00e9 par la vue - en v\u00e9rifiant l'environnement de travail, la voie, l'\u00e9tat technique de la machine et ses \u00e9l\u00e9ments particuliers, par exemple en accordant une attention particuli\u00e8re aux dommages m\u00e9caniques ou aux fuites ; vous devez \u00e9galement inspecter les roues du palan ou du treuil de levage et le pont, le c\u00e2ble, la cha\u00eene de support, le dispositif de capture, les couvertures de protection. De plus, vous devez v\u00e9rifier si la machine n'est pas bloqu\u00e9e, hors service ou si elle n'est pas en cours de maintenance ou d'inspection.<\/li>\n<li>l'inspection d'\u00e9l\u00e9ments de s\u00e9curit\u00e9 particuliers - v\u00e9rification de l'\u00e9tat de fonctionnement de l'interrupteur principal d'arr\u00eat, de la commande de caisse, des m\u00e9canismes d'avertissement, des \u00e9l\u00e9ments bloquant le mouvement, des dispositifs de commande, du connecteur STOP, des connecteurs d'extr\u00e9mit\u00e9, du frein avec chargement et du limiteur de capacit\u00e9 du palan et de l'embrayage \u00e0 glissement \u00e9galement avec la machine. En outre, l'op\u00e9rateur doit v\u00e9rifier si la machine se d\u00e9place en fonction des indications du panneau de commande.<\/li>\n<li>le contr\u00f4le des m\u00e9canismes d'entra\u00eenement - il est essentiel d'effectuer l'essai de la machine<\/li>\n<\/ul>\n<p>A la fin, vous devez marquer la r\u00e9alisation des travaux dans le livre d'exploitation.<\/p>","protected":false},"excerpt":{"rendered":"<p>Activities before starting work on a gantry The most effective way to lower the risk of danger, including accidents while working on a gantry is the precise knowledge of security principles and industrial safety as well as abiding those rules. These activities must be carried out before, during and after finishing to operate the machine. Below, we present necessary activities before starting work. Before starting the job, every operator of the machine is obliged to do special control jobs. Their aim is to ensure safety to yourself and other workers on their positions. Every gantry course involves information about the following activities; therefore, the person after finishing the course should know how to start work. Most important rules before starting work on gantries: work using the machine can be done only in case it has a current decision of the Office of Technical Inspection while operating the machine, you must follow all EHS regulations, including the workplace guidance as well as additionally the manual of the machine. work involving using the tool can be conducted by a person holding suitable gantry qualifications in case of noticing defects, you must immediately stop working, switch off the machine and inform the responsible person Activities that should be done before starting the job: you should read current information in the exploitation book, the operation book, the delivery-acceptance book for a particular machine you should check if the machine is situated in a safe position and there are no objects being to the risk of a person or an [&hellip;]<\/p>\n","protected":false},"author":1,"featured_media":0,"parent":1561,"menu_order":7,"comment_status":"closed","ping_status":"closed","template":"","meta":{"sfsi_plus_gutenberg_text_before_share":"","sfsi_plus_gutenberg_show_text_before_share":"","sfsi_plus_gutenberg_icon_type":"","sfsi_plus_gutenberg_icon_alignemt":"","sfsi_plus_gutenburg_max_per_row":"","footnotes":""},"class_list":["post-1589","page","type-page","status-publish","hentry","has_thumb"],"aioseo_notices":[],"_links":{"self":[{"href":"https:\/\/kursy-udt.pl\/fr\/wp-json\/wp\/v2\/pages\/1589","targetHints":{"allow":["GET"]}}],"collection":[{"href":"https:\/\/kursy-udt.pl\/fr\/wp-json\/wp\/v2\/pages"}],"about":[{"href":"https:\/\/kursy-udt.pl\/fr\/wp-json\/wp\/v2\/types\/page"}],"author":[{"embeddable":true,"href":"https:\/\/kursy-udt.pl\/fr\/wp-json\/wp\/v2\/users\/1"}],"replies":[{"embeddable":true,"href":"https:\/\/kursy-udt.pl\/fr\/wp-json\/wp\/v2\/comments?post=1589"}],"version-history":[{"count":3,"href":"https:\/\/kursy-udt.pl\/fr\/wp-json\/wp\/v2\/pages\/1589\/revisions"}],"predecessor-version":[{"id":1593,"href":"https:\/\/kursy-udt.pl\/fr\/wp-json\/wp\/v2\/pages\/1589\/revisions\/1593"}],"up":[{"embeddable":true,"href":"https:\/\/kursy-udt.pl\/fr\/wp-json\/wp\/v2\/pages\/1561"}],"wp:attachment":[{"href":"https:\/\/kursy-udt.pl\/fr\/wp-json\/wp\/v2\/media?parent=1589"}],"curies":[{"name":"wp","href":"https:\/\/api.w.org\/{rel}","templated":true}]}}